{"id":23702,"date":"2022-01-22T11:35:58","date_gmt":"2022-01-22T10:35:58","guid":{"rendered":"https:\/\/demoweb.info\/sexshop001\/producto\/premium-travel-fuckmachine-2-0-maquina-del-amor-de-viaje\/"},"modified":"2022-01-22T11:36:07","modified_gmt":"2022-01-22T10:36:07","slug":"premium-travel-fuckmachine-2-0-maquina-del-amor-de-viaje","status":"publish","type":"product","link":"https:\/\/demoweb.info\/sexshop001\/producto\/premium-travel-fuckmachine-2-0-maquina-del-amor-de-viaje\/","title":{"rendered":"PREMIUM TRAVEL FUCKMACHINE 2.0 &#8211; M\u00c1QUINA DEL AMOR DE VIAJE"},"content":{"rendered":"<p><strong>PREMIUM TRAVEL FUCKMACHINE 2.0<\/strong><\/p>\n<p>La m\u00e1quina del amor Hismith Premium Travel Fuck Machine 2.0 puede ser de tama\u00f1o peque\u00f1o, pero su poder de empuje es m\u00e1s grande de lo que podr\u00edas haber imaginado.<\/p>\n<p>Esta m\u00e1quina de follar compacta y f\u00e1cil de viajar ofrece hasta 9 posiciones sexuales diferentes y 3 velocidades de empuje: permiti\u00e9ndote para personalizar completamente la acci\u00f3n de empuje a tus deseos traviesos.<\/p>\n<p>El ajuste del \u00e1ngulo de 0 a 90 grados permite una mayor personalizaci\u00f3n. La m\u00e1quina de follar del tama\u00f1o de un viaje es compatible con todos los accesorios KlicLok y Quick Air de Hismith y genera hasta 5 cent\u00edmetros de profundidad de empuje.<\/p>\n<p>El juego incluye un consolador de silicona suave con un moderno color p\u00farpura. El tama\u00f1o compacto de la unidad significa que puede llevarla a todas partes, en cualquier momento, lo que permite una acci\u00f3n de empuje alucinante sobre la marcha. Esta m\u00e1quina plug &#038; play tambi\u00e9n viene con un control remoto de calidad y permite la diversi\u00f3n con manos libres.<\/p>\n<p>La base de la m\u00e1quina cuenta con una fuerte ventosa, manteni\u00e9ndola firmemente en su lugar cuando disfruta de su placer superior. Si quieres una acci\u00f3n de golpes y empujes premium que puedas llevar contigo, donde sea que te lleve la placentera aventura, \u00a1esta m\u00e1quina Hismith Pro Traveler, apta para viajes, podr\u00eda ser tu pareja perfecta!<\/p>\n<p>Caracter\u00edsticas:<\/p>\n<ul>\n<li>Dimensiones del producto: 35 x 10,5 x 7,4 cm<\/li>\n<li>Material: RVS, Pl\u00e1stico y Aluminio<\/li>\n<li>Con control remoto<\/li>\n<li>Con APP<\/li>\n<li>Con ventosa<\/li>\n<\/ul>\n<p>Hismith es una marca l\u00edder en juguetes para adultos de alta calidad, revolucionando el mercado con sus productos innovadores y de \u00faltima generaci\u00f3n. La cartera de la marca incluye m\u00e1quinas y accesorios sexuales de primera calidad. Aunque los productos de Hismith tienen un aspecto muy lujoso, el precio es sorprendentemente asequible. \u00a1Haciendo de esta marca una excelente opci\u00f3n de valor por dinero para elevar su placer al siguiente nivel!<\/p>\n","protected":false},"excerpt":{"rendered":"<p>PREMIUM TRAVEL FUCKMACHINE 2.0 La m\u00e1quina del amor Hismith Premium Travel Fuck Machine 2.0 puede ser de tama\u00f1o peque\u00f1o, pero<\/p>\n","protected":false},"featured_media":23703,"comment_status":"open","ping_status":"open","template":"","meta":[],"product_cat":[680],"product_tag":[910],"class_list":["post-23702","product","type-product","status-publish","has-post-thumbnail","hentry","product_cat-maquinas-del-amor","product_tag-hismith"],"bundled_by":[],"bundle_stock_status":"instock","bundle_stock_quantity":2,"bundle_virtual":false,"bundle_layout":"","bundle_add_to_cart_form_location":"","bundle_editable_in_cart":false,"bundle_sold_individually_context":"","bundle_item_grouping":"","bundle_min_size":"","bundle_max_size":"","bundled_items":[],"yoast_head":"<!-- This site is optimized with the Yoast SEO plugin v20.6 - https:\/\/yoast.com\/wordpress\/plugins\/seo\/ -->\n<title>PREMIUM TRAVEL FUCKMACHINE 2.0 - M\u00c1QUINA DEL AMOR DE VIAJE - Tienda Er\u00f3tica<\/title>\n<meta name=\"robots\" content=\"noindex, follow, max-snippet:-1, max-image-preview:large, max-video-preview:-1\" \/>\n<meta property=\"og:locale\" content=\"es_ES\" \/>\n<meta property=\"og:type\" content=\"article\" \/>\n<meta property=\"og:title\" content=\"PREMIUM TRAVEL FUCKMACHINE 2.0 - M\u00c1QUINA DEL AMOR DE VIAJE - Tienda Er\u00f3tica\" \/>\n<meta property=\"og:description\" content=\"PREMIUM TRAVEL FUCKMACHINE 2.0 La m\u00e1quina del amor Hismith Premium Travel Fuck Machine 2.0 puede ser de tama\u00f1o peque\u00f1o, pero\" \/>\n<meta property=\"og:url\" content=\"https:\/\/demoweb.info\/sexshop001\/producto\/premium-travel-fuckmachine-2-0-maquina-del-amor-de-viaje\/\" \/>\n<meta property=\"og:site_name\" content=\"Tienda Er\u00f3tica\" \/>\n<meta property=\"article:modified_time\" content=\"2022-01-22T10:36:07+00:00\" \/>\n<meta property=\"og:image\" content=\"https:\/\/demoweb.info\/sexshop001\/wp-content\/uploads\/2022\/01\/PREMIUM-TRAVEL-FUCKMACHINE-2.0-MAQUINA-DEL-AMOR-DE-VIAJE.jpg\" \/>\n\t<meta property=\"og:image:width\" content=\"550\" \/>\n\t<meta property=\"og:image:height\" content=\"550\" \/>\n\t<meta property=\"og:image:type\" content=\"image\/jpeg\" \/>\n<meta name=\"twitter:card\" content=\"summary_large_image\" \/>\n<meta name=\"twitter:label1\" content=\"Tiempo de lectura\" \/>\n\t<meta name=\"twitter:data1\" content=\"2 minutos\" \/>\n<script type=\"application\/ld+json\" class=\"yoast-schema-graph\">{\"@context\":\"https:\/\/schema.org\",\"@graph\":[{\"@type\":\"WebPage\",\"@id\":\"https:\/\/demoweb.info\/sexshop001\/producto\/premium-travel-fuckmachine-2-0-maquina-del-amor-de-viaje\/\",\"url\":\"https:\/\/demoweb.info\/sexshop001\/producto\/premium-travel-fuckmachine-2-0-maquina-del-amor-de-viaje\/\",\"name\":\"PREMIUM TRAVEL FUCKMACHINE 2.0 - M\u00c1QUINA DEL AMOR DE VIAJE - Tienda Er\u00f3tica\",\"isPartOf\":{\"@id\":\"https:\/\/demoweb.info\/sexshop001\/#website\"},\"datePublished\":\"2022-01-22T10:35:58+00:00\",\"dateModified\":\"2022-01-22T10:36:07+00:00\",\"breadcrumb\":{\"@id\":\"https:\/\/demoweb.info\/sexshop001\/producto\/premium-travel-fuckmachine-2-0-maquina-del-amor-de-viaje\/#breadcrumb\"},\"inLanguage\":\"es\",\"potentialAction\":[{\"@type\":\"ReadAction\",\"target\":[\"https:\/\/demoweb.info\/sexshop001\/producto\/premium-travel-fuckmachine-2-0-maquina-del-amor-de-viaje\/\"]}]},{\"@type\":\"BreadcrumbList\",\"@id\":\"https:\/\/demoweb.info\/sexshop001\/producto\/premium-travel-fuckmachine-2-0-maquina-del-amor-de-viaje\/#breadcrumb\",\"itemListElement\":[{\"@type\":\"ListItem\",\"position\":1,\"name\":\"Portada\",\"item\":\"https:\/\/demoweb.info\/sexshop001\/\"},{\"@type\":\"ListItem\",\"position\":2,\"name\":\"Tienda\",\"item\":\"https:\/\/demoweb.info\/sexshop001\/tienda\/\"},{\"@type\":\"ListItem\",\"position\":3,\"name\":\"PREMIUM TRAVEL FUCKMACHINE 2.0 &#8211; M\u00c1QUINA DEL AMOR DE VIAJE\"}]},{\"@type\":\"WebSite\",\"@id\":\"https:\/\/demoweb.info\/sexshop001\/#website\",\"url\":\"https:\/\/demoweb.info\/sexshop001\/\",\"name\":\"Tienda Er\u00f3tica\",\"description\":\"DEMOWEB SL\",\"potentialAction\":[{\"@type\":\"SearchAction\",\"target\":{\"@type\":\"EntryPoint\",\"urlTemplate\":\"https:\/\/demoweb.info\/sexshop001\/?s={search_term_string}\"},\"query-input\":\"required name=search_term_string\"}],\"inLanguage\":\"es\"}]}<\/script>\n<!-- \/ Yoast SEO plugin. -->","yoast_head_json":{"title":"PREMIUM TRAVEL FUCKMACHINE 2.0 - M\u00c1QUINA DEL AMOR DE VIAJE - Tienda Er\u00f3tica","robots":{"index":"noindex","follow":"follow","max-snippet":"max-snippet:-1","max-image-preview":"max-image-preview:large","max-video-preview":"max-video-preview:-1"},"og_locale":"es_ES","og_type":"article","og_title":"PREMIUM TRAVEL FUCKMACHINE 2.0 - M\u00c1QUINA DEL AMOR DE VIAJE - Tienda Er\u00f3tica","og_description":"PREMIUM TRAVEL FUCKMACHINE 2.0 La m\u00e1quina del amor Hismith Premium Travel Fuck Machine 2.0 puede ser de tama\u00f1o peque\u00f1o, pero","og_url":"https:\/\/demoweb.info\/sexshop001\/producto\/premium-travel-fuckmachine-2-0-maquina-del-amor-de-viaje\/","og_site_name":"Tienda Er\u00f3tica","article_modified_time":"2022-01-22T10:36:07+00:00","og_image":[{"width":550,"height":550,"url":"https:\/\/demoweb.info\/sexshop001\/wp-content\/uploads\/2022\/01\/PREMIUM-TRAVEL-FUCKMACHINE-2.0-MAQUINA-DEL-AMOR-DE-VIAJE.jpg","type":"image\/jpeg"}],"twitter_card":"summary_large_image","twitter_misc":{"Tiempo de lectura":"2 minutos"},"schema":{"@context":"https:\/\/schema.org","@graph":[{"@type":"WebPage","@id":"https:\/\/demoweb.info\/sexshop001\/producto\/premium-travel-fuckmachine-2-0-maquina-del-amor-de-viaje\/","url":"https:\/\/demoweb.info\/sexshop001\/producto\/premium-travel-fuckmachine-2-0-maquina-del-amor-de-viaje\/","name":"PREMIUM TRAVEL FUCKMACHINE 2.0 - M\u00c1QUINA DEL AMOR DE VIAJE - Tienda Er\u00f3tica","isPartOf":{"@id":"https:\/\/demoweb.info\/sexshop001\/#website"},"datePublished":"2022-01-22T10:35:58+00:00","dateModified":"2022-01-22T10:36:07+00:00","breadcrumb":{"@id":"https:\/\/demoweb.info\/sexshop001\/producto\/premium-travel-fuckmachine-2-0-maquina-del-amor-de-viaje\/#breadcrumb"},"inLanguage":"es","potentialAction":[{"@type":"ReadAction","target":["https:\/\/demoweb.info\/sexshop001\/producto\/premium-travel-fuckmachine-2-0-maquina-del-amor-de-viaje\/"]}]},{"@type":"BreadcrumbList","@id":"https:\/\/demoweb.info\/sexshop001\/producto\/premium-travel-fuckmachine-2-0-maquina-del-amor-de-viaje\/#breadcrumb","itemListElement":[{"@type":"ListItem","position":1,"name":"Portada","item":"https:\/\/demoweb.info\/sexshop001\/"},{"@type":"ListItem","position":2,"name":"Tienda","item":"https:\/\/demoweb.info\/sexshop001\/tienda\/"},{"@type":"ListItem","position":3,"name":"PREMIUM TRAVEL FUCKMACHINE 2.0 &#8211; M\u00c1QUINA DEL AMOR DE VIAJE"}]},{"@type":"WebSite","@id":"https:\/\/demoweb.info\/sexshop001\/#website","url":"https:\/\/demoweb.info\/sexshop001\/","name":"Tienda Er\u00f3tica","description":"DEMOWEB SL","potentialAction":[{"@type":"SearchAction","target":{"@type":"EntryPoint","urlTemplate":"https:\/\/demoweb.info\/sexshop001\/?s={search_term_string}"},"query-input":"required name=search_term_string"}],"inLanguage":"es"}]}},"_links":{"self":[{"href":"https:\/\/demoweb.info\/sexshop001\/wp-json\/wp\/v3\/product\/23702","targetHints":{"allow":["GET"]}}],"collection":[{"href":"https:\/\/demoweb.info\/sexshop001\/wp-json\/wp\/v3\/product"}],"about":[{"href":"https:\/\/demoweb.info\/sexshop001\/wp-json\/wp\/v2\/types\/product"}],"replies":[{"embeddable":true,"href":"https:\/\/demoweb.info\/sexshop001\/wp-json\/wp\/v2\/comments?post=23702"}],"wp:featuredmedia":[{"embeddable":true,"href":"https:\/\/demoweb.info\/sexshop001\/wp-json\/wp\/v2\/media\/23703"}],"wp:attachment":[{"href":"https:\/\/demoweb.info\/sexshop001\/wp-json\/wp\/v2\/media?parent=23702"}],"wp:term":[{"taxonomy":"product_cat","embeddable":true,"href":"https:\/\/demoweb.info\/sexshop001\/wp-json\/wp\/v2\/product_cat?post=23702"},{"taxonomy":"product_tag","embeddable":true,"href":"https:\/\/demoweb.info\/sexshop001\/wp-json\/wp\/v2\/product_tag?post=23702"}],"curies":[{"name":"wp","href":"https:\/\/api.w.org\/{rel}","templated":true}]}}