{"id":23653,"date":"2022-01-22T11:35:30","date_gmt":"2022-01-22T10:35:30","guid":{"rendered":"https:\/\/demoweb.info\/sexshop001\/producto\/pene-realistico-de-silicona-con-testiculos-18cm-2\/"},"modified":"2022-01-22T11:35:47","modified_gmt":"2022-01-22T10:35:47","slug":"pene-realistico-de-silicona-con-testiculos-18cm-2","status":"publish","type":"product","link":"https:\/\/demoweb.info\/sexshop001\/producto\/pene-realistico-de-silicona-con-testiculos-18cm-2\/","title":{"rendered":"PENE REAL\u00cdSTICO DE SILICONA CON TEST\u00cdCULOS 18CM"},"content":{"rendered":"<p><strong>SILICONE DILDO 8 INCH W BALLS<\/strong><\/p>\n<p>El consolador de silicona con test\u00edculos es un consolador realista de primera calidad de la colecci\u00f3n Get Real by TOYJOY, dise\u00f1ado para llegar a todos sus puntos calientes \u00edntimos.<\/p>\n<p>Este consolador placentero es de color carne y tiene una silueta realista. El dise\u00f1o presenta detalles cuidadosamente elaborados, para realzar su atractivo natural. El consolador tambi\u00e9n viene con una base fuerte con ventosa para divertirse con las manos libres.<\/p>\n<p>El dise\u00f1o est\u00e1 hecho de silicona premium segura para el cuerpo. Cuando se trata de un juego realista, el consolador de silicona es simplemente imprescindible para todos los amantes de la diversi\u00f3n realista.<\/p>\n<p>Caracter\u00edsticas:<\/p>\n<ul>\n<li>Longitud total: 20 cm<\/li>\n<li>Di\u00e1metro: 4 cm<\/li>\n<li>Material: 100% silicona<\/li>\n<li>Con ventosa<\/li>\n<\/ul>\n","protected":false},"excerpt":{"rendered":"<p>SILICONE DILDO 8 INCH W BALLS El consolador de silicona con test\u00edculos es un consolador realista de primera calidad de<\/p>\n","protected":false},"featured_media":23654,"comment_status":"open","ping_status":"open","template":"","meta":[],"product_cat":[277],"product_tag":[655,247],"class_list":["post-23653","product","type-product","status-publish","has-post-thumbnail","hentry","product_cat-silicona-penes","product_tag-get-real","product_tag-toyjoy"],"bundled_by":[],"bundle_stock_status":"outofstock","bundle_stock_quantity":0,"bundle_virtual":false,"bundle_layout":"","bundle_add_to_cart_form_location":"","bundle_editable_in_cart":false,"bundle_sold_individually_context":"","bundle_item_grouping":"","bundle_min_size":"","bundle_max_size":"","bundled_items":[],"yoast_head":"<!-- This site is optimized with the Yoast SEO plugin v20.6 - https:\/\/yoast.com\/wordpress\/plugins\/seo\/ -->\n<title>PENE REAL\u00cdSTICO DE SILICONA CON TEST\u00cdCULOS 18CM - Tienda Er\u00f3tica<\/title>\n<meta name=\"robots\" content=\"noindex, follow, max-snippet:-1, max-image-preview:large, max-video-preview:-1\" \/>\n<meta property=\"og:locale\" content=\"es_ES\" \/>\n<meta property=\"og:type\" content=\"article\" \/>\n<meta property=\"og:title\" content=\"PENE REAL\u00cdSTICO DE SILICONA CON TEST\u00cdCULOS 18CM - Tienda Er\u00f3tica\" \/>\n<meta property=\"og:description\" content=\"SILICONE DILDO 8 INCH W BALLS El consolador de silicona con test\u00edculos es un consolador realista de primera calidad de\" \/>\n<meta property=\"og:url\" content=\"https:\/\/demoweb.info\/sexshop001\/producto\/pene-realistico-de-silicona-con-testiculos-18cm-2\/\" \/>\n<meta property=\"og:site_name\" content=\"Tienda Er\u00f3tica\" \/>\n<meta property=\"article:modified_time\" content=\"2022-01-22T10:35:47+00:00\" \/>\n<meta property=\"og:image\" content=\"https:\/\/demoweb.info\/sexshop001\/wp-content\/uploads\/2022\/01\/PENE-REALISTICO-DE-SILICONA-CON-TESTICULOS-18CM-4.jpg\" \/>\n\t<meta property=\"og:image:width\" content=\"550\" \/>\n\t<meta property=\"og:image:height\" content=\"550\" \/>\n\t<meta property=\"og:image:type\" content=\"image\/jpeg\" \/>\n<meta name=\"twitter:card\" content=\"summary_large_image\" \/>\n<meta name=\"twitter:label1\" content=\"Tiempo de lectura\" \/>\n\t<meta name=\"twitter:data1\" content=\"1 minuto\" \/>\n<script type=\"application\/ld+json\" class=\"yoast-schema-graph\">{\"@context\":\"https:\/\/schema.org\",\"@graph\":[{\"@type\":\"WebPage\",\"@id\":\"https:\/\/demoweb.info\/sexshop001\/producto\/pene-realistico-de-silicona-con-testiculos-18cm-2\/\",\"url\":\"https:\/\/demoweb.info\/sexshop001\/producto\/pene-realistico-de-silicona-con-testiculos-18cm-2\/\",\"name\":\"PENE REAL\u00cdSTICO DE SILICONA CON TEST\u00cdCULOS 18CM - Tienda Er\u00f3tica\",\"isPartOf\":{\"@id\":\"https:\/\/demoweb.info\/sexshop001\/#website\"},\"datePublished\":\"2022-01-22T10:35:30+00:00\",\"dateModified\":\"2022-01-22T10:35:47+00:00\",\"breadcrumb\":{\"@id\":\"https:\/\/demoweb.info\/sexshop001\/producto\/pene-realistico-de-silicona-con-testiculos-18cm-2\/#breadcrumb\"},\"inLanguage\":\"es\",\"potentialAction\":[{\"@type\":\"ReadAction\",\"target\":[\"https:\/\/demoweb.info\/sexshop001\/producto\/pene-realistico-de-silicona-con-testiculos-18cm-2\/\"]}]},{\"@type\":\"BreadcrumbList\",\"@id\":\"https:\/\/demoweb.info\/sexshop001\/producto\/pene-realistico-de-silicona-con-testiculos-18cm-2\/#breadcrumb\",\"itemListElement\":[{\"@type\":\"ListItem\",\"position\":1,\"name\":\"Portada\",\"item\":\"https:\/\/demoweb.info\/sexshop001\/\"},{\"@type\":\"ListItem\",\"position\":2,\"name\":\"Tienda\",\"item\":\"https:\/\/demoweb.info\/sexshop001\/tienda\/\"},{\"@type\":\"ListItem\",\"position\":3,\"name\":\"PENE REAL\u00cdSTICO DE SILICONA CON TEST\u00cdCULOS 18CM\"}]},{\"@type\":\"WebSite\",\"@id\":\"https:\/\/demoweb.info\/sexshop001\/#website\",\"url\":\"https:\/\/demoweb.info\/sexshop001\/\",\"name\":\"Tienda Er\u00f3tica\",\"description\":\"DEMOWEB SL\",\"potentialAction\":[{\"@type\":\"SearchAction\",\"target\":{\"@type\":\"EntryPoint\",\"urlTemplate\":\"https:\/\/demoweb.info\/sexshop001\/?s={search_term_string}\"},\"query-input\":\"required name=search_term_string\"}],\"inLanguage\":\"es\"}]}<\/script>\n<!-- \/ Yoast SEO plugin. -->","yoast_head_json":{"title":"PENE REAL\u00cdSTICO DE SILICONA CON TEST\u00cdCULOS 18CM - Tienda Er\u00f3tica","robots":{"index":"noindex","follow":"follow","max-snippet":"max-snippet:-1","max-image-preview":"max-image-preview:large","max-video-preview":"max-video-preview:-1"},"og_locale":"es_ES","og_type":"article","og_title":"PENE REAL\u00cdSTICO DE SILICONA CON TEST\u00cdCULOS 18CM - Tienda Er\u00f3tica","og_description":"SILICONE DILDO 8 INCH W BALLS El consolador de silicona con test\u00edculos es un consolador realista de primera calidad de","og_url":"https:\/\/demoweb.info\/sexshop001\/producto\/pene-realistico-de-silicona-con-testiculos-18cm-2\/","og_site_name":"Tienda Er\u00f3tica","article_modified_time":"2022-01-22T10:35:47+00:00","og_image":[{"width":550,"height":550,"url":"https:\/\/demoweb.info\/sexshop001\/wp-content\/uploads\/2022\/01\/PENE-REALISTICO-DE-SILICONA-CON-TESTICULOS-18CM-4.jpg","type":"image\/jpeg"}],"twitter_card":"summary_large_image","twitter_misc":{"Tiempo de lectura":"1 minuto"},"schema":{"@context":"https:\/\/schema.org","@graph":[{"@type":"WebPage","@id":"https:\/\/demoweb.info\/sexshop001\/producto\/pene-realistico-de-silicona-con-testiculos-18cm-2\/","url":"https:\/\/demoweb.info\/sexshop001\/producto\/pene-realistico-de-silicona-con-testiculos-18cm-2\/","name":"PENE REAL\u00cdSTICO DE SILICONA CON TEST\u00cdCULOS 18CM - Tienda Er\u00f3tica","isPartOf":{"@id":"https:\/\/demoweb.info\/sexshop001\/#website"},"datePublished":"2022-01-22T10:35:30+00:00","dateModified":"2022-01-22T10:35:47+00:00","breadcrumb":{"@id":"https:\/\/demoweb.info\/sexshop001\/producto\/pene-realistico-de-silicona-con-testiculos-18cm-2\/#breadcrumb"},"inLanguage":"es","potentialAction":[{"@type":"ReadAction","target":["https:\/\/demoweb.info\/sexshop001\/producto\/pene-realistico-de-silicona-con-testiculos-18cm-2\/"]}]},{"@type":"BreadcrumbList","@id":"https:\/\/demoweb.info\/sexshop001\/producto\/pene-realistico-de-silicona-con-testiculos-18cm-2\/#breadcrumb","itemListElement":[{"@type":"ListItem","position":1,"name":"Portada","item":"https:\/\/demoweb.info\/sexshop001\/"},{"@type":"ListItem","position":2,"name":"Tienda","item":"https:\/\/demoweb.info\/sexshop001\/tienda\/"},{"@type":"ListItem","position":3,"name":"PENE REAL\u00cdSTICO DE SILICONA CON TEST\u00cdCULOS 18CM"}]},{"@type":"WebSite","@id":"https:\/\/demoweb.info\/sexshop001\/#website","url":"https:\/\/demoweb.info\/sexshop001\/","name":"Tienda Er\u00f3tica","description":"DEMOWEB SL","potentialAction":[{"@type":"SearchAction","target":{"@type":"EntryPoint","urlTemplate":"https:\/\/demoweb.info\/sexshop001\/?s={search_term_string}"},"query-input":"required name=search_term_string"}],"inLanguage":"es"}]}},"_links":{"self":[{"href":"https:\/\/demoweb.info\/sexshop001\/wp-json\/wp\/v3\/product\/23653","targetHints":{"allow":["GET"]}}],"collection":[{"href":"https:\/\/demoweb.info\/sexshop001\/wp-json\/wp\/v3\/product"}],"about":[{"href":"https:\/\/demoweb.info\/sexshop001\/wp-json\/wp\/v2\/types\/product"}],"replies":[{"embeddable":true,"href":"https:\/\/demoweb.info\/sexshop001\/wp-json\/wp\/v2\/comments?post=23653"}],"wp:featuredmedia":[{"embeddable":true,"href":"https:\/\/demoweb.info\/sexshop001\/wp-json\/wp\/v2\/media\/23654"}],"wp:attachment":[{"href":"https:\/\/demoweb.info\/sexshop001\/wp-json\/wp\/v2\/media?parent=23653"}],"wp:term":[{"taxonomy":"product_cat","embeddable":true,"href":"https:\/\/demoweb.info\/sexshop001\/wp-json\/wp\/v2\/product_cat?post=23653"},{"taxonomy":"product_tag","embeddable":true,"href":"https:\/\/demoweb.info\/sexshop001\/wp-json\/wp\/v2\/product_tag?post=23653"}],"curies":[{"name":"wp","href":"https:\/\/api.w.org\/{rel}","templated":true}]}}