{"id":23633,"date":"2022-01-22T11:35:30","date_gmt":"2022-01-22T10:35:30","guid":{"rendered":"https:\/\/demoweb.info\/sexshop001\/producto\/gold-dicker-vibrador-stim\/"},"modified":"2022-01-22T11:35:38","modified_gmt":"2022-01-22T10:35:38","slug":"gold-dicker-vibrador-stim","status":"publish","type":"product","link":"https:\/\/demoweb.info\/sexshop001\/producto\/gold-dicker-vibrador-stim\/","title":{"rendered":"GOLD DICKER VIBRADOR STIM"},"content":{"rendered":"<p><strong>GOLD DICKER STIM VIBRATOR <\/strong><\/p>\n<p>El vibrador Gold Dicker de la colecci\u00f3n Get Real by TOYJOY es un vibrador de color dorado brillante con habilidades y emociones incre\u00edbles para brindar placer \u00edntimo ilimitado.<\/p>\n<p>El dise\u00f1o tiene un eje sexy y ligeramente curvado que sin esfuerzo te llenar\u00e1 de deseo lujurioso. Este proveedor de placer dorado tiene una silueta realista con detalles realistas como venas pulsantes y una punta pronunciada. Tambi\u00e9n viene con un estimulador de cl\u00edtoris adicional para una estimulaci\u00f3n a\u00fan m\u00e1s alucinante. Sus potentes vibraciones de varias velocidades son f\u00e1ciles de controlar con una base giratoria y su suave exterior de silicona se siente sedoso en la piel.<\/p>\n<p>El vibrador original Gold Dicker utiliza 2 pilas AA y viene en un empaque moderno y elegante.<\/p>\n<p>Caracter\u00edsticas:<\/p>\n<ul>\n<li>Longitud total: 22,1 cm<\/li>\n<li>Di\u00e1metro: 4,4 cm<\/li>\n<li>Modos de vibraci\u00f3n: 7<\/li>\n<li>Impermeable<\/li>\n<li>Material: 100% silicona<\/li>\n<li>Funciona con 2 pilas AA, no incluidas.<\/li>\n<\/ul>\n","protected":false},"excerpt":{"rendered":"<p>GOLD DICKER STIM VIBRATOR El vibrador Gold Dicker de la colecci\u00f3n Get Real by TOYJOY es un vibrador de color<\/p>\n","protected":false},"featured_media":23634,"comment_status":"open","ping_status":"open","template":"","meta":[],"product_cat":[317],"product_tag":[655,247],"class_list":["post-23633","product","type-product","status-publish","has-post-thumbnail","hentry","product_cat-con-vibrador","product_tag-get-real","product_tag-toyjoy"],"bundled_by":[],"bundle_stock_status":"instock","bundle_stock_quantity":1,"bundle_virtual":false,"bundle_layout":"","bundle_add_to_cart_form_location":"","bundle_editable_in_cart":false,"bundle_sold_individually_context":"","bundle_item_grouping":"","bundle_min_size":"","bundle_max_size":"","bundled_items":[],"yoast_head":"<!-- This site is optimized with the Yoast SEO plugin v20.6 - https:\/\/yoast.com\/wordpress\/plugins\/seo\/ -->\n<title>GOLD DICKER VIBRADOR STIM - Tienda Er\u00f3tica<\/title>\n<meta name=\"robots\" content=\"noindex, follow, max-snippet:-1, max-image-preview:large, max-video-preview:-1\" \/>\n<meta property=\"og:locale\" content=\"es_ES\" \/>\n<meta property=\"og:type\" content=\"article\" \/>\n<meta property=\"og:title\" content=\"GOLD DICKER VIBRADOR STIM - Tienda Er\u00f3tica\" \/>\n<meta property=\"og:description\" content=\"GOLD DICKER STIM VIBRATOR El vibrador Gold Dicker de la colecci\u00f3n Get Real by TOYJOY es un vibrador de color\" \/>\n<meta property=\"og:url\" content=\"https:\/\/demoweb.info\/sexshop001\/producto\/gold-dicker-vibrador-stim\/\" \/>\n<meta property=\"og:site_name\" content=\"Tienda Er\u00f3tica\" \/>\n<meta property=\"article:modified_time\" content=\"2022-01-22T10:35:38+00:00\" \/>\n<meta property=\"og:image\" content=\"https:\/\/demoweb.info\/sexshop001\/wp-content\/uploads\/2022\/01\/GOLD-DICKER-VIBRADOR-STIM.jpg\" \/>\n\t<meta property=\"og:image:width\" content=\"550\" \/>\n\t<meta property=\"og:image:height\" content=\"550\" \/>\n\t<meta property=\"og:image:type\" content=\"image\/jpeg\" \/>\n<meta name=\"twitter:card\" content=\"summary_large_image\" \/>\n<meta name=\"twitter:label1\" content=\"Tiempo de lectura\" \/>\n\t<meta name=\"twitter:data1\" content=\"1 minuto\" \/>\n<script type=\"application\/ld+json\" class=\"yoast-schema-graph\">{\"@context\":\"https:\/\/schema.org\",\"@graph\":[{\"@type\":\"WebPage\",\"@id\":\"https:\/\/demoweb.info\/sexshop001\/producto\/gold-dicker-vibrador-stim\/\",\"url\":\"https:\/\/demoweb.info\/sexshop001\/producto\/gold-dicker-vibrador-stim\/\",\"name\":\"GOLD DICKER VIBRADOR STIM - Tienda Er\u00f3tica\",\"isPartOf\":{\"@id\":\"https:\/\/demoweb.info\/sexshop001\/#website\"},\"datePublished\":\"2022-01-22T10:35:30+00:00\",\"dateModified\":\"2022-01-22T10:35:38+00:00\",\"breadcrumb\":{\"@id\":\"https:\/\/demoweb.info\/sexshop001\/producto\/gold-dicker-vibrador-stim\/#breadcrumb\"},\"inLanguage\":\"es\",\"potentialAction\":[{\"@type\":\"ReadAction\",\"target\":[\"https:\/\/demoweb.info\/sexshop001\/producto\/gold-dicker-vibrador-stim\/\"]}]},{\"@type\":\"BreadcrumbList\",\"@id\":\"https:\/\/demoweb.info\/sexshop001\/producto\/gold-dicker-vibrador-stim\/#breadcrumb\",\"itemListElement\":[{\"@type\":\"ListItem\",\"position\":1,\"name\":\"Portada\",\"item\":\"https:\/\/demoweb.info\/sexshop001\/\"},{\"@type\":\"ListItem\",\"position\":2,\"name\":\"Tienda\",\"item\":\"https:\/\/demoweb.info\/sexshop001\/tienda\/\"},{\"@type\":\"ListItem\",\"position\":3,\"name\":\"GOLD DICKER VIBRADOR STIM\"}]},{\"@type\":\"WebSite\",\"@id\":\"https:\/\/demoweb.info\/sexshop001\/#website\",\"url\":\"https:\/\/demoweb.info\/sexshop001\/\",\"name\":\"Tienda Er\u00f3tica\",\"description\":\"DEMOWEB SL\",\"potentialAction\":[{\"@type\":\"SearchAction\",\"target\":{\"@type\":\"EntryPoint\",\"urlTemplate\":\"https:\/\/demoweb.info\/sexshop001\/?s={search_term_string}\"},\"query-input\":\"required name=search_term_string\"}],\"inLanguage\":\"es\"}]}<\/script>\n<!-- \/ Yoast SEO plugin. -->","yoast_head_json":{"title":"GOLD DICKER VIBRADOR STIM - Tienda Er\u00f3tica","robots":{"index":"noindex","follow":"follow","max-snippet":"max-snippet:-1","max-image-preview":"max-image-preview:large","max-video-preview":"max-video-preview:-1"},"og_locale":"es_ES","og_type":"article","og_title":"GOLD DICKER VIBRADOR STIM - Tienda Er\u00f3tica","og_description":"GOLD DICKER STIM VIBRATOR El vibrador Gold Dicker de la colecci\u00f3n Get Real by TOYJOY es un vibrador de color","og_url":"https:\/\/demoweb.info\/sexshop001\/producto\/gold-dicker-vibrador-stim\/","og_site_name":"Tienda Er\u00f3tica","article_modified_time":"2022-01-22T10:35:38+00:00","og_image":[{"width":550,"height":550,"url":"https:\/\/demoweb.info\/sexshop001\/wp-content\/uploads\/2022\/01\/GOLD-DICKER-VIBRADOR-STIM.jpg","type":"image\/jpeg"}],"twitter_card":"summary_large_image","twitter_misc":{"Tiempo de lectura":"1 minuto"},"schema":{"@context":"https:\/\/schema.org","@graph":[{"@type":"WebPage","@id":"https:\/\/demoweb.info\/sexshop001\/producto\/gold-dicker-vibrador-stim\/","url":"https:\/\/demoweb.info\/sexshop001\/producto\/gold-dicker-vibrador-stim\/","name":"GOLD DICKER VIBRADOR STIM - Tienda Er\u00f3tica","isPartOf":{"@id":"https:\/\/demoweb.info\/sexshop001\/#website"},"datePublished":"2022-01-22T10:35:30+00:00","dateModified":"2022-01-22T10:35:38+00:00","breadcrumb":{"@id":"https:\/\/demoweb.info\/sexshop001\/producto\/gold-dicker-vibrador-stim\/#breadcrumb"},"inLanguage":"es","potentialAction":[{"@type":"ReadAction","target":["https:\/\/demoweb.info\/sexshop001\/producto\/gold-dicker-vibrador-stim\/"]}]},{"@type":"BreadcrumbList","@id":"https:\/\/demoweb.info\/sexshop001\/producto\/gold-dicker-vibrador-stim\/#breadcrumb","itemListElement":[{"@type":"ListItem","position":1,"name":"Portada","item":"https:\/\/demoweb.info\/sexshop001\/"},{"@type":"ListItem","position":2,"name":"Tienda","item":"https:\/\/demoweb.info\/sexshop001\/tienda\/"},{"@type":"ListItem","position":3,"name":"GOLD DICKER VIBRADOR STIM"}]},{"@type":"WebSite","@id":"https:\/\/demoweb.info\/sexshop001\/#website","url":"https:\/\/demoweb.info\/sexshop001\/","name":"Tienda Er\u00f3tica","description":"DEMOWEB SL","potentialAction":[{"@type":"SearchAction","target":{"@type":"EntryPoint","urlTemplate":"https:\/\/demoweb.info\/sexshop001\/?s={search_term_string}"},"query-input":"required name=search_term_string"}],"inLanguage":"es"}]}},"_links":{"self":[{"href":"https:\/\/demoweb.info\/sexshop001\/wp-json\/wp\/v3\/product\/23633","targetHints":{"allow":["GET"]}}],"collection":[{"href":"https:\/\/demoweb.info\/sexshop001\/wp-json\/wp\/v3\/product"}],"about":[{"href":"https:\/\/demoweb.info\/sexshop001\/wp-json\/wp\/v2\/types\/product"}],"replies":[{"embeddable":true,"href":"https:\/\/demoweb.info\/sexshop001\/wp-json\/wp\/v2\/comments?post=23633"}],"wp:featuredmedia":[{"embeddable":true,"href":"https:\/\/demoweb.info\/sexshop001\/wp-json\/wp\/v2\/media\/23634"}],"wp:attachment":[{"href":"https:\/\/demoweb.info\/sexshop001\/wp-json\/wp\/v2\/media?parent=23633"}],"wp:term":[{"taxonomy":"product_cat","embeddable":true,"href":"https:\/\/demoweb.info\/sexshop001\/wp-json\/wp\/v2\/product_cat?post=23633"},{"taxonomy":"product_tag","embeddable":true,"href":"https:\/\/demoweb.info\/sexshop001\/wp-json\/wp\/v2\/product_tag?post=23633"}],"curies":[{"name":"wp","href":"https:\/\/api.w.org\/{rel}","templated":true}]}}