{"id":23550,"date":"2022-01-22T11:34:53","date_gmt":"2022-01-22T10:34:53","guid":{"rendered":"https:\/\/demoweb.info\/sexshop001\/producto\/super-stretchy-funda-texturada-para-pene-azul\/"},"modified":"2022-01-22T11:34:59","modified_gmt":"2022-01-22T10:34:59","slug":"super-stretchy-funda-texturada-para-pene-azul","status":"publish","type":"product","link":"https:\/\/demoweb.info\/sexshop001\/producto\/super-stretchy-funda-texturada-para-pene-azul\/","title":{"rendered":"SUPER STRETCHY FUNDA TEXTURADA PARA PENE AZUL"},"content":{"rendered":"<p><font size=&quot;1&quot;><\/p>\n<p align=&quot;justify&quot;><b>SUPER STRETCHY ENHANCER BLUE<\/b> es una <b>manga<\/b> de gelatina para el pene.<\/p>\n<p>Su textura es extra-suave, se estira y recupera siempre su forma original, gracias a la gelatina de m\u00e1xima calidad.<\/p>\n<p>Se adapta perfectamente a todos los tama\u00f1os de pene.<\/p>\n<p>El recorrido del anillo se encuentra <b>texturado<\/b> para provocar mayores sensaciones. <\/p>\n<p>Consigue que tu erecci\u00f3n sea mucho m\u00e1s duradera, ya que este anillo <b>permite retardar la eyaculaci\u00f3n y mantener tu pene erecto mucho m\u00e1s tiempo<\/b>.<\/p>\n<p>Puede ser utilizado en el pene, en el dedo o en tu consolador.<br \/>\n<\/font><\/p>\n","protected":false},"excerpt":{"rendered":"<p>SUPER STRETCHY ENHANCER BLUE es una manga de gelatina para el pene. Su textura es extra-suave, se estira y recupera<\/p>\n","protected":false},"featured_media":23551,"comment_status":"open","ping_status":"open","template":"","meta":[],"product_cat":[543],"product_tag":[916,247],"class_list":["post-23550","product","type-product","status-publish","has-post-thumbnail","hentry","product_cat-fundas","product_tag-manpower","product_tag-toyjoy"],"bundled_by":[],"bundle_stock_status":"instock","bundle_stock_quantity":7,"bundle_virtual":false,"bundle_layout":"","bundle_add_to_cart_form_location":"","bundle_editable_in_cart":false,"bundle_sold_individually_context":"","bundle_item_grouping":"","bundle_min_size":"","bundle_max_size":"","bundled_items":[],"yoast_head":"<!-- This site is optimized with the Yoast SEO plugin v20.6 - https:\/\/yoast.com\/wordpress\/plugins\/seo\/ -->\n<title>SUPER STRETCHY FUNDA TEXTURADA PARA PENE AZUL - Tienda Er\u00f3tica<\/title>\n<meta name=\"robots\" content=\"noindex, follow, max-snippet:-1, max-image-preview:large, max-video-preview:-1\" \/>\n<meta property=\"og:locale\" content=\"es_ES\" \/>\n<meta property=\"og:type\" content=\"article\" \/>\n<meta property=\"og:title\" content=\"SUPER STRETCHY FUNDA TEXTURADA PARA PENE AZUL - Tienda Er\u00f3tica\" \/>\n<meta property=\"og:description\" content=\"SUPER STRETCHY ENHANCER BLUE es una manga de gelatina para el pene. Su textura es extra-suave, se estira y recupera\" \/>\n<meta property=\"og:url\" content=\"https:\/\/demoweb.info\/sexshop001\/producto\/super-stretchy-funda-texturada-para-pene-azul\/\" \/>\n<meta property=\"og:site_name\" content=\"Tienda Er\u00f3tica\" \/>\n<meta property=\"article:modified_time\" content=\"2022-01-22T10:34:59+00:00\" \/>\n<meta property=\"og:image\" content=\"https:\/\/demoweb.info\/sexshop001\/wp-content\/uploads\/2022\/01\/SUPER-STRETCHY-FUNDA-TEXTURADA-PARA-PENE-AZUL.jpg\" \/>\n\t<meta property=\"og:image:width\" content=\"550\" \/>\n\t<meta property=\"og:image:height\" content=\"550\" \/>\n\t<meta property=\"og:image:type\" content=\"image\/jpeg\" \/>\n<meta name=\"twitter:card\" content=\"summary_large_image\" \/>\n<script type=\"application\/ld+json\" class=\"yoast-schema-graph\">{\"@context\":\"https:\/\/schema.org\",\"@graph\":[{\"@type\":\"WebPage\",\"@id\":\"https:\/\/demoweb.info\/sexshop001\/producto\/super-stretchy-funda-texturada-para-pene-azul\/\",\"url\":\"https:\/\/demoweb.info\/sexshop001\/producto\/super-stretchy-funda-texturada-para-pene-azul\/\",\"name\":\"SUPER STRETCHY FUNDA TEXTURADA PARA PENE AZUL - Tienda Er\u00f3tica\",\"isPartOf\":{\"@id\":\"https:\/\/demoweb.info\/sexshop001\/#website\"},\"datePublished\":\"2022-01-22T10:34:53+00:00\",\"dateModified\":\"2022-01-22T10:34:59+00:00\",\"breadcrumb\":{\"@id\":\"https:\/\/demoweb.info\/sexshop001\/producto\/super-stretchy-funda-texturada-para-pene-azul\/#breadcrumb\"},\"inLanguage\":\"es\",\"potentialAction\":[{\"@type\":\"ReadAction\",\"target\":[\"https:\/\/demoweb.info\/sexshop001\/producto\/super-stretchy-funda-texturada-para-pene-azul\/\"]}]},{\"@type\":\"BreadcrumbList\",\"@id\":\"https:\/\/demoweb.info\/sexshop001\/producto\/super-stretchy-funda-texturada-para-pene-azul\/#breadcrumb\",\"itemListElement\":[{\"@type\":\"ListItem\",\"position\":1,\"name\":\"Portada\",\"item\":\"https:\/\/demoweb.info\/sexshop001\/\"},{\"@type\":\"ListItem\",\"position\":2,\"name\":\"Tienda\",\"item\":\"https:\/\/demoweb.info\/sexshop001\/tienda\/\"},{\"@type\":\"ListItem\",\"position\":3,\"name\":\"SUPER STRETCHY FUNDA TEXTURADA PARA PENE AZUL\"}]},{\"@type\":\"WebSite\",\"@id\":\"https:\/\/demoweb.info\/sexshop001\/#website\",\"url\":\"https:\/\/demoweb.info\/sexshop001\/\",\"name\":\"Tienda Er\u00f3tica\",\"description\":\"DEMOWEB SL\",\"potentialAction\":[{\"@type\":\"SearchAction\",\"target\":{\"@type\":\"EntryPoint\",\"urlTemplate\":\"https:\/\/demoweb.info\/sexshop001\/?s={search_term_string}\"},\"query-input\":\"required name=search_term_string\"}],\"inLanguage\":\"es\"}]}<\/script>\n<!-- \/ Yoast SEO plugin. -->","yoast_head_json":{"title":"SUPER STRETCHY FUNDA TEXTURADA PARA PENE AZUL - Tienda Er\u00f3tica","robots":{"index":"noindex","follow":"follow","max-snippet":"max-snippet:-1","max-image-preview":"max-image-preview:large","max-video-preview":"max-video-preview:-1"},"og_locale":"es_ES","og_type":"article","og_title":"SUPER STRETCHY FUNDA TEXTURADA PARA PENE AZUL - Tienda Er\u00f3tica","og_description":"SUPER STRETCHY ENHANCER BLUE es una manga de gelatina para el pene. Su textura es extra-suave, se estira y recupera","og_url":"https:\/\/demoweb.info\/sexshop001\/producto\/super-stretchy-funda-texturada-para-pene-azul\/","og_site_name":"Tienda Er\u00f3tica","article_modified_time":"2022-01-22T10:34:59+00:00","og_image":[{"width":550,"height":550,"url":"https:\/\/demoweb.info\/sexshop001\/wp-content\/uploads\/2022\/01\/SUPER-STRETCHY-FUNDA-TEXTURADA-PARA-PENE-AZUL.jpg","type":"image\/jpeg"}],"twitter_card":"summary_large_image","schema":{"@context":"https:\/\/schema.org","@graph":[{"@type":"WebPage","@id":"https:\/\/demoweb.info\/sexshop001\/producto\/super-stretchy-funda-texturada-para-pene-azul\/","url":"https:\/\/demoweb.info\/sexshop001\/producto\/super-stretchy-funda-texturada-para-pene-azul\/","name":"SUPER STRETCHY FUNDA TEXTURADA PARA PENE AZUL - Tienda Er\u00f3tica","isPartOf":{"@id":"https:\/\/demoweb.info\/sexshop001\/#website"},"datePublished":"2022-01-22T10:34:53+00:00","dateModified":"2022-01-22T10:34:59+00:00","breadcrumb":{"@id":"https:\/\/demoweb.info\/sexshop001\/producto\/super-stretchy-funda-texturada-para-pene-azul\/#breadcrumb"},"inLanguage":"es","potentialAction":[{"@type":"ReadAction","target":["https:\/\/demoweb.info\/sexshop001\/producto\/super-stretchy-funda-texturada-para-pene-azul\/"]}]},{"@type":"BreadcrumbList","@id":"https:\/\/demoweb.info\/sexshop001\/producto\/super-stretchy-funda-texturada-para-pene-azul\/#breadcrumb","itemListElement":[{"@type":"ListItem","position":1,"name":"Portada","item":"https:\/\/demoweb.info\/sexshop001\/"},{"@type":"ListItem","position":2,"name":"Tienda","item":"https:\/\/demoweb.info\/sexshop001\/tienda\/"},{"@type":"ListItem","position":3,"name":"SUPER STRETCHY FUNDA TEXTURADA PARA PENE AZUL"}]},{"@type":"WebSite","@id":"https:\/\/demoweb.info\/sexshop001\/#website","url":"https:\/\/demoweb.info\/sexshop001\/","name":"Tienda Er\u00f3tica","description":"DEMOWEB SL","potentialAction":[{"@type":"SearchAction","target":{"@type":"EntryPoint","urlTemplate":"https:\/\/demoweb.info\/sexshop001\/?s={search_term_string}"},"query-input":"required name=search_term_string"}],"inLanguage":"es"}]}},"_links":{"self":[{"href":"https:\/\/demoweb.info\/sexshop001\/wp-json\/wp\/v3\/product\/23550","targetHints":{"allow":["GET"]}}],"collection":[{"href":"https:\/\/demoweb.info\/sexshop001\/wp-json\/wp\/v3\/product"}],"about":[{"href":"https:\/\/demoweb.info\/sexshop001\/wp-json\/wp\/v2\/types\/product"}],"replies":[{"embeddable":true,"href":"https:\/\/demoweb.info\/sexshop001\/wp-json\/wp\/v2\/comments?post=23550"}],"wp:featuredmedia":[{"embeddable":true,"href":"https:\/\/demoweb.info\/sexshop001\/wp-json\/wp\/v2\/media\/23551"}],"wp:attachment":[{"href":"https:\/\/demoweb.info\/sexshop001\/wp-json\/wp\/v2\/media?parent=23550"}],"wp:term":[{"taxonomy":"product_cat","embeddable":true,"href":"https:\/\/demoweb.info\/sexshop001\/wp-json\/wp\/v2\/product_cat?post=23550"},{"taxonomy":"product_tag","embeddable":true,"href":"https:\/\/demoweb.info\/sexshop001\/wp-json\/wp\/v2\/product_tag?post=23550"}],"curies":[{"name":"wp","href":"https:\/\/api.w.org\/{rel}","templated":true}]}}