{"id":23540,"date":"2022-01-22T11:34:53","date_gmt":"2022-01-22T10:34:53","guid":{"rendered":"https:\/\/demoweb.info\/sexshop001\/producto\/power-stretchy-anillo-negro-2pcs\/"},"modified":"2022-01-22T11:34:55","modified_gmt":"2022-01-22T10:34:55","slug":"power-stretchy-anillo-negro-2pcs","status":"publish","type":"product","link":"https:\/\/demoweb.info\/sexshop001\/producto\/power-stretchy-anillo-negro-2pcs\/","title":{"rendered":"POWER STRETCHY ANILLO NEGRO 2PCS"},"content":{"rendered":"<p><font size=&quot;1&quot;><b>POWER STRETCHY RINGS BLACK 2PCS<\/b>.<\/p>\n<p>Es un juego de <b>2 anillos<\/b> de gelatina para el pene.<\/p>\n<p>Su textura es extra-suave, se estiran diez veces su tama\u00f1o y recuperan siempre su forma original, gracias a la gelatina de m\u00e1xima calidad.<\/p>\n<p>Se adaptan perfectamente a todos los penes.<\/p>\n<p>Consigue que tu erecci\u00f3n sea mucho m\u00e1s duradera, ya que los anillos <b>permiten retardar la eyaculaci\u00f3n y mantener tu pene erecto mucho m\u00e1s tiempo<\/b>.<\/p>\n<p><b>Consigue que tus relaciones sean mucho m\u00e1s placenteras<\/b><\/font>.<\/p>\n","protected":false},"excerpt":{"rendered":"<p>POWER STRETCHY RINGS BLACK 2PCS. Es un juego de 2 anillos de gelatina para el pene. Su textura es extra-suave,<\/p>\n","protected":false},"featured_media":23541,"comment_status":"open","ping_status":"open","template":"","meta":[],"product_cat":[324],"product_tag":[916,247],"class_list":["post-23540","product","type-product","status-publish","has-post-thumbnail","hentry","product_cat-kits-anillos","product_tag-manpower","product_tag-toyjoy"],"bundled_by":[],"bundle_stock_status":"outofstock","bundle_stock_quantity":0,"bundle_virtual":false,"bundle_layout":"","bundle_add_to_cart_form_location":"","bundle_editable_in_cart":false,"bundle_sold_individually_context":"","bundle_item_grouping":"","bundle_min_size":"","bundle_max_size":"","bundled_items":[],"yoast_head":"<!-- This site is optimized with the Yoast SEO plugin v20.6 - https:\/\/yoast.com\/wordpress\/plugins\/seo\/ -->\n<title>POWER STRETCHY ANILLO NEGRO 2PCS - Tienda Er\u00f3tica<\/title>\n<meta name=\"robots\" content=\"noindex, follow, max-snippet:-1, max-image-preview:large, max-video-preview:-1\" \/>\n<meta property=\"og:locale\" content=\"es_ES\" \/>\n<meta property=\"og:type\" content=\"article\" \/>\n<meta property=\"og:title\" content=\"POWER STRETCHY ANILLO NEGRO 2PCS - Tienda Er\u00f3tica\" \/>\n<meta property=\"og:description\" content=\"POWER STRETCHY RINGS BLACK 2PCS. Es un juego de 2 anillos de gelatina para el pene. Su textura es extra-suave,\" \/>\n<meta property=\"og:url\" content=\"https:\/\/demoweb.info\/sexshop001\/producto\/power-stretchy-anillo-negro-2pcs\/\" \/>\n<meta property=\"og:site_name\" content=\"Tienda Er\u00f3tica\" \/>\n<meta property=\"article:modified_time\" content=\"2022-01-22T10:34:55+00:00\" \/>\n<meta property=\"og:image\" content=\"https:\/\/demoweb.info\/sexshop001\/wp-content\/uploads\/2022\/01\/POWER-STRETCHY-ANILLO-NEGRO-2PCS.jpg\" \/>\n\t<meta property=\"og:image:width\" content=\"550\" \/>\n\t<meta property=\"og:image:height\" content=\"550\" \/>\n\t<meta property=\"og:image:type\" content=\"image\/jpeg\" \/>\n<meta name=\"twitter:card\" content=\"summary_large_image\" \/>\n<script type=\"application\/ld+json\" class=\"yoast-schema-graph\">{\"@context\":\"https:\/\/schema.org\",\"@graph\":[{\"@type\":\"WebPage\",\"@id\":\"https:\/\/demoweb.info\/sexshop001\/producto\/power-stretchy-anillo-negro-2pcs\/\",\"url\":\"https:\/\/demoweb.info\/sexshop001\/producto\/power-stretchy-anillo-negro-2pcs\/\",\"name\":\"POWER STRETCHY ANILLO NEGRO 2PCS - Tienda Er\u00f3tica\",\"isPartOf\":{\"@id\":\"https:\/\/demoweb.info\/sexshop001\/#website\"},\"datePublished\":\"2022-01-22T10:34:53+00:00\",\"dateModified\":\"2022-01-22T10:34:55+00:00\",\"breadcrumb\":{\"@id\":\"https:\/\/demoweb.info\/sexshop001\/producto\/power-stretchy-anillo-negro-2pcs\/#breadcrumb\"},\"inLanguage\":\"es\",\"potentialAction\":[{\"@type\":\"ReadAction\",\"target\":[\"https:\/\/demoweb.info\/sexshop001\/producto\/power-stretchy-anillo-negro-2pcs\/\"]}]},{\"@type\":\"BreadcrumbList\",\"@id\":\"https:\/\/demoweb.info\/sexshop001\/producto\/power-stretchy-anillo-negro-2pcs\/#breadcrumb\",\"itemListElement\":[{\"@type\":\"ListItem\",\"position\":1,\"name\":\"Portada\",\"item\":\"https:\/\/demoweb.info\/sexshop001\/\"},{\"@type\":\"ListItem\",\"position\":2,\"name\":\"Tienda\",\"item\":\"https:\/\/demoweb.info\/sexshop001\/tienda\/\"},{\"@type\":\"ListItem\",\"position\":3,\"name\":\"POWER STRETCHY ANILLO NEGRO 2PCS\"}]},{\"@type\":\"WebSite\",\"@id\":\"https:\/\/demoweb.info\/sexshop001\/#website\",\"url\":\"https:\/\/demoweb.info\/sexshop001\/\",\"name\":\"Tienda Er\u00f3tica\",\"description\":\"DEMOWEB SL\",\"potentialAction\":[{\"@type\":\"SearchAction\",\"target\":{\"@type\":\"EntryPoint\",\"urlTemplate\":\"https:\/\/demoweb.info\/sexshop001\/?s={search_term_string}\"},\"query-input\":\"required name=search_term_string\"}],\"inLanguage\":\"es\"}]}<\/script>\n<!-- \/ Yoast SEO plugin. -->","yoast_head_json":{"title":"POWER STRETCHY ANILLO NEGRO 2PCS - Tienda Er\u00f3tica","robots":{"index":"noindex","follow":"follow","max-snippet":"max-snippet:-1","max-image-preview":"max-image-preview:large","max-video-preview":"max-video-preview:-1"},"og_locale":"es_ES","og_type":"article","og_title":"POWER STRETCHY ANILLO NEGRO 2PCS - Tienda Er\u00f3tica","og_description":"POWER STRETCHY RINGS BLACK 2PCS. Es un juego de 2 anillos de gelatina para el pene. Su textura es extra-suave,","og_url":"https:\/\/demoweb.info\/sexshop001\/producto\/power-stretchy-anillo-negro-2pcs\/","og_site_name":"Tienda Er\u00f3tica","article_modified_time":"2022-01-22T10:34:55+00:00","og_image":[{"width":550,"height":550,"url":"https:\/\/demoweb.info\/sexshop001\/wp-content\/uploads\/2022\/01\/POWER-STRETCHY-ANILLO-NEGRO-2PCS.jpg","type":"image\/jpeg"}],"twitter_card":"summary_large_image","schema":{"@context":"https:\/\/schema.org","@graph":[{"@type":"WebPage","@id":"https:\/\/demoweb.info\/sexshop001\/producto\/power-stretchy-anillo-negro-2pcs\/","url":"https:\/\/demoweb.info\/sexshop001\/producto\/power-stretchy-anillo-negro-2pcs\/","name":"POWER STRETCHY ANILLO NEGRO 2PCS - Tienda Er\u00f3tica","isPartOf":{"@id":"https:\/\/demoweb.info\/sexshop001\/#website"},"datePublished":"2022-01-22T10:34:53+00:00","dateModified":"2022-01-22T10:34:55+00:00","breadcrumb":{"@id":"https:\/\/demoweb.info\/sexshop001\/producto\/power-stretchy-anillo-negro-2pcs\/#breadcrumb"},"inLanguage":"es","potentialAction":[{"@type":"ReadAction","target":["https:\/\/demoweb.info\/sexshop001\/producto\/power-stretchy-anillo-negro-2pcs\/"]}]},{"@type":"BreadcrumbList","@id":"https:\/\/demoweb.info\/sexshop001\/producto\/power-stretchy-anillo-negro-2pcs\/#breadcrumb","itemListElement":[{"@type":"ListItem","position":1,"name":"Portada","item":"https:\/\/demoweb.info\/sexshop001\/"},{"@type":"ListItem","position":2,"name":"Tienda","item":"https:\/\/demoweb.info\/sexshop001\/tienda\/"},{"@type":"ListItem","position":3,"name":"POWER STRETCHY ANILLO NEGRO 2PCS"}]},{"@type":"WebSite","@id":"https:\/\/demoweb.info\/sexshop001\/#website","url":"https:\/\/demoweb.info\/sexshop001\/","name":"Tienda Er\u00f3tica","description":"DEMOWEB SL","potentialAction":[{"@type":"SearchAction","target":{"@type":"EntryPoint","urlTemplate":"https:\/\/demoweb.info\/sexshop001\/?s={search_term_string}"},"query-input":"required name=search_term_string"}],"inLanguage":"es"}]}},"_links":{"self":[{"href":"https:\/\/demoweb.info\/sexshop001\/wp-json\/wp\/v3\/product\/23540","targetHints":{"allow":["GET"]}}],"collection":[{"href":"https:\/\/demoweb.info\/sexshop001\/wp-json\/wp\/v3\/product"}],"about":[{"href":"https:\/\/demoweb.info\/sexshop001\/wp-json\/wp\/v2\/types\/product"}],"replies":[{"embeddable":true,"href":"https:\/\/demoweb.info\/sexshop001\/wp-json\/wp\/v2\/comments?post=23540"}],"wp:featuredmedia":[{"embeddable":true,"href":"https:\/\/demoweb.info\/sexshop001\/wp-json\/wp\/v2\/media\/23541"}],"wp:attachment":[{"href":"https:\/\/demoweb.info\/sexshop001\/wp-json\/wp\/v2\/media?parent=23540"}],"wp:term":[{"taxonomy":"product_cat","embeddable":true,"href":"https:\/\/demoweb.info\/sexshop001\/wp-json\/wp\/v2\/product_cat?post=23540"},{"taxonomy":"product_tag","embeddable":true,"href":"https:\/\/demoweb.info\/sexshop001\/wp-json\/wp\/v2\/product_tag?post=23540"}],"curies":[{"name":"wp","href":"https:\/\/api.w.org\/{rel}","templated":true}]}}