{"id":23522,"date":"2022-01-22T11:34:24","date_gmt":"2022-01-22T10:34:24","guid":{"rendered":"https:\/\/demoweb.info\/sexshop001\/producto\/power-plug-masajeador-de-prostata-negro\/"},"modified":"2022-01-22T11:34:45","modified_gmt":"2022-01-22T10:34:45","slug":"power-plug-masajeador-de-prostata-negro","status":"publish","type":"product","link":"https:\/\/demoweb.info\/sexshop001\/producto\/power-plug-masajeador-de-prostata-negro\/","title":{"rendered":"POWER PLUG MASAJEADOR DE PROSTATA NEGRO"},"content":{"rendered":"<p><strong>POWER PLUG PROSTATE MASSAGER BLACK<\/strong>.<\/p>\n<p>Es un masajeador desarrollado como un juguete sexual para ayudar al hombre a estimular la Pr\u00f3stata y la zona del perineo. Estas zonas conocidas como el Punto G masculino, son las que controlan e incrementan la erecci\u00f3n, el orgasmo y la eyaculaci\u00f3n. Son las zonas donde se encuentran el centro del Placer.<\/p>\n<p>El masajeador, puede ser utilizado durante la masturbaci\u00f3n, o en el juego sexual para incrementar la erecci\u00f3n y el orgasmo.<\/p>\n<p>Dise\u00f1ado con el \u00e1ngulo perfecto y curvas debidamente estudiadas, para conseguir el m\u00e1ximo placer.<\/p>\n<p>Medidas: 11 x 4 cm.<\/p>\n","protected":false},"excerpt":{"rendered":"<p>POWER PLUG PROSTATE MASSAGER BLACK. Es un masajeador desarrollado como un juguete sexual para ayudar al hombre a estimular la<\/p>\n","protected":false},"featured_media":23523,"comment_status":"open","ping_status":"open","template":"","meta":[],"product_cat":[439],"product_tag":[916,247],"class_list":["post-23522","product","type-product","status-publish","has-post-thumbnail","hentry","product_cat-punto-p-plugs","product_tag-manpower","product_tag-toyjoy"],"bundled_by":[],"bundle_stock_status":"instock","bundle_stock_quantity":4,"bundle_virtual":false,"bundle_layout":"","bundle_add_to_cart_form_location":"","bundle_editable_in_cart":false,"bundle_sold_individually_context":"","bundle_item_grouping":"","bundle_min_size":"","bundle_max_size":"","bundled_items":[],"yoast_head":"<!-- This site is optimized with the Yoast SEO plugin v20.6 - https:\/\/yoast.com\/wordpress\/plugins\/seo\/ -->\n<title>POWER PLUG MASAJEADOR DE PROSTATA NEGRO - Tienda Er\u00f3tica<\/title>\n<meta name=\"robots\" content=\"noindex, follow, max-snippet:-1, max-image-preview:large, max-video-preview:-1\" \/>\n<meta property=\"og:locale\" content=\"es_ES\" \/>\n<meta property=\"og:type\" content=\"article\" \/>\n<meta property=\"og:title\" content=\"POWER PLUG MASAJEADOR DE PROSTATA NEGRO - Tienda Er\u00f3tica\" \/>\n<meta property=\"og:description\" content=\"POWER PLUG PROSTATE MASSAGER BLACK. Es un masajeador desarrollado como un juguete sexual para ayudar al hombre a estimular la\" \/>\n<meta property=\"og:url\" content=\"https:\/\/demoweb.info\/sexshop001\/producto\/power-plug-masajeador-de-prostata-negro\/\" \/>\n<meta property=\"og:site_name\" content=\"Tienda Er\u00f3tica\" \/>\n<meta property=\"article:modified_time\" content=\"2022-01-22T10:34:45+00:00\" \/>\n<meta property=\"og:image\" content=\"https:\/\/demoweb.info\/sexshop001\/wp-content\/uploads\/2022\/01\/POWER-PLUG-MASAJEADOR-DE-PROSTATA-NEGRO.jpg\" \/>\n\t<meta property=\"og:image:width\" content=\"550\" \/>\n\t<meta property=\"og:image:height\" content=\"550\" \/>\n\t<meta property=\"og:image:type\" content=\"image\/jpeg\" \/>\n<meta name=\"twitter:card\" content=\"summary_large_image\" \/>\n<meta name=\"twitter:label1\" content=\"Tiempo de lectura\" \/>\n\t<meta name=\"twitter:data1\" content=\"1 minuto\" \/>\n<script type=\"application\/ld+json\" class=\"yoast-schema-graph\">{\"@context\":\"https:\/\/schema.org\",\"@graph\":[{\"@type\":\"WebPage\",\"@id\":\"https:\/\/demoweb.info\/sexshop001\/producto\/power-plug-masajeador-de-prostata-negro\/\",\"url\":\"https:\/\/demoweb.info\/sexshop001\/producto\/power-plug-masajeador-de-prostata-negro\/\",\"name\":\"POWER PLUG MASAJEADOR DE PROSTATA NEGRO - Tienda Er\u00f3tica\",\"isPartOf\":{\"@id\":\"https:\/\/demoweb.info\/sexshop001\/#website\"},\"datePublished\":\"2022-01-22T10:34:24+00:00\",\"dateModified\":\"2022-01-22T10:34:45+00:00\",\"breadcrumb\":{\"@id\":\"https:\/\/demoweb.info\/sexshop001\/producto\/power-plug-masajeador-de-prostata-negro\/#breadcrumb\"},\"inLanguage\":\"es\",\"potentialAction\":[{\"@type\":\"ReadAction\",\"target\":[\"https:\/\/demoweb.info\/sexshop001\/producto\/power-plug-masajeador-de-prostata-negro\/\"]}]},{\"@type\":\"BreadcrumbList\",\"@id\":\"https:\/\/demoweb.info\/sexshop001\/producto\/power-plug-masajeador-de-prostata-negro\/#breadcrumb\",\"itemListElement\":[{\"@type\":\"ListItem\",\"position\":1,\"name\":\"Portada\",\"item\":\"https:\/\/demoweb.info\/sexshop001\/\"},{\"@type\":\"ListItem\",\"position\":2,\"name\":\"Tienda\",\"item\":\"https:\/\/demoweb.info\/sexshop001\/tienda\/\"},{\"@type\":\"ListItem\",\"position\":3,\"name\":\"POWER PLUG MASAJEADOR DE PROSTATA NEGRO\"}]},{\"@type\":\"WebSite\",\"@id\":\"https:\/\/demoweb.info\/sexshop001\/#website\",\"url\":\"https:\/\/demoweb.info\/sexshop001\/\",\"name\":\"Tienda Er\u00f3tica\",\"description\":\"DEMOWEB SL\",\"potentialAction\":[{\"@type\":\"SearchAction\",\"target\":{\"@type\":\"EntryPoint\",\"urlTemplate\":\"https:\/\/demoweb.info\/sexshop001\/?s={search_term_string}\"},\"query-input\":\"required name=search_term_string\"}],\"inLanguage\":\"es\"}]}<\/script>\n<!-- \/ Yoast SEO plugin. -->","yoast_head_json":{"title":"POWER PLUG MASAJEADOR DE PROSTATA NEGRO - Tienda Er\u00f3tica","robots":{"index":"noindex","follow":"follow","max-snippet":"max-snippet:-1","max-image-preview":"max-image-preview:large","max-video-preview":"max-video-preview:-1"},"og_locale":"es_ES","og_type":"article","og_title":"POWER PLUG MASAJEADOR DE PROSTATA NEGRO - Tienda Er\u00f3tica","og_description":"POWER PLUG PROSTATE MASSAGER BLACK. Es un masajeador desarrollado como un juguete sexual para ayudar al hombre a estimular la","og_url":"https:\/\/demoweb.info\/sexshop001\/producto\/power-plug-masajeador-de-prostata-negro\/","og_site_name":"Tienda Er\u00f3tica","article_modified_time":"2022-01-22T10:34:45+00:00","og_image":[{"width":550,"height":550,"url":"https:\/\/demoweb.info\/sexshop001\/wp-content\/uploads\/2022\/01\/POWER-PLUG-MASAJEADOR-DE-PROSTATA-NEGRO.jpg","type":"image\/jpeg"}],"twitter_card":"summary_large_image","twitter_misc":{"Tiempo de lectura":"1 minuto"},"schema":{"@context":"https:\/\/schema.org","@graph":[{"@type":"WebPage","@id":"https:\/\/demoweb.info\/sexshop001\/producto\/power-plug-masajeador-de-prostata-negro\/","url":"https:\/\/demoweb.info\/sexshop001\/producto\/power-plug-masajeador-de-prostata-negro\/","name":"POWER PLUG MASAJEADOR DE PROSTATA NEGRO - Tienda Er\u00f3tica","isPartOf":{"@id":"https:\/\/demoweb.info\/sexshop001\/#website"},"datePublished":"2022-01-22T10:34:24+00:00","dateModified":"2022-01-22T10:34:45+00:00","breadcrumb":{"@id":"https:\/\/demoweb.info\/sexshop001\/producto\/power-plug-masajeador-de-prostata-negro\/#breadcrumb"},"inLanguage":"es","potentialAction":[{"@type":"ReadAction","target":["https:\/\/demoweb.info\/sexshop001\/producto\/power-plug-masajeador-de-prostata-negro\/"]}]},{"@type":"BreadcrumbList","@id":"https:\/\/demoweb.info\/sexshop001\/producto\/power-plug-masajeador-de-prostata-negro\/#breadcrumb","itemListElement":[{"@type":"ListItem","position":1,"name":"Portada","item":"https:\/\/demoweb.info\/sexshop001\/"},{"@type":"ListItem","position":2,"name":"Tienda","item":"https:\/\/demoweb.info\/sexshop001\/tienda\/"},{"@type":"ListItem","position":3,"name":"POWER PLUG MASAJEADOR DE PROSTATA NEGRO"}]},{"@type":"WebSite","@id":"https:\/\/demoweb.info\/sexshop001\/#website","url":"https:\/\/demoweb.info\/sexshop001\/","name":"Tienda Er\u00f3tica","description":"DEMOWEB SL","potentialAction":[{"@type":"SearchAction","target":{"@type":"EntryPoint","urlTemplate":"https:\/\/demoweb.info\/sexshop001\/?s={search_term_string}"},"query-input":"required name=search_term_string"}],"inLanguage":"es"}]}},"_links":{"self":[{"href":"https:\/\/demoweb.info\/sexshop001\/wp-json\/wp\/v3\/product\/23522","targetHints":{"allow":["GET"]}}],"collection":[{"href":"https:\/\/demoweb.info\/sexshop001\/wp-json\/wp\/v3\/product"}],"about":[{"href":"https:\/\/demoweb.info\/sexshop001\/wp-json\/wp\/v2\/types\/product"}],"replies":[{"embeddable":true,"href":"https:\/\/demoweb.info\/sexshop001\/wp-json\/wp\/v2\/comments?post=23522"}],"wp:featuredmedia":[{"embeddable":true,"href":"https:\/\/demoweb.info\/sexshop001\/wp-json\/wp\/v2\/media\/23523"}],"wp:attachment":[{"href":"https:\/\/demoweb.info\/sexshop001\/wp-json\/wp\/v2\/media?parent=23522"}],"wp:term":[{"taxonomy":"product_cat","embeddable":true,"href":"https:\/\/demoweb.info\/sexshop001\/wp-json\/wp\/v2\/product_cat?post=23522"},{"taxonomy":"product_tag","embeddable":true,"href":"https:\/\/demoweb.info\/sexshop001\/wp-json\/wp\/v2\/product_tag?post=23522"}],"curies":[{"name":"wp","href":"https:\/\/api.w.org\/{rel}","templated":true}]}}