{"id":23478,"date":"2022-01-22T11:34:24","date_gmt":"2022-01-22T10:34:24","guid":{"rendered":"https:\/\/demoweb.info\/sexshop001\/producto\/huevo-vibrador-punto-g-inalambrico-grande-rosa\/"},"modified":"2022-01-22T11:34:24","modified_gmt":"2022-01-22T10:34:24","slug":"huevo-vibrador-punto-g-inalambrico-grande-rosa","status":"publish","type":"product","link":"https:\/\/demoweb.info\/sexshop001\/producto\/huevo-vibrador-punto-g-inalambrico-grande-rosa\/","title":{"rendered":"HUEVO VIBRADOR PUNTO-G INALAMBRICO GRANDE ROSA"},"content":{"rendered":"<p><font size=&quot;1&quot;><\/p>\n<p align=&quot;justify&quot;><B>G-SPOT EGG WIRELESS CONTROLED BIG SIZE PINK<\/B> este huevo vibrador dispone de 10 diferentes<br \/>\nposiciones muy estimulantes y de una forma peculiar que estimular\u00e1 tu punto G. Podr\u00e1s ajustar su intensidad de vibraci\u00f3n sin necesidad de cables.<\/p>\n<p>Desde una postura c\u00f3moda y suave hasta una posici\u00f3n extremadamente vibrante; usted maneja todo con su control remoto<br \/>\ninhal\u00e1mbrico de hasta 20 metros.<\/p>\n<p>El huevo posee una capa suave y sedosa que le da una apariencia y texturas \u00fanicas. <\/p>\n<p>El control remoto est\u00e1 hecho de acero inoxidable cepillado y tiene un cierre que lo hace f\u00e1cil de llevar en un llavero.<\/p>\n<p>Tanto las pilas para el huevo <b>LR03\/AAA<\/b> como para el control remoto est\u00e1n incluidas en el paquete.<\/p>\n<p>El huevo tiene un di\u00e1metro de 34 mm x 80 mm de longitud.<\/p>\n<p>Color: Rosa.<\/font><\/p>\n","protected":false},"excerpt":{"rendered":"<p>G-SPOT EGG WIRELESS CONTROLED BIG SIZE PINK este huevo vibrador dispone de 10 diferentes posiciones muy estimulantes y de una<\/p>\n","protected":false},"featured_media":23479,"comment_status":"open","ping_status":"open","template":"","meta":[],"product_cat":[313],"product_tag":[302,547],"class_list":["post-23478","product","type-product","status-publish","has-post-thumbnail","hentry","product_cat-balas-y-huevos","product_tag-shots","product_tag-shots-toys"],"bundled_by":[],"bundle_stock_status":"instock","bundle_stock_quantity":2,"bundle_virtual":false,"bundle_layout":"","bundle_add_to_cart_form_location":"","bundle_editable_in_cart":false,"bundle_sold_individually_context":"","bundle_item_grouping":"","bundle_min_size":"","bundle_max_size":"","bundled_items":[],"yoast_head":"<!-- This site is optimized with the Yoast SEO plugin v20.6 - https:\/\/yoast.com\/wordpress\/plugins\/seo\/ -->\n<title>HUEVO VIBRADOR PUNTO-G INALAMBRICO GRANDE ROSA - Tienda Er\u00f3tica<\/title>\n<meta name=\"robots\" content=\"noindex, follow, max-snippet:-1, max-image-preview:large, max-video-preview:-1\" \/>\n<meta property=\"og:locale\" content=\"es_ES\" \/>\n<meta property=\"og:type\" content=\"article\" \/>\n<meta property=\"og:title\" content=\"HUEVO VIBRADOR PUNTO-G INALAMBRICO GRANDE ROSA - Tienda Er\u00f3tica\" \/>\n<meta property=\"og:description\" content=\"G-SPOT EGG WIRELESS CONTROLED BIG SIZE PINK este huevo vibrador dispone de 10 diferentes posiciones muy estimulantes y de una\" \/>\n<meta property=\"og:url\" content=\"https:\/\/demoweb.info\/sexshop001\/producto\/huevo-vibrador-punto-g-inalambrico-grande-rosa\/\" \/>\n<meta property=\"og:site_name\" content=\"Tienda Er\u00f3tica\" \/>\n<meta property=\"og:image\" content=\"https:\/\/demoweb.info\/sexshop001\/wp-content\/uploads\/2022\/01\/HUEVO-VIBRADOR-PUNTO-G-INALAMBRICO-GRANDE-ROSA.jpg\" \/>\n\t<meta property=\"og:image:width\" content=\"550\" \/>\n\t<meta property=\"og:image:height\" content=\"550\" \/>\n\t<meta property=\"og:image:type\" content=\"image\/jpeg\" \/>\n<meta name=\"twitter:card\" content=\"summary_large_image\" \/>\n<meta name=\"twitter:label1\" content=\"Tiempo de lectura\" \/>\n\t<meta name=\"twitter:data1\" content=\"1 minuto\" \/>\n<script type=\"application\/ld+json\" class=\"yoast-schema-graph\">{\"@context\":\"https:\/\/schema.org\",\"@graph\":[{\"@type\":\"WebPage\",\"@id\":\"https:\/\/demoweb.info\/sexshop001\/producto\/huevo-vibrador-punto-g-inalambrico-grande-rosa\/\",\"url\":\"https:\/\/demoweb.info\/sexshop001\/producto\/huevo-vibrador-punto-g-inalambrico-grande-rosa\/\",\"name\":\"HUEVO VIBRADOR PUNTO-G INALAMBRICO GRANDE ROSA - Tienda Er\u00f3tica\",\"isPartOf\":{\"@id\":\"https:\/\/demoweb.info\/sexshop001\/#website\"},\"datePublished\":\"2022-01-22T10:34:24+00:00\",\"dateModified\":\"2022-01-22T10:34:24+00:00\",\"breadcrumb\":{\"@id\":\"https:\/\/demoweb.info\/sexshop001\/producto\/huevo-vibrador-punto-g-inalambrico-grande-rosa\/#breadcrumb\"},\"inLanguage\":\"es\",\"potentialAction\":[{\"@type\":\"ReadAction\",\"target\":[\"https:\/\/demoweb.info\/sexshop001\/producto\/huevo-vibrador-punto-g-inalambrico-grande-rosa\/\"]}]},{\"@type\":\"BreadcrumbList\",\"@id\":\"https:\/\/demoweb.info\/sexshop001\/producto\/huevo-vibrador-punto-g-inalambrico-grande-rosa\/#breadcrumb\",\"itemListElement\":[{\"@type\":\"ListItem\",\"position\":1,\"name\":\"Portada\",\"item\":\"https:\/\/demoweb.info\/sexshop001\/\"},{\"@type\":\"ListItem\",\"position\":2,\"name\":\"Tienda\",\"item\":\"https:\/\/demoweb.info\/sexshop001\/tienda\/\"},{\"@type\":\"ListItem\",\"position\":3,\"name\":\"HUEVO VIBRADOR PUNTO-G INALAMBRICO GRANDE ROSA\"}]},{\"@type\":\"WebSite\",\"@id\":\"https:\/\/demoweb.info\/sexshop001\/#website\",\"url\":\"https:\/\/demoweb.info\/sexshop001\/\",\"name\":\"Tienda Er\u00f3tica\",\"description\":\"DEMOWEB SL\",\"potentialAction\":[{\"@type\":\"SearchAction\",\"target\":{\"@type\":\"EntryPoint\",\"urlTemplate\":\"https:\/\/demoweb.info\/sexshop001\/?s={search_term_string}\"},\"query-input\":\"required name=search_term_string\"}],\"inLanguage\":\"es\"}]}<\/script>\n<!-- \/ Yoast SEO plugin. -->","yoast_head_json":{"title":"HUEVO VIBRADOR PUNTO-G INALAMBRICO GRANDE ROSA - Tienda Er\u00f3tica","robots":{"index":"noindex","follow":"follow","max-snippet":"max-snippet:-1","max-image-preview":"max-image-preview:large","max-video-preview":"max-video-preview:-1"},"og_locale":"es_ES","og_type":"article","og_title":"HUEVO VIBRADOR PUNTO-G INALAMBRICO GRANDE ROSA - Tienda Er\u00f3tica","og_description":"G-SPOT EGG WIRELESS CONTROLED BIG SIZE PINK este huevo vibrador dispone de 10 diferentes posiciones muy estimulantes y de una","og_url":"https:\/\/demoweb.info\/sexshop001\/producto\/huevo-vibrador-punto-g-inalambrico-grande-rosa\/","og_site_name":"Tienda Er\u00f3tica","og_image":[{"width":550,"height":550,"url":"https:\/\/demoweb.info\/sexshop001\/wp-content\/uploads\/2022\/01\/HUEVO-VIBRADOR-PUNTO-G-INALAMBRICO-GRANDE-ROSA.jpg","type":"image\/jpeg"}],"twitter_card":"summary_large_image","twitter_misc":{"Tiempo de lectura":"1 minuto"},"schema":{"@context":"https:\/\/schema.org","@graph":[{"@type":"WebPage","@id":"https:\/\/demoweb.info\/sexshop001\/producto\/huevo-vibrador-punto-g-inalambrico-grande-rosa\/","url":"https:\/\/demoweb.info\/sexshop001\/producto\/huevo-vibrador-punto-g-inalambrico-grande-rosa\/","name":"HUEVO VIBRADOR PUNTO-G INALAMBRICO GRANDE ROSA - Tienda Er\u00f3tica","isPartOf":{"@id":"https:\/\/demoweb.info\/sexshop001\/#website"},"datePublished":"2022-01-22T10:34:24+00:00","dateModified":"2022-01-22T10:34:24+00:00","breadcrumb":{"@id":"https:\/\/demoweb.info\/sexshop001\/producto\/huevo-vibrador-punto-g-inalambrico-grande-rosa\/#breadcrumb"},"inLanguage":"es","potentialAction":[{"@type":"ReadAction","target":["https:\/\/demoweb.info\/sexshop001\/producto\/huevo-vibrador-punto-g-inalambrico-grande-rosa\/"]}]},{"@type":"BreadcrumbList","@id":"https:\/\/demoweb.info\/sexshop001\/producto\/huevo-vibrador-punto-g-inalambrico-grande-rosa\/#breadcrumb","itemListElement":[{"@type":"ListItem","position":1,"name":"Portada","item":"https:\/\/demoweb.info\/sexshop001\/"},{"@type":"ListItem","position":2,"name":"Tienda","item":"https:\/\/demoweb.info\/sexshop001\/tienda\/"},{"@type":"ListItem","position":3,"name":"HUEVO VIBRADOR PUNTO-G INALAMBRICO GRANDE ROSA"}]},{"@type":"WebSite","@id":"https:\/\/demoweb.info\/sexshop001\/#website","url":"https:\/\/demoweb.info\/sexshop001\/","name":"Tienda Er\u00f3tica","description":"DEMOWEB SL","potentialAction":[{"@type":"SearchAction","target":{"@type":"EntryPoint","urlTemplate":"https:\/\/demoweb.info\/sexshop001\/?s={search_term_string}"},"query-input":"required name=search_term_string"}],"inLanguage":"es"}]}},"_links":{"self":[{"href":"https:\/\/demoweb.info\/sexshop001\/wp-json\/wp\/v3\/product\/23478","targetHints":{"allow":["GET"]}}],"collection":[{"href":"https:\/\/demoweb.info\/sexshop001\/wp-json\/wp\/v3\/product"}],"about":[{"href":"https:\/\/demoweb.info\/sexshop001\/wp-json\/wp\/v2\/types\/product"}],"replies":[{"embeddable":true,"href":"https:\/\/demoweb.info\/sexshop001\/wp-json\/wp\/v2\/comments?post=23478"}],"wp:featuredmedia":[{"embeddable":true,"href":"https:\/\/demoweb.info\/sexshop001\/wp-json\/wp\/v2\/media\/23479"}],"wp:attachment":[{"href":"https:\/\/demoweb.info\/sexshop001\/wp-json\/wp\/v2\/media?parent=23478"}],"wp:term":[{"taxonomy":"product_cat","embeddable":true,"href":"https:\/\/demoweb.info\/sexshop001\/wp-json\/wp\/v2\/product_cat?post=23478"},{"taxonomy":"product_tag","embeddable":true,"href":"https:\/\/demoweb.info\/sexshop001\/wp-json\/wp\/v2\/product_tag?post=23478"}],"curies":[{"name":"wp","href":"https:\/\/api.w.org\/{rel}","templated":true}]}}