{"id":23438,"date":"2022-01-22T11:33:49","date_gmt":"2022-01-22T10:33:49","guid":{"rendered":"https:\/\/demoweb.info\/sexshop001\/producto\/monodosis-triple-x\/"},"modified":"2022-01-22T11:34:01","modified_gmt":"2022-01-22T10:34:01","slug":"monodosis-triple-x","status":"publish","type":"product","link":"https:\/\/demoweb.info\/sexshop001\/producto\/monodosis-triple-x\/","title":{"rendered":"MONODOSIS TRIPLE X"},"content":{"rendered":"<p><strong>MONODOSIS TRIPLE X<\/strong><\/p>\n<p>\u00a1Bienvenido a tu PR\u00d3<strong>X<\/strong>IMA E<strong>X<\/strong>PERIENCIA E<strong>X<\/strong>TREMA!<\/p>\n<p>El gel unisex intensificador del placer Triple X elaborado con ingredientes naturales combina 3 efectos en 1. Produce un efecto fr\u00edo, seguido de un efecto fuego-picante y finaliza con vibraci\u00f3n, que es el detonante perfecto. Permite un mayor placer en las relaciones \u00edntimas y una sensaci\u00f3n \u00fanica.<\/p>\n<p><strong>MODO DE EMPLEO:<\/strong> Aplicar una peque\u00f1a cantidad sobre la zona \u00edntima con un suave masaje. Dejar actuar unos minutos. Aplica solo unas gotas con un masaje suave, despu\u00e9s de 30 segundos comenzar\u00e1s a notar los efectos &#8230;<strong> fr\u00edo<\/strong>, <strong>picante<\/strong> y para finalizar la <strong>vibraci\u00f3n<\/strong>, que es el detonante perfecto<strong>!!! <\/strong>Atr\u00e9vete a vivir esta<strong> experiencia \u00fanica.<\/strong><\/p>\n<p>El efecto dura aproxim\u00e1damente 20 minutos y puede aplicarse nuevamente si es necesario.<\/p>\n<p><strong>PRECAUCIONES: <\/strong>Producto cosm\u00e9tico de uso s\u00f3lo externo. No utilizar en caso de hipersensibilidad o alergia a alguno de los ingredientes. En caso de irritaci\u00f3n suspender el uso. No aplicar sobre los ojos o heridas. No ingerir. Mantener fuera del alcance de los ni\u00f1os. Conservar en un lugar fresco, seco y alejado de la luz solar.<\/p>\n<ul>\n<li>Envase monodosis<\/li>\n<li>Capacidad: 2 ml<\/li>\n<li>Apto para veganos<\/li>\n<li>No testado en animales<\/li>\n<li>100% natural<\/li>\n<li>Hecho en Espa\u00f1a<\/li>\n<\/ul>\n","protected":false},"excerpt":{"rendered":"<p>MONODOSIS TRIPLE X \u00a1Bienvenido a tu PR\u00d3XIMA EXPERIENCIA EXTREMA! El gel unisex intensificador del placer Triple X elaborado con ingredientes<\/p>\n","protected":false},"featured_media":23439,"comment_status":"open","ping_status":"open","template":"","meta":[],"product_cat":[770],"product_tag":[674,564],"class_list":["post-23438","product","type-product","status-publish","has-post-thumbnail","hentry","product_cat-monodosis","product_tag-secret-moments","product_tag-secret-play"],"bundled_by":[],"bundle_stock_status":"instock","bundle_stock_quantity":25,"bundle_virtual":false,"bundle_layout":"","bundle_add_to_cart_form_location":"","bundle_editable_in_cart":false,"bundle_sold_individually_context":"","bundle_item_grouping":"","bundle_min_size":"","bundle_max_size":"","bundled_items":[],"yoast_head":"<!-- This site is optimized with the Yoast SEO plugin v20.6 - https:\/\/yoast.com\/wordpress\/plugins\/seo\/ -->\n<title>MONODOSIS TRIPLE X - Tienda Er\u00f3tica<\/title>\n<meta name=\"robots\" content=\"noindex, follow, max-snippet:-1, max-image-preview:large, max-video-preview:-1\" \/>\n<meta property=\"og:locale\" content=\"es_ES\" \/>\n<meta property=\"og:type\" content=\"article\" \/>\n<meta property=\"og:title\" content=\"MONODOSIS TRIPLE X - Tienda Er\u00f3tica\" \/>\n<meta property=\"og:description\" content=\"MONODOSIS TRIPLE X \u00a1Bienvenido a tu PR\u00d3XIMA EXPERIENCIA EXTREMA! El gel unisex intensificador del placer Triple X elaborado con ingredientes\" \/>\n<meta property=\"og:url\" content=\"https:\/\/demoweb.info\/sexshop001\/producto\/monodosis-triple-x\/\" \/>\n<meta property=\"og:site_name\" content=\"Tienda Er\u00f3tica\" \/>\n<meta property=\"article:modified_time\" content=\"2022-01-22T10:34:01+00:00\" \/>\n<meta property=\"og:image\" content=\"https:\/\/demoweb.info\/sexshop001\/wp-content\/uploads\/2022\/01\/MONODOSIS-TRIPLE-X.jpg\" \/>\n\t<meta property=\"og:image:width\" content=\"550\" \/>\n\t<meta property=\"og:image:height\" content=\"550\" \/>\n\t<meta property=\"og:image:type\" content=\"image\/jpeg\" \/>\n<meta name=\"twitter:card\" content=\"summary_large_image\" \/>\n<meta name=\"twitter:label1\" content=\"Tiempo de lectura\" \/>\n\t<meta name=\"twitter:data1\" content=\"1 minuto\" \/>\n<script type=\"application\/ld+json\" class=\"yoast-schema-graph\">{\"@context\":\"https:\/\/schema.org\",\"@graph\":[{\"@type\":\"WebPage\",\"@id\":\"https:\/\/demoweb.info\/sexshop001\/producto\/monodosis-triple-x\/\",\"url\":\"https:\/\/demoweb.info\/sexshop001\/producto\/monodosis-triple-x\/\",\"name\":\"MONODOSIS TRIPLE X - Tienda Er\u00f3tica\",\"isPartOf\":{\"@id\":\"https:\/\/demoweb.info\/sexshop001\/#website\"},\"datePublished\":\"2022-01-22T10:33:49+00:00\",\"dateModified\":\"2022-01-22T10:34:01+00:00\",\"breadcrumb\":{\"@id\":\"https:\/\/demoweb.info\/sexshop001\/producto\/monodosis-triple-x\/#breadcrumb\"},\"inLanguage\":\"es\",\"potentialAction\":[{\"@type\":\"ReadAction\",\"target\":[\"https:\/\/demoweb.info\/sexshop001\/producto\/monodosis-triple-x\/\"]}]},{\"@type\":\"BreadcrumbList\",\"@id\":\"https:\/\/demoweb.info\/sexshop001\/producto\/monodosis-triple-x\/#breadcrumb\",\"itemListElement\":[{\"@type\":\"ListItem\",\"position\":1,\"name\":\"Portada\",\"item\":\"https:\/\/demoweb.info\/sexshop001\/\"},{\"@type\":\"ListItem\",\"position\":2,\"name\":\"Tienda\",\"item\":\"https:\/\/demoweb.info\/sexshop001\/tienda\/\"},{\"@type\":\"ListItem\",\"position\":3,\"name\":\"MONODOSIS TRIPLE X\"}]},{\"@type\":\"WebSite\",\"@id\":\"https:\/\/demoweb.info\/sexshop001\/#website\",\"url\":\"https:\/\/demoweb.info\/sexshop001\/\",\"name\":\"Tienda Er\u00f3tica\",\"description\":\"DEMOWEB SL\",\"potentialAction\":[{\"@type\":\"SearchAction\",\"target\":{\"@type\":\"EntryPoint\",\"urlTemplate\":\"https:\/\/demoweb.info\/sexshop001\/?s={search_term_string}\"},\"query-input\":\"required name=search_term_string\"}],\"inLanguage\":\"es\"}]}<\/script>\n<!-- \/ Yoast SEO plugin. -->","yoast_head_json":{"title":"MONODOSIS TRIPLE X - Tienda Er\u00f3tica","robots":{"index":"noindex","follow":"follow","max-snippet":"max-snippet:-1","max-image-preview":"max-image-preview:large","max-video-preview":"max-video-preview:-1"},"og_locale":"es_ES","og_type":"article","og_title":"MONODOSIS TRIPLE X - Tienda Er\u00f3tica","og_description":"MONODOSIS TRIPLE X \u00a1Bienvenido a tu PR\u00d3XIMA EXPERIENCIA EXTREMA! El gel unisex intensificador del placer Triple X elaborado con ingredientes","og_url":"https:\/\/demoweb.info\/sexshop001\/producto\/monodosis-triple-x\/","og_site_name":"Tienda Er\u00f3tica","article_modified_time":"2022-01-22T10:34:01+00:00","og_image":[{"width":550,"height":550,"url":"https:\/\/demoweb.info\/sexshop001\/wp-content\/uploads\/2022\/01\/MONODOSIS-TRIPLE-X.jpg","type":"image\/jpeg"}],"twitter_card":"summary_large_image","twitter_misc":{"Tiempo de lectura":"1 minuto"},"schema":{"@context":"https:\/\/schema.org","@graph":[{"@type":"WebPage","@id":"https:\/\/demoweb.info\/sexshop001\/producto\/monodosis-triple-x\/","url":"https:\/\/demoweb.info\/sexshop001\/producto\/monodosis-triple-x\/","name":"MONODOSIS TRIPLE X - Tienda Er\u00f3tica","isPartOf":{"@id":"https:\/\/demoweb.info\/sexshop001\/#website"},"datePublished":"2022-01-22T10:33:49+00:00","dateModified":"2022-01-22T10:34:01+00:00","breadcrumb":{"@id":"https:\/\/demoweb.info\/sexshop001\/producto\/monodosis-triple-x\/#breadcrumb"},"inLanguage":"es","potentialAction":[{"@type":"ReadAction","target":["https:\/\/demoweb.info\/sexshop001\/producto\/monodosis-triple-x\/"]}]},{"@type":"BreadcrumbList","@id":"https:\/\/demoweb.info\/sexshop001\/producto\/monodosis-triple-x\/#breadcrumb","itemListElement":[{"@type":"ListItem","position":1,"name":"Portada","item":"https:\/\/demoweb.info\/sexshop001\/"},{"@type":"ListItem","position":2,"name":"Tienda","item":"https:\/\/demoweb.info\/sexshop001\/tienda\/"},{"@type":"ListItem","position":3,"name":"MONODOSIS TRIPLE X"}]},{"@type":"WebSite","@id":"https:\/\/demoweb.info\/sexshop001\/#website","url":"https:\/\/demoweb.info\/sexshop001\/","name":"Tienda Er\u00f3tica","description":"DEMOWEB SL","potentialAction":[{"@type":"SearchAction","target":{"@type":"EntryPoint","urlTemplate":"https:\/\/demoweb.info\/sexshop001\/?s={search_term_string}"},"query-input":"required name=search_term_string"}],"inLanguage":"es"}]}},"_links":{"self":[{"href":"https:\/\/demoweb.info\/sexshop001\/wp-json\/wp\/v3\/product\/23438","targetHints":{"allow":["GET"]}}],"collection":[{"href":"https:\/\/demoweb.info\/sexshop001\/wp-json\/wp\/v3\/product"}],"about":[{"href":"https:\/\/demoweb.info\/sexshop001\/wp-json\/wp\/v2\/types\/product"}],"replies":[{"embeddable":true,"href":"https:\/\/demoweb.info\/sexshop001\/wp-json\/wp\/v2\/comments?post=23438"}],"wp:featuredmedia":[{"embeddable":true,"href":"https:\/\/demoweb.info\/sexshop001\/wp-json\/wp\/v2\/media\/23439"}],"wp:attachment":[{"href":"https:\/\/demoweb.info\/sexshop001\/wp-json\/wp\/v2\/media?parent=23438"}],"wp:term":[{"taxonomy":"product_cat","embeddable":true,"href":"https:\/\/demoweb.info\/sexshop001\/wp-json\/wp\/v2\/product_cat?post=23438"},{"taxonomy":"product_tag","embeddable":true,"href":"https:\/\/demoweb.info\/sexshop001\/wp-json\/wp\/v2\/product_tag?post=23438"}],"curies":[{"name":"wp","href":"https:\/\/api.w.org\/{rel}","templated":true}]}}