{"id":23388,"date":"2022-01-22T11:33:30","date_gmt":"2022-01-22T10:33:30","guid":{"rendered":"https:\/\/demoweb.info\/sexshop001\/producto\/joyride-duo-arnes-pene-vibrador-doble-penetracion-rosa\/"},"modified":"2022-01-22T11:33:38","modified_gmt":"2022-01-22T10:33:38","slug":"joyride-duo-arnes-pene-vibrador-doble-penetracion-rosa","status":"publish","type":"product","link":"https:\/\/demoweb.info\/sexshop001\/producto\/joyride-duo-arnes-pene-vibrador-doble-penetracion-rosa\/","title":{"rendered":"JOYRIDE DUO &#8211; ARN\u00c9S PENE VIBRADOR DOBLE PENETRACI\u00d3N ROSA"},"content":{"rendered":"<p><strong>JOYRIDE DUO <\/strong><\/p>\n<p>Arn\u00e9s de doble penetraci\u00f3n con pene vibrador.<\/p>\n<p>Con dispositivo de control independiente para pene doble.<\/p>\n<p>Viene con arn\u00e9s el\u00e1stico s\u00faper suave.<\/p>\n<p>Multi velocidad.<\/p>\n<p>Libre de ftalato.<\/p>\n<p>Medidas: 17,9 x 3-3,5 cm<\/p>\n<p>Funciona con 2 pilas AA<\/p>\n<p>Material: ABS y PVC<\/p><\/p>\n","protected":false},"excerpt":{"rendered":"<p>JOYRIDE DUO Arn\u00e9s de doble penetraci\u00f3n con pene vibrador. Con dispositivo de control independiente para pene doble. Viene con arn\u00e9s<\/p>\n","protected":false},"featured_media":23389,"comment_status":"open","ping_status":"open","template":"","meta":[],"product_cat":[483],"product_tag":[1066,941],"class_list":["post-23388","product","type-product","status-publish","has-post-thumbnail","hentry","product_cat-vibradores-con-pene","product_tag-joyride","product_tag-nmc"],"bundled_by":[],"bundle_stock_status":"instock","bundle_stock_quantity":3,"bundle_virtual":false,"bundle_layout":"","bundle_add_to_cart_form_location":"","bundle_editable_in_cart":false,"bundle_sold_individually_context":"","bundle_item_grouping":"","bundle_min_size":"","bundle_max_size":"","bundled_items":[],"yoast_head":"<!-- This site is optimized with the Yoast SEO plugin v20.6 - https:\/\/yoast.com\/wordpress\/plugins\/seo\/ -->\n<title>JOYRIDE DUO - ARN\u00c9S PENE VIBRADOR DOBLE PENETRACI\u00d3N ROSA - Tienda Er\u00f3tica<\/title>\n<meta name=\"robots\" content=\"noindex, follow, max-snippet:-1, max-image-preview:large, max-video-preview:-1\" \/>\n<meta property=\"og:locale\" content=\"es_ES\" \/>\n<meta property=\"og:type\" content=\"article\" \/>\n<meta property=\"og:title\" content=\"JOYRIDE DUO - ARN\u00c9S PENE VIBRADOR DOBLE PENETRACI\u00d3N ROSA - Tienda Er\u00f3tica\" \/>\n<meta property=\"og:description\" content=\"JOYRIDE DUO Arn\u00e9s de doble penetraci\u00f3n con pene vibrador. Con dispositivo de control independiente para pene doble. Viene con arn\u00e9s\" \/>\n<meta property=\"og:url\" content=\"https:\/\/demoweb.info\/sexshop001\/producto\/joyride-duo-arnes-pene-vibrador-doble-penetracion-rosa\/\" \/>\n<meta property=\"og:site_name\" content=\"Tienda Er\u00f3tica\" \/>\n<meta property=\"article:modified_time\" content=\"2022-01-22T10:33:38+00:00\" \/>\n<meta property=\"og:image\" content=\"https:\/\/demoweb.info\/sexshop001\/wp-content\/uploads\/2022\/01\/JOYRIDE-DUO-ARNES-PENE-VIBRADOR-DOBLE-PENETRACION-ROSA.jpg\" \/>\n\t<meta property=\"og:image:width\" content=\"550\" \/>\n\t<meta property=\"og:image:height\" content=\"550\" \/>\n\t<meta property=\"og:image:type\" content=\"image\/jpeg\" \/>\n<meta name=\"twitter:card\" content=\"summary_large_image\" \/>\n<script type=\"application\/ld+json\" class=\"yoast-schema-graph\">{\"@context\":\"https:\/\/schema.org\",\"@graph\":[{\"@type\":\"WebPage\",\"@id\":\"https:\/\/demoweb.info\/sexshop001\/producto\/joyride-duo-arnes-pene-vibrador-doble-penetracion-rosa\/\",\"url\":\"https:\/\/demoweb.info\/sexshop001\/producto\/joyride-duo-arnes-pene-vibrador-doble-penetracion-rosa\/\",\"name\":\"JOYRIDE DUO - ARN\u00c9S PENE VIBRADOR DOBLE PENETRACI\u00d3N ROSA - Tienda Er\u00f3tica\",\"isPartOf\":{\"@id\":\"https:\/\/demoweb.info\/sexshop001\/#website\"},\"datePublished\":\"2022-01-22T10:33:30+00:00\",\"dateModified\":\"2022-01-22T10:33:38+00:00\",\"breadcrumb\":{\"@id\":\"https:\/\/demoweb.info\/sexshop001\/producto\/joyride-duo-arnes-pene-vibrador-doble-penetracion-rosa\/#breadcrumb\"},\"inLanguage\":\"es\",\"potentialAction\":[{\"@type\":\"ReadAction\",\"target\":[\"https:\/\/demoweb.info\/sexshop001\/producto\/joyride-duo-arnes-pene-vibrador-doble-penetracion-rosa\/\"]}]},{\"@type\":\"BreadcrumbList\",\"@id\":\"https:\/\/demoweb.info\/sexshop001\/producto\/joyride-duo-arnes-pene-vibrador-doble-penetracion-rosa\/#breadcrumb\",\"itemListElement\":[{\"@type\":\"ListItem\",\"position\":1,\"name\":\"Portada\",\"item\":\"https:\/\/demoweb.info\/sexshop001\/\"},{\"@type\":\"ListItem\",\"position\":2,\"name\":\"Tienda\",\"item\":\"https:\/\/demoweb.info\/sexshop001\/tienda\/\"},{\"@type\":\"ListItem\",\"position\":3,\"name\":\"JOYRIDE DUO &#8211; ARN\u00c9S PENE VIBRADOR DOBLE PENETRACI\u00d3N ROSA\"}]},{\"@type\":\"WebSite\",\"@id\":\"https:\/\/demoweb.info\/sexshop001\/#website\",\"url\":\"https:\/\/demoweb.info\/sexshop001\/\",\"name\":\"Tienda Er\u00f3tica\",\"description\":\"DEMOWEB SL\",\"potentialAction\":[{\"@type\":\"SearchAction\",\"target\":{\"@type\":\"EntryPoint\",\"urlTemplate\":\"https:\/\/demoweb.info\/sexshop001\/?s={search_term_string}\"},\"query-input\":\"required name=search_term_string\"}],\"inLanguage\":\"es\"}]}<\/script>\n<!-- \/ Yoast SEO plugin. -->","yoast_head_json":{"title":"JOYRIDE DUO - ARN\u00c9S PENE VIBRADOR DOBLE PENETRACI\u00d3N ROSA - Tienda Er\u00f3tica","robots":{"index":"noindex","follow":"follow","max-snippet":"max-snippet:-1","max-image-preview":"max-image-preview:large","max-video-preview":"max-video-preview:-1"},"og_locale":"es_ES","og_type":"article","og_title":"JOYRIDE DUO - ARN\u00c9S PENE VIBRADOR DOBLE PENETRACI\u00d3N ROSA - Tienda Er\u00f3tica","og_description":"JOYRIDE DUO Arn\u00e9s de doble penetraci\u00f3n con pene vibrador. Con dispositivo de control independiente para pene doble. Viene con arn\u00e9s","og_url":"https:\/\/demoweb.info\/sexshop001\/producto\/joyride-duo-arnes-pene-vibrador-doble-penetracion-rosa\/","og_site_name":"Tienda Er\u00f3tica","article_modified_time":"2022-01-22T10:33:38+00:00","og_image":[{"width":550,"height":550,"url":"https:\/\/demoweb.info\/sexshop001\/wp-content\/uploads\/2022\/01\/JOYRIDE-DUO-ARNES-PENE-VIBRADOR-DOBLE-PENETRACION-ROSA.jpg","type":"image\/jpeg"}],"twitter_card":"summary_large_image","schema":{"@context":"https:\/\/schema.org","@graph":[{"@type":"WebPage","@id":"https:\/\/demoweb.info\/sexshop001\/producto\/joyride-duo-arnes-pene-vibrador-doble-penetracion-rosa\/","url":"https:\/\/demoweb.info\/sexshop001\/producto\/joyride-duo-arnes-pene-vibrador-doble-penetracion-rosa\/","name":"JOYRIDE DUO - ARN\u00c9S PENE VIBRADOR DOBLE PENETRACI\u00d3N ROSA - Tienda Er\u00f3tica","isPartOf":{"@id":"https:\/\/demoweb.info\/sexshop001\/#website"},"datePublished":"2022-01-22T10:33:30+00:00","dateModified":"2022-01-22T10:33:38+00:00","breadcrumb":{"@id":"https:\/\/demoweb.info\/sexshop001\/producto\/joyride-duo-arnes-pene-vibrador-doble-penetracion-rosa\/#breadcrumb"},"inLanguage":"es","potentialAction":[{"@type":"ReadAction","target":["https:\/\/demoweb.info\/sexshop001\/producto\/joyride-duo-arnes-pene-vibrador-doble-penetracion-rosa\/"]}]},{"@type":"BreadcrumbList","@id":"https:\/\/demoweb.info\/sexshop001\/producto\/joyride-duo-arnes-pene-vibrador-doble-penetracion-rosa\/#breadcrumb","itemListElement":[{"@type":"ListItem","position":1,"name":"Portada","item":"https:\/\/demoweb.info\/sexshop001\/"},{"@type":"ListItem","position":2,"name":"Tienda","item":"https:\/\/demoweb.info\/sexshop001\/tienda\/"},{"@type":"ListItem","position":3,"name":"JOYRIDE DUO &#8211; ARN\u00c9S PENE VIBRADOR DOBLE PENETRACI\u00d3N ROSA"}]},{"@type":"WebSite","@id":"https:\/\/demoweb.info\/sexshop001\/#website","url":"https:\/\/demoweb.info\/sexshop001\/","name":"Tienda Er\u00f3tica","description":"DEMOWEB SL","potentialAction":[{"@type":"SearchAction","target":{"@type":"EntryPoint","urlTemplate":"https:\/\/demoweb.info\/sexshop001\/?s={search_term_string}"},"query-input":"required name=search_term_string"}],"inLanguage":"es"}]}},"_links":{"self":[{"href":"https:\/\/demoweb.info\/sexshop001\/wp-json\/wp\/v3\/product\/23388","targetHints":{"allow":["GET"]}}],"collection":[{"href":"https:\/\/demoweb.info\/sexshop001\/wp-json\/wp\/v3\/product"}],"about":[{"href":"https:\/\/demoweb.info\/sexshop001\/wp-json\/wp\/v2\/types\/product"}],"replies":[{"embeddable":true,"href":"https:\/\/demoweb.info\/sexshop001\/wp-json\/wp\/v2\/comments?post=23388"}],"wp:featuredmedia":[{"embeddable":true,"href":"https:\/\/demoweb.info\/sexshop001\/wp-json\/wp\/v2\/media\/23389"}],"wp:attachment":[{"href":"https:\/\/demoweb.info\/sexshop001\/wp-json\/wp\/v2\/media?parent=23388"}],"wp:term":[{"taxonomy":"product_cat","embeddable":true,"href":"https:\/\/demoweb.info\/sexshop001\/wp-json\/wp\/v2\/product_cat?post=23388"},{"taxonomy":"product_tag","embeddable":true,"href":"https:\/\/demoweb.info\/sexshop001\/wp-json\/wp\/v2\/product_tag?post=23388"}],"curies":[{"name":"wp","href":"https:\/\/api.w.org\/{rel}","templated":true}]}}