{"id":23198,"date":"2022-01-22T11:31:58","date_gmt":"2022-01-22T10:31:58","guid":{"rendered":"https:\/\/demoweb.info\/sexshop001\/producto\/tenga-flip-orb-strong-masturbador-crash-naranja\/"},"modified":"2022-01-22T11:32:13","modified_gmt":"2022-01-22T10:32:13","slug":"tenga-flip-orb-strong-masturbador-crash-naranja","status":"publish","type":"product","link":"https:\/\/demoweb.info\/sexshop001\/producto\/tenga-flip-orb-strong-masturbador-crash-naranja\/","title":{"rendered":"TENGA &#8211; FLIP ORB STRONG MASTURBADOR CRASH NARANJA"},"content":{"rendered":"<p><strong>TENGA &#8211; FLIP ORB STRONG MASTURBATOR ORANGE CRASH<\/strong><\/p>\n<p>\u00a1Orbes m\u00e1s fuertes chocan y estimulan desde dentro de detalles internos firmes y vanguardistas! El FLIP ORB STRONG est\u00e1 aqu\u00ed para proporcionar sensaciones a\u00fan m\u00e1s explosivas, con orbes fuertes encerrados en un material de manga firme. Disfrute de un nuevo tipo de emoci\u00f3n que el material suave por s\u00ed solo no puede igualar.<\/p>\n<p>\u00a1Empuje a trav\u00e9s de innumerables bordes en capas y orbes fuertes alineados para una estimulaci\u00f3n completa de alto impacto!<\/p>\n<p><em>Orbes flexibles<\/em><br \/>\nEl FLIP ORB alberga una funda de elast\u00f3mero con orbes firmes encerrados en el material de la funda suave, creando una estimulaci\u00f3n en capas para una sensaci\u00f3n completamente nueva. El FLIP ORB STRONG utiliza orbes m\u00e1s duros para brindar un disfrute a\u00fan m\u00e1s poderoso.<\/p>\n<p><em>Forma de reloj de arena<\/em><br \/>\nLa forma de reloj de arena \u00fanica del FLIP ORB, la primera de su tipo, recibi\u00f3 calificaciones excepcionalmente altas del 98% de los usuarios de prueba. \u00a1Esta forma hace que el producto sea f\u00e1cil de sujetar y proporciona un apret\u00f3n sensacional a mitad de camino!<\/p>\n","protected":false},"excerpt":{"rendered":"<p>TENGA &#8211; FLIP ORB STRONG MASTURBATOR ORANGE CRASH \u00a1Orbes m\u00e1s fuertes chocan y estimulan desde dentro de detalles internos firmes<\/p>\n","protected":false},"featured_media":23199,"comment_status":"open","ping_status":"open","template":"","meta":[],"product_cat":[542],"product_tag":[1058,584],"class_list":["post-23198","product","type-product","status-publish","has-post-thumbnail","hentry","product_cat-clasicos","product_tag-flip","product_tag-tenga"],"bundled_by":[],"bundle_stock_status":"instock","bundle_stock_quantity":1,"bundle_virtual":false,"bundle_layout":"","bundle_add_to_cart_form_location":"","bundle_editable_in_cart":false,"bundle_sold_individually_context":"","bundle_item_grouping":"","bundle_min_size":"","bundle_max_size":"","bundled_items":[],"yoast_head":"<!-- This site is optimized with the Yoast SEO plugin v20.6 - https:\/\/yoast.com\/wordpress\/plugins\/seo\/ -->\n<title>TENGA - FLIP ORB STRONG MASTURBADOR CRASH NARANJA - Tienda Er\u00f3tica<\/title>\n<meta name=\"robots\" content=\"noindex, follow, max-snippet:-1, max-image-preview:large, max-video-preview:-1\" \/>\n<meta property=\"og:locale\" content=\"es_ES\" \/>\n<meta property=\"og:type\" content=\"article\" \/>\n<meta property=\"og:title\" content=\"TENGA - FLIP ORB STRONG MASTURBADOR CRASH NARANJA - Tienda Er\u00f3tica\" \/>\n<meta property=\"og:description\" content=\"TENGA &#8211; FLIP ORB STRONG MASTURBATOR ORANGE CRASH \u00a1Orbes m\u00e1s fuertes chocan y estimulan desde dentro de detalles internos firmes\" \/>\n<meta property=\"og:url\" content=\"https:\/\/demoweb.info\/sexshop001\/producto\/tenga-flip-orb-strong-masturbador-crash-naranja\/\" \/>\n<meta property=\"og:site_name\" content=\"Tienda Er\u00f3tica\" \/>\n<meta property=\"article:modified_time\" content=\"2022-01-22T10:32:13+00:00\" \/>\n<meta property=\"og:image\" content=\"https:\/\/demoweb.info\/sexshop001\/wp-content\/uploads\/2022\/01\/TENGA-FLIP-ORB-STRONG-MASTURBADOR-CRASH-NARANJA.jpg\" \/>\n\t<meta property=\"og:image:width\" content=\"550\" \/>\n\t<meta property=\"og:image:height\" content=\"550\" \/>\n\t<meta property=\"og:image:type\" content=\"image\/jpeg\" \/>\n<meta name=\"twitter:card\" content=\"summary_large_image\" \/>\n<meta name=\"twitter:label1\" content=\"Tiempo de lectura\" \/>\n\t<meta name=\"twitter:data1\" content=\"1 minuto\" \/>\n<script type=\"application\/ld+json\" class=\"yoast-schema-graph\">{\"@context\":\"https:\/\/schema.org\",\"@graph\":[{\"@type\":\"WebPage\",\"@id\":\"https:\/\/demoweb.info\/sexshop001\/producto\/tenga-flip-orb-strong-masturbador-crash-naranja\/\",\"url\":\"https:\/\/demoweb.info\/sexshop001\/producto\/tenga-flip-orb-strong-masturbador-crash-naranja\/\",\"name\":\"TENGA - FLIP ORB STRONG MASTURBADOR CRASH NARANJA - Tienda Er\u00f3tica\",\"isPartOf\":{\"@id\":\"https:\/\/demoweb.info\/sexshop001\/#website\"},\"datePublished\":\"2022-01-22T10:31:58+00:00\",\"dateModified\":\"2022-01-22T10:32:13+00:00\",\"breadcrumb\":{\"@id\":\"https:\/\/demoweb.info\/sexshop001\/producto\/tenga-flip-orb-strong-masturbador-crash-naranja\/#breadcrumb\"},\"inLanguage\":\"es\",\"potentialAction\":[{\"@type\":\"ReadAction\",\"target\":[\"https:\/\/demoweb.info\/sexshop001\/producto\/tenga-flip-orb-strong-masturbador-crash-naranja\/\"]}]},{\"@type\":\"BreadcrumbList\",\"@id\":\"https:\/\/demoweb.info\/sexshop001\/producto\/tenga-flip-orb-strong-masturbador-crash-naranja\/#breadcrumb\",\"itemListElement\":[{\"@type\":\"ListItem\",\"position\":1,\"name\":\"Portada\",\"item\":\"https:\/\/demoweb.info\/sexshop001\/\"},{\"@type\":\"ListItem\",\"position\":2,\"name\":\"Tienda\",\"item\":\"https:\/\/demoweb.info\/sexshop001\/tienda\/\"},{\"@type\":\"ListItem\",\"position\":3,\"name\":\"TENGA &#8211; FLIP ORB STRONG MASTURBADOR CRASH NARANJA\"}]},{\"@type\":\"WebSite\",\"@id\":\"https:\/\/demoweb.info\/sexshop001\/#website\",\"url\":\"https:\/\/demoweb.info\/sexshop001\/\",\"name\":\"Tienda Er\u00f3tica\",\"description\":\"DEMOWEB SL\",\"potentialAction\":[{\"@type\":\"SearchAction\",\"target\":{\"@type\":\"EntryPoint\",\"urlTemplate\":\"https:\/\/demoweb.info\/sexshop001\/?s={search_term_string}\"},\"query-input\":\"required name=search_term_string\"}],\"inLanguage\":\"es\"}]}<\/script>\n<!-- \/ Yoast SEO plugin. -->","yoast_head_json":{"title":"TENGA - FLIP ORB STRONG MASTURBADOR CRASH NARANJA - Tienda Er\u00f3tica","robots":{"index":"noindex","follow":"follow","max-snippet":"max-snippet:-1","max-image-preview":"max-image-preview:large","max-video-preview":"max-video-preview:-1"},"og_locale":"es_ES","og_type":"article","og_title":"TENGA - FLIP ORB STRONG MASTURBADOR CRASH NARANJA - Tienda Er\u00f3tica","og_description":"TENGA &#8211; FLIP ORB STRONG MASTURBATOR ORANGE CRASH \u00a1Orbes m\u00e1s fuertes chocan y estimulan desde dentro de detalles internos firmes","og_url":"https:\/\/demoweb.info\/sexshop001\/producto\/tenga-flip-orb-strong-masturbador-crash-naranja\/","og_site_name":"Tienda Er\u00f3tica","article_modified_time":"2022-01-22T10:32:13+00:00","og_image":[{"width":550,"height":550,"url":"https:\/\/demoweb.info\/sexshop001\/wp-content\/uploads\/2022\/01\/TENGA-FLIP-ORB-STRONG-MASTURBADOR-CRASH-NARANJA.jpg","type":"image\/jpeg"}],"twitter_card":"summary_large_image","twitter_misc":{"Tiempo de lectura":"1 minuto"},"schema":{"@context":"https:\/\/schema.org","@graph":[{"@type":"WebPage","@id":"https:\/\/demoweb.info\/sexshop001\/producto\/tenga-flip-orb-strong-masturbador-crash-naranja\/","url":"https:\/\/demoweb.info\/sexshop001\/producto\/tenga-flip-orb-strong-masturbador-crash-naranja\/","name":"TENGA - FLIP ORB STRONG MASTURBADOR CRASH NARANJA - Tienda Er\u00f3tica","isPartOf":{"@id":"https:\/\/demoweb.info\/sexshop001\/#website"},"datePublished":"2022-01-22T10:31:58+00:00","dateModified":"2022-01-22T10:32:13+00:00","breadcrumb":{"@id":"https:\/\/demoweb.info\/sexshop001\/producto\/tenga-flip-orb-strong-masturbador-crash-naranja\/#breadcrumb"},"inLanguage":"es","potentialAction":[{"@type":"ReadAction","target":["https:\/\/demoweb.info\/sexshop001\/producto\/tenga-flip-orb-strong-masturbador-crash-naranja\/"]}]},{"@type":"BreadcrumbList","@id":"https:\/\/demoweb.info\/sexshop001\/producto\/tenga-flip-orb-strong-masturbador-crash-naranja\/#breadcrumb","itemListElement":[{"@type":"ListItem","position":1,"name":"Portada","item":"https:\/\/demoweb.info\/sexshop001\/"},{"@type":"ListItem","position":2,"name":"Tienda","item":"https:\/\/demoweb.info\/sexshop001\/tienda\/"},{"@type":"ListItem","position":3,"name":"TENGA &#8211; FLIP ORB STRONG MASTURBADOR CRASH NARANJA"}]},{"@type":"WebSite","@id":"https:\/\/demoweb.info\/sexshop001\/#website","url":"https:\/\/demoweb.info\/sexshop001\/","name":"Tienda Er\u00f3tica","description":"DEMOWEB SL","potentialAction":[{"@type":"SearchAction","target":{"@type":"EntryPoint","urlTemplate":"https:\/\/demoweb.info\/sexshop001\/?s={search_term_string}"},"query-input":"required name=search_term_string"}],"inLanguage":"es"}]}},"_links":{"self":[{"href":"https:\/\/demoweb.info\/sexshop001\/wp-json\/wp\/v3\/product\/23198","targetHints":{"allow":["GET"]}}],"collection":[{"href":"https:\/\/demoweb.info\/sexshop001\/wp-json\/wp\/v3\/product"}],"about":[{"href":"https:\/\/demoweb.info\/sexshop001\/wp-json\/wp\/v2\/types\/product"}],"replies":[{"embeddable":true,"href":"https:\/\/demoweb.info\/sexshop001\/wp-json\/wp\/v2\/comments?post=23198"}],"wp:featuredmedia":[{"embeddable":true,"href":"https:\/\/demoweb.info\/sexshop001\/wp-json\/wp\/v2\/media\/23199"}],"wp:attachment":[{"href":"https:\/\/demoweb.info\/sexshop001\/wp-json\/wp\/v2\/media?parent=23198"}],"wp:term":[{"taxonomy":"product_cat","embeddable":true,"href":"https:\/\/demoweb.info\/sexshop001\/wp-json\/wp\/v2\/product_cat?post=23198"},{"taxonomy":"product_tag","embeddable":true,"href":"https:\/\/demoweb.info\/sexshop001\/wp-json\/wp\/v2\/product_tag?post=23198"}],"curies":[{"name":"wp","href":"https:\/\/api.w.org\/{rel}","templated":true}]}}