{"id":23167,"date":"2022-01-22T11:31:37","date_gmt":"2022-01-22T10:31:37","guid":{"rendered":"https:\/\/demoweb.info\/sexshop001\/producto\/dark-magic-cojin-del-amor-inflable\/"},"modified":"2022-01-22T11:31:53","modified_gmt":"2022-01-22T10:31:53","slug":"dark-magic-cojin-del-amor-inflable","status":"publish","type":"product","link":"https:\/\/demoweb.info\/sexshop001\/producto\/dark-magic-cojin-del-amor-inflable\/","title":{"rendered":"DARK MAGIC COJ\u00cdN DEL AMOR INFLABLE"},"content":{"rendered":"<p><strong>DARK MAGIC PORTABLE INFLATABLE CUSHION<\/strong><\/p>\n<p>Coj\u00edn del amor Magic Dark con 2 pu\u00f1os desmontables.<\/p>\n<p>Incluye:<\/p>\n<ul>\n<li>1x estimulador de plumas.<\/li>\n<li>1x paleta de PU.<\/li>\n<li>1x kit de reparaci\u00f3n.<\/li>\n<\/ul>\n<p>Medidas: 60 x 30 cm<\/p>\n<p>Material: PVC<\/p>\n","protected":false},"excerpt":{"rendered":"<p>DARK MAGIC PORTABLE INFLATABLE CUSHION Coj\u00edn del amor Magic Dark con 2 pu\u00f1os desmontables. Incluye: 1x estimulador de plumas. 1x<\/p>\n","protected":false},"featured_media":23168,"comment_status":"open","ping_status":"open","template":"","meta":[],"product_cat":[680],"product_tag":[1056],"class_list":["post-23167","product","type-product","status-publish","has-post-thumbnail","hentry","product_cat-maquinas-del-amor","product_tag-dark-magic"],"bundled_by":[],"bundle_stock_status":"instock","bundle_stock_quantity":2,"bundle_virtual":false,"bundle_layout":"","bundle_add_to_cart_form_location":"","bundle_editable_in_cart":false,"bundle_sold_individually_context":"","bundle_item_grouping":"","bundle_min_size":"","bundle_max_size":"","bundled_items":[],"yoast_head":"<!-- This site is optimized with the Yoast SEO plugin v20.6 - https:\/\/yoast.com\/wordpress\/plugins\/seo\/ -->\n<title>DARK MAGIC COJ\u00cdN DEL AMOR INFLABLE - Tienda Er\u00f3tica<\/title>\n<meta name=\"robots\" content=\"noindex, follow, max-snippet:-1, max-image-preview:large, max-video-preview:-1\" \/>\n<meta property=\"og:locale\" content=\"es_ES\" \/>\n<meta property=\"og:type\" content=\"article\" \/>\n<meta property=\"og:title\" content=\"DARK MAGIC COJ\u00cdN DEL AMOR INFLABLE - Tienda Er\u00f3tica\" \/>\n<meta property=\"og:description\" content=\"DARK MAGIC PORTABLE INFLATABLE CUSHION Coj\u00edn del amor Magic Dark con 2 pu\u00f1os desmontables. Incluye: 1x estimulador de plumas. 1x\" \/>\n<meta property=\"og:url\" content=\"https:\/\/demoweb.info\/sexshop001\/producto\/dark-magic-cojin-del-amor-inflable\/\" \/>\n<meta property=\"og:site_name\" content=\"Tienda Er\u00f3tica\" \/>\n<meta property=\"article:modified_time\" content=\"2022-01-22T10:31:53+00:00\" \/>\n<meta property=\"og:image\" content=\"https:\/\/demoweb.info\/sexshop001\/wp-content\/uploads\/2022\/01\/DARK-MAGIC-COJIN-DEL-AMOR-INFLABLE.jpg\" \/>\n\t<meta property=\"og:image:width\" content=\"550\" \/>\n\t<meta property=\"og:image:height\" content=\"550\" \/>\n\t<meta property=\"og:image:type\" content=\"image\/jpeg\" \/>\n<meta name=\"twitter:card\" content=\"summary_large_image\" \/>\n<script type=\"application\/ld+json\" class=\"yoast-schema-graph\">{\"@context\":\"https:\/\/schema.org\",\"@graph\":[{\"@type\":\"WebPage\",\"@id\":\"https:\/\/demoweb.info\/sexshop001\/producto\/dark-magic-cojin-del-amor-inflable\/\",\"url\":\"https:\/\/demoweb.info\/sexshop001\/producto\/dark-magic-cojin-del-amor-inflable\/\",\"name\":\"DARK MAGIC COJ\u00cdN DEL AMOR INFLABLE - Tienda Er\u00f3tica\",\"isPartOf\":{\"@id\":\"https:\/\/demoweb.info\/sexshop001\/#website\"},\"datePublished\":\"2022-01-22T10:31:37+00:00\",\"dateModified\":\"2022-01-22T10:31:53+00:00\",\"breadcrumb\":{\"@id\":\"https:\/\/demoweb.info\/sexshop001\/producto\/dark-magic-cojin-del-amor-inflable\/#breadcrumb\"},\"inLanguage\":\"es\",\"potentialAction\":[{\"@type\":\"ReadAction\",\"target\":[\"https:\/\/demoweb.info\/sexshop001\/producto\/dark-magic-cojin-del-amor-inflable\/\"]}]},{\"@type\":\"BreadcrumbList\",\"@id\":\"https:\/\/demoweb.info\/sexshop001\/producto\/dark-magic-cojin-del-amor-inflable\/#breadcrumb\",\"itemListElement\":[{\"@type\":\"ListItem\",\"position\":1,\"name\":\"Portada\",\"item\":\"https:\/\/demoweb.info\/sexshop001\/\"},{\"@type\":\"ListItem\",\"position\":2,\"name\":\"Tienda\",\"item\":\"https:\/\/demoweb.info\/sexshop001\/tienda\/\"},{\"@type\":\"ListItem\",\"position\":3,\"name\":\"DARK MAGIC COJ\u00cdN DEL AMOR INFLABLE\"}]},{\"@type\":\"WebSite\",\"@id\":\"https:\/\/demoweb.info\/sexshop001\/#website\",\"url\":\"https:\/\/demoweb.info\/sexshop001\/\",\"name\":\"Tienda Er\u00f3tica\",\"description\":\"DEMOWEB SL\",\"potentialAction\":[{\"@type\":\"SearchAction\",\"target\":{\"@type\":\"EntryPoint\",\"urlTemplate\":\"https:\/\/demoweb.info\/sexshop001\/?s={search_term_string}\"},\"query-input\":\"required name=search_term_string\"}],\"inLanguage\":\"es\"}]}<\/script>\n<!-- \/ Yoast SEO plugin. -->","yoast_head_json":{"title":"DARK MAGIC COJ\u00cdN DEL AMOR INFLABLE - Tienda Er\u00f3tica","robots":{"index":"noindex","follow":"follow","max-snippet":"max-snippet:-1","max-image-preview":"max-image-preview:large","max-video-preview":"max-video-preview:-1"},"og_locale":"es_ES","og_type":"article","og_title":"DARK MAGIC COJ\u00cdN DEL AMOR INFLABLE - Tienda Er\u00f3tica","og_description":"DARK MAGIC PORTABLE INFLATABLE CUSHION Coj\u00edn del amor Magic Dark con 2 pu\u00f1os desmontables. Incluye: 1x estimulador de plumas. 1x","og_url":"https:\/\/demoweb.info\/sexshop001\/producto\/dark-magic-cojin-del-amor-inflable\/","og_site_name":"Tienda Er\u00f3tica","article_modified_time":"2022-01-22T10:31:53+00:00","og_image":[{"width":550,"height":550,"url":"https:\/\/demoweb.info\/sexshop001\/wp-content\/uploads\/2022\/01\/DARK-MAGIC-COJIN-DEL-AMOR-INFLABLE.jpg","type":"image\/jpeg"}],"twitter_card":"summary_large_image","schema":{"@context":"https:\/\/schema.org","@graph":[{"@type":"WebPage","@id":"https:\/\/demoweb.info\/sexshop001\/producto\/dark-magic-cojin-del-amor-inflable\/","url":"https:\/\/demoweb.info\/sexshop001\/producto\/dark-magic-cojin-del-amor-inflable\/","name":"DARK MAGIC COJ\u00cdN DEL AMOR INFLABLE - Tienda Er\u00f3tica","isPartOf":{"@id":"https:\/\/demoweb.info\/sexshop001\/#website"},"datePublished":"2022-01-22T10:31:37+00:00","dateModified":"2022-01-22T10:31:53+00:00","breadcrumb":{"@id":"https:\/\/demoweb.info\/sexshop001\/producto\/dark-magic-cojin-del-amor-inflable\/#breadcrumb"},"inLanguage":"es","potentialAction":[{"@type":"ReadAction","target":["https:\/\/demoweb.info\/sexshop001\/producto\/dark-magic-cojin-del-amor-inflable\/"]}]},{"@type":"BreadcrumbList","@id":"https:\/\/demoweb.info\/sexshop001\/producto\/dark-magic-cojin-del-amor-inflable\/#breadcrumb","itemListElement":[{"@type":"ListItem","position":1,"name":"Portada","item":"https:\/\/demoweb.info\/sexshop001\/"},{"@type":"ListItem","position":2,"name":"Tienda","item":"https:\/\/demoweb.info\/sexshop001\/tienda\/"},{"@type":"ListItem","position":3,"name":"DARK MAGIC COJ\u00cdN DEL AMOR INFLABLE"}]},{"@type":"WebSite","@id":"https:\/\/demoweb.info\/sexshop001\/#website","url":"https:\/\/demoweb.info\/sexshop001\/","name":"Tienda Er\u00f3tica","description":"DEMOWEB SL","potentialAction":[{"@type":"SearchAction","target":{"@type":"EntryPoint","urlTemplate":"https:\/\/demoweb.info\/sexshop001\/?s={search_term_string}"},"query-input":"required name=search_term_string"}],"inLanguage":"es"}]}},"_links":{"self":[{"href":"https:\/\/demoweb.info\/sexshop001\/wp-json\/wp\/v3\/product\/23167","targetHints":{"allow":["GET"]}}],"collection":[{"href":"https:\/\/demoweb.info\/sexshop001\/wp-json\/wp\/v3\/product"}],"about":[{"href":"https:\/\/demoweb.info\/sexshop001\/wp-json\/wp\/v2\/types\/product"}],"replies":[{"embeddable":true,"href":"https:\/\/demoweb.info\/sexshop001\/wp-json\/wp\/v2\/comments?post=23167"}],"wp:featuredmedia":[{"embeddable":true,"href":"https:\/\/demoweb.info\/sexshop001\/wp-json\/wp\/v2\/media\/23168"}],"wp:attachment":[{"href":"https:\/\/demoweb.info\/sexshop001\/wp-json\/wp\/v2\/media?parent=23167"}],"wp:term":[{"taxonomy":"product_cat","embeddable":true,"href":"https:\/\/demoweb.info\/sexshop001\/wp-json\/wp\/v2\/product_cat?post=23167"},{"taxonomy":"product_tag","embeddable":true,"href":"https:\/\/demoweb.info\/sexshop001\/wp-json\/wp\/v2\/product_tag?post=23167"}],"curies":[{"name":"wp","href":"https:\/\/api.w.org\/{rel}","templated":true}]}}