{"id":23165,"date":"2022-01-22T11:31:37","date_gmt":"2022-01-22T10:31:37","guid":{"rendered":"https:\/\/demoweb.info\/sexshop001\/producto\/bull-power-clove-spray-retardante-15ml\/"},"modified":"2022-01-22T11:31:53","modified_gmt":"2022-01-22T10:31:53","slug":"bull-power-clove-spray-retardante-15ml","status":"publish","type":"product","link":"https:\/\/demoweb.info\/sexshop001\/producto\/bull-power-clove-spray-retardante-15ml\/","title":{"rendered":"BULL POWER CLOVE SPRAY RETARDANTE (15ML)"},"content":{"rendered":"<p><strong>BULL POWER CLOVE DELAY SPRAY (15ML)<\/strong><\/p>\n<p>Bull Power Clove Delay Spray puede ayudar a posponer el orgasmo. La f\u00f3rmula especial proporciona, debido a la adici\u00f3n de aceite de clavo, m\u00e1s control y la posibilidad de disfrutar de momentos \u00edntimos por m\u00e1s tiempo.<\/p>\n<p>M\u00e1s del 60 por ciento de los hombres sufren de una eyaculaci\u00f3n precoz, sin olvidar a sus parejas. Este producto \u00fanico ayuda a retrasar una eyaculaci\u00f3n. Bull Power Clove Delay Spray garantiza una intimidad duradera y sin preocupaciones.<\/p>\n<p>Contiene: 15 ml<\/p><\/p>\n","protected":false},"excerpt":{"rendered":"<p>BULL POWER CLOVE DELAY SPRAY (15ML) Bull Power Clove Delay Spray puede ayudar a posponer el orgasmo. La f\u00f3rmula especial<\/p>\n","protected":false},"featured_media":23166,"comment_status":"open","ping_status":"open","template":"","meta":[],"product_cat":[403],"product_tag":[1055,409],"class_list":["post-23165","product","type-product","status-publish","has-post-thumbnail","hentry","product_cat-retardantes","product_tag-clove","product_tag-cobeco-pharma"],"bundled_by":[],"bundle_stock_status":"instock","bundle_stock_quantity":5,"bundle_virtual":false,"bundle_layout":"","bundle_add_to_cart_form_location":"","bundle_editable_in_cart":false,"bundle_sold_individually_context":"","bundle_item_grouping":"","bundle_min_size":"","bundle_max_size":"","bundled_items":[],"yoast_head":"<!-- This site is optimized with the Yoast SEO plugin v20.6 - https:\/\/yoast.com\/wordpress\/plugins\/seo\/ -->\n<title>BULL POWER CLOVE SPRAY RETARDANTE (15ML) - Tienda Er\u00f3tica<\/title>\n<meta name=\"robots\" content=\"noindex, follow, max-snippet:-1, max-image-preview:large, max-video-preview:-1\" \/>\n<meta property=\"og:locale\" content=\"es_ES\" \/>\n<meta property=\"og:type\" content=\"article\" \/>\n<meta property=\"og:title\" content=\"BULL POWER CLOVE SPRAY RETARDANTE (15ML) - Tienda Er\u00f3tica\" \/>\n<meta property=\"og:description\" content=\"BULL POWER CLOVE DELAY SPRAY (15ML) Bull Power Clove Delay Spray puede ayudar a posponer el orgasmo. La f\u00f3rmula especial\" \/>\n<meta property=\"og:url\" content=\"https:\/\/demoweb.info\/sexshop001\/producto\/bull-power-clove-spray-retardante-15ml\/\" \/>\n<meta property=\"og:site_name\" content=\"Tienda Er\u00f3tica\" \/>\n<meta property=\"article:modified_time\" content=\"2022-01-22T10:31:53+00:00\" \/>\n<meta property=\"og:image\" content=\"https:\/\/demoweb.info\/sexshop001\/wp-content\/uploads\/2022\/01\/BULL-POWER-CLOVE-SPRAY-RETARDANTE-15ML.jpg\" \/>\n\t<meta property=\"og:image:width\" content=\"550\" \/>\n\t<meta property=\"og:image:height\" content=\"550\" \/>\n\t<meta property=\"og:image:type\" content=\"image\/jpeg\" \/>\n<meta name=\"twitter:card\" content=\"summary_large_image\" \/>\n<script type=\"application\/ld+json\" class=\"yoast-schema-graph\">{\"@context\":\"https:\/\/schema.org\",\"@graph\":[{\"@type\":\"WebPage\",\"@id\":\"https:\/\/demoweb.info\/sexshop001\/producto\/bull-power-clove-spray-retardante-15ml\/\",\"url\":\"https:\/\/demoweb.info\/sexshop001\/producto\/bull-power-clove-spray-retardante-15ml\/\",\"name\":\"BULL POWER CLOVE SPRAY RETARDANTE (15ML) - Tienda Er\u00f3tica\",\"isPartOf\":{\"@id\":\"https:\/\/demoweb.info\/sexshop001\/#website\"},\"datePublished\":\"2022-01-22T10:31:37+00:00\",\"dateModified\":\"2022-01-22T10:31:53+00:00\",\"breadcrumb\":{\"@id\":\"https:\/\/demoweb.info\/sexshop001\/producto\/bull-power-clove-spray-retardante-15ml\/#breadcrumb\"},\"inLanguage\":\"es\",\"potentialAction\":[{\"@type\":\"ReadAction\",\"target\":[\"https:\/\/demoweb.info\/sexshop001\/producto\/bull-power-clove-spray-retardante-15ml\/\"]}]},{\"@type\":\"BreadcrumbList\",\"@id\":\"https:\/\/demoweb.info\/sexshop001\/producto\/bull-power-clove-spray-retardante-15ml\/#breadcrumb\",\"itemListElement\":[{\"@type\":\"ListItem\",\"position\":1,\"name\":\"Portada\",\"item\":\"https:\/\/demoweb.info\/sexshop001\/\"},{\"@type\":\"ListItem\",\"position\":2,\"name\":\"Tienda\",\"item\":\"https:\/\/demoweb.info\/sexshop001\/tienda\/\"},{\"@type\":\"ListItem\",\"position\":3,\"name\":\"BULL POWER CLOVE SPRAY RETARDANTE (15ML)\"}]},{\"@type\":\"WebSite\",\"@id\":\"https:\/\/demoweb.info\/sexshop001\/#website\",\"url\":\"https:\/\/demoweb.info\/sexshop001\/\",\"name\":\"Tienda Er\u00f3tica\",\"description\":\"DEMOWEB SL\",\"potentialAction\":[{\"@type\":\"SearchAction\",\"target\":{\"@type\":\"EntryPoint\",\"urlTemplate\":\"https:\/\/demoweb.info\/sexshop001\/?s={search_term_string}\"},\"query-input\":\"required name=search_term_string\"}],\"inLanguage\":\"es\"}]}<\/script>\n<!-- \/ Yoast SEO plugin. -->","yoast_head_json":{"title":"BULL POWER CLOVE SPRAY RETARDANTE (15ML) - Tienda Er\u00f3tica","robots":{"index":"noindex","follow":"follow","max-snippet":"max-snippet:-1","max-image-preview":"max-image-preview:large","max-video-preview":"max-video-preview:-1"},"og_locale":"es_ES","og_type":"article","og_title":"BULL POWER CLOVE SPRAY RETARDANTE (15ML) - Tienda Er\u00f3tica","og_description":"BULL POWER CLOVE DELAY SPRAY (15ML) Bull Power Clove Delay Spray puede ayudar a posponer el orgasmo. La f\u00f3rmula especial","og_url":"https:\/\/demoweb.info\/sexshop001\/producto\/bull-power-clove-spray-retardante-15ml\/","og_site_name":"Tienda Er\u00f3tica","article_modified_time":"2022-01-22T10:31:53+00:00","og_image":[{"width":550,"height":550,"url":"https:\/\/demoweb.info\/sexshop001\/wp-content\/uploads\/2022\/01\/BULL-POWER-CLOVE-SPRAY-RETARDANTE-15ML.jpg","type":"image\/jpeg"}],"twitter_card":"summary_large_image","schema":{"@context":"https:\/\/schema.org","@graph":[{"@type":"WebPage","@id":"https:\/\/demoweb.info\/sexshop001\/producto\/bull-power-clove-spray-retardante-15ml\/","url":"https:\/\/demoweb.info\/sexshop001\/producto\/bull-power-clove-spray-retardante-15ml\/","name":"BULL POWER CLOVE SPRAY RETARDANTE (15ML) - Tienda Er\u00f3tica","isPartOf":{"@id":"https:\/\/demoweb.info\/sexshop001\/#website"},"datePublished":"2022-01-22T10:31:37+00:00","dateModified":"2022-01-22T10:31:53+00:00","breadcrumb":{"@id":"https:\/\/demoweb.info\/sexshop001\/producto\/bull-power-clove-spray-retardante-15ml\/#breadcrumb"},"inLanguage":"es","potentialAction":[{"@type":"ReadAction","target":["https:\/\/demoweb.info\/sexshop001\/producto\/bull-power-clove-spray-retardante-15ml\/"]}]},{"@type":"BreadcrumbList","@id":"https:\/\/demoweb.info\/sexshop001\/producto\/bull-power-clove-spray-retardante-15ml\/#breadcrumb","itemListElement":[{"@type":"ListItem","position":1,"name":"Portada","item":"https:\/\/demoweb.info\/sexshop001\/"},{"@type":"ListItem","position":2,"name":"Tienda","item":"https:\/\/demoweb.info\/sexshop001\/tienda\/"},{"@type":"ListItem","position":3,"name":"BULL POWER CLOVE SPRAY RETARDANTE (15ML)"}]},{"@type":"WebSite","@id":"https:\/\/demoweb.info\/sexshop001\/#website","url":"https:\/\/demoweb.info\/sexshop001\/","name":"Tienda Er\u00f3tica","description":"DEMOWEB SL","potentialAction":[{"@type":"SearchAction","target":{"@type":"EntryPoint","urlTemplate":"https:\/\/demoweb.info\/sexshop001\/?s={search_term_string}"},"query-input":"required name=search_term_string"}],"inLanguage":"es"}]}},"_links":{"self":[{"href":"https:\/\/demoweb.info\/sexshop001\/wp-json\/wp\/v3\/product\/23165","targetHints":{"allow":["GET"]}}],"collection":[{"href":"https:\/\/demoweb.info\/sexshop001\/wp-json\/wp\/v3\/product"}],"about":[{"href":"https:\/\/demoweb.info\/sexshop001\/wp-json\/wp\/v2\/types\/product"}],"replies":[{"embeddable":true,"href":"https:\/\/demoweb.info\/sexshop001\/wp-json\/wp\/v2\/comments?post=23165"}],"wp:featuredmedia":[{"embeddable":true,"href":"https:\/\/demoweb.info\/sexshop001\/wp-json\/wp\/v2\/media\/23166"}],"wp:attachment":[{"href":"https:\/\/demoweb.info\/sexshop001\/wp-json\/wp\/v2\/media?parent=23165"}],"wp:term":[{"taxonomy":"product_cat","embeddable":true,"href":"https:\/\/demoweb.info\/sexshop001\/wp-json\/wp\/v2\/product_cat?post=23165"},{"taxonomy":"product_tag","embeddable":true,"href":"https:\/\/demoweb.info\/sexshop001\/wp-json\/wp\/v2\/product_tag?post=23165"}],"curies":[{"name":"wp","href":"https:\/\/api.w.org\/{rel}","templated":true}]}}