{"id":23163,"date":"2022-01-22T11:31:37","date_gmt":"2022-01-22T10:31:37","guid":{"rendered":"https:\/\/demoweb.info\/sexshop001\/producto\/cbl-lubricating-silk-fists-lubricante-fisting-500ml\/"},"modified":"2022-01-22T11:31:52","modified_gmt":"2022-01-22T10:31:52","slug":"cbl-lubricating-silk-fists-lubricante-fisting-500ml","status":"publish","type":"product","link":"https:\/\/demoweb.info\/sexshop001\/producto\/cbl-lubricating-silk-fists-lubricante-fisting-500ml\/","title":{"rendered":"CBL LUBRICATING SILK FISTS &#8211; LUBRICANTE FISTING (500ML)"},"content":{"rendered":"<p><strong>CBL LUBRICATING SILK FISTS (500ML)<\/strong><\/p>\n<p>CBL Lubricating Silk Fists es un gel blanco a base de agua que hidrata la piel y la hace flexible para mejorar la experiencia sensual de los hombres. El color blanco natural no distrae de la atm\u00f3sfera \u00edntima.<\/p>\n<p>Este gel \u00edntimo tiene efecto hidratante. Proporciona m\u00e1s comodidad durante las relaciones sexuales haciendo que \u00e9stas sean mucho m\u00e1s intensas. CBL Lubricating Silk Fists no es absorbido por la piel lo que proporciona una duradera y placentera sensaci\u00f3n de deslizamiento.<\/p>\n<p>Contiene: 500 ml<\/p>\n","protected":false},"excerpt":{"rendered":"<p>CBL LUBRICATING SILK FISTS (500ML) CBL Lubricating Silk Fists es un gel blanco a base de agua que hidrata la<\/p>\n","protected":false},"featured_media":23164,"comment_status":"open","ping_status":"open","template":"","meta":[],"product_cat":[861],"product_tag":[1054,409],"class_list":["post-23163","product","type-product","status-publish","has-post-thumbnail","hentry","product_cat-fisting-linea-anal","product_tag-cbl","product_tag-cobeco-pharma"],"bundled_by":[],"bundle_stock_status":"instock","bundle_stock_quantity":5,"bundle_virtual":false,"bundle_layout":"","bundle_add_to_cart_form_location":"","bundle_editable_in_cart":false,"bundle_sold_individually_context":"","bundle_item_grouping":"","bundle_min_size":"","bundle_max_size":"","bundled_items":[],"yoast_head":"<!-- This site is optimized with the Yoast SEO plugin v20.6 - https:\/\/yoast.com\/wordpress\/plugins\/seo\/ -->\n<title>CBL LUBRICATING SILK FISTS - LUBRICANTE FISTING (500ML) - Tienda Er\u00f3tica<\/title>\n<meta name=\"robots\" content=\"noindex, follow, max-snippet:-1, max-image-preview:large, max-video-preview:-1\" \/>\n<meta property=\"og:locale\" content=\"es_ES\" \/>\n<meta property=\"og:type\" content=\"article\" \/>\n<meta property=\"og:title\" content=\"CBL LUBRICATING SILK FISTS - LUBRICANTE FISTING (500ML) - Tienda Er\u00f3tica\" \/>\n<meta property=\"og:description\" content=\"CBL LUBRICATING SILK FISTS (500ML) CBL Lubricating Silk Fists es un gel blanco a base de agua que hidrata la\" \/>\n<meta property=\"og:url\" content=\"https:\/\/demoweb.info\/sexshop001\/producto\/cbl-lubricating-silk-fists-lubricante-fisting-500ml\/\" \/>\n<meta property=\"og:site_name\" content=\"Tienda Er\u00f3tica\" \/>\n<meta property=\"article:modified_time\" content=\"2022-01-22T10:31:52+00:00\" \/>\n<meta property=\"og:image\" content=\"https:\/\/demoweb.info\/sexshop001\/wp-content\/uploads\/2022\/01\/CBL-LUBRICATING-SILK-FISTS-LUBRICANTE-FISTING-500ML.jpg\" \/>\n\t<meta property=\"og:image:width\" content=\"550\" \/>\n\t<meta property=\"og:image:height\" content=\"550\" \/>\n\t<meta property=\"og:image:type\" content=\"image\/jpeg\" \/>\n<meta name=\"twitter:card\" content=\"summary_large_image\" \/>\n<script type=\"application\/ld+json\" class=\"yoast-schema-graph\">{\"@context\":\"https:\/\/schema.org\",\"@graph\":[{\"@type\":\"WebPage\",\"@id\":\"https:\/\/demoweb.info\/sexshop001\/producto\/cbl-lubricating-silk-fists-lubricante-fisting-500ml\/\",\"url\":\"https:\/\/demoweb.info\/sexshop001\/producto\/cbl-lubricating-silk-fists-lubricante-fisting-500ml\/\",\"name\":\"CBL LUBRICATING SILK FISTS - LUBRICANTE FISTING (500ML) - Tienda Er\u00f3tica\",\"isPartOf\":{\"@id\":\"https:\/\/demoweb.info\/sexshop001\/#website\"},\"datePublished\":\"2022-01-22T10:31:37+00:00\",\"dateModified\":\"2022-01-22T10:31:52+00:00\",\"breadcrumb\":{\"@id\":\"https:\/\/demoweb.info\/sexshop001\/producto\/cbl-lubricating-silk-fists-lubricante-fisting-500ml\/#breadcrumb\"},\"inLanguage\":\"es\",\"potentialAction\":[{\"@type\":\"ReadAction\",\"target\":[\"https:\/\/demoweb.info\/sexshop001\/producto\/cbl-lubricating-silk-fists-lubricante-fisting-500ml\/\"]}]},{\"@type\":\"BreadcrumbList\",\"@id\":\"https:\/\/demoweb.info\/sexshop001\/producto\/cbl-lubricating-silk-fists-lubricante-fisting-500ml\/#breadcrumb\",\"itemListElement\":[{\"@type\":\"ListItem\",\"position\":1,\"name\":\"Portada\",\"item\":\"https:\/\/demoweb.info\/sexshop001\/\"},{\"@type\":\"ListItem\",\"position\":2,\"name\":\"Tienda\",\"item\":\"https:\/\/demoweb.info\/sexshop001\/tienda\/\"},{\"@type\":\"ListItem\",\"position\":3,\"name\":\"CBL LUBRICATING SILK FISTS &#8211; LUBRICANTE FISTING (500ML)\"}]},{\"@type\":\"WebSite\",\"@id\":\"https:\/\/demoweb.info\/sexshop001\/#website\",\"url\":\"https:\/\/demoweb.info\/sexshop001\/\",\"name\":\"Tienda Er\u00f3tica\",\"description\":\"DEMOWEB SL\",\"potentialAction\":[{\"@type\":\"SearchAction\",\"target\":{\"@type\":\"EntryPoint\",\"urlTemplate\":\"https:\/\/demoweb.info\/sexshop001\/?s={search_term_string}\"},\"query-input\":\"required name=search_term_string\"}],\"inLanguage\":\"es\"}]}<\/script>\n<!-- \/ Yoast SEO plugin. -->","yoast_head_json":{"title":"CBL LUBRICATING SILK FISTS - LUBRICANTE FISTING (500ML) - Tienda Er\u00f3tica","robots":{"index":"noindex","follow":"follow","max-snippet":"max-snippet:-1","max-image-preview":"max-image-preview:large","max-video-preview":"max-video-preview:-1"},"og_locale":"es_ES","og_type":"article","og_title":"CBL LUBRICATING SILK FISTS - LUBRICANTE FISTING (500ML) - Tienda Er\u00f3tica","og_description":"CBL LUBRICATING SILK FISTS (500ML) CBL Lubricating Silk Fists es un gel blanco a base de agua que hidrata la","og_url":"https:\/\/demoweb.info\/sexshop001\/producto\/cbl-lubricating-silk-fists-lubricante-fisting-500ml\/","og_site_name":"Tienda Er\u00f3tica","article_modified_time":"2022-01-22T10:31:52+00:00","og_image":[{"width":550,"height":550,"url":"https:\/\/demoweb.info\/sexshop001\/wp-content\/uploads\/2022\/01\/CBL-LUBRICATING-SILK-FISTS-LUBRICANTE-FISTING-500ML.jpg","type":"image\/jpeg"}],"twitter_card":"summary_large_image","schema":{"@context":"https:\/\/schema.org","@graph":[{"@type":"WebPage","@id":"https:\/\/demoweb.info\/sexshop001\/producto\/cbl-lubricating-silk-fists-lubricante-fisting-500ml\/","url":"https:\/\/demoweb.info\/sexshop001\/producto\/cbl-lubricating-silk-fists-lubricante-fisting-500ml\/","name":"CBL LUBRICATING SILK FISTS - LUBRICANTE FISTING (500ML) - Tienda Er\u00f3tica","isPartOf":{"@id":"https:\/\/demoweb.info\/sexshop001\/#website"},"datePublished":"2022-01-22T10:31:37+00:00","dateModified":"2022-01-22T10:31:52+00:00","breadcrumb":{"@id":"https:\/\/demoweb.info\/sexshop001\/producto\/cbl-lubricating-silk-fists-lubricante-fisting-500ml\/#breadcrumb"},"inLanguage":"es","potentialAction":[{"@type":"ReadAction","target":["https:\/\/demoweb.info\/sexshop001\/producto\/cbl-lubricating-silk-fists-lubricante-fisting-500ml\/"]}]},{"@type":"BreadcrumbList","@id":"https:\/\/demoweb.info\/sexshop001\/producto\/cbl-lubricating-silk-fists-lubricante-fisting-500ml\/#breadcrumb","itemListElement":[{"@type":"ListItem","position":1,"name":"Portada","item":"https:\/\/demoweb.info\/sexshop001\/"},{"@type":"ListItem","position":2,"name":"Tienda","item":"https:\/\/demoweb.info\/sexshop001\/tienda\/"},{"@type":"ListItem","position":3,"name":"CBL LUBRICATING SILK FISTS &#8211; LUBRICANTE FISTING (500ML)"}]},{"@type":"WebSite","@id":"https:\/\/demoweb.info\/sexshop001\/#website","url":"https:\/\/demoweb.info\/sexshop001\/","name":"Tienda Er\u00f3tica","description":"DEMOWEB SL","potentialAction":[{"@type":"SearchAction","target":{"@type":"EntryPoint","urlTemplate":"https:\/\/demoweb.info\/sexshop001\/?s={search_term_string}"},"query-input":"required name=search_term_string"}],"inLanguage":"es"}]}},"_links":{"self":[{"href":"https:\/\/demoweb.info\/sexshop001\/wp-json\/wp\/v3\/product\/23163","targetHints":{"allow":["GET"]}}],"collection":[{"href":"https:\/\/demoweb.info\/sexshop001\/wp-json\/wp\/v3\/product"}],"about":[{"href":"https:\/\/demoweb.info\/sexshop001\/wp-json\/wp\/v2\/types\/product"}],"replies":[{"embeddable":true,"href":"https:\/\/demoweb.info\/sexshop001\/wp-json\/wp\/v2\/comments?post=23163"}],"wp:featuredmedia":[{"embeddable":true,"href":"https:\/\/demoweb.info\/sexshop001\/wp-json\/wp\/v2\/media\/23164"}],"wp:attachment":[{"href":"https:\/\/demoweb.info\/sexshop001\/wp-json\/wp\/v2\/media?parent=23163"}],"wp:term":[{"taxonomy":"product_cat","embeddable":true,"href":"https:\/\/demoweb.info\/sexshop001\/wp-json\/wp\/v2\/product_cat?post=23163"},{"taxonomy":"product_tag","embeddable":true,"href":"https:\/\/demoweb.info\/sexshop001\/wp-json\/wp\/v2\/product_tag?post=23163"}],"curies":[{"name":"wp","href":"https:\/\/api.w.org\/{rel}","templated":true}]}}