{"id":23159,"date":"2022-01-22T11:31:37","date_gmt":"2022-01-22T10:31:37","guid":{"rendered":"https:\/\/demoweb.info\/sexshop001\/producto\/female-vibe-me-up-kit-vibrador-60ml\/"},"modified":"2022-01-22T11:31:50","modified_gmt":"2022-01-22T10:31:50","slug":"female-vibe-me-up-kit-vibrador-60ml","status":"publish","type":"product","link":"https:\/\/demoweb.info\/sexshop001\/producto\/female-vibe-me-up-kit-vibrador-60ml\/","title":{"rendered":"FEMALE VIBE ME UP KIT VIBRADOR (60ML)"},"content":{"rendered":"<p><strong>FEMALE VIBE ME UP VIBRATOR DUOSET (60ML)<\/strong><\/p>\n<p>El FEMALE Vibe me up duo set vibrador contiene un peque\u00f1o vibrador del cl\u00edtoris que es f\u00e1cil de usar. Est\u00e1 hecho de material resistente pero tiene un tacto suave. El lubricante Hybrid 2 en 1 a base de agua es adecuado para masajes corporales, contacto sexual y para usar con condones de l\u00e1tex.<\/p>\n<p>Contenido;<br \/>\n* Lubricante h\u00edbrido a base de agua 60ml 2in1<br \/>\n* Vibrador del cl\u00edtoris<br \/>\n&#8211; Color: plata<br \/>\n&#8211; Longitud total : 13 cm<br \/>\n&#8211; Recargable : no<br \/>\n&#8211; Uso de bater\u00edas : s\u00ed, 2x AAA (no incluidas)<\/p>\n","protected":false},"excerpt":{"rendered":"<p>FEMALE VIBE ME UP VIBRATOR DUOSET (60ML) El FEMALE Vibe me up duo set vibrador contiene un peque\u00f1o vibrador del<\/p>\n","protected":false},"featured_media":23160,"comment_status":"open","ping_status":"open","template":"","meta":[],"product_cat":[1053],"product_tag":[409,971],"class_list":["post-23159","product","type-product","status-publish","has-post-thumbnail","hentry","product_cat-ella-juguetes-kits","product_tag-cobeco-pharma","product_tag-female"],"bundled_by":[],"bundle_stock_status":"instock","bundle_stock_quantity":4,"bundle_virtual":false,"bundle_layout":"","bundle_add_to_cart_form_location":"","bundle_editable_in_cart":false,"bundle_sold_individually_context":"","bundle_item_grouping":"","bundle_min_size":"","bundle_max_size":"","bundled_items":[],"yoast_head":"<!-- This site is optimized with the Yoast SEO plugin v20.6 - https:\/\/yoast.com\/wordpress\/plugins\/seo\/ -->\n<title>FEMALE VIBE ME UP KIT VIBRADOR (60ML) - Tienda Er\u00f3tica<\/title>\n<meta name=\"robots\" content=\"noindex, follow, max-snippet:-1, max-image-preview:large, max-video-preview:-1\" \/>\n<meta property=\"og:locale\" content=\"es_ES\" \/>\n<meta property=\"og:type\" content=\"article\" \/>\n<meta property=\"og:title\" content=\"FEMALE VIBE ME UP KIT VIBRADOR (60ML) - Tienda Er\u00f3tica\" \/>\n<meta property=\"og:description\" content=\"FEMALE VIBE ME UP VIBRATOR DUOSET (60ML) El FEMALE Vibe me up duo set vibrador contiene un peque\u00f1o vibrador del\" \/>\n<meta property=\"og:url\" content=\"https:\/\/demoweb.info\/sexshop001\/producto\/female-vibe-me-up-kit-vibrador-60ml\/\" \/>\n<meta property=\"og:site_name\" content=\"Tienda Er\u00f3tica\" \/>\n<meta property=\"article:modified_time\" content=\"2022-01-22T10:31:50+00:00\" \/>\n<meta property=\"og:image\" content=\"https:\/\/demoweb.info\/sexshop001\/wp-content\/uploads\/2022\/01\/FEMALE-VIBE-ME-UP-KIT-VIBRADOR-60ML.jpg\" \/>\n\t<meta property=\"og:image:width\" content=\"550\" \/>\n\t<meta property=\"og:image:height\" content=\"550\" \/>\n\t<meta property=\"og:image:type\" content=\"image\/jpeg\" \/>\n<meta name=\"twitter:card\" content=\"summary_large_image\" \/>\n<script type=\"application\/ld+json\" class=\"yoast-schema-graph\">{\"@context\":\"https:\/\/schema.org\",\"@graph\":[{\"@type\":\"WebPage\",\"@id\":\"https:\/\/demoweb.info\/sexshop001\/producto\/female-vibe-me-up-kit-vibrador-60ml\/\",\"url\":\"https:\/\/demoweb.info\/sexshop001\/producto\/female-vibe-me-up-kit-vibrador-60ml\/\",\"name\":\"FEMALE VIBE ME UP KIT VIBRADOR (60ML) - Tienda Er\u00f3tica\",\"isPartOf\":{\"@id\":\"https:\/\/demoweb.info\/sexshop001\/#website\"},\"datePublished\":\"2022-01-22T10:31:37+00:00\",\"dateModified\":\"2022-01-22T10:31:50+00:00\",\"breadcrumb\":{\"@id\":\"https:\/\/demoweb.info\/sexshop001\/producto\/female-vibe-me-up-kit-vibrador-60ml\/#breadcrumb\"},\"inLanguage\":\"es\",\"potentialAction\":[{\"@type\":\"ReadAction\",\"target\":[\"https:\/\/demoweb.info\/sexshop001\/producto\/female-vibe-me-up-kit-vibrador-60ml\/\"]}]},{\"@type\":\"BreadcrumbList\",\"@id\":\"https:\/\/demoweb.info\/sexshop001\/producto\/female-vibe-me-up-kit-vibrador-60ml\/#breadcrumb\",\"itemListElement\":[{\"@type\":\"ListItem\",\"position\":1,\"name\":\"Portada\",\"item\":\"https:\/\/demoweb.info\/sexshop001\/\"},{\"@type\":\"ListItem\",\"position\":2,\"name\":\"Tienda\",\"item\":\"https:\/\/demoweb.info\/sexshop001\/tienda\/\"},{\"@type\":\"ListItem\",\"position\":3,\"name\":\"FEMALE VIBE ME UP KIT VIBRADOR (60ML)\"}]},{\"@type\":\"WebSite\",\"@id\":\"https:\/\/demoweb.info\/sexshop001\/#website\",\"url\":\"https:\/\/demoweb.info\/sexshop001\/\",\"name\":\"Tienda Er\u00f3tica\",\"description\":\"DEMOWEB SL\",\"potentialAction\":[{\"@type\":\"SearchAction\",\"target\":{\"@type\":\"EntryPoint\",\"urlTemplate\":\"https:\/\/demoweb.info\/sexshop001\/?s={search_term_string}\"},\"query-input\":\"required name=search_term_string\"}],\"inLanguage\":\"es\"}]}<\/script>\n<!-- \/ Yoast SEO plugin. -->","yoast_head_json":{"title":"FEMALE VIBE ME UP KIT VIBRADOR (60ML) - Tienda Er\u00f3tica","robots":{"index":"noindex","follow":"follow","max-snippet":"max-snippet:-1","max-image-preview":"max-image-preview:large","max-video-preview":"max-video-preview:-1"},"og_locale":"es_ES","og_type":"article","og_title":"FEMALE VIBE ME UP KIT VIBRADOR (60ML) - Tienda Er\u00f3tica","og_description":"FEMALE VIBE ME UP VIBRATOR DUOSET (60ML) El FEMALE Vibe me up duo set vibrador contiene un peque\u00f1o vibrador del","og_url":"https:\/\/demoweb.info\/sexshop001\/producto\/female-vibe-me-up-kit-vibrador-60ml\/","og_site_name":"Tienda Er\u00f3tica","article_modified_time":"2022-01-22T10:31:50+00:00","og_image":[{"width":550,"height":550,"url":"https:\/\/demoweb.info\/sexshop001\/wp-content\/uploads\/2022\/01\/FEMALE-VIBE-ME-UP-KIT-VIBRADOR-60ML.jpg","type":"image\/jpeg"}],"twitter_card":"summary_large_image","schema":{"@context":"https:\/\/schema.org","@graph":[{"@type":"WebPage","@id":"https:\/\/demoweb.info\/sexshop001\/producto\/female-vibe-me-up-kit-vibrador-60ml\/","url":"https:\/\/demoweb.info\/sexshop001\/producto\/female-vibe-me-up-kit-vibrador-60ml\/","name":"FEMALE VIBE ME UP KIT VIBRADOR (60ML) - Tienda Er\u00f3tica","isPartOf":{"@id":"https:\/\/demoweb.info\/sexshop001\/#website"},"datePublished":"2022-01-22T10:31:37+00:00","dateModified":"2022-01-22T10:31:50+00:00","breadcrumb":{"@id":"https:\/\/demoweb.info\/sexshop001\/producto\/female-vibe-me-up-kit-vibrador-60ml\/#breadcrumb"},"inLanguage":"es","potentialAction":[{"@type":"ReadAction","target":["https:\/\/demoweb.info\/sexshop001\/producto\/female-vibe-me-up-kit-vibrador-60ml\/"]}]},{"@type":"BreadcrumbList","@id":"https:\/\/demoweb.info\/sexshop001\/producto\/female-vibe-me-up-kit-vibrador-60ml\/#breadcrumb","itemListElement":[{"@type":"ListItem","position":1,"name":"Portada","item":"https:\/\/demoweb.info\/sexshop001\/"},{"@type":"ListItem","position":2,"name":"Tienda","item":"https:\/\/demoweb.info\/sexshop001\/tienda\/"},{"@type":"ListItem","position":3,"name":"FEMALE VIBE ME UP KIT VIBRADOR (60ML)"}]},{"@type":"WebSite","@id":"https:\/\/demoweb.info\/sexshop001\/#website","url":"https:\/\/demoweb.info\/sexshop001\/","name":"Tienda Er\u00f3tica","description":"DEMOWEB SL","potentialAction":[{"@type":"SearchAction","target":{"@type":"EntryPoint","urlTemplate":"https:\/\/demoweb.info\/sexshop001\/?s={search_term_string}"},"query-input":"required name=search_term_string"}],"inLanguage":"es"}]}},"_links":{"self":[{"href":"https:\/\/demoweb.info\/sexshop001\/wp-json\/wp\/v3\/product\/23159","targetHints":{"allow":["GET"]}}],"collection":[{"href":"https:\/\/demoweb.info\/sexshop001\/wp-json\/wp\/v3\/product"}],"about":[{"href":"https:\/\/demoweb.info\/sexshop001\/wp-json\/wp\/v2\/types\/product"}],"replies":[{"embeddable":true,"href":"https:\/\/demoweb.info\/sexshop001\/wp-json\/wp\/v2\/comments?post=23159"}],"wp:featuredmedia":[{"embeddable":true,"href":"https:\/\/demoweb.info\/sexshop001\/wp-json\/wp\/v2\/media\/23160"}],"wp:attachment":[{"href":"https:\/\/demoweb.info\/sexshop001\/wp-json\/wp\/v2\/media?parent=23159"}],"wp:term":[{"taxonomy":"product_cat","embeddable":true,"href":"https:\/\/demoweb.info\/sexshop001\/wp-json\/wp\/v2\/product_cat?post=23159"},{"taxonomy":"product_tag","embeddable":true,"href":"https:\/\/demoweb.info\/sexshop001\/wp-json\/wp\/v2\/product_tag?post=23159"}],"curies":[{"name":"wp","href":"https:\/\/api.w.org\/{rel}","templated":true}]}}