{"id":23150,"date":"2022-01-22T11:31:37","date_gmt":"2022-01-22T10:31:37","guid":{"rendered":"https:\/\/demoweb.info\/sexshop001\/producto\/coolmann-gel-retardante-40ml\/"},"modified":"2022-01-22T11:31:47","modified_gmt":"2022-01-22T10:31:47","slug":"coolmann-gel-retardante-40ml","status":"publish","type":"product","link":"https:\/\/demoweb.info\/sexshop001\/producto\/coolmann-gel-retardante-40ml\/","title":{"rendered":"COOLMANN GEL RETARDANTE 40ML"},"content":{"rendered":"<p><strong>COOLMANN DELAY GEL 40ML<\/strong><\/p>\n<p>CoolMann Delay Gel ayuda a retrasar la eyaculaci\u00f3n gracias a su suave efecto refrescante. Un exclusivo producto que proporciona m\u00e1s control y ayuda a conseguir disfrutar de un placer mejor y m\u00e1s duradero durante las relaciones sexuales.<\/p>\n<p>La eyaculaci\u00f3n precoz es muy inc\u00f3moda para muchos hombres y sus parejas. Son hombres que terminan m\u00e1s r\u00e1pido de lo que les gustar\u00eda, lo que implica tener que disfrutar de las relaciones sexuales durante menos tiempo. El exclusivo CoolMann Delay Gel enfria la cabeza del pene, provocando que sea menos sensible y ayudando a prevenir la eyaculaci\u00f3n precoz.<\/p>\n<p>Modo de empleo:<\/p>\n<p>Aplicar la cantidad deseada sobre la zona \u00edntima. El producto es f\u00e1cil de aplicar y se absorbe r\u00e1pidamente a partir de extractos naturales, que son neutros para la piel. Laureth-9, Avena Sativa Kernel y Hypericum Perforatum Extract proporcionan un efecto nutritivo y pueden contribuir a posponer la eyaculaci\u00f3n.<\/p>\n<p>Contiene: 40 ml<\/p>\n","protected":false},"excerpt":{"rendered":"<p>COOLMANN DELAY GEL 40ML CoolMann Delay Gel ayuda a retrasar la eyaculaci\u00f3n gracias a su suave efecto refrescante. Un exclusivo<\/p>\n","protected":false},"featured_media":23151,"comment_status":"open","ping_status":"open","template":"","meta":[],"product_cat":[529],"product_tag":[409,1051],"class_list":["post-23150","product","type-product","status-publish","has-post-thumbnail","hentry","product_cat-retardantes-para-el","product_tag-cobeco-pharma","product_tag-coolmann"],"bundled_by":[],"bundle_stock_status":"instock","bundle_stock_quantity":8,"bundle_virtual":false,"bundle_layout":"","bundle_add_to_cart_form_location":"","bundle_editable_in_cart":false,"bundle_sold_individually_context":"","bundle_item_grouping":"","bundle_min_size":"","bundle_max_size":"","bundled_items":[],"yoast_head":"<!-- This site is optimized with the Yoast SEO plugin v20.6 - https:\/\/yoast.com\/wordpress\/plugins\/seo\/ -->\n<title>COOLMANN GEL RETARDANTE 40ML - Tienda Er\u00f3tica<\/title>\n<meta name=\"robots\" content=\"noindex, follow, max-snippet:-1, max-image-preview:large, max-video-preview:-1\" \/>\n<meta property=\"og:locale\" content=\"es_ES\" \/>\n<meta property=\"og:type\" content=\"article\" \/>\n<meta property=\"og:title\" content=\"COOLMANN GEL RETARDANTE 40ML - Tienda Er\u00f3tica\" \/>\n<meta property=\"og:description\" content=\"COOLMANN DELAY GEL 40ML CoolMann Delay Gel ayuda a retrasar la eyaculaci\u00f3n gracias a su suave efecto refrescante. Un exclusivo\" \/>\n<meta property=\"og:url\" content=\"https:\/\/demoweb.info\/sexshop001\/producto\/coolmann-gel-retardante-40ml\/\" \/>\n<meta property=\"og:site_name\" content=\"Tienda Er\u00f3tica\" \/>\n<meta property=\"article:modified_time\" content=\"2022-01-22T10:31:47+00:00\" \/>\n<meta property=\"og:image\" content=\"https:\/\/demoweb.info\/sexshop001\/wp-content\/uploads\/2022\/01\/COOLMANN-GEL-RETARDANTE-40ML.jpg\" \/>\n\t<meta property=\"og:image:width\" content=\"550\" \/>\n\t<meta property=\"og:image:height\" content=\"550\" \/>\n\t<meta property=\"og:image:type\" content=\"image\/jpeg\" \/>\n<meta name=\"twitter:card\" content=\"summary_large_image\" \/>\n<meta name=\"twitter:label1\" content=\"Tiempo de lectura\" \/>\n\t<meta name=\"twitter:data1\" content=\"1 minuto\" \/>\n<script type=\"application\/ld+json\" class=\"yoast-schema-graph\">{\"@context\":\"https:\/\/schema.org\",\"@graph\":[{\"@type\":\"WebPage\",\"@id\":\"https:\/\/demoweb.info\/sexshop001\/producto\/coolmann-gel-retardante-40ml\/\",\"url\":\"https:\/\/demoweb.info\/sexshop001\/producto\/coolmann-gel-retardante-40ml\/\",\"name\":\"COOLMANN GEL RETARDANTE 40ML - Tienda Er\u00f3tica\",\"isPartOf\":{\"@id\":\"https:\/\/demoweb.info\/sexshop001\/#website\"},\"datePublished\":\"2022-01-22T10:31:37+00:00\",\"dateModified\":\"2022-01-22T10:31:47+00:00\",\"breadcrumb\":{\"@id\":\"https:\/\/demoweb.info\/sexshop001\/producto\/coolmann-gel-retardante-40ml\/#breadcrumb\"},\"inLanguage\":\"es\",\"potentialAction\":[{\"@type\":\"ReadAction\",\"target\":[\"https:\/\/demoweb.info\/sexshop001\/producto\/coolmann-gel-retardante-40ml\/\"]}]},{\"@type\":\"BreadcrumbList\",\"@id\":\"https:\/\/demoweb.info\/sexshop001\/producto\/coolmann-gel-retardante-40ml\/#breadcrumb\",\"itemListElement\":[{\"@type\":\"ListItem\",\"position\":1,\"name\":\"Portada\",\"item\":\"https:\/\/demoweb.info\/sexshop001\/\"},{\"@type\":\"ListItem\",\"position\":2,\"name\":\"Tienda\",\"item\":\"https:\/\/demoweb.info\/sexshop001\/tienda\/\"},{\"@type\":\"ListItem\",\"position\":3,\"name\":\"COOLMANN GEL RETARDANTE 40ML\"}]},{\"@type\":\"WebSite\",\"@id\":\"https:\/\/demoweb.info\/sexshop001\/#website\",\"url\":\"https:\/\/demoweb.info\/sexshop001\/\",\"name\":\"Tienda Er\u00f3tica\",\"description\":\"DEMOWEB SL\",\"potentialAction\":[{\"@type\":\"SearchAction\",\"target\":{\"@type\":\"EntryPoint\",\"urlTemplate\":\"https:\/\/demoweb.info\/sexshop001\/?s={search_term_string}\"},\"query-input\":\"required name=search_term_string\"}],\"inLanguage\":\"es\"}]}<\/script>\n<!-- \/ Yoast SEO plugin. -->","yoast_head_json":{"title":"COOLMANN GEL RETARDANTE 40ML - Tienda Er\u00f3tica","robots":{"index":"noindex","follow":"follow","max-snippet":"max-snippet:-1","max-image-preview":"max-image-preview:large","max-video-preview":"max-video-preview:-1"},"og_locale":"es_ES","og_type":"article","og_title":"COOLMANN GEL RETARDANTE 40ML - Tienda Er\u00f3tica","og_description":"COOLMANN DELAY GEL 40ML CoolMann Delay Gel ayuda a retrasar la eyaculaci\u00f3n gracias a su suave efecto refrescante. Un exclusivo","og_url":"https:\/\/demoweb.info\/sexshop001\/producto\/coolmann-gel-retardante-40ml\/","og_site_name":"Tienda Er\u00f3tica","article_modified_time":"2022-01-22T10:31:47+00:00","og_image":[{"width":550,"height":550,"url":"https:\/\/demoweb.info\/sexshop001\/wp-content\/uploads\/2022\/01\/COOLMANN-GEL-RETARDANTE-40ML.jpg","type":"image\/jpeg"}],"twitter_card":"summary_large_image","twitter_misc":{"Tiempo de lectura":"1 minuto"},"schema":{"@context":"https:\/\/schema.org","@graph":[{"@type":"WebPage","@id":"https:\/\/demoweb.info\/sexshop001\/producto\/coolmann-gel-retardante-40ml\/","url":"https:\/\/demoweb.info\/sexshop001\/producto\/coolmann-gel-retardante-40ml\/","name":"COOLMANN GEL RETARDANTE 40ML - Tienda Er\u00f3tica","isPartOf":{"@id":"https:\/\/demoweb.info\/sexshop001\/#website"},"datePublished":"2022-01-22T10:31:37+00:00","dateModified":"2022-01-22T10:31:47+00:00","breadcrumb":{"@id":"https:\/\/demoweb.info\/sexshop001\/producto\/coolmann-gel-retardante-40ml\/#breadcrumb"},"inLanguage":"es","potentialAction":[{"@type":"ReadAction","target":["https:\/\/demoweb.info\/sexshop001\/producto\/coolmann-gel-retardante-40ml\/"]}]},{"@type":"BreadcrumbList","@id":"https:\/\/demoweb.info\/sexshop001\/producto\/coolmann-gel-retardante-40ml\/#breadcrumb","itemListElement":[{"@type":"ListItem","position":1,"name":"Portada","item":"https:\/\/demoweb.info\/sexshop001\/"},{"@type":"ListItem","position":2,"name":"Tienda","item":"https:\/\/demoweb.info\/sexshop001\/tienda\/"},{"@type":"ListItem","position":3,"name":"COOLMANN GEL RETARDANTE 40ML"}]},{"@type":"WebSite","@id":"https:\/\/demoweb.info\/sexshop001\/#website","url":"https:\/\/demoweb.info\/sexshop001\/","name":"Tienda Er\u00f3tica","description":"DEMOWEB SL","potentialAction":[{"@type":"SearchAction","target":{"@type":"EntryPoint","urlTemplate":"https:\/\/demoweb.info\/sexshop001\/?s={search_term_string}"},"query-input":"required name=search_term_string"}],"inLanguage":"es"}]}},"_links":{"self":[{"href":"https:\/\/demoweb.info\/sexshop001\/wp-json\/wp\/v3\/product\/23150","targetHints":{"allow":["GET"]}}],"collection":[{"href":"https:\/\/demoweb.info\/sexshop001\/wp-json\/wp\/v3\/product"}],"about":[{"href":"https:\/\/demoweb.info\/sexshop001\/wp-json\/wp\/v2\/types\/product"}],"replies":[{"embeddable":true,"href":"https:\/\/demoweb.info\/sexshop001\/wp-json\/wp\/v2\/comments?post=23150"}],"wp:featuredmedia":[{"embeddable":true,"href":"https:\/\/demoweb.info\/sexshop001\/wp-json\/wp\/v2\/media\/23151"}],"wp:attachment":[{"href":"https:\/\/demoweb.info\/sexshop001\/wp-json\/wp\/v2\/media?parent=23150"}],"wp:term":[{"taxonomy":"product_cat","embeddable":true,"href":"https:\/\/demoweb.info\/sexshop001\/wp-json\/wp\/v2\/product_cat?post=23150"},{"taxonomy":"product_tag","embeddable":true,"href":"https:\/\/demoweb.info\/sexshop001\/wp-json\/wp\/v2\/product_tag?post=23150"}],"curies":[{"name":"wp","href":"https:\/\/api.w.org\/{rel}","templated":true}]}}