{"id":23126,"date":"2022-01-22T11:31:15","date_gmt":"2022-01-22T10:31:15","guid":{"rendered":"https:\/\/demoweb.info\/sexshop001\/producto\/fetish-fantasy-edicion-limitada-bolas-ben-wa\/"},"modified":"2022-01-22T11:31:34","modified_gmt":"2022-01-22T10:31:34","slug":"fetish-fantasy-edicion-limitada-bolas-ben-wa","status":"publish","type":"product","link":"https:\/\/demoweb.info\/sexshop001\/producto\/fetish-fantasy-edicion-limitada-bolas-ben-wa\/","title":{"rendered":"FETISH FANTASY EDICION LIMITADA BOLAS BEN-WA"},"content":{"rendered":"<p><strong>FETISH FANTASY LIMITED EDITION BEN-WA BALLS.<\/strong><\/p>\n<p>Apart\u00f3 mis piernas, permiti\u00e9ndole un completo acceso a mi vagina. Empec\u00e9 a jadear en el momento en el que sent\u00ed que introduc\u00eda una bola fr\u00eda dentro de mi. \u00bfQu\u00e9 est\u00e1s haciendo? Le pregunt\u00e9 casi sin aliento. Se llaman bolas chinas, me dijo deslizando otra bola dentro de mi cuerpo. Me ayud\u00f3 a incorporarme y jade\u00e9 de nuevo al sentir las bolas moverse y chocar una contra otra dentro de mi. Para cuando ya estaba de pie, mi respiraci\u00f3n era entrecortada pero tranquila y mis pezones erectos se hac\u00edan sentir por debajo de mi vestido&#8230;<\/p>\n<p><strong>Edici\u00f3n Especial Limitada 50 Sombras<\/strong>, colecci\u00f3n de juguetes del famoso libro del que todo el mundo habla.<\/p>\n<ul>\n<li>Di\u00e1metro: 1,8 cm.<\/li>\n<li>Peso: 85 gramos<\/li>\n<\/ul>\n","protected":false},"excerpt":{"rendered":"<p>FETISH FANTASY LIMITED EDITION BEN-WA BALLS. Apart\u00f3 mis piernas, permiti\u00e9ndole un completo acceso a mi vagina. Empec\u00e9 a jadear en<\/p>\n","protected":false},"featured_media":23127,"comment_status":"open","ping_status":"open","template":"","meta":[],"product_cat":[553],"product_tag":[841,259],"class_list":["post-23126","product","type-product","status-publish","has-post-thumbnail","hentry","product_cat-metal-bolas-y-huevos","product_tag-fetish-fantasy-limited-edition","product_tag-pipedream"],"bundled_by":[],"bundle_stock_status":"instock","bundle_stock_quantity":2,"bundle_virtual":false,"bundle_layout":"","bundle_add_to_cart_form_location":"","bundle_editable_in_cart":false,"bundle_sold_individually_context":"","bundle_item_grouping":"","bundle_min_size":"","bundle_max_size":"","bundled_items":[],"yoast_head":"<!-- This site is optimized with the Yoast SEO plugin v20.6 - https:\/\/yoast.com\/wordpress\/plugins\/seo\/ -->\n<title>FETISH FANTASY EDICION LIMITADA BOLAS BEN-WA - Tienda Er\u00f3tica<\/title>\n<meta name=\"robots\" content=\"noindex, follow, max-snippet:-1, max-image-preview:large, max-video-preview:-1\" \/>\n<meta property=\"og:locale\" content=\"es_ES\" \/>\n<meta property=\"og:type\" content=\"article\" \/>\n<meta property=\"og:title\" content=\"FETISH FANTASY EDICION LIMITADA BOLAS BEN-WA - Tienda Er\u00f3tica\" \/>\n<meta property=\"og:description\" content=\"FETISH FANTASY LIMITED EDITION BEN-WA BALLS. Apart\u00f3 mis piernas, permiti\u00e9ndole un completo acceso a mi vagina. Empec\u00e9 a jadear en\" \/>\n<meta property=\"og:url\" content=\"https:\/\/demoweb.info\/sexshop001\/producto\/fetish-fantasy-edicion-limitada-bolas-ben-wa\/\" \/>\n<meta property=\"og:site_name\" content=\"Tienda Er\u00f3tica\" \/>\n<meta property=\"article:modified_time\" content=\"2022-01-22T10:31:34+00:00\" \/>\n<meta property=\"og:image\" content=\"https:\/\/demoweb.info\/sexshop001\/wp-content\/uploads\/2022\/01\/FETISH-FANTASY-EDICION-LIMITADA-BOLAS-BEN-WA.jpg\" \/>\n\t<meta property=\"og:image:width\" content=\"550\" \/>\n\t<meta property=\"og:image:height\" content=\"550\" \/>\n\t<meta property=\"og:image:type\" content=\"image\/jpeg\" \/>\n<meta name=\"twitter:card\" content=\"summary_large_image\" \/>\n<meta name=\"twitter:label1\" content=\"Tiempo de lectura\" \/>\n\t<meta name=\"twitter:data1\" content=\"1 minuto\" \/>\n<script type=\"application\/ld+json\" class=\"yoast-schema-graph\">{\"@context\":\"https:\/\/schema.org\",\"@graph\":[{\"@type\":\"WebPage\",\"@id\":\"https:\/\/demoweb.info\/sexshop001\/producto\/fetish-fantasy-edicion-limitada-bolas-ben-wa\/\",\"url\":\"https:\/\/demoweb.info\/sexshop001\/producto\/fetish-fantasy-edicion-limitada-bolas-ben-wa\/\",\"name\":\"FETISH FANTASY EDICION LIMITADA BOLAS BEN-WA - Tienda Er\u00f3tica\",\"isPartOf\":{\"@id\":\"https:\/\/demoweb.info\/sexshop001\/#website\"},\"datePublished\":\"2022-01-22T10:31:15+00:00\",\"dateModified\":\"2022-01-22T10:31:34+00:00\",\"breadcrumb\":{\"@id\":\"https:\/\/demoweb.info\/sexshop001\/producto\/fetish-fantasy-edicion-limitada-bolas-ben-wa\/#breadcrumb\"},\"inLanguage\":\"es\",\"potentialAction\":[{\"@type\":\"ReadAction\",\"target\":[\"https:\/\/demoweb.info\/sexshop001\/producto\/fetish-fantasy-edicion-limitada-bolas-ben-wa\/\"]}]},{\"@type\":\"BreadcrumbList\",\"@id\":\"https:\/\/demoweb.info\/sexshop001\/producto\/fetish-fantasy-edicion-limitada-bolas-ben-wa\/#breadcrumb\",\"itemListElement\":[{\"@type\":\"ListItem\",\"position\":1,\"name\":\"Portada\",\"item\":\"https:\/\/demoweb.info\/sexshop001\/\"},{\"@type\":\"ListItem\",\"position\":2,\"name\":\"Tienda\",\"item\":\"https:\/\/demoweb.info\/sexshop001\/tienda\/\"},{\"@type\":\"ListItem\",\"position\":3,\"name\":\"FETISH FANTASY EDICION LIMITADA BOLAS BEN-WA\"}]},{\"@type\":\"WebSite\",\"@id\":\"https:\/\/demoweb.info\/sexshop001\/#website\",\"url\":\"https:\/\/demoweb.info\/sexshop001\/\",\"name\":\"Tienda Er\u00f3tica\",\"description\":\"DEMOWEB SL\",\"potentialAction\":[{\"@type\":\"SearchAction\",\"target\":{\"@type\":\"EntryPoint\",\"urlTemplate\":\"https:\/\/demoweb.info\/sexshop001\/?s={search_term_string}\"},\"query-input\":\"required name=search_term_string\"}],\"inLanguage\":\"es\"}]}<\/script>\n<!-- \/ Yoast SEO plugin. -->","yoast_head_json":{"title":"FETISH FANTASY EDICION LIMITADA BOLAS BEN-WA - Tienda Er\u00f3tica","robots":{"index":"noindex","follow":"follow","max-snippet":"max-snippet:-1","max-image-preview":"max-image-preview:large","max-video-preview":"max-video-preview:-1"},"og_locale":"es_ES","og_type":"article","og_title":"FETISH FANTASY EDICION LIMITADA BOLAS BEN-WA - Tienda Er\u00f3tica","og_description":"FETISH FANTASY LIMITED EDITION BEN-WA BALLS. Apart\u00f3 mis piernas, permiti\u00e9ndole un completo acceso a mi vagina. Empec\u00e9 a jadear en","og_url":"https:\/\/demoweb.info\/sexshop001\/producto\/fetish-fantasy-edicion-limitada-bolas-ben-wa\/","og_site_name":"Tienda Er\u00f3tica","article_modified_time":"2022-01-22T10:31:34+00:00","og_image":[{"width":550,"height":550,"url":"https:\/\/demoweb.info\/sexshop001\/wp-content\/uploads\/2022\/01\/FETISH-FANTASY-EDICION-LIMITADA-BOLAS-BEN-WA.jpg","type":"image\/jpeg"}],"twitter_card":"summary_large_image","twitter_misc":{"Tiempo de lectura":"1 minuto"},"schema":{"@context":"https:\/\/schema.org","@graph":[{"@type":"WebPage","@id":"https:\/\/demoweb.info\/sexshop001\/producto\/fetish-fantasy-edicion-limitada-bolas-ben-wa\/","url":"https:\/\/demoweb.info\/sexshop001\/producto\/fetish-fantasy-edicion-limitada-bolas-ben-wa\/","name":"FETISH FANTASY EDICION LIMITADA BOLAS BEN-WA - Tienda Er\u00f3tica","isPartOf":{"@id":"https:\/\/demoweb.info\/sexshop001\/#website"},"datePublished":"2022-01-22T10:31:15+00:00","dateModified":"2022-01-22T10:31:34+00:00","breadcrumb":{"@id":"https:\/\/demoweb.info\/sexshop001\/producto\/fetish-fantasy-edicion-limitada-bolas-ben-wa\/#breadcrumb"},"inLanguage":"es","potentialAction":[{"@type":"ReadAction","target":["https:\/\/demoweb.info\/sexshop001\/producto\/fetish-fantasy-edicion-limitada-bolas-ben-wa\/"]}]},{"@type":"BreadcrumbList","@id":"https:\/\/demoweb.info\/sexshop001\/producto\/fetish-fantasy-edicion-limitada-bolas-ben-wa\/#breadcrumb","itemListElement":[{"@type":"ListItem","position":1,"name":"Portada","item":"https:\/\/demoweb.info\/sexshop001\/"},{"@type":"ListItem","position":2,"name":"Tienda","item":"https:\/\/demoweb.info\/sexshop001\/tienda\/"},{"@type":"ListItem","position":3,"name":"FETISH FANTASY EDICION LIMITADA BOLAS BEN-WA"}]},{"@type":"WebSite","@id":"https:\/\/demoweb.info\/sexshop001\/#website","url":"https:\/\/demoweb.info\/sexshop001\/","name":"Tienda Er\u00f3tica","description":"DEMOWEB SL","potentialAction":[{"@type":"SearchAction","target":{"@type":"EntryPoint","urlTemplate":"https:\/\/demoweb.info\/sexshop001\/?s={search_term_string}"},"query-input":"required name=search_term_string"}],"inLanguage":"es"}]}},"_links":{"self":[{"href":"https:\/\/demoweb.info\/sexshop001\/wp-json\/wp\/v3\/product\/23126","targetHints":{"allow":["GET"]}}],"collection":[{"href":"https:\/\/demoweb.info\/sexshop001\/wp-json\/wp\/v3\/product"}],"about":[{"href":"https:\/\/demoweb.info\/sexshop001\/wp-json\/wp\/v2\/types\/product"}],"replies":[{"embeddable":true,"href":"https:\/\/demoweb.info\/sexshop001\/wp-json\/wp\/v2\/comments?post=23126"}],"wp:featuredmedia":[{"embeddable":true,"href":"https:\/\/demoweb.info\/sexshop001\/wp-json\/wp\/v2\/media\/23127"}],"wp:attachment":[{"href":"https:\/\/demoweb.info\/sexshop001\/wp-json\/wp\/v2\/media?parent=23126"}],"wp:term":[{"taxonomy":"product_cat","embeddable":true,"href":"https:\/\/demoweb.info\/sexshop001\/wp-json\/wp\/v2\/product_cat?post=23126"},{"taxonomy":"product_tag","embeddable":true,"href":"https:\/\/demoweb.info\/sexshop001\/wp-json\/wp\/v2\/product_tag?post=23126"}],"curies":[{"name":"wp","href":"https:\/\/api.w.org\/{rel}","templated":true}]}}