{"id":23118,"date":"2022-01-22T11:31:15","date_gmt":"2022-01-22T10:31:15","guid":{"rendered":"https:\/\/demoweb.info\/sexshop001\/producto\/ama-tu-sexo\/"},"modified":"2022-01-22T11:31:31","modified_gmt":"2022-01-22T10:31:31","slug":"ama-tu-sexo","status":"publish","type":"product","link":"https:\/\/demoweb.info\/sexshop001\/producto\/ama-tu-sexo\/","title":{"rendered":"AMA TU SEXO"},"content":{"rendered":"<p><strong>AMA TU SEXO<\/strong><\/p>\n<p><strong>Mar\u00eda Esclapez<\/strong><\/p>\n<p><strong>\u00bfSabes tanto como crees sobre tu sexualidad?<\/strong><\/p>\n<p><strong><em>Ama tu sexo<\/em> es el libro ilustrado con el que descubrir\u00e1s tu propio cuerpo y aprender\u00e1s a amarlo. Sientate, rel\u00e1jate y disfruta, con la especialista en sexolog\u00eda Mar\u00eda Esclapez.<\/strong><\/p>\n<p>Basta de escondernos, de avergonzarnos, de ponernos nerviosas cuando alguien menciona lo que tenemos ah\u00ed abajo. Creemos que conocemos al menos lo esencial sobre nuestra sexualidad, pero \u00bfes as\u00ed? \u00bfO tenemos unas pocas nociones b\u00e1sicas y algunos mitos que ni sabemos que lo son?<\/p>\n<p>Relaciones sexuales, de pareja, emociones, menstruaci\u00f3n, higiene, enfermedades&#8230; Mar\u00eda Esclapez, psic\u00f3loga especializada en sexolog\u00eda, terapia de parejas y coach sexual, demuestra con este libro que ni lo sabemos todo ni es demasiado tarde para aprenderlo.<\/p>\n<p><strong>Es el momento de descubrir tu propio cuerpo y de amarlo.<\/strong><\/p>\n<ul>\n<li><strong>Formato, p\u00e1ginas:<\/strong> Tapa dura, 128<\/li>\n<li><strong>Edici\u00f3n: <\/strong>2020<\/li>\n<\/ul>\n","protected":false},"excerpt":{"rendered":"<p>AMA TU SEXO Mar\u00eda Esclapez \u00bfSabes tanto como crees sobre tu sexualidad? Ama tu sexo es el libro ilustrado con<\/p>\n","protected":false},"featured_media":23119,"comment_status":"open","ping_status":"open","template":"","meta":[],"product_cat":[414],"product_tag":[1050,415],"class_list":["post-23118","product","type-product","status-publish","has-post-thumbnail","hentry","product_cat-libros","product_tag-bruguera","product_tag-random-house"],"bundled_by":[],"bundle_stock_status":"instock","bundle_stock_quantity":1,"bundle_virtual":false,"bundle_layout":"","bundle_add_to_cart_form_location":"","bundle_editable_in_cart":false,"bundle_sold_individually_context":"","bundle_item_grouping":"","bundle_min_size":"","bundle_max_size":"","bundled_items":[],"yoast_head":"<!-- This site is optimized with the Yoast SEO plugin v20.6 - https:\/\/yoast.com\/wordpress\/plugins\/seo\/ -->\n<title>AMA TU SEXO - Tienda Er\u00f3tica<\/title>\n<meta name=\"robots\" content=\"noindex, follow, max-snippet:-1, max-image-preview:large, max-video-preview:-1\" \/>\n<meta property=\"og:locale\" content=\"es_ES\" \/>\n<meta property=\"og:type\" content=\"article\" \/>\n<meta property=\"og:title\" content=\"AMA TU SEXO - Tienda Er\u00f3tica\" \/>\n<meta property=\"og:description\" content=\"AMA TU SEXO Mar\u00eda Esclapez \u00bfSabes tanto como crees sobre tu sexualidad? Ama tu sexo es el libro ilustrado con\" \/>\n<meta property=\"og:url\" content=\"https:\/\/demoweb.info\/sexshop001\/producto\/ama-tu-sexo\/\" \/>\n<meta property=\"og:site_name\" content=\"Tienda Er\u00f3tica\" \/>\n<meta property=\"article:modified_time\" content=\"2022-01-22T10:31:31+00:00\" \/>\n<meta property=\"og:image\" content=\"https:\/\/demoweb.info\/sexshop001\/wp-content\/uploads\/2022\/01\/AMA-TU-SEXO.jpg\" \/>\n\t<meta property=\"og:image:width\" content=\"550\" \/>\n\t<meta property=\"og:image:height\" content=\"550\" \/>\n\t<meta property=\"og:image:type\" content=\"image\/jpeg\" \/>\n<meta name=\"twitter:card\" content=\"summary_large_image\" \/>\n<meta name=\"twitter:label1\" content=\"Tiempo de lectura\" \/>\n\t<meta name=\"twitter:data1\" content=\"1 minuto\" \/>\n<script type=\"application\/ld+json\" class=\"yoast-schema-graph\">{\"@context\":\"https:\/\/schema.org\",\"@graph\":[{\"@type\":\"WebPage\",\"@id\":\"https:\/\/demoweb.info\/sexshop001\/producto\/ama-tu-sexo\/\",\"url\":\"https:\/\/demoweb.info\/sexshop001\/producto\/ama-tu-sexo\/\",\"name\":\"AMA TU SEXO - Tienda Er\u00f3tica\",\"isPartOf\":{\"@id\":\"https:\/\/demoweb.info\/sexshop001\/#website\"},\"datePublished\":\"2022-01-22T10:31:15+00:00\",\"dateModified\":\"2022-01-22T10:31:31+00:00\",\"breadcrumb\":{\"@id\":\"https:\/\/demoweb.info\/sexshop001\/producto\/ama-tu-sexo\/#breadcrumb\"},\"inLanguage\":\"es\",\"potentialAction\":[{\"@type\":\"ReadAction\",\"target\":[\"https:\/\/demoweb.info\/sexshop001\/producto\/ama-tu-sexo\/\"]}]},{\"@type\":\"BreadcrumbList\",\"@id\":\"https:\/\/demoweb.info\/sexshop001\/producto\/ama-tu-sexo\/#breadcrumb\",\"itemListElement\":[{\"@type\":\"ListItem\",\"position\":1,\"name\":\"Portada\",\"item\":\"https:\/\/demoweb.info\/sexshop001\/\"},{\"@type\":\"ListItem\",\"position\":2,\"name\":\"Tienda\",\"item\":\"https:\/\/demoweb.info\/sexshop001\/tienda\/\"},{\"@type\":\"ListItem\",\"position\":3,\"name\":\"AMA TU SEXO\"}]},{\"@type\":\"WebSite\",\"@id\":\"https:\/\/demoweb.info\/sexshop001\/#website\",\"url\":\"https:\/\/demoweb.info\/sexshop001\/\",\"name\":\"Tienda Er\u00f3tica\",\"description\":\"DEMOWEB SL\",\"potentialAction\":[{\"@type\":\"SearchAction\",\"target\":{\"@type\":\"EntryPoint\",\"urlTemplate\":\"https:\/\/demoweb.info\/sexshop001\/?s={search_term_string}\"},\"query-input\":\"required name=search_term_string\"}],\"inLanguage\":\"es\"}]}<\/script>\n<!-- \/ Yoast SEO plugin. -->","yoast_head_json":{"title":"AMA TU SEXO - Tienda Er\u00f3tica","robots":{"index":"noindex","follow":"follow","max-snippet":"max-snippet:-1","max-image-preview":"max-image-preview:large","max-video-preview":"max-video-preview:-1"},"og_locale":"es_ES","og_type":"article","og_title":"AMA TU SEXO - Tienda Er\u00f3tica","og_description":"AMA TU SEXO Mar\u00eda Esclapez \u00bfSabes tanto como crees sobre tu sexualidad? Ama tu sexo es el libro ilustrado con","og_url":"https:\/\/demoweb.info\/sexshop001\/producto\/ama-tu-sexo\/","og_site_name":"Tienda Er\u00f3tica","article_modified_time":"2022-01-22T10:31:31+00:00","og_image":[{"width":550,"height":550,"url":"https:\/\/demoweb.info\/sexshop001\/wp-content\/uploads\/2022\/01\/AMA-TU-SEXO.jpg","type":"image\/jpeg"}],"twitter_card":"summary_large_image","twitter_misc":{"Tiempo de lectura":"1 minuto"},"schema":{"@context":"https:\/\/schema.org","@graph":[{"@type":"WebPage","@id":"https:\/\/demoweb.info\/sexshop001\/producto\/ama-tu-sexo\/","url":"https:\/\/demoweb.info\/sexshop001\/producto\/ama-tu-sexo\/","name":"AMA TU SEXO - Tienda Er\u00f3tica","isPartOf":{"@id":"https:\/\/demoweb.info\/sexshop001\/#website"},"datePublished":"2022-01-22T10:31:15+00:00","dateModified":"2022-01-22T10:31:31+00:00","breadcrumb":{"@id":"https:\/\/demoweb.info\/sexshop001\/producto\/ama-tu-sexo\/#breadcrumb"},"inLanguage":"es","potentialAction":[{"@type":"ReadAction","target":["https:\/\/demoweb.info\/sexshop001\/producto\/ama-tu-sexo\/"]}]},{"@type":"BreadcrumbList","@id":"https:\/\/demoweb.info\/sexshop001\/producto\/ama-tu-sexo\/#breadcrumb","itemListElement":[{"@type":"ListItem","position":1,"name":"Portada","item":"https:\/\/demoweb.info\/sexshop001\/"},{"@type":"ListItem","position":2,"name":"Tienda","item":"https:\/\/demoweb.info\/sexshop001\/tienda\/"},{"@type":"ListItem","position":3,"name":"AMA TU SEXO"}]},{"@type":"WebSite","@id":"https:\/\/demoweb.info\/sexshop001\/#website","url":"https:\/\/demoweb.info\/sexshop001\/","name":"Tienda Er\u00f3tica","description":"DEMOWEB SL","potentialAction":[{"@type":"SearchAction","target":{"@type":"EntryPoint","urlTemplate":"https:\/\/demoweb.info\/sexshop001\/?s={search_term_string}"},"query-input":"required name=search_term_string"}],"inLanguage":"es"}]}},"_links":{"self":[{"href":"https:\/\/demoweb.info\/sexshop001\/wp-json\/wp\/v3\/product\/23118","targetHints":{"allow":["GET"]}}],"collection":[{"href":"https:\/\/demoweb.info\/sexshop001\/wp-json\/wp\/v3\/product"}],"about":[{"href":"https:\/\/demoweb.info\/sexshop001\/wp-json\/wp\/v2\/types\/product"}],"replies":[{"embeddable":true,"href":"https:\/\/demoweb.info\/sexshop001\/wp-json\/wp\/v2\/comments?post=23118"}],"wp:featuredmedia":[{"embeddable":true,"href":"https:\/\/demoweb.info\/sexshop001\/wp-json\/wp\/v2\/media\/23119"}],"wp:attachment":[{"href":"https:\/\/demoweb.info\/sexshop001\/wp-json\/wp\/v2\/media?parent=23118"}],"wp:term":[{"taxonomy":"product_cat","embeddable":true,"href":"https:\/\/demoweb.info\/sexshop001\/wp-json\/wp\/v2\/product_cat?post=23118"},{"taxonomy":"product_tag","embeddable":true,"href":"https:\/\/demoweb.info\/sexshop001\/wp-json\/wp\/v2\/product_tag?post=23118"}],"curies":[{"name":"wp","href":"https:\/\/api.w.org\/{rel}","templated":true}]}}