{"id":23116,"date":"2022-01-22T11:31:15","date_gmt":"2022-01-22T10:31:15","guid":{"rendered":"https:\/\/demoweb.info\/sexshop001\/producto\/feminismo-vibrante-si-no-hay-placer-no-es-nuestra-revolucion\/"},"modified":"2022-01-22T11:31:30","modified_gmt":"2022-01-22T10:31:30","slug":"feminismo-vibrante-si-no-hay-placer-no-es-nuestra-revolucion","status":"publish","type":"product","link":"https:\/\/demoweb.info\/sexshop001\/producto\/feminismo-vibrante-si-no-hay-placer-no-es-nuestra-revolucion\/","title":{"rendered":"FEMINISMO VIBRANTE: SI NO HAY PLACER NO ES NUESTRA REVOLUCI\u00d3N"},"content":{"rendered":"<p><strong>FEMINISMO VIBRANTE: SI NO HAY PLACER NO ES NUESTRA REVOLUCI\u00d3N<\/strong><\/p>\n<p>Ana Requena.<\/p>\n<p>Frente al discurso del terror sexual, el placer.<\/p>\n<p>Los \u00faltimos a\u00f1os han sido los de la ruptura del silencio: en todo el mundo miles de mujeres han compartido sus experiencias de violencia y acoso sexual. <\/p>\n<p>Pero ese discurso, necesario, debe ir acompa\u00f1ado de otro: el del placer de las mujeres. Frente al terror sexual, el feminismo pone sobre la mesa el deseo, la autonom\u00eda sexual, el derecho de las mujeres a ser sujetos del sexo y del placer y no solo objetos. <\/p>\n<p>El camino no es f\u00e1cil: la sexualidad ha sido una de las armas del patriarcado para disciplinar a las mujeres. <br \/>\nPor eso, ahora m\u00e1s que nunca, necesitamos afianzar un relato feminista que nos permita combatir los estereotipos que a\u00fan nos lastran, reconstruir el deseo y la forma en que nos relacionamos, y conquistar el derecho al placer. <\/p>\n<p>Quiz\u00e1 por eso un juguete sexual como el Satisfyer est\u00e1 causando furor y sirviendo para que las mujeres rompan el tab\u00fa sobre su masturbaci\u00f3n. <\/p>\n<p>Pero hay que hablar tambi\u00e9n de la otra parte: en muchas ocasiones cuando las mujeres ejercen su derecho al deseo encuentran la hostilidad masculina. <\/p>\n<p>El ghosting, el desprecio, la espera injustificada, la venganza, la insatisfacci\u00f3n o el sexo sin \u00e1pice de cuidados son algunas de las reacciones que encontramos. <\/p>\n<p>\u00bfQu\u00e9 ha cambiado entonces?, \u00bfy qu\u00e9 podemos hacer?<\/p>\n<ul>\n<li>228 P\u00e1ginas<\/li>\n<li>Tapa blanda<\/li>\n<li>Medidas: 23,5 x 15 cm<\/li>\n<\/ul>\n","protected":false},"excerpt":{"rendered":"<p>FEMINISMO VIBRANTE: SI NO HAY PLACER NO ES NUESTRA REVOLUCI\u00d3N Ana Requena. Frente al discurso del terror sexual, el placer.<\/p>\n","protected":false},"featured_media":23117,"comment_status":"open","ping_status":"open","template":"","meta":[],"product_cat":[414],"product_tag":[415,923],"class_list":["post-23116","product","type-product","status-publish","has-post-thumbnail","hentry","product_cat-libros","product_tag-random-house","product_tag-roca-editorial"],"bundled_by":[],"bundle_stock_status":"instock","bundle_stock_quantity":2,"bundle_virtual":false,"bundle_layout":"","bundle_add_to_cart_form_location":"","bundle_editable_in_cart":false,"bundle_sold_individually_context":"","bundle_item_grouping":"","bundle_min_size":"","bundle_max_size":"","bundled_items":[],"yoast_head":"<!-- This site is optimized with the Yoast SEO plugin v20.6 - https:\/\/yoast.com\/wordpress\/plugins\/seo\/ -->\n<title>FEMINISMO VIBRANTE: SI NO HAY PLACER NO ES NUESTRA REVOLUCI\u00d3N - Tienda Er\u00f3tica<\/title>\n<meta name=\"robots\" content=\"noindex, follow, max-snippet:-1, max-image-preview:large, max-video-preview:-1\" \/>\n<meta property=\"og:locale\" content=\"es_ES\" \/>\n<meta property=\"og:type\" content=\"article\" \/>\n<meta property=\"og:title\" content=\"FEMINISMO VIBRANTE: SI NO HAY PLACER NO ES NUESTRA REVOLUCI\u00d3N - Tienda Er\u00f3tica\" \/>\n<meta property=\"og:description\" content=\"FEMINISMO VIBRANTE: SI NO HAY PLACER NO ES NUESTRA REVOLUCI\u00d3N Ana Requena. Frente al discurso del terror sexual, el placer.\" \/>\n<meta property=\"og:url\" content=\"https:\/\/demoweb.info\/sexshop001\/producto\/feminismo-vibrante-si-no-hay-placer-no-es-nuestra-revolucion\/\" \/>\n<meta property=\"og:site_name\" content=\"Tienda Er\u00f3tica\" \/>\n<meta property=\"article:modified_time\" content=\"2022-01-22T10:31:30+00:00\" \/>\n<meta property=\"og:image\" content=\"https:\/\/demoweb.info\/sexshop001\/wp-content\/uploads\/2022\/01\/FEMINISMO-VIBRANTE-SI-NO-HAY-PLACER-NO-ES-NUESTRA-REVOLUCION.jpg\" \/>\n\t<meta property=\"og:image:width\" content=\"550\" \/>\n\t<meta property=\"og:image:height\" content=\"550\" \/>\n\t<meta property=\"og:image:type\" content=\"image\/jpeg\" \/>\n<meta name=\"twitter:card\" content=\"summary_large_image\" \/>\n<meta name=\"twitter:label1\" content=\"Tiempo de lectura\" \/>\n\t<meta name=\"twitter:data1\" content=\"1 minuto\" \/>\n<script type=\"application\/ld+json\" class=\"yoast-schema-graph\">{\"@context\":\"https:\/\/schema.org\",\"@graph\":[{\"@type\":\"WebPage\",\"@id\":\"https:\/\/demoweb.info\/sexshop001\/producto\/feminismo-vibrante-si-no-hay-placer-no-es-nuestra-revolucion\/\",\"url\":\"https:\/\/demoweb.info\/sexshop001\/producto\/feminismo-vibrante-si-no-hay-placer-no-es-nuestra-revolucion\/\",\"name\":\"FEMINISMO VIBRANTE: SI NO HAY PLACER NO ES NUESTRA REVOLUCI\u00d3N - Tienda Er\u00f3tica\",\"isPartOf\":{\"@id\":\"https:\/\/demoweb.info\/sexshop001\/#website\"},\"datePublished\":\"2022-01-22T10:31:15+00:00\",\"dateModified\":\"2022-01-22T10:31:30+00:00\",\"breadcrumb\":{\"@id\":\"https:\/\/demoweb.info\/sexshop001\/producto\/feminismo-vibrante-si-no-hay-placer-no-es-nuestra-revolucion\/#breadcrumb\"},\"inLanguage\":\"es\",\"potentialAction\":[{\"@type\":\"ReadAction\",\"target\":[\"https:\/\/demoweb.info\/sexshop001\/producto\/feminismo-vibrante-si-no-hay-placer-no-es-nuestra-revolucion\/\"]}]},{\"@type\":\"BreadcrumbList\",\"@id\":\"https:\/\/demoweb.info\/sexshop001\/producto\/feminismo-vibrante-si-no-hay-placer-no-es-nuestra-revolucion\/#breadcrumb\",\"itemListElement\":[{\"@type\":\"ListItem\",\"position\":1,\"name\":\"Portada\",\"item\":\"https:\/\/demoweb.info\/sexshop001\/\"},{\"@type\":\"ListItem\",\"position\":2,\"name\":\"Tienda\",\"item\":\"https:\/\/demoweb.info\/sexshop001\/tienda\/\"},{\"@type\":\"ListItem\",\"position\":3,\"name\":\"FEMINISMO VIBRANTE: SI NO HAY PLACER NO ES NUESTRA REVOLUCI\u00d3N\"}]},{\"@type\":\"WebSite\",\"@id\":\"https:\/\/demoweb.info\/sexshop001\/#website\",\"url\":\"https:\/\/demoweb.info\/sexshop001\/\",\"name\":\"Tienda Er\u00f3tica\",\"description\":\"DEMOWEB SL\",\"potentialAction\":[{\"@type\":\"SearchAction\",\"target\":{\"@type\":\"EntryPoint\",\"urlTemplate\":\"https:\/\/demoweb.info\/sexshop001\/?s={search_term_string}\"},\"query-input\":\"required name=search_term_string\"}],\"inLanguage\":\"es\"}]}<\/script>\n<!-- \/ Yoast SEO plugin. -->","yoast_head_json":{"title":"FEMINISMO VIBRANTE: SI NO HAY PLACER NO ES NUESTRA REVOLUCI\u00d3N - Tienda Er\u00f3tica","robots":{"index":"noindex","follow":"follow","max-snippet":"max-snippet:-1","max-image-preview":"max-image-preview:large","max-video-preview":"max-video-preview:-1"},"og_locale":"es_ES","og_type":"article","og_title":"FEMINISMO VIBRANTE: SI NO HAY PLACER NO ES NUESTRA REVOLUCI\u00d3N - Tienda Er\u00f3tica","og_description":"FEMINISMO VIBRANTE: SI NO HAY PLACER NO ES NUESTRA REVOLUCI\u00d3N Ana Requena. Frente al discurso del terror sexual, el placer.","og_url":"https:\/\/demoweb.info\/sexshop001\/producto\/feminismo-vibrante-si-no-hay-placer-no-es-nuestra-revolucion\/","og_site_name":"Tienda Er\u00f3tica","article_modified_time":"2022-01-22T10:31:30+00:00","og_image":[{"width":550,"height":550,"url":"https:\/\/demoweb.info\/sexshop001\/wp-content\/uploads\/2022\/01\/FEMINISMO-VIBRANTE-SI-NO-HAY-PLACER-NO-ES-NUESTRA-REVOLUCION.jpg","type":"image\/jpeg"}],"twitter_card":"summary_large_image","twitter_misc":{"Tiempo de lectura":"1 minuto"},"schema":{"@context":"https:\/\/schema.org","@graph":[{"@type":"WebPage","@id":"https:\/\/demoweb.info\/sexshop001\/producto\/feminismo-vibrante-si-no-hay-placer-no-es-nuestra-revolucion\/","url":"https:\/\/demoweb.info\/sexshop001\/producto\/feminismo-vibrante-si-no-hay-placer-no-es-nuestra-revolucion\/","name":"FEMINISMO VIBRANTE: SI NO HAY PLACER NO ES NUESTRA REVOLUCI\u00d3N - Tienda Er\u00f3tica","isPartOf":{"@id":"https:\/\/demoweb.info\/sexshop001\/#website"},"datePublished":"2022-01-22T10:31:15+00:00","dateModified":"2022-01-22T10:31:30+00:00","breadcrumb":{"@id":"https:\/\/demoweb.info\/sexshop001\/producto\/feminismo-vibrante-si-no-hay-placer-no-es-nuestra-revolucion\/#breadcrumb"},"inLanguage":"es","potentialAction":[{"@type":"ReadAction","target":["https:\/\/demoweb.info\/sexshop001\/producto\/feminismo-vibrante-si-no-hay-placer-no-es-nuestra-revolucion\/"]}]},{"@type":"BreadcrumbList","@id":"https:\/\/demoweb.info\/sexshop001\/producto\/feminismo-vibrante-si-no-hay-placer-no-es-nuestra-revolucion\/#breadcrumb","itemListElement":[{"@type":"ListItem","position":1,"name":"Portada","item":"https:\/\/demoweb.info\/sexshop001\/"},{"@type":"ListItem","position":2,"name":"Tienda","item":"https:\/\/demoweb.info\/sexshop001\/tienda\/"},{"@type":"ListItem","position":3,"name":"FEMINISMO VIBRANTE: SI NO HAY PLACER NO ES NUESTRA REVOLUCI\u00d3N"}]},{"@type":"WebSite","@id":"https:\/\/demoweb.info\/sexshop001\/#website","url":"https:\/\/demoweb.info\/sexshop001\/","name":"Tienda Er\u00f3tica","description":"DEMOWEB SL","potentialAction":[{"@type":"SearchAction","target":{"@type":"EntryPoint","urlTemplate":"https:\/\/demoweb.info\/sexshop001\/?s={search_term_string}"},"query-input":"required name=search_term_string"}],"inLanguage":"es"}]}},"_links":{"self":[{"href":"https:\/\/demoweb.info\/sexshop001\/wp-json\/wp\/v3\/product\/23116","targetHints":{"allow":["GET"]}}],"collection":[{"href":"https:\/\/demoweb.info\/sexshop001\/wp-json\/wp\/v3\/product"}],"about":[{"href":"https:\/\/demoweb.info\/sexshop001\/wp-json\/wp\/v2\/types\/product"}],"replies":[{"embeddable":true,"href":"https:\/\/demoweb.info\/sexshop001\/wp-json\/wp\/v2\/comments?post=23116"}],"wp:featuredmedia":[{"embeddable":true,"href":"https:\/\/demoweb.info\/sexshop001\/wp-json\/wp\/v2\/media\/23117"}],"wp:attachment":[{"href":"https:\/\/demoweb.info\/sexshop001\/wp-json\/wp\/v2\/media?parent=23116"}],"wp:term":[{"taxonomy":"product_cat","embeddable":true,"href":"https:\/\/demoweb.info\/sexshop001\/wp-json\/wp\/v2\/product_cat?post=23116"},{"taxonomy":"product_tag","embeddable":true,"href":"https:\/\/demoweb.info\/sexshop001\/wp-json\/wp\/v2\/product_tag?post=23116"}],"curies":[{"name":"wp","href":"https:\/\/api.w.org\/{rel}","templated":true}]}}