{"id":23028,"date":"2022-01-22T11:30:40","date_gmt":"2022-01-22T10:30:40","guid":{"rendered":"https:\/\/demoweb.info\/sexshop001\/producto\/malas\/"},"modified":"2022-01-22T11:30:46","modified_gmt":"2022-01-22T10:30:46","slug":"malas","status":"publish","type":"product","link":"https:\/\/demoweb.info\/sexshop001\/producto\/malas\/","title":{"rendered":"MALAS"},"content":{"rendered":"<p><strong>MALAS<\/strong><\/p>\n<p>NOEMI CASQUET<\/p>\n<p><strong>Segunda entrega de la trilog\u00eda que ha reinventado la novela er\u00f3tica.<\/strong><\/p>\n<p>Alicia, Diana y Emily van tachando las l\u00edneas de su lista de fantas\u00edas sexuales, pero a\u00fan tienen mucho por cumplir y descubrir. La siguiente etapa de su viaje sensorial ser\u00e1 Ibiza. Un festival lesbico, un retiro t\u00e1ntrico y una relaci\u00f3n abierta que resulta no ser lo que parec\u00eda ser\u00e1n algunas de las claves de su aprendizaje. Porque el placer sigue guardando muchos secretos, y la lucha por ser nosotras mismas se compone de muchas batallas.<\/p>\n<p><strong>Y entonces s\u00ed, ese beso. Mi cabeza estalla, el coraz\u00f3n me vibra. Mi piel se eriza. Los pezones duros. Sus labios violeta y los m\u00edos rojos se fusionan. Inventamos mil colores nuevos en la escala Pantone. Desafiamos el rebote de la luz en esta existencia. Mi lengua se incorpora, se encuentra con la suya; es peque\u00f1a pero decidida. Empieza una guerra que acabar\u00e1 en la cama. El orgasmo es tan intenso que nos sumerge en el silencio m\u00e1s absoluto. Dejamos de respirar. Mi alma y mi piel se elevan a un nivel desconocido. Que co\u00f1o ha pasado.<\/strong><\/p>\n<p>Esta soy yo, y me gusta. Cachonda y zorra. Due\u00f1a de m\u00ed misma. Abierta a la vida.<\/p>\n<ul>\n<li>N&ordm; de p\u00e1ginas: 288 p\u00e1gs.<\/li>\n<li>Encuadernaci\u00f3n: Tapa blanda<\/li>\n<li>A\u00f1o de edici\u00f3n: 2020<\/li>\n<\/ul>\n","protected":false},"excerpt":{"rendered":"<p>MALAS NOEMI CASQUET Segunda entrega de la trilog\u00eda que ha reinventado la novela er\u00f3tica. Alicia, Diana y Emily van tachando<\/p>\n","protected":false},"featured_media":23029,"comment_status":"open","ping_status":"open","template":"","meta":[],"product_cat":[414],"product_tag":[945],"class_list":["post-23028","product","type-product","status-publish","has-post-thumbnail","hentry","product_cat-libros","product_tag-ediciones-b"],"bundled_by":[],"bundle_stock_status":"instock","bundle_stock_quantity":6,"bundle_virtual":false,"bundle_layout":"","bundle_add_to_cart_form_location":"","bundle_editable_in_cart":false,"bundle_sold_individually_context":"","bundle_item_grouping":"","bundle_min_size":"","bundle_max_size":"","bundled_items":[],"yoast_head":"<!-- This site is optimized with the Yoast SEO plugin v20.6 - https:\/\/yoast.com\/wordpress\/plugins\/seo\/ -->\n<title>MALAS - Tienda Er\u00f3tica<\/title>\n<meta name=\"robots\" content=\"noindex, follow, max-snippet:-1, max-image-preview:large, max-video-preview:-1\" \/>\n<meta property=\"og:locale\" content=\"es_ES\" \/>\n<meta property=\"og:type\" content=\"article\" \/>\n<meta property=\"og:title\" content=\"MALAS - Tienda Er\u00f3tica\" \/>\n<meta property=\"og:description\" content=\"MALAS NOEMI CASQUET Segunda entrega de la trilog\u00eda que ha reinventado la novela er\u00f3tica. Alicia, Diana y Emily van tachando\" \/>\n<meta property=\"og:url\" content=\"https:\/\/demoweb.info\/sexshop001\/producto\/malas\/\" \/>\n<meta property=\"og:site_name\" content=\"Tienda Er\u00f3tica\" \/>\n<meta property=\"article:modified_time\" content=\"2022-01-22T10:30:46+00:00\" \/>\n<meta property=\"og:image\" content=\"https:\/\/demoweb.info\/sexshop001\/wp-content\/uploads\/2022\/01\/MALAS.jpg\" \/>\n\t<meta property=\"og:image:width\" content=\"550\" \/>\n\t<meta property=\"og:image:height\" content=\"550\" \/>\n\t<meta property=\"og:image:type\" content=\"image\/jpeg\" \/>\n<meta name=\"twitter:card\" content=\"summary_large_image\" \/>\n<meta name=\"twitter:label1\" content=\"Tiempo de lectura\" \/>\n\t<meta name=\"twitter:data1\" content=\"1 minuto\" \/>\n<script type=\"application\/ld+json\" class=\"yoast-schema-graph\">{\"@context\":\"https:\/\/schema.org\",\"@graph\":[{\"@type\":\"WebPage\",\"@id\":\"https:\/\/demoweb.info\/sexshop001\/producto\/malas\/\",\"url\":\"https:\/\/demoweb.info\/sexshop001\/producto\/malas\/\",\"name\":\"MALAS - Tienda Er\u00f3tica\",\"isPartOf\":{\"@id\":\"https:\/\/demoweb.info\/sexshop001\/#website\"},\"datePublished\":\"2022-01-22T10:30:40+00:00\",\"dateModified\":\"2022-01-22T10:30:46+00:00\",\"breadcrumb\":{\"@id\":\"https:\/\/demoweb.info\/sexshop001\/producto\/malas\/#breadcrumb\"},\"inLanguage\":\"es\",\"potentialAction\":[{\"@type\":\"ReadAction\",\"target\":[\"https:\/\/demoweb.info\/sexshop001\/producto\/malas\/\"]}]},{\"@type\":\"BreadcrumbList\",\"@id\":\"https:\/\/demoweb.info\/sexshop001\/producto\/malas\/#breadcrumb\",\"itemListElement\":[{\"@type\":\"ListItem\",\"position\":1,\"name\":\"Portada\",\"item\":\"https:\/\/demoweb.info\/sexshop001\/\"},{\"@type\":\"ListItem\",\"position\":2,\"name\":\"Tienda\",\"item\":\"https:\/\/demoweb.info\/sexshop001\/tienda\/\"},{\"@type\":\"ListItem\",\"position\":3,\"name\":\"MALAS\"}]},{\"@type\":\"WebSite\",\"@id\":\"https:\/\/demoweb.info\/sexshop001\/#website\",\"url\":\"https:\/\/demoweb.info\/sexshop001\/\",\"name\":\"Tienda Er\u00f3tica\",\"description\":\"DEMOWEB SL\",\"potentialAction\":[{\"@type\":\"SearchAction\",\"target\":{\"@type\":\"EntryPoint\",\"urlTemplate\":\"https:\/\/demoweb.info\/sexshop001\/?s={search_term_string}\"},\"query-input\":\"required name=search_term_string\"}],\"inLanguage\":\"es\"}]}<\/script>\n<!-- \/ Yoast SEO plugin. -->","yoast_head_json":{"title":"MALAS - Tienda Er\u00f3tica","robots":{"index":"noindex","follow":"follow","max-snippet":"max-snippet:-1","max-image-preview":"max-image-preview:large","max-video-preview":"max-video-preview:-1"},"og_locale":"es_ES","og_type":"article","og_title":"MALAS - Tienda Er\u00f3tica","og_description":"MALAS NOEMI CASQUET Segunda entrega de la trilog\u00eda que ha reinventado la novela er\u00f3tica. Alicia, Diana y Emily van tachando","og_url":"https:\/\/demoweb.info\/sexshop001\/producto\/malas\/","og_site_name":"Tienda Er\u00f3tica","article_modified_time":"2022-01-22T10:30:46+00:00","og_image":[{"width":550,"height":550,"url":"https:\/\/demoweb.info\/sexshop001\/wp-content\/uploads\/2022\/01\/MALAS.jpg","type":"image\/jpeg"}],"twitter_card":"summary_large_image","twitter_misc":{"Tiempo de lectura":"1 minuto"},"schema":{"@context":"https:\/\/schema.org","@graph":[{"@type":"WebPage","@id":"https:\/\/demoweb.info\/sexshop001\/producto\/malas\/","url":"https:\/\/demoweb.info\/sexshop001\/producto\/malas\/","name":"MALAS - Tienda Er\u00f3tica","isPartOf":{"@id":"https:\/\/demoweb.info\/sexshop001\/#website"},"datePublished":"2022-01-22T10:30:40+00:00","dateModified":"2022-01-22T10:30:46+00:00","breadcrumb":{"@id":"https:\/\/demoweb.info\/sexshop001\/producto\/malas\/#breadcrumb"},"inLanguage":"es","potentialAction":[{"@type":"ReadAction","target":["https:\/\/demoweb.info\/sexshop001\/producto\/malas\/"]}]},{"@type":"BreadcrumbList","@id":"https:\/\/demoweb.info\/sexshop001\/producto\/malas\/#breadcrumb","itemListElement":[{"@type":"ListItem","position":1,"name":"Portada","item":"https:\/\/demoweb.info\/sexshop001\/"},{"@type":"ListItem","position":2,"name":"Tienda","item":"https:\/\/demoweb.info\/sexshop001\/tienda\/"},{"@type":"ListItem","position":3,"name":"MALAS"}]},{"@type":"WebSite","@id":"https:\/\/demoweb.info\/sexshop001\/#website","url":"https:\/\/demoweb.info\/sexshop001\/","name":"Tienda Er\u00f3tica","description":"DEMOWEB SL","potentialAction":[{"@type":"SearchAction","target":{"@type":"EntryPoint","urlTemplate":"https:\/\/demoweb.info\/sexshop001\/?s={search_term_string}"},"query-input":"required name=search_term_string"}],"inLanguage":"es"}]}},"_links":{"self":[{"href":"https:\/\/demoweb.info\/sexshop001\/wp-json\/wp\/v3\/product\/23028","targetHints":{"allow":["GET"]}}],"collection":[{"href":"https:\/\/demoweb.info\/sexshop001\/wp-json\/wp\/v3\/product"}],"about":[{"href":"https:\/\/demoweb.info\/sexshop001\/wp-json\/wp\/v2\/types\/product"}],"replies":[{"embeddable":true,"href":"https:\/\/demoweb.info\/sexshop001\/wp-json\/wp\/v2\/comments?post=23028"}],"wp:featuredmedia":[{"embeddable":true,"href":"https:\/\/demoweb.info\/sexshop001\/wp-json\/wp\/v2\/media\/23029"}],"wp:attachment":[{"href":"https:\/\/demoweb.info\/sexshop001\/wp-json\/wp\/v2\/media?parent=23028"}],"wp:term":[{"taxonomy":"product_cat","embeddable":true,"href":"https:\/\/demoweb.info\/sexshop001\/wp-json\/wp\/v2\/product_cat?post=23028"},{"taxonomy":"product_tag","embeddable":true,"href":"https:\/\/demoweb.info\/sexshop001\/wp-json\/wp\/v2\/product_tag?post=23028"}],"curies":[{"name":"wp","href":"https:\/\/api.w.org\/{rel}","templated":true}]}}