{"id":22924,"date":"2022-01-22T11:29:50","date_gmt":"2022-01-22T10:29:50","guid":{"rendered":"https:\/\/demoweb.info\/sexshop001\/producto\/cloneboy-kit-clonador-de-pene-con-succion-rosa\/"},"modified":"2022-01-22T11:29:57","modified_gmt":"2022-01-22T10:29:57","slug":"cloneboy-kit-clonador-de-pene-con-succion-rosa","status":"publish","type":"product","link":"https:\/\/demoweb.info\/sexshop001\/producto\/cloneboy-kit-clonador-de-pene-con-succion-rosa\/","title":{"rendered":"CLONEBOY KIT CLONADOR DE PENE CON SUCCI\u00d3N &#8211; ROSA"},"content":{"rendered":"<p><strong>CLONEBOY SUCTION PINK<\/strong><\/p>\n<p>Set de clonaci\u00f3n de pene para hacer un consolador con base de ventosa.<\/p>\n<p>Contenido: molde (embalaje exterior del set \u2122), lazo para el pene, funda, un frasquito con endurecedor, 2 x gel 3D, goma de silicona, 1 par de guantes de pl\u00e1stico, una esp\u00e1tula de madera e instrucciones detalladas.<\/p>\n<p>Suficiente para un tama\u00f1o de pene (en erecci\u00f3n) de hasta 20 cm y de hasta 4 cm.<\/p>\n<p>Medidas: 20 x 4 cm<\/p>\n<p>Material: Silicona<\/p>\n","protected":false},"excerpt":{"rendered":"<p>CLONEBOY SUCTION PINK Set de clonaci\u00f3n de pene para hacer un consolador con base de ventosa. Contenido: molde (embalaje exterior<\/p>\n","protected":false},"featured_media":22925,"comment_status":"open","ping_status":"open","template":"","meta":[],"product_cat":[386],"product_tag":[1049],"class_list":["post-22924","product","type-product","status-publish","has-post-thumbnail","hentry","product_cat-realisticos","product_tag-cloneboy"],"bundled_by":[],"bundle_stock_status":"outofstock","bundle_stock_quantity":0,"bundle_virtual":false,"bundle_layout":"","bundle_add_to_cart_form_location":"","bundle_editable_in_cart":false,"bundle_sold_individually_context":"","bundle_item_grouping":"","bundle_min_size":"","bundle_max_size":"","bundled_items":[],"yoast_head":"<!-- This site is optimized with the Yoast SEO plugin v20.6 - https:\/\/yoast.com\/wordpress\/plugins\/seo\/ -->\n<title>CLONEBOY KIT CLONADOR DE PENE CON SUCCI\u00d3N - ROSA - Tienda Er\u00f3tica<\/title>\n<meta name=\"robots\" content=\"noindex, follow, max-snippet:-1, max-image-preview:large, max-video-preview:-1\" \/>\n<meta property=\"og:locale\" content=\"es_ES\" \/>\n<meta property=\"og:type\" content=\"article\" \/>\n<meta property=\"og:title\" content=\"CLONEBOY KIT CLONADOR DE PENE CON SUCCI\u00d3N - ROSA - Tienda Er\u00f3tica\" \/>\n<meta property=\"og:description\" content=\"CLONEBOY SUCTION PINK Set de clonaci\u00f3n de pene para hacer un consolador con base de ventosa. Contenido: molde (embalaje exterior\" \/>\n<meta property=\"og:url\" content=\"https:\/\/demoweb.info\/sexshop001\/producto\/cloneboy-kit-clonador-de-pene-con-succion-rosa\/\" \/>\n<meta property=\"og:site_name\" content=\"Tienda Er\u00f3tica\" \/>\n<meta property=\"article:modified_time\" content=\"2022-01-22T10:29:57+00:00\" \/>\n<meta property=\"og:image\" content=\"https:\/\/demoweb.info\/sexshop001\/wp-content\/uploads\/2022\/01\/CLONEBOY-KIT-CLONADOR-DE-PENE-CON-SUCCION-ROSA.jpg\" \/>\n\t<meta property=\"og:image:width\" content=\"550\" \/>\n\t<meta property=\"og:image:height\" content=\"550\" \/>\n\t<meta property=\"og:image:type\" content=\"image\/jpeg\" \/>\n<meta name=\"twitter:card\" content=\"summary_large_image\" \/>\n<script type=\"application\/ld+json\" class=\"yoast-schema-graph\">{\"@context\":\"https:\/\/schema.org\",\"@graph\":[{\"@type\":\"WebPage\",\"@id\":\"https:\/\/demoweb.info\/sexshop001\/producto\/cloneboy-kit-clonador-de-pene-con-succion-rosa\/\",\"url\":\"https:\/\/demoweb.info\/sexshop001\/producto\/cloneboy-kit-clonador-de-pene-con-succion-rosa\/\",\"name\":\"CLONEBOY KIT CLONADOR DE PENE CON SUCCI\u00d3N - ROSA - Tienda Er\u00f3tica\",\"isPartOf\":{\"@id\":\"https:\/\/demoweb.info\/sexshop001\/#website\"},\"datePublished\":\"2022-01-22T10:29:50+00:00\",\"dateModified\":\"2022-01-22T10:29:57+00:00\",\"breadcrumb\":{\"@id\":\"https:\/\/demoweb.info\/sexshop001\/producto\/cloneboy-kit-clonador-de-pene-con-succion-rosa\/#breadcrumb\"},\"inLanguage\":\"es\",\"potentialAction\":[{\"@type\":\"ReadAction\",\"target\":[\"https:\/\/demoweb.info\/sexshop001\/producto\/cloneboy-kit-clonador-de-pene-con-succion-rosa\/\"]}]},{\"@type\":\"BreadcrumbList\",\"@id\":\"https:\/\/demoweb.info\/sexshop001\/producto\/cloneboy-kit-clonador-de-pene-con-succion-rosa\/#breadcrumb\",\"itemListElement\":[{\"@type\":\"ListItem\",\"position\":1,\"name\":\"Portada\",\"item\":\"https:\/\/demoweb.info\/sexshop001\/\"},{\"@type\":\"ListItem\",\"position\":2,\"name\":\"Tienda\",\"item\":\"https:\/\/demoweb.info\/sexshop001\/tienda\/\"},{\"@type\":\"ListItem\",\"position\":3,\"name\":\"CLONEBOY KIT CLONADOR DE PENE CON SUCCI\u00d3N &#8211; ROSA\"}]},{\"@type\":\"WebSite\",\"@id\":\"https:\/\/demoweb.info\/sexshop001\/#website\",\"url\":\"https:\/\/demoweb.info\/sexshop001\/\",\"name\":\"Tienda Er\u00f3tica\",\"description\":\"DEMOWEB SL\",\"potentialAction\":[{\"@type\":\"SearchAction\",\"target\":{\"@type\":\"EntryPoint\",\"urlTemplate\":\"https:\/\/demoweb.info\/sexshop001\/?s={search_term_string}\"},\"query-input\":\"required name=search_term_string\"}],\"inLanguage\":\"es\"}]}<\/script>\n<!-- \/ Yoast SEO plugin. -->","yoast_head_json":{"title":"CLONEBOY KIT CLONADOR DE PENE CON SUCCI\u00d3N - ROSA - Tienda Er\u00f3tica","robots":{"index":"noindex","follow":"follow","max-snippet":"max-snippet:-1","max-image-preview":"max-image-preview:large","max-video-preview":"max-video-preview:-1"},"og_locale":"es_ES","og_type":"article","og_title":"CLONEBOY KIT CLONADOR DE PENE CON SUCCI\u00d3N - ROSA - Tienda Er\u00f3tica","og_description":"CLONEBOY SUCTION PINK Set de clonaci\u00f3n de pene para hacer un consolador con base de ventosa. Contenido: molde (embalaje exterior","og_url":"https:\/\/demoweb.info\/sexshop001\/producto\/cloneboy-kit-clonador-de-pene-con-succion-rosa\/","og_site_name":"Tienda Er\u00f3tica","article_modified_time":"2022-01-22T10:29:57+00:00","og_image":[{"width":550,"height":550,"url":"https:\/\/demoweb.info\/sexshop001\/wp-content\/uploads\/2022\/01\/CLONEBOY-KIT-CLONADOR-DE-PENE-CON-SUCCION-ROSA.jpg","type":"image\/jpeg"}],"twitter_card":"summary_large_image","schema":{"@context":"https:\/\/schema.org","@graph":[{"@type":"WebPage","@id":"https:\/\/demoweb.info\/sexshop001\/producto\/cloneboy-kit-clonador-de-pene-con-succion-rosa\/","url":"https:\/\/demoweb.info\/sexshop001\/producto\/cloneboy-kit-clonador-de-pene-con-succion-rosa\/","name":"CLONEBOY KIT CLONADOR DE PENE CON SUCCI\u00d3N - ROSA - Tienda Er\u00f3tica","isPartOf":{"@id":"https:\/\/demoweb.info\/sexshop001\/#website"},"datePublished":"2022-01-22T10:29:50+00:00","dateModified":"2022-01-22T10:29:57+00:00","breadcrumb":{"@id":"https:\/\/demoweb.info\/sexshop001\/producto\/cloneboy-kit-clonador-de-pene-con-succion-rosa\/#breadcrumb"},"inLanguage":"es","potentialAction":[{"@type":"ReadAction","target":["https:\/\/demoweb.info\/sexshop001\/producto\/cloneboy-kit-clonador-de-pene-con-succion-rosa\/"]}]},{"@type":"BreadcrumbList","@id":"https:\/\/demoweb.info\/sexshop001\/producto\/cloneboy-kit-clonador-de-pene-con-succion-rosa\/#breadcrumb","itemListElement":[{"@type":"ListItem","position":1,"name":"Portada","item":"https:\/\/demoweb.info\/sexshop001\/"},{"@type":"ListItem","position":2,"name":"Tienda","item":"https:\/\/demoweb.info\/sexshop001\/tienda\/"},{"@type":"ListItem","position":3,"name":"CLONEBOY KIT CLONADOR DE PENE CON SUCCI\u00d3N &#8211; ROSA"}]},{"@type":"WebSite","@id":"https:\/\/demoweb.info\/sexshop001\/#website","url":"https:\/\/demoweb.info\/sexshop001\/","name":"Tienda Er\u00f3tica","description":"DEMOWEB SL","potentialAction":[{"@type":"SearchAction","target":{"@type":"EntryPoint","urlTemplate":"https:\/\/demoweb.info\/sexshop001\/?s={search_term_string}"},"query-input":"required name=search_term_string"}],"inLanguage":"es"}]}},"_links":{"self":[{"href":"https:\/\/demoweb.info\/sexshop001\/wp-json\/wp\/v3\/product\/22924","targetHints":{"allow":["GET"]}}],"collection":[{"href":"https:\/\/demoweb.info\/sexshop001\/wp-json\/wp\/v3\/product"}],"about":[{"href":"https:\/\/demoweb.info\/sexshop001\/wp-json\/wp\/v2\/types\/product"}],"replies":[{"embeddable":true,"href":"https:\/\/demoweb.info\/sexshop001\/wp-json\/wp\/v2\/comments?post=22924"}],"wp:featuredmedia":[{"embeddable":true,"href":"https:\/\/demoweb.info\/sexshop001\/wp-json\/wp\/v2\/media\/22925"}],"wp:attachment":[{"href":"https:\/\/demoweb.info\/sexshop001\/wp-json\/wp\/v2\/media?parent=22924"}],"wp:term":[{"taxonomy":"product_cat","embeddable":true,"href":"https:\/\/demoweb.info\/sexshop001\/wp-json\/wp\/v2\/product_cat?post=22924"},{"taxonomy":"product_tag","embeddable":true,"href":"https:\/\/demoweb.info\/sexshop001\/wp-json\/wp\/v2\/product_tag?post=22924"}],"curies":[{"name":"wp","href":"https:\/\/api.w.org\/{rel}","templated":true}]}}