{"id":22920,"date":"2022-01-22T11:29:50","date_gmt":"2022-01-22T10:29:50","guid":{"rendered":"https:\/\/demoweb.info\/sexshop001\/producto\/control-preservativos-finissimo-senso-24uds\/"},"modified":"2022-01-22T11:29:55","modified_gmt":"2022-01-22T10:29:55","slug":"control-preservativos-finissimo-senso-24uds","status":"publish","type":"product","link":"https:\/\/demoweb.info\/sexshop001\/producto\/control-preservativos-finissimo-senso-24uds\/","title":{"rendered":"CONTROL PRESERVATIVOS FINISSIMO SENSO 24UDS"},"content":{"rendered":"<p><strong>CONTROL FINISSIMO SENSO 24 UDS<\/strong><\/p>\n<p>Preservativos Control Finissimo. Toda la sensibilidad que buscas.<\/p>\n<p>Cuanto mayor sean las sensaciones, m\u00e1s intenso es el placer: Finissimo es el preservativo extra fino y anat\u00f3mico que ofrece una perfecta adaptabilidad y una mayor sensibilidad durante las relaciones.<\/p>\n<p>Preservativos Control Senso, m\u00e1s sensibilidad. Su grosor m\u00e1s fino permite aumentar la sensibilidad durante la relaci\u00f3n.<\/p>\n<ul>\n<li>Con forma Adapta.<\/li>\n<li>Fino, liso, anat\u00f3mico, transparente, lubricado y con dep\u00f3sito.<\/li>\n<li>Ancho nominal: 5,4 cm<\/li>\n<li>Longitud: 19 cm<\/li>\n<li>24 unidades.<\/li>\n<\/ul>\n","protected":false},"excerpt":{"rendered":"<p>CONTROL FINISSIMO SENSO 24 UDS Preservativos Control Finissimo. Toda la sensibilidad que buscas. Cuanto mayor sean las sensaciones, m\u00e1s intenso<\/p>\n","protected":false},"featured_media":22921,"comment_status":"open","ping_status":"open","template":"","meta":[],"product_cat":[395],"product_tag":[604],"class_list":["post-22920","product","type-product","status-publish","has-post-thumbnail","hentry","product_cat-sensitivos","product_tag-control"],"bundled_by":[],"bundle_stock_status":"instock","bundle_stock_quantity":13,"bundle_virtual":false,"bundle_layout":"","bundle_add_to_cart_form_location":"","bundle_editable_in_cart":false,"bundle_sold_individually_context":"","bundle_item_grouping":"","bundle_min_size":"","bundle_max_size":"","bundled_items":[],"yoast_head":"<!-- This site is optimized with the Yoast SEO plugin v20.6 - https:\/\/yoast.com\/wordpress\/plugins\/seo\/ -->\n<title>CONTROL PRESERVATIVOS FINISSIMO SENSO 24UDS - Tienda Er\u00f3tica<\/title>\n<meta name=\"robots\" content=\"noindex, follow, max-snippet:-1, max-image-preview:large, max-video-preview:-1\" \/>\n<meta property=\"og:locale\" content=\"es_ES\" \/>\n<meta property=\"og:type\" content=\"article\" \/>\n<meta property=\"og:title\" content=\"CONTROL PRESERVATIVOS FINISSIMO SENSO 24UDS - Tienda Er\u00f3tica\" \/>\n<meta property=\"og:description\" content=\"CONTROL FINISSIMO SENSO 24 UDS Preservativos Control Finissimo. Toda la sensibilidad que buscas. Cuanto mayor sean las sensaciones, m\u00e1s intenso\" \/>\n<meta property=\"og:url\" content=\"https:\/\/demoweb.info\/sexshop001\/producto\/control-preservativos-finissimo-senso-24uds\/\" \/>\n<meta property=\"og:site_name\" content=\"Tienda Er\u00f3tica\" \/>\n<meta property=\"article:modified_time\" content=\"2022-01-22T10:29:55+00:00\" \/>\n<meta property=\"og:image\" content=\"https:\/\/demoweb.info\/sexshop001\/wp-content\/uploads\/2022\/01\/CONTROL-PRESERVATIVOS-FINISSIMO-SENSO-24UDS.jpg\" \/>\n\t<meta property=\"og:image:width\" content=\"550\" \/>\n\t<meta property=\"og:image:height\" content=\"550\" \/>\n\t<meta property=\"og:image:type\" content=\"image\/jpeg\" \/>\n<meta name=\"twitter:card\" content=\"summary_large_image\" \/>\n<script type=\"application\/ld+json\" class=\"yoast-schema-graph\">{\"@context\":\"https:\/\/schema.org\",\"@graph\":[{\"@type\":\"WebPage\",\"@id\":\"https:\/\/demoweb.info\/sexshop001\/producto\/control-preservativos-finissimo-senso-24uds\/\",\"url\":\"https:\/\/demoweb.info\/sexshop001\/producto\/control-preservativos-finissimo-senso-24uds\/\",\"name\":\"CONTROL PRESERVATIVOS FINISSIMO SENSO 24UDS - Tienda Er\u00f3tica\",\"isPartOf\":{\"@id\":\"https:\/\/demoweb.info\/sexshop001\/#website\"},\"datePublished\":\"2022-01-22T10:29:50+00:00\",\"dateModified\":\"2022-01-22T10:29:55+00:00\",\"breadcrumb\":{\"@id\":\"https:\/\/demoweb.info\/sexshop001\/producto\/control-preservativos-finissimo-senso-24uds\/#breadcrumb\"},\"inLanguage\":\"es\",\"potentialAction\":[{\"@type\":\"ReadAction\",\"target\":[\"https:\/\/demoweb.info\/sexshop001\/producto\/control-preservativos-finissimo-senso-24uds\/\"]}]},{\"@type\":\"BreadcrumbList\",\"@id\":\"https:\/\/demoweb.info\/sexshop001\/producto\/control-preservativos-finissimo-senso-24uds\/#breadcrumb\",\"itemListElement\":[{\"@type\":\"ListItem\",\"position\":1,\"name\":\"Portada\",\"item\":\"https:\/\/demoweb.info\/sexshop001\/\"},{\"@type\":\"ListItem\",\"position\":2,\"name\":\"Tienda\",\"item\":\"https:\/\/demoweb.info\/sexshop001\/tienda\/\"},{\"@type\":\"ListItem\",\"position\":3,\"name\":\"CONTROL PRESERVATIVOS FINISSIMO SENSO 24UDS\"}]},{\"@type\":\"WebSite\",\"@id\":\"https:\/\/demoweb.info\/sexshop001\/#website\",\"url\":\"https:\/\/demoweb.info\/sexshop001\/\",\"name\":\"Tienda Er\u00f3tica\",\"description\":\"DEMOWEB SL\",\"potentialAction\":[{\"@type\":\"SearchAction\",\"target\":{\"@type\":\"EntryPoint\",\"urlTemplate\":\"https:\/\/demoweb.info\/sexshop001\/?s={search_term_string}\"},\"query-input\":\"required name=search_term_string\"}],\"inLanguage\":\"es\"}]}<\/script>\n<!-- \/ Yoast SEO plugin. -->","yoast_head_json":{"title":"CONTROL PRESERVATIVOS FINISSIMO SENSO 24UDS - Tienda Er\u00f3tica","robots":{"index":"noindex","follow":"follow","max-snippet":"max-snippet:-1","max-image-preview":"max-image-preview:large","max-video-preview":"max-video-preview:-1"},"og_locale":"es_ES","og_type":"article","og_title":"CONTROL PRESERVATIVOS FINISSIMO SENSO 24UDS - Tienda Er\u00f3tica","og_description":"CONTROL FINISSIMO SENSO 24 UDS Preservativos Control Finissimo. Toda la sensibilidad que buscas. Cuanto mayor sean las sensaciones, m\u00e1s intenso","og_url":"https:\/\/demoweb.info\/sexshop001\/producto\/control-preservativos-finissimo-senso-24uds\/","og_site_name":"Tienda Er\u00f3tica","article_modified_time":"2022-01-22T10:29:55+00:00","og_image":[{"width":550,"height":550,"url":"https:\/\/demoweb.info\/sexshop001\/wp-content\/uploads\/2022\/01\/CONTROL-PRESERVATIVOS-FINISSIMO-SENSO-24UDS.jpg","type":"image\/jpeg"}],"twitter_card":"summary_large_image","schema":{"@context":"https:\/\/schema.org","@graph":[{"@type":"WebPage","@id":"https:\/\/demoweb.info\/sexshop001\/producto\/control-preservativos-finissimo-senso-24uds\/","url":"https:\/\/demoweb.info\/sexshop001\/producto\/control-preservativos-finissimo-senso-24uds\/","name":"CONTROL PRESERVATIVOS FINISSIMO SENSO 24UDS - Tienda Er\u00f3tica","isPartOf":{"@id":"https:\/\/demoweb.info\/sexshop001\/#website"},"datePublished":"2022-01-22T10:29:50+00:00","dateModified":"2022-01-22T10:29:55+00:00","breadcrumb":{"@id":"https:\/\/demoweb.info\/sexshop001\/producto\/control-preservativos-finissimo-senso-24uds\/#breadcrumb"},"inLanguage":"es","potentialAction":[{"@type":"ReadAction","target":["https:\/\/demoweb.info\/sexshop001\/producto\/control-preservativos-finissimo-senso-24uds\/"]}]},{"@type":"BreadcrumbList","@id":"https:\/\/demoweb.info\/sexshop001\/producto\/control-preservativos-finissimo-senso-24uds\/#breadcrumb","itemListElement":[{"@type":"ListItem","position":1,"name":"Portada","item":"https:\/\/demoweb.info\/sexshop001\/"},{"@type":"ListItem","position":2,"name":"Tienda","item":"https:\/\/demoweb.info\/sexshop001\/tienda\/"},{"@type":"ListItem","position":3,"name":"CONTROL PRESERVATIVOS FINISSIMO SENSO 24UDS"}]},{"@type":"WebSite","@id":"https:\/\/demoweb.info\/sexshop001\/#website","url":"https:\/\/demoweb.info\/sexshop001\/","name":"Tienda Er\u00f3tica","description":"DEMOWEB SL","potentialAction":[{"@type":"SearchAction","target":{"@type":"EntryPoint","urlTemplate":"https:\/\/demoweb.info\/sexshop001\/?s={search_term_string}"},"query-input":"required name=search_term_string"}],"inLanguage":"es"}]}},"_links":{"self":[{"href":"https:\/\/demoweb.info\/sexshop001\/wp-json\/wp\/v3\/product\/22920","targetHints":{"allow":["GET"]}}],"collection":[{"href":"https:\/\/demoweb.info\/sexshop001\/wp-json\/wp\/v3\/product"}],"about":[{"href":"https:\/\/demoweb.info\/sexshop001\/wp-json\/wp\/v2\/types\/product"}],"replies":[{"embeddable":true,"href":"https:\/\/demoweb.info\/sexshop001\/wp-json\/wp\/v2\/comments?post=22920"}],"wp:featuredmedia":[{"embeddable":true,"href":"https:\/\/demoweb.info\/sexshop001\/wp-json\/wp\/v2\/media\/22921"}],"wp:attachment":[{"href":"https:\/\/demoweb.info\/sexshop001\/wp-json\/wp\/v2\/media?parent=22920"}],"wp:term":[{"taxonomy":"product_cat","embeddable":true,"href":"https:\/\/demoweb.info\/sexshop001\/wp-json\/wp\/v2\/product_cat?post=22920"},{"taxonomy":"product_tag","embeddable":true,"href":"https:\/\/demoweb.info\/sexshop001\/wp-json\/wp\/v2\/product_tag?post=22920"}],"curies":[{"name":"wp","href":"https:\/\/api.w.org\/{rel}","templated":true}]}}