{"id":22915,"date":"2022-01-22T11:29:50","date_gmt":"2022-01-22T10:29:50","guid":{"rendered":"https:\/\/demoweb.info\/sexshop001\/producto\/fleshlight-fleshsack-masturbador-realistico-con-testiculos\/"},"modified":"2022-01-22T11:29:53","modified_gmt":"2022-01-22T10:29:53","slug":"fleshlight-fleshsack-masturbador-realistico-con-testiculos","status":"publish","type":"product","link":"https:\/\/demoweb.info\/sexshop001\/producto\/fleshlight-fleshsack-masturbador-realistico-con-testiculos\/","title":{"rendered":"FLESHLIGHT FLESHSACK MASTURBADOR REAL\u00cdSTICO CON TEST\u00cdCULOS"},"content":{"rendered":"<p><strong>FLESHLIGHT FLESHSACK<\/strong><\/p>\n<p>Desl\u00edzate hacia esta opci\u00f3n de puerta trasera y encontrar\u00e1s que tiene algo m\u00e1s que ofrecer.<\/p>\n<p>Colgando con orgullo hay un par de test\u00edculos suaves pero firmes para alimentar tus fantas\u00edas. Hechos del mismo material por el que Fleshlight es famoso, se balancear\u00e1n en movimiento mientras empujas hacia adentro y hacia afuera con cada golpe.<\/p>\n<p>Como en cualquier aventura anal, aseg\u00farate de usar mucho lubricante para deslizarte por la textura interior de agarre de FleshSack.<\/p>\n<p>Modo de empleo:<\/p>\n<p>Coloca una cantidad generosa de lubricante de base de agua en el pene e ins\u00e9rtalo en la manga. Enjuaga bien con agua tibia despu\u00e9s de su uso y s\u00e9calo completamente antes de devolverlo a su estuche.<\/p>\n","protected":false},"excerpt":{"rendered":"<p>FLESHLIGHT FLESHSACK Desl\u00edzate hacia esta opci\u00f3n de puerta trasera y encontrar\u00e1s que tiene algo m\u00e1s que ofrecer. Colgando con orgullo<\/p>\n","protected":false},"featured_media":22916,"comment_status":"open","ping_status":"open","template":"","meta":[],"product_cat":[468],"product_tag":[576,1048],"class_list":["post-22915","product","type-product","status-publish","has-post-thumbnail","hentry","product_cat-anos","product_tag-fleshlight","product_tag-fleshsack"],"bundled_by":[],"bundle_stock_status":"instock","bundle_stock_quantity":3,"bundle_virtual":false,"bundle_layout":"","bundle_add_to_cart_form_location":"","bundle_editable_in_cart":false,"bundle_sold_individually_context":"","bundle_item_grouping":"","bundle_min_size":"","bundle_max_size":"","bundled_items":[],"yoast_head":"<!-- This site is optimized with the Yoast SEO plugin v20.6 - https:\/\/yoast.com\/wordpress\/plugins\/seo\/ -->\n<title>FLESHLIGHT FLESHSACK MASTURBADOR REAL\u00cdSTICO CON TEST\u00cdCULOS - Tienda Er\u00f3tica<\/title>\n<meta name=\"robots\" content=\"noindex, follow, max-snippet:-1, max-image-preview:large, max-video-preview:-1\" \/>\n<meta property=\"og:locale\" content=\"es_ES\" \/>\n<meta property=\"og:type\" content=\"article\" \/>\n<meta property=\"og:title\" content=\"FLESHLIGHT FLESHSACK MASTURBADOR REAL\u00cdSTICO CON TEST\u00cdCULOS - Tienda Er\u00f3tica\" \/>\n<meta property=\"og:description\" content=\"FLESHLIGHT FLESHSACK Desl\u00edzate hacia esta opci\u00f3n de puerta trasera y encontrar\u00e1s que tiene algo m\u00e1s que ofrecer. Colgando con orgullo\" \/>\n<meta property=\"og:url\" content=\"https:\/\/demoweb.info\/sexshop001\/producto\/fleshlight-fleshsack-masturbador-realistico-con-testiculos\/\" \/>\n<meta property=\"og:site_name\" content=\"Tienda Er\u00f3tica\" \/>\n<meta property=\"article:modified_time\" content=\"2022-01-22T10:29:53+00:00\" \/>\n<meta property=\"og:image\" content=\"https:\/\/demoweb.info\/sexshop001\/wp-content\/uploads\/2022\/01\/FLESHLIGHT-FLESHSACK-MASTURBADOR-REALISTICO-CON-TESTICULOS.jpg\" \/>\n\t<meta property=\"og:image:width\" content=\"550\" \/>\n\t<meta property=\"og:image:height\" content=\"550\" \/>\n\t<meta property=\"og:image:type\" content=\"image\/jpeg\" \/>\n<meta name=\"twitter:card\" content=\"summary_large_image\" \/>\n<meta name=\"twitter:label1\" content=\"Tiempo de lectura\" \/>\n\t<meta name=\"twitter:data1\" content=\"1 minuto\" \/>\n<script type=\"application\/ld+json\" class=\"yoast-schema-graph\">{\"@context\":\"https:\/\/schema.org\",\"@graph\":[{\"@type\":\"WebPage\",\"@id\":\"https:\/\/demoweb.info\/sexshop001\/producto\/fleshlight-fleshsack-masturbador-realistico-con-testiculos\/\",\"url\":\"https:\/\/demoweb.info\/sexshop001\/producto\/fleshlight-fleshsack-masturbador-realistico-con-testiculos\/\",\"name\":\"FLESHLIGHT FLESHSACK MASTURBADOR REAL\u00cdSTICO CON TEST\u00cdCULOS - Tienda Er\u00f3tica\",\"isPartOf\":{\"@id\":\"https:\/\/demoweb.info\/sexshop001\/#website\"},\"datePublished\":\"2022-01-22T10:29:50+00:00\",\"dateModified\":\"2022-01-22T10:29:53+00:00\",\"breadcrumb\":{\"@id\":\"https:\/\/demoweb.info\/sexshop001\/producto\/fleshlight-fleshsack-masturbador-realistico-con-testiculos\/#breadcrumb\"},\"inLanguage\":\"es\",\"potentialAction\":[{\"@type\":\"ReadAction\",\"target\":[\"https:\/\/demoweb.info\/sexshop001\/producto\/fleshlight-fleshsack-masturbador-realistico-con-testiculos\/\"]}]},{\"@type\":\"BreadcrumbList\",\"@id\":\"https:\/\/demoweb.info\/sexshop001\/producto\/fleshlight-fleshsack-masturbador-realistico-con-testiculos\/#breadcrumb\",\"itemListElement\":[{\"@type\":\"ListItem\",\"position\":1,\"name\":\"Portada\",\"item\":\"https:\/\/demoweb.info\/sexshop001\/\"},{\"@type\":\"ListItem\",\"position\":2,\"name\":\"Tienda\",\"item\":\"https:\/\/demoweb.info\/sexshop001\/tienda\/\"},{\"@type\":\"ListItem\",\"position\":3,\"name\":\"FLESHLIGHT FLESHSACK MASTURBADOR REAL\u00cdSTICO CON TEST\u00cdCULOS\"}]},{\"@type\":\"WebSite\",\"@id\":\"https:\/\/demoweb.info\/sexshop001\/#website\",\"url\":\"https:\/\/demoweb.info\/sexshop001\/\",\"name\":\"Tienda Er\u00f3tica\",\"description\":\"DEMOWEB SL\",\"potentialAction\":[{\"@type\":\"SearchAction\",\"target\":{\"@type\":\"EntryPoint\",\"urlTemplate\":\"https:\/\/demoweb.info\/sexshop001\/?s={search_term_string}\"},\"query-input\":\"required name=search_term_string\"}],\"inLanguage\":\"es\"}]}<\/script>\n<!-- \/ Yoast SEO plugin. -->","yoast_head_json":{"title":"FLESHLIGHT FLESHSACK MASTURBADOR REAL\u00cdSTICO CON TEST\u00cdCULOS - Tienda Er\u00f3tica","robots":{"index":"noindex","follow":"follow","max-snippet":"max-snippet:-1","max-image-preview":"max-image-preview:large","max-video-preview":"max-video-preview:-1"},"og_locale":"es_ES","og_type":"article","og_title":"FLESHLIGHT FLESHSACK MASTURBADOR REAL\u00cdSTICO CON TEST\u00cdCULOS - Tienda Er\u00f3tica","og_description":"FLESHLIGHT FLESHSACK Desl\u00edzate hacia esta opci\u00f3n de puerta trasera y encontrar\u00e1s que tiene algo m\u00e1s que ofrecer. Colgando con orgullo","og_url":"https:\/\/demoweb.info\/sexshop001\/producto\/fleshlight-fleshsack-masturbador-realistico-con-testiculos\/","og_site_name":"Tienda Er\u00f3tica","article_modified_time":"2022-01-22T10:29:53+00:00","og_image":[{"width":550,"height":550,"url":"https:\/\/demoweb.info\/sexshop001\/wp-content\/uploads\/2022\/01\/FLESHLIGHT-FLESHSACK-MASTURBADOR-REALISTICO-CON-TESTICULOS.jpg","type":"image\/jpeg"}],"twitter_card":"summary_large_image","twitter_misc":{"Tiempo de lectura":"1 minuto"},"schema":{"@context":"https:\/\/schema.org","@graph":[{"@type":"WebPage","@id":"https:\/\/demoweb.info\/sexshop001\/producto\/fleshlight-fleshsack-masturbador-realistico-con-testiculos\/","url":"https:\/\/demoweb.info\/sexshop001\/producto\/fleshlight-fleshsack-masturbador-realistico-con-testiculos\/","name":"FLESHLIGHT FLESHSACK MASTURBADOR REAL\u00cdSTICO CON TEST\u00cdCULOS - Tienda Er\u00f3tica","isPartOf":{"@id":"https:\/\/demoweb.info\/sexshop001\/#website"},"datePublished":"2022-01-22T10:29:50+00:00","dateModified":"2022-01-22T10:29:53+00:00","breadcrumb":{"@id":"https:\/\/demoweb.info\/sexshop001\/producto\/fleshlight-fleshsack-masturbador-realistico-con-testiculos\/#breadcrumb"},"inLanguage":"es","potentialAction":[{"@type":"ReadAction","target":["https:\/\/demoweb.info\/sexshop001\/producto\/fleshlight-fleshsack-masturbador-realistico-con-testiculos\/"]}]},{"@type":"BreadcrumbList","@id":"https:\/\/demoweb.info\/sexshop001\/producto\/fleshlight-fleshsack-masturbador-realistico-con-testiculos\/#breadcrumb","itemListElement":[{"@type":"ListItem","position":1,"name":"Portada","item":"https:\/\/demoweb.info\/sexshop001\/"},{"@type":"ListItem","position":2,"name":"Tienda","item":"https:\/\/demoweb.info\/sexshop001\/tienda\/"},{"@type":"ListItem","position":3,"name":"FLESHLIGHT FLESHSACK MASTURBADOR REAL\u00cdSTICO CON TEST\u00cdCULOS"}]},{"@type":"WebSite","@id":"https:\/\/demoweb.info\/sexshop001\/#website","url":"https:\/\/demoweb.info\/sexshop001\/","name":"Tienda Er\u00f3tica","description":"DEMOWEB SL","potentialAction":[{"@type":"SearchAction","target":{"@type":"EntryPoint","urlTemplate":"https:\/\/demoweb.info\/sexshop001\/?s={search_term_string}"},"query-input":"required name=search_term_string"}],"inLanguage":"es"}]}},"_links":{"self":[{"href":"https:\/\/demoweb.info\/sexshop001\/wp-json\/wp\/v3\/product\/22915","targetHints":{"allow":["GET"]}}],"collection":[{"href":"https:\/\/demoweb.info\/sexshop001\/wp-json\/wp\/v3\/product"}],"about":[{"href":"https:\/\/demoweb.info\/sexshop001\/wp-json\/wp\/v2\/types\/product"}],"replies":[{"embeddable":true,"href":"https:\/\/demoweb.info\/sexshop001\/wp-json\/wp\/v2\/comments?post=22915"}],"wp:featuredmedia":[{"embeddable":true,"href":"https:\/\/demoweb.info\/sexshop001\/wp-json\/wp\/v2\/media\/22916"}],"wp:attachment":[{"href":"https:\/\/demoweb.info\/sexshop001\/wp-json\/wp\/v2\/media?parent=22915"}],"wp:term":[{"taxonomy":"product_cat","embeddable":true,"href":"https:\/\/demoweb.info\/sexshop001\/wp-json\/wp\/v2\/product_cat?post=22915"},{"taxonomy":"product_tag","embeddable":true,"href":"https:\/\/demoweb.info\/sexshop001\/wp-json\/wp\/v2\/product_tag?post=22915"}],"curies":[{"name":"wp","href":"https:\/\/api.w.org\/{rel}","templated":true}]}}