{"id":22911,"date":"2022-01-22T11:29:50","date_gmt":"2022-01-22T10:29:50","guid":{"rendered":"https:\/\/demoweb.info\/sexshop001\/producto\/fleshlight-girls-kissa-sins-insatiable\/"},"modified":"2022-01-22T11:29:51","modified_gmt":"2022-01-22T10:29:51","slug":"fleshlight-girls-kissa-sins-insatiable","status":"publish","type":"product","link":"https:\/\/demoweb.info\/sexshop001\/producto\/fleshlight-girls-kissa-sins-insatiable\/","title":{"rendered":"FLESHLIGHT GIRLS KISSA SINS INSATIABLE"},"content":{"rendered":"<p><strong>FLESHLIGHT GIRLS KISSA SINS INSATIABLE <\/strong><\/p>\n<p>Kissa Sins no tiene el perfil t\u00edpico de estrella porno que puedes encontrar en Pornhub. Naci\u00f3 en California, pero pas\u00f3 gran parte de su infancia en Canad\u00e1. Ella no comenz\u00f3 en el negocio del porno hasta m\u00e1s tarde que la mayor\u00eda de las chicas y cuando finalmente lleg\u00f3 al centro de atenci\u00f3n del entretenimiento para adultos, estaba destinada al estrellato.<\/p>\n<p>Sabe c\u00f3mo superar el l\u00edmite con sus atrevidas y aventureras aventuras sexuales. Habiendo sido nominada y galardonada con varios premios XXX, incluidos los aclamados por XBIZ y AVN, Kissa, que es conocida por sus actuaciones incondicionales y francamente salvajes, sigue superando los l\u00edmites.<\/p>\n<p>\u00bfQu\u00e9 har\u00e1s con tu Kissa Sins Fleshlight?<\/p>\n<p><strong>SENSACI\u00d3N DE FLESHLIGHT: INSATIABLE<\/strong><\/p>\n<p>Kissa Sins es exactamente eso &#8230; Insaciable. Nunca ha sido capaz de tener suficiente pene o sexo l\u00e9sbico, Kissa siempre est\u00e1 lista y dispuesta a complacer. El Insatiable Fleshlight es perfecto para alguien que busca una c\u00e1mara estrecha e intrincada para rellenar su eje.<\/p>\n<p>Caracter\u00edsticas principales:<\/p>\n<ul>\n<li>Hecho de material Superskin patentado.<\/li>\n<li>F\u00e1cil de usar y limpio.<\/li>\n<li>Discreto.<\/li>\n<li>Canal interno de textura intensa.<\/li>\n<\/ul>\n","protected":false},"excerpt":{"rendered":"<p>FLESHLIGHT GIRLS KISSA SINS INSATIABLE Kissa Sins no tiene el perfil t\u00edpico de estrella porno que puedes encontrar en Pornhub.<\/p>\n","protected":false},"featured_media":22912,"comment_status":"open","ping_status":"open","template":"","meta":[],"product_cat":[541],"product_tag":[576,690],"class_list":["post-22911","product","type-product","status-publish","has-post-thumbnail","hentry","product_cat-vaginas","product_tag-fleshlight","product_tag-fleshlight-girls"],"bundled_by":[],"bundle_stock_status":"instock","bundle_stock_quantity":3,"bundle_virtual":false,"bundle_layout":"","bundle_add_to_cart_form_location":"","bundle_editable_in_cart":false,"bundle_sold_individually_context":"","bundle_item_grouping":"","bundle_min_size":"","bundle_max_size":"","bundled_items":[],"yoast_head":"<!-- This site is optimized with the Yoast SEO plugin v20.6 - https:\/\/yoast.com\/wordpress\/plugins\/seo\/ -->\n<title>FLESHLIGHT GIRLS KISSA SINS INSATIABLE - Tienda Er\u00f3tica<\/title>\n<meta name=\"robots\" content=\"noindex, follow, max-snippet:-1, max-image-preview:large, max-video-preview:-1\" \/>\n<meta property=\"og:locale\" content=\"es_ES\" \/>\n<meta property=\"og:type\" content=\"article\" \/>\n<meta property=\"og:title\" content=\"FLESHLIGHT GIRLS KISSA SINS INSATIABLE - Tienda Er\u00f3tica\" \/>\n<meta property=\"og:description\" content=\"FLESHLIGHT GIRLS KISSA SINS INSATIABLE Kissa Sins no tiene el perfil t\u00edpico de estrella porno que puedes encontrar en Pornhub.\" \/>\n<meta property=\"og:url\" content=\"https:\/\/demoweb.info\/sexshop001\/producto\/fleshlight-girls-kissa-sins-insatiable\/\" \/>\n<meta property=\"og:site_name\" content=\"Tienda Er\u00f3tica\" \/>\n<meta property=\"article:modified_time\" content=\"2022-01-22T10:29:51+00:00\" \/>\n<meta property=\"og:image\" content=\"https:\/\/demoweb.info\/sexshop001\/wp-content\/uploads\/2022\/01\/FLESHLIGHT-GIRLS-KISSA-SINS-INSATIABLE.jpg\" \/>\n\t<meta property=\"og:image:width\" content=\"550\" \/>\n\t<meta property=\"og:image:height\" content=\"550\" \/>\n\t<meta property=\"og:image:type\" content=\"image\/jpeg\" \/>\n<meta name=\"twitter:card\" content=\"summary_large_image\" \/>\n<meta name=\"twitter:label1\" content=\"Tiempo de lectura\" \/>\n\t<meta name=\"twitter:data1\" content=\"1 minuto\" \/>\n<script type=\"application\/ld+json\" class=\"yoast-schema-graph\">{\"@context\":\"https:\/\/schema.org\",\"@graph\":[{\"@type\":\"WebPage\",\"@id\":\"https:\/\/demoweb.info\/sexshop001\/producto\/fleshlight-girls-kissa-sins-insatiable\/\",\"url\":\"https:\/\/demoweb.info\/sexshop001\/producto\/fleshlight-girls-kissa-sins-insatiable\/\",\"name\":\"FLESHLIGHT GIRLS KISSA SINS INSATIABLE - Tienda Er\u00f3tica\",\"isPartOf\":{\"@id\":\"https:\/\/demoweb.info\/sexshop001\/#website\"},\"datePublished\":\"2022-01-22T10:29:50+00:00\",\"dateModified\":\"2022-01-22T10:29:51+00:00\",\"breadcrumb\":{\"@id\":\"https:\/\/demoweb.info\/sexshop001\/producto\/fleshlight-girls-kissa-sins-insatiable\/#breadcrumb\"},\"inLanguage\":\"es\",\"potentialAction\":[{\"@type\":\"ReadAction\",\"target\":[\"https:\/\/demoweb.info\/sexshop001\/producto\/fleshlight-girls-kissa-sins-insatiable\/\"]}]},{\"@type\":\"BreadcrumbList\",\"@id\":\"https:\/\/demoweb.info\/sexshop001\/producto\/fleshlight-girls-kissa-sins-insatiable\/#breadcrumb\",\"itemListElement\":[{\"@type\":\"ListItem\",\"position\":1,\"name\":\"Portada\",\"item\":\"https:\/\/demoweb.info\/sexshop001\/\"},{\"@type\":\"ListItem\",\"position\":2,\"name\":\"Tienda\",\"item\":\"https:\/\/demoweb.info\/sexshop001\/tienda\/\"},{\"@type\":\"ListItem\",\"position\":3,\"name\":\"FLESHLIGHT GIRLS KISSA SINS INSATIABLE\"}]},{\"@type\":\"WebSite\",\"@id\":\"https:\/\/demoweb.info\/sexshop001\/#website\",\"url\":\"https:\/\/demoweb.info\/sexshop001\/\",\"name\":\"Tienda Er\u00f3tica\",\"description\":\"DEMOWEB SL\",\"potentialAction\":[{\"@type\":\"SearchAction\",\"target\":{\"@type\":\"EntryPoint\",\"urlTemplate\":\"https:\/\/demoweb.info\/sexshop001\/?s={search_term_string}\"},\"query-input\":\"required name=search_term_string\"}],\"inLanguage\":\"es\"}]}<\/script>\n<!-- \/ Yoast SEO plugin. -->","yoast_head_json":{"title":"FLESHLIGHT GIRLS KISSA SINS INSATIABLE - Tienda Er\u00f3tica","robots":{"index":"noindex","follow":"follow","max-snippet":"max-snippet:-1","max-image-preview":"max-image-preview:large","max-video-preview":"max-video-preview:-1"},"og_locale":"es_ES","og_type":"article","og_title":"FLESHLIGHT GIRLS KISSA SINS INSATIABLE - Tienda Er\u00f3tica","og_description":"FLESHLIGHT GIRLS KISSA SINS INSATIABLE Kissa Sins no tiene el perfil t\u00edpico de estrella porno que puedes encontrar en Pornhub.","og_url":"https:\/\/demoweb.info\/sexshop001\/producto\/fleshlight-girls-kissa-sins-insatiable\/","og_site_name":"Tienda Er\u00f3tica","article_modified_time":"2022-01-22T10:29:51+00:00","og_image":[{"width":550,"height":550,"url":"https:\/\/demoweb.info\/sexshop001\/wp-content\/uploads\/2022\/01\/FLESHLIGHT-GIRLS-KISSA-SINS-INSATIABLE.jpg","type":"image\/jpeg"}],"twitter_card":"summary_large_image","twitter_misc":{"Tiempo de lectura":"1 minuto"},"schema":{"@context":"https:\/\/schema.org","@graph":[{"@type":"WebPage","@id":"https:\/\/demoweb.info\/sexshop001\/producto\/fleshlight-girls-kissa-sins-insatiable\/","url":"https:\/\/demoweb.info\/sexshop001\/producto\/fleshlight-girls-kissa-sins-insatiable\/","name":"FLESHLIGHT GIRLS KISSA SINS INSATIABLE - Tienda Er\u00f3tica","isPartOf":{"@id":"https:\/\/demoweb.info\/sexshop001\/#website"},"datePublished":"2022-01-22T10:29:50+00:00","dateModified":"2022-01-22T10:29:51+00:00","breadcrumb":{"@id":"https:\/\/demoweb.info\/sexshop001\/producto\/fleshlight-girls-kissa-sins-insatiable\/#breadcrumb"},"inLanguage":"es","potentialAction":[{"@type":"ReadAction","target":["https:\/\/demoweb.info\/sexshop001\/producto\/fleshlight-girls-kissa-sins-insatiable\/"]}]},{"@type":"BreadcrumbList","@id":"https:\/\/demoweb.info\/sexshop001\/producto\/fleshlight-girls-kissa-sins-insatiable\/#breadcrumb","itemListElement":[{"@type":"ListItem","position":1,"name":"Portada","item":"https:\/\/demoweb.info\/sexshop001\/"},{"@type":"ListItem","position":2,"name":"Tienda","item":"https:\/\/demoweb.info\/sexshop001\/tienda\/"},{"@type":"ListItem","position":3,"name":"FLESHLIGHT GIRLS KISSA SINS INSATIABLE"}]},{"@type":"WebSite","@id":"https:\/\/demoweb.info\/sexshop001\/#website","url":"https:\/\/demoweb.info\/sexshop001\/","name":"Tienda Er\u00f3tica","description":"DEMOWEB SL","potentialAction":[{"@type":"SearchAction","target":{"@type":"EntryPoint","urlTemplate":"https:\/\/demoweb.info\/sexshop001\/?s={search_term_string}"},"query-input":"required name=search_term_string"}],"inLanguage":"es"}]}},"_links":{"self":[{"href":"https:\/\/demoweb.info\/sexshop001\/wp-json\/wp\/v3\/product\/22911","targetHints":{"allow":["GET"]}}],"collection":[{"href":"https:\/\/demoweb.info\/sexshop001\/wp-json\/wp\/v3\/product"}],"about":[{"href":"https:\/\/demoweb.info\/sexshop001\/wp-json\/wp\/v2\/types\/product"}],"replies":[{"embeddable":true,"href":"https:\/\/demoweb.info\/sexshop001\/wp-json\/wp\/v2\/comments?post=22911"}],"wp:featuredmedia":[{"embeddable":true,"href":"https:\/\/demoweb.info\/sexshop001\/wp-json\/wp\/v2\/media\/22912"}],"wp:attachment":[{"href":"https:\/\/demoweb.info\/sexshop001\/wp-json\/wp\/v2\/media?parent=22911"}],"wp:term":[{"taxonomy":"product_cat","embeddable":true,"href":"https:\/\/demoweb.info\/sexshop001\/wp-json\/wp\/v2\/product_cat?post=22911"},{"taxonomy":"product_tag","embeddable":true,"href":"https:\/\/demoweb.info\/sexshop001\/wp-json\/wp\/v2\/product_tag?post=22911"}],"curies":[{"name":"wp","href":"https:\/\/api.w.org\/{rel}","templated":true}]}}