{"id":22886,"date":"2022-01-22T11:29:29","date_gmt":"2022-01-22T10:29:29","guid":{"rendered":"https:\/\/demoweb.info\/sexshop001\/producto\/shunga-lovebath-lotus-sensual\/"},"modified":"2022-01-22T11:29:39","modified_gmt":"2022-01-22T10:29:39","slug":"shunga-lovebath-lotus-sensual","status":"publish","type":"product","link":"https:\/\/demoweb.info\/sexshop001\/producto\/shunga-lovebath-lotus-sensual\/","title":{"rendered":"SHUNGA LOVEBATH LOTUS SENSUAL"},"content":{"rendered":"<p><strong>SHUNGA LOVEBATH LOTUS SENSUAL<\/strong>.<\/p>\n<p>Inspirado en el ritual sensual de los Love Baths japoneses que privilegian el erotismo, <strong>Shunga<\/strong> ofrece a los amantes modernos un descanso para disfrutar una experiencia del ba\u00f1o sin igual. Simplemente vierte el contenido de la bolsa en la ba\u00f1era y ante tus ojos el agua se convertir\u00e1 en miles de perlitas llenas de agua para formar un gel enriquecido y cremoso que aromatizar\u00e1 la habitaci\u00f3n con una fragancia dulce e iluminar\u00e1 el agua con un colo relajante. Sum\u00e9rjase con su pareja en este dulce oasis y deje que sus cuerpos descansen para descubrir una extraordinaria sensaci\u00f3n t\u00e1ctil que envuelve el cuerpo y despierta los sentidos. Las propiedades terap\u00e9uticas del gel hidratan la piel profundamente para dejarla fresca, deseable y lista para recibir dulces caricias. \u00a1Este LOVEBATH se convierte r\u00e1pidamente en un juego propicio para las locuras del amor!<\/p>\n<p>1 Solo uso en ba\u00f1era de tama\u00f1o normal.<\/p>\n","protected":false},"excerpt":{"rendered":"<p>SHUNGA LOVEBATH LOTUS SENSUAL. Inspirado en el ritual sensual de los Love Baths japoneses que privilegian el erotismo, Shunga ofrece<\/p>\n","protected":false},"featured_media":22887,"comment_status":"open","ping_status":"open","template":"","meta":[],"product_cat":[822],"product_tag":[579],"class_list":["post-22886","product","type-product","status-publish","has-post-thumbnail","hentry","product_cat-espumas-de-bano","product_tag-shunga"],"bundled_by":[],"bundle_stock_status":"instock","bundle_stock_quantity":3,"bundle_virtual":false,"bundle_layout":"","bundle_add_to_cart_form_location":"","bundle_editable_in_cart":false,"bundle_sold_individually_context":"","bundle_item_grouping":"","bundle_min_size":"","bundle_max_size":"","bundled_items":[],"yoast_head":"<!-- This site is optimized with the Yoast SEO plugin v20.6 - https:\/\/yoast.com\/wordpress\/plugins\/seo\/ -->\n<title>SHUNGA LOVEBATH LOTUS SENSUAL - Tienda Er\u00f3tica<\/title>\n<meta name=\"robots\" content=\"noindex, follow, max-snippet:-1, max-image-preview:large, max-video-preview:-1\" \/>\n<meta property=\"og:locale\" content=\"es_ES\" \/>\n<meta property=\"og:type\" content=\"article\" \/>\n<meta property=\"og:title\" content=\"SHUNGA LOVEBATH LOTUS SENSUAL - Tienda Er\u00f3tica\" \/>\n<meta property=\"og:description\" content=\"SHUNGA LOVEBATH LOTUS SENSUAL. Inspirado en el ritual sensual de los Love Baths japoneses que privilegian el erotismo, Shunga ofrece\" \/>\n<meta property=\"og:url\" content=\"https:\/\/demoweb.info\/sexshop001\/producto\/shunga-lovebath-lotus-sensual\/\" \/>\n<meta property=\"og:site_name\" content=\"Tienda Er\u00f3tica\" \/>\n<meta property=\"article:modified_time\" content=\"2022-01-22T10:29:39+00:00\" \/>\n<meta property=\"og:image\" content=\"https:\/\/demoweb.info\/sexshop001\/wp-content\/uploads\/2022\/01\/SHUNGA-LOVEBATH-LOTUS-SENSUAL.jpg\" \/>\n\t<meta property=\"og:image:width\" content=\"550\" \/>\n\t<meta property=\"og:image:height\" content=\"550\" \/>\n\t<meta property=\"og:image:type\" content=\"image\/jpeg\" \/>\n<meta name=\"twitter:card\" content=\"summary_large_image\" \/>\n<meta name=\"twitter:label1\" content=\"Tiempo de lectura\" \/>\n\t<meta name=\"twitter:data1\" content=\"1 minuto\" \/>\n<script type=\"application\/ld+json\" class=\"yoast-schema-graph\">{\"@context\":\"https:\/\/schema.org\",\"@graph\":[{\"@type\":\"WebPage\",\"@id\":\"https:\/\/demoweb.info\/sexshop001\/producto\/shunga-lovebath-lotus-sensual\/\",\"url\":\"https:\/\/demoweb.info\/sexshop001\/producto\/shunga-lovebath-lotus-sensual\/\",\"name\":\"SHUNGA LOVEBATH LOTUS SENSUAL - Tienda Er\u00f3tica\",\"isPartOf\":{\"@id\":\"https:\/\/demoweb.info\/sexshop001\/#website\"},\"datePublished\":\"2022-01-22T10:29:29+00:00\",\"dateModified\":\"2022-01-22T10:29:39+00:00\",\"breadcrumb\":{\"@id\":\"https:\/\/demoweb.info\/sexshop001\/producto\/shunga-lovebath-lotus-sensual\/#breadcrumb\"},\"inLanguage\":\"es\",\"potentialAction\":[{\"@type\":\"ReadAction\",\"target\":[\"https:\/\/demoweb.info\/sexshop001\/producto\/shunga-lovebath-lotus-sensual\/\"]}]},{\"@type\":\"BreadcrumbList\",\"@id\":\"https:\/\/demoweb.info\/sexshop001\/producto\/shunga-lovebath-lotus-sensual\/#breadcrumb\",\"itemListElement\":[{\"@type\":\"ListItem\",\"position\":1,\"name\":\"Portada\",\"item\":\"https:\/\/demoweb.info\/sexshop001\/\"},{\"@type\":\"ListItem\",\"position\":2,\"name\":\"Tienda\",\"item\":\"https:\/\/demoweb.info\/sexshop001\/tienda\/\"},{\"@type\":\"ListItem\",\"position\":3,\"name\":\"SHUNGA LOVEBATH LOTUS SENSUAL\"}]},{\"@type\":\"WebSite\",\"@id\":\"https:\/\/demoweb.info\/sexshop001\/#website\",\"url\":\"https:\/\/demoweb.info\/sexshop001\/\",\"name\":\"Tienda Er\u00f3tica\",\"description\":\"DEMOWEB SL\",\"potentialAction\":[{\"@type\":\"SearchAction\",\"target\":{\"@type\":\"EntryPoint\",\"urlTemplate\":\"https:\/\/demoweb.info\/sexshop001\/?s={search_term_string}\"},\"query-input\":\"required name=search_term_string\"}],\"inLanguage\":\"es\"}]}<\/script>\n<!-- \/ Yoast SEO plugin. -->","yoast_head_json":{"title":"SHUNGA LOVEBATH LOTUS SENSUAL - Tienda Er\u00f3tica","robots":{"index":"noindex","follow":"follow","max-snippet":"max-snippet:-1","max-image-preview":"max-image-preview:large","max-video-preview":"max-video-preview:-1"},"og_locale":"es_ES","og_type":"article","og_title":"SHUNGA LOVEBATH LOTUS SENSUAL - Tienda Er\u00f3tica","og_description":"SHUNGA LOVEBATH LOTUS SENSUAL. Inspirado en el ritual sensual de los Love Baths japoneses que privilegian el erotismo, Shunga ofrece","og_url":"https:\/\/demoweb.info\/sexshop001\/producto\/shunga-lovebath-lotus-sensual\/","og_site_name":"Tienda Er\u00f3tica","article_modified_time":"2022-01-22T10:29:39+00:00","og_image":[{"width":550,"height":550,"url":"https:\/\/demoweb.info\/sexshop001\/wp-content\/uploads\/2022\/01\/SHUNGA-LOVEBATH-LOTUS-SENSUAL.jpg","type":"image\/jpeg"}],"twitter_card":"summary_large_image","twitter_misc":{"Tiempo de lectura":"1 minuto"},"schema":{"@context":"https:\/\/schema.org","@graph":[{"@type":"WebPage","@id":"https:\/\/demoweb.info\/sexshop001\/producto\/shunga-lovebath-lotus-sensual\/","url":"https:\/\/demoweb.info\/sexshop001\/producto\/shunga-lovebath-lotus-sensual\/","name":"SHUNGA LOVEBATH LOTUS SENSUAL - Tienda Er\u00f3tica","isPartOf":{"@id":"https:\/\/demoweb.info\/sexshop001\/#website"},"datePublished":"2022-01-22T10:29:29+00:00","dateModified":"2022-01-22T10:29:39+00:00","breadcrumb":{"@id":"https:\/\/demoweb.info\/sexshop001\/producto\/shunga-lovebath-lotus-sensual\/#breadcrumb"},"inLanguage":"es","potentialAction":[{"@type":"ReadAction","target":["https:\/\/demoweb.info\/sexshop001\/producto\/shunga-lovebath-lotus-sensual\/"]}]},{"@type":"BreadcrumbList","@id":"https:\/\/demoweb.info\/sexshop001\/producto\/shunga-lovebath-lotus-sensual\/#breadcrumb","itemListElement":[{"@type":"ListItem","position":1,"name":"Portada","item":"https:\/\/demoweb.info\/sexshop001\/"},{"@type":"ListItem","position":2,"name":"Tienda","item":"https:\/\/demoweb.info\/sexshop001\/tienda\/"},{"@type":"ListItem","position":3,"name":"SHUNGA LOVEBATH LOTUS SENSUAL"}]},{"@type":"WebSite","@id":"https:\/\/demoweb.info\/sexshop001\/#website","url":"https:\/\/demoweb.info\/sexshop001\/","name":"Tienda Er\u00f3tica","description":"DEMOWEB SL","potentialAction":[{"@type":"SearchAction","target":{"@type":"EntryPoint","urlTemplate":"https:\/\/demoweb.info\/sexshop001\/?s={search_term_string}"},"query-input":"required name=search_term_string"}],"inLanguage":"es"}]}},"_links":{"self":[{"href":"https:\/\/demoweb.info\/sexshop001\/wp-json\/wp\/v3\/product\/22886","targetHints":{"allow":["GET"]}}],"collection":[{"href":"https:\/\/demoweb.info\/sexshop001\/wp-json\/wp\/v3\/product"}],"about":[{"href":"https:\/\/demoweb.info\/sexshop001\/wp-json\/wp\/v2\/types\/product"}],"replies":[{"embeddable":true,"href":"https:\/\/demoweb.info\/sexshop001\/wp-json\/wp\/v2\/comments?post=22886"}],"wp:featuredmedia":[{"embeddable":true,"href":"https:\/\/demoweb.info\/sexshop001\/wp-json\/wp\/v2\/media\/22887"}],"wp:attachment":[{"href":"https:\/\/demoweb.info\/sexshop001\/wp-json\/wp\/v2\/media?parent=22886"}],"wp:term":[{"taxonomy":"product_cat","embeddable":true,"href":"https:\/\/demoweb.info\/sexshop001\/wp-json\/wp\/v2\/product_cat?post=22886"},{"taxonomy":"product_tag","embeddable":true,"href":"https:\/\/demoweb.info\/sexshop001\/wp-json\/wp\/v2\/product_tag?post=22886"}],"curies":[{"name":"wp","href":"https:\/\/api.w.org\/{rel}","templated":true}]}}