{"id":22881,"date":"2022-01-22T11:29:29","date_gmt":"2022-01-22T10:29:29","guid":{"rendered":"https:\/\/demoweb.info\/sexshop001\/producto\/neon-party-vibe-collar-con-bala-verde\/"},"modified":"2022-01-22T11:29:37","modified_gmt":"2022-01-22T10:29:37","slug":"neon-party-vibe-collar-con-bala-verde","status":"publish","type":"product","link":"https:\/\/demoweb.info\/sexshop001\/producto\/neon-party-vibe-collar-con-bala-verde\/","title":{"rendered":"NEON PARTY VIBE COLLAR CON BALA VERDE"},"content":{"rendered":"<p><font size=&quot;1&quot;><\/p>\n<p align=&quot;justify&quot;><B>NEON PARTY VIBE NECKLACE GREEN<\/B>.<\/p>\n<p>Deja que comience la fiesta con este sexy colgante!! No dejes que su tama\u00f1o te enga\u00f1e, esta peque\u00f1a bala ofrece un mont\u00f3n de energ\u00eda vibrante. Basta con pulsar el bot\u00f3n en la parte inferior de la bala y dejar que las vibraciones te lleven muy lejos. La bala se puede quitar del collar y usar sola. Es lo suficientemente peque\u00f1o para llevar donde quieras y es muy favorecedor con cualquier outfit. Adem\u00e1s, tambi\u00e9n lo puedes utilizar en la ducha o en la ba\u00f1era para convertir la hora del ba\u00f1o en la hora del placer!<\/p>\n<p>Medidas: 5,4 x 1,8 cm<\/font><\/p>\n","protected":false},"excerpt":{"rendered":"<p>NEON PARTY VIBE NECKLACE GREEN. Deja que comience la fiesta con este sexy colgante!! No dejes que su tama\u00f1o te<\/p>\n","protected":false},"featured_media":22882,"comment_status":"open","ping_status":"open","template":"","meta":[],"product_cat":[369],"product_tag":[838,259],"class_list":["post-22881","product","type-product","status-publish","has-post-thumbnail","hentry","product_cat-estimuladores","product_tag-neon","product_tag-pipedream"],"bundled_by":[],"bundle_stock_status":"instock","bundle_stock_quantity":2,"bundle_virtual":false,"bundle_layout":"","bundle_add_to_cart_form_location":"","bundle_editable_in_cart":false,"bundle_sold_individually_context":"","bundle_item_grouping":"","bundle_min_size":"","bundle_max_size":"","bundled_items":[],"yoast_head":"<!-- This site is optimized with the Yoast SEO plugin v20.6 - https:\/\/yoast.com\/wordpress\/plugins\/seo\/ -->\n<title>NEON PARTY VIBE COLLAR CON BALA VERDE - Tienda Er\u00f3tica<\/title>\n<meta name=\"robots\" content=\"noindex, follow, max-snippet:-1, max-image-preview:large, max-video-preview:-1\" \/>\n<meta property=\"og:locale\" content=\"es_ES\" \/>\n<meta property=\"og:type\" content=\"article\" \/>\n<meta property=\"og:title\" content=\"NEON PARTY VIBE COLLAR CON BALA VERDE - Tienda Er\u00f3tica\" \/>\n<meta property=\"og:description\" content=\"NEON PARTY VIBE NECKLACE GREEN. Deja que comience la fiesta con este sexy colgante!! No dejes que su tama\u00f1o te\" \/>\n<meta property=\"og:url\" content=\"https:\/\/demoweb.info\/sexshop001\/producto\/neon-party-vibe-collar-con-bala-verde\/\" \/>\n<meta property=\"og:site_name\" content=\"Tienda Er\u00f3tica\" \/>\n<meta property=\"article:modified_time\" content=\"2022-01-22T10:29:37+00:00\" \/>\n<meta property=\"og:image\" content=\"https:\/\/demoweb.info\/sexshop001\/wp-content\/uploads\/2022\/01\/NEON-PARTY-VIBE-COLLAR-CON-BALA-VERDE.jpg\" \/>\n\t<meta property=\"og:image:width\" content=\"550\" \/>\n\t<meta property=\"og:image:height\" content=\"550\" \/>\n\t<meta property=\"og:image:type\" content=\"image\/jpeg\" \/>\n<meta name=\"twitter:card\" content=\"summary_large_image\" \/>\n<meta name=\"twitter:label1\" content=\"Tiempo de lectura\" \/>\n\t<meta name=\"twitter:data1\" content=\"1 minuto\" \/>\n<script type=\"application\/ld+json\" class=\"yoast-schema-graph\">{\"@context\":\"https:\/\/schema.org\",\"@graph\":[{\"@type\":\"WebPage\",\"@id\":\"https:\/\/demoweb.info\/sexshop001\/producto\/neon-party-vibe-collar-con-bala-verde\/\",\"url\":\"https:\/\/demoweb.info\/sexshop001\/producto\/neon-party-vibe-collar-con-bala-verde\/\",\"name\":\"NEON PARTY VIBE COLLAR CON BALA VERDE - Tienda Er\u00f3tica\",\"isPartOf\":{\"@id\":\"https:\/\/demoweb.info\/sexshop001\/#website\"},\"datePublished\":\"2022-01-22T10:29:29+00:00\",\"dateModified\":\"2022-01-22T10:29:37+00:00\",\"breadcrumb\":{\"@id\":\"https:\/\/demoweb.info\/sexshop001\/producto\/neon-party-vibe-collar-con-bala-verde\/#breadcrumb\"},\"inLanguage\":\"es\",\"potentialAction\":[{\"@type\":\"ReadAction\",\"target\":[\"https:\/\/demoweb.info\/sexshop001\/producto\/neon-party-vibe-collar-con-bala-verde\/\"]}]},{\"@type\":\"BreadcrumbList\",\"@id\":\"https:\/\/demoweb.info\/sexshop001\/producto\/neon-party-vibe-collar-con-bala-verde\/#breadcrumb\",\"itemListElement\":[{\"@type\":\"ListItem\",\"position\":1,\"name\":\"Portada\",\"item\":\"https:\/\/demoweb.info\/sexshop001\/\"},{\"@type\":\"ListItem\",\"position\":2,\"name\":\"Tienda\",\"item\":\"https:\/\/demoweb.info\/sexshop001\/tienda\/\"},{\"@type\":\"ListItem\",\"position\":3,\"name\":\"NEON PARTY VIBE COLLAR CON BALA VERDE\"}]},{\"@type\":\"WebSite\",\"@id\":\"https:\/\/demoweb.info\/sexshop001\/#website\",\"url\":\"https:\/\/demoweb.info\/sexshop001\/\",\"name\":\"Tienda Er\u00f3tica\",\"description\":\"DEMOWEB SL\",\"potentialAction\":[{\"@type\":\"SearchAction\",\"target\":{\"@type\":\"EntryPoint\",\"urlTemplate\":\"https:\/\/demoweb.info\/sexshop001\/?s={search_term_string}\"},\"query-input\":\"required name=search_term_string\"}],\"inLanguage\":\"es\"}]}<\/script>\n<!-- \/ Yoast SEO plugin. -->","yoast_head_json":{"title":"NEON PARTY VIBE COLLAR CON BALA VERDE - Tienda Er\u00f3tica","robots":{"index":"noindex","follow":"follow","max-snippet":"max-snippet:-1","max-image-preview":"max-image-preview:large","max-video-preview":"max-video-preview:-1"},"og_locale":"es_ES","og_type":"article","og_title":"NEON PARTY VIBE COLLAR CON BALA VERDE - Tienda Er\u00f3tica","og_description":"NEON PARTY VIBE NECKLACE GREEN. Deja que comience la fiesta con este sexy colgante!! No dejes que su tama\u00f1o te","og_url":"https:\/\/demoweb.info\/sexshop001\/producto\/neon-party-vibe-collar-con-bala-verde\/","og_site_name":"Tienda Er\u00f3tica","article_modified_time":"2022-01-22T10:29:37+00:00","og_image":[{"width":550,"height":550,"url":"https:\/\/demoweb.info\/sexshop001\/wp-content\/uploads\/2022\/01\/NEON-PARTY-VIBE-COLLAR-CON-BALA-VERDE.jpg","type":"image\/jpeg"}],"twitter_card":"summary_large_image","twitter_misc":{"Tiempo de lectura":"1 minuto"},"schema":{"@context":"https:\/\/schema.org","@graph":[{"@type":"WebPage","@id":"https:\/\/demoweb.info\/sexshop001\/producto\/neon-party-vibe-collar-con-bala-verde\/","url":"https:\/\/demoweb.info\/sexshop001\/producto\/neon-party-vibe-collar-con-bala-verde\/","name":"NEON PARTY VIBE COLLAR CON BALA VERDE - Tienda Er\u00f3tica","isPartOf":{"@id":"https:\/\/demoweb.info\/sexshop001\/#website"},"datePublished":"2022-01-22T10:29:29+00:00","dateModified":"2022-01-22T10:29:37+00:00","breadcrumb":{"@id":"https:\/\/demoweb.info\/sexshop001\/producto\/neon-party-vibe-collar-con-bala-verde\/#breadcrumb"},"inLanguage":"es","potentialAction":[{"@type":"ReadAction","target":["https:\/\/demoweb.info\/sexshop001\/producto\/neon-party-vibe-collar-con-bala-verde\/"]}]},{"@type":"BreadcrumbList","@id":"https:\/\/demoweb.info\/sexshop001\/producto\/neon-party-vibe-collar-con-bala-verde\/#breadcrumb","itemListElement":[{"@type":"ListItem","position":1,"name":"Portada","item":"https:\/\/demoweb.info\/sexshop001\/"},{"@type":"ListItem","position":2,"name":"Tienda","item":"https:\/\/demoweb.info\/sexshop001\/tienda\/"},{"@type":"ListItem","position":3,"name":"NEON PARTY VIBE COLLAR CON BALA VERDE"}]},{"@type":"WebSite","@id":"https:\/\/demoweb.info\/sexshop001\/#website","url":"https:\/\/demoweb.info\/sexshop001\/","name":"Tienda Er\u00f3tica","description":"DEMOWEB SL","potentialAction":[{"@type":"SearchAction","target":{"@type":"EntryPoint","urlTemplate":"https:\/\/demoweb.info\/sexshop001\/?s={search_term_string}"},"query-input":"required name=search_term_string"}],"inLanguage":"es"}]}},"_links":{"self":[{"href":"https:\/\/demoweb.info\/sexshop001\/wp-json\/wp\/v3\/product\/22881","targetHints":{"allow":["GET"]}}],"collection":[{"href":"https:\/\/demoweb.info\/sexshop001\/wp-json\/wp\/v3\/product"}],"about":[{"href":"https:\/\/demoweb.info\/sexshop001\/wp-json\/wp\/v2\/types\/product"}],"replies":[{"embeddable":true,"href":"https:\/\/demoweb.info\/sexshop001\/wp-json\/wp\/v2\/comments?post=22881"}],"wp:featuredmedia":[{"embeddable":true,"href":"https:\/\/demoweb.info\/sexshop001\/wp-json\/wp\/v2\/media\/22882"}],"wp:attachment":[{"href":"https:\/\/demoweb.info\/sexshop001\/wp-json\/wp\/v2\/media?parent=22881"}],"wp:term":[{"taxonomy":"product_cat","embeddable":true,"href":"https:\/\/demoweb.info\/sexshop001\/wp-json\/wp\/v2\/product_cat?post=22881"},{"taxonomy":"product_tag","embeddable":true,"href":"https:\/\/demoweb.info\/sexshop001\/wp-json\/wp\/v2\/product_tag?post=22881"}],"curies":[{"name":"wp","href":"https:\/\/api.w.org\/{rel}","templated":true}]}}