{"id":22875,"date":"2022-01-22T11:29:29","date_gmt":"2022-01-22T10:29:29","guid":{"rendered":"https:\/\/demoweb.info\/sexshop001\/producto\/wanachi-happy-hummer-vibrador-multi-velocidad-rosa\/"},"modified":"2022-01-22T11:29:34","modified_gmt":"2022-01-22T10:29:34","slug":"wanachi-happy-hummer-vibrador-multi-velocidad-rosa","status":"publish","type":"product","link":"https:\/\/demoweb.info\/sexshop001\/producto\/wanachi-happy-hummer-vibrador-multi-velocidad-rosa\/","title":{"rendered":"WANACHI HAPPY HUMMER VIBRADOR MULTI VELOCIDAD ROSA"},"content":{"rendered":"<p><strong>WANACHI HAPPY HUMMER MULTI-SPEED MASSAGER PINK<\/strong>.<\/p>\n<p>Disfrute de placer en todo su esplendor con el incre\u00edble <strong>Happy Hummer<\/strong>! Este sorprendente vibrador con estimulador de punto G japon\u00e9s tiene una punta h\u00e1bilmente curvada para llegar a tu lugar especial con facilidad, mientras que las alas y su pico revolotean alrededor de tu cl\u00edtoris satisfaciendole y provoc\u00e1ndole el mayor de los placeres. Selecciona una velocidad en la esfera inferior y pasa de una suave pulsaci\u00f3n a una intensa vibraci\u00f3n en cuesti\u00f3n de segundos! El suave e higi\u00e9nico TPE con el que est\u00e1 fabricado, es seguro con tu piel y perfecto para principiantes, mientras que el potente motor ofrece silenciosas vibraciones. Pru\u00e9balo en la ducha o en la ba\u00f1era y convierte la hora del ba\u00f1o en la del placer! Funciona con a pilas <strong>AAA<\/strong> no incluidas.<\/p>\n<p>Medidas \u00fatiles: 8 x 3 cm.<\/p>\n","protected":false},"excerpt":{"rendered":"<p>WANACHI HAPPY HUMMER MULTI-SPEED MASSAGER PINK. Disfrute de placer en todo su esplendor con el incre\u00edble Happy Hummer! Este sorprendente<\/p>\n","protected":false},"featured_media":22876,"comment_status":"open","ping_status":"open","template":"","meta":[],"product_cat":[639],"product_tag":[259,1045],"class_list":["post-22875","product","type-product","status-publish","has-post-thumbnail","hentry","product_cat-punto-g","product_tag-pipedream","product_tag-wanachi"],"bundled_by":[],"bundle_stock_status":"instock","bundle_stock_quantity":25,"bundle_virtual":false,"bundle_layout":"","bundle_add_to_cart_form_location":"","bundle_editable_in_cart":false,"bundle_sold_individually_context":"","bundle_item_grouping":"","bundle_min_size":"","bundle_max_size":"","bundled_items":[],"yoast_head":"<!-- This site is optimized with the Yoast SEO plugin v20.6 - https:\/\/yoast.com\/wordpress\/plugins\/seo\/ -->\n<title>WANACHI HAPPY HUMMER VIBRADOR MULTI VELOCIDAD ROSA - Tienda Er\u00f3tica<\/title>\n<meta name=\"robots\" content=\"noindex, follow, max-snippet:-1, max-image-preview:large, max-video-preview:-1\" \/>\n<meta property=\"og:locale\" content=\"es_ES\" \/>\n<meta property=\"og:type\" content=\"article\" \/>\n<meta property=\"og:title\" content=\"WANACHI HAPPY HUMMER VIBRADOR MULTI VELOCIDAD ROSA - Tienda Er\u00f3tica\" \/>\n<meta property=\"og:description\" content=\"WANACHI HAPPY HUMMER MULTI-SPEED MASSAGER PINK. Disfrute de placer en todo su esplendor con el incre\u00edble Happy Hummer! Este sorprendente\" \/>\n<meta property=\"og:url\" content=\"https:\/\/demoweb.info\/sexshop001\/producto\/wanachi-happy-hummer-vibrador-multi-velocidad-rosa\/\" \/>\n<meta property=\"og:site_name\" content=\"Tienda Er\u00f3tica\" \/>\n<meta property=\"article:modified_time\" content=\"2022-01-22T10:29:34+00:00\" \/>\n<meta property=\"og:image\" content=\"https:\/\/demoweb.info\/sexshop001\/wp-content\/uploads\/2022\/01\/WANACHI-HAPPY-HUMMER-VIBRADOR-MULTI-VELOCIDAD-ROSA.jpg\" \/>\n\t<meta property=\"og:image:width\" content=\"550\" \/>\n\t<meta property=\"og:image:height\" content=\"550\" \/>\n\t<meta property=\"og:image:type\" content=\"image\/jpeg\" \/>\n<meta name=\"twitter:card\" content=\"summary_large_image\" \/>\n<meta name=\"twitter:label1\" content=\"Tiempo de lectura\" \/>\n\t<meta name=\"twitter:data1\" content=\"1 minuto\" \/>\n<script type=\"application\/ld+json\" class=\"yoast-schema-graph\">{\"@context\":\"https:\/\/schema.org\",\"@graph\":[{\"@type\":\"WebPage\",\"@id\":\"https:\/\/demoweb.info\/sexshop001\/producto\/wanachi-happy-hummer-vibrador-multi-velocidad-rosa\/\",\"url\":\"https:\/\/demoweb.info\/sexshop001\/producto\/wanachi-happy-hummer-vibrador-multi-velocidad-rosa\/\",\"name\":\"WANACHI HAPPY HUMMER VIBRADOR MULTI VELOCIDAD ROSA - Tienda Er\u00f3tica\",\"isPartOf\":{\"@id\":\"https:\/\/demoweb.info\/sexshop001\/#website\"},\"datePublished\":\"2022-01-22T10:29:29+00:00\",\"dateModified\":\"2022-01-22T10:29:34+00:00\",\"breadcrumb\":{\"@id\":\"https:\/\/demoweb.info\/sexshop001\/producto\/wanachi-happy-hummer-vibrador-multi-velocidad-rosa\/#breadcrumb\"},\"inLanguage\":\"es\",\"potentialAction\":[{\"@type\":\"ReadAction\",\"target\":[\"https:\/\/demoweb.info\/sexshop001\/producto\/wanachi-happy-hummer-vibrador-multi-velocidad-rosa\/\"]}]},{\"@type\":\"BreadcrumbList\",\"@id\":\"https:\/\/demoweb.info\/sexshop001\/producto\/wanachi-happy-hummer-vibrador-multi-velocidad-rosa\/#breadcrumb\",\"itemListElement\":[{\"@type\":\"ListItem\",\"position\":1,\"name\":\"Portada\",\"item\":\"https:\/\/demoweb.info\/sexshop001\/\"},{\"@type\":\"ListItem\",\"position\":2,\"name\":\"Tienda\",\"item\":\"https:\/\/demoweb.info\/sexshop001\/tienda\/\"},{\"@type\":\"ListItem\",\"position\":3,\"name\":\"WANACHI HAPPY HUMMER VIBRADOR MULTI VELOCIDAD ROSA\"}]},{\"@type\":\"WebSite\",\"@id\":\"https:\/\/demoweb.info\/sexshop001\/#website\",\"url\":\"https:\/\/demoweb.info\/sexshop001\/\",\"name\":\"Tienda Er\u00f3tica\",\"description\":\"DEMOWEB SL\",\"potentialAction\":[{\"@type\":\"SearchAction\",\"target\":{\"@type\":\"EntryPoint\",\"urlTemplate\":\"https:\/\/demoweb.info\/sexshop001\/?s={search_term_string}\"},\"query-input\":\"required name=search_term_string\"}],\"inLanguage\":\"es\"}]}<\/script>\n<!-- \/ Yoast SEO plugin. -->","yoast_head_json":{"title":"WANACHI HAPPY HUMMER VIBRADOR MULTI VELOCIDAD ROSA - Tienda Er\u00f3tica","robots":{"index":"noindex","follow":"follow","max-snippet":"max-snippet:-1","max-image-preview":"max-image-preview:large","max-video-preview":"max-video-preview:-1"},"og_locale":"es_ES","og_type":"article","og_title":"WANACHI HAPPY HUMMER VIBRADOR MULTI VELOCIDAD ROSA - Tienda Er\u00f3tica","og_description":"WANACHI HAPPY HUMMER MULTI-SPEED MASSAGER PINK. Disfrute de placer en todo su esplendor con el incre\u00edble Happy Hummer! Este sorprendente","og_url":"https:\/\/demoweb.info\/sexshop001\/producto\/wanachi-happy-hummer-vibrador-multi-velocidad-rosa\/","og_site_name":"Tienda Er\u00f3tica","article_modified_time":"2022-01-22T10:29:34+00:00","og_image":[{"width":550,"height":550,"url":"https:\/\/demoweb.info\/sexshop001\/wp-content\/uploads\/2022\/01\/WANACHI-HAPPY-HUMMER-VIBRADOR-MULTI-VELOCIDAD-ROSA.jpg","type":"image\/jpeg"}],"twitter_card":"summary_large_image","twitter_misc":{"Tiempo de lectura":"1 minuto"},"schema":{"@context":"https:\/\/schema.org","@graph":[{"@type":"WebPage","@id":"https:\/\/demoweb.info\/sexshop001\/producto\/wanachi-happy-hummer-vibrador-multi-velocidad-rosa\/","url":"https:\/\/demoweb.info\/sexshop001\/producto\/wanachi-happy-hummer-vibrador-multi-velocidad-rosa\/","name":"WANACHI HAPPY HUMMER VIBRADOR MULTI VELOCIDAD ROSA - Tienda Er\u00f3tica","isPartOf":{"@id":"https:\/\/demoweb.info\/sexshop001\/#website"},"datePublished":"2022-01-22T10:29:29+00:00","dateModified":"2022-01-22T10:29:34+00:00","breadcrumb":{"@id":"https:\/\/demoweb.info\/sexshop001\/producto\/wanachi-happy-hummer-vibrador-multi-velocidad-rosa\/#breadcrumb"},"inLanguage":"es","potentialAction":[{"@type":"ReadAction","target":["https:\/\/demoweb.info\/sexshop001\/producto\/wanachi-happy-hummer-vibrador-multi-velocidad-rosa\/"]}]},{"@type":"BreadcrumbList","@id":"https:\/\/demoweb.info\/sexshop001\/producto\/wanachi-happy-hummer-vibrador-multi-velocidad-rosa\/#breadcrumb","itemListElement":[{"@type":"ListItem","position":1,"name":"Portada","item":"https:\/\/demoweb.info\/sexshop001\/"},{"@type":"ListItem","position":2,"name":"Tienda","item":"https:\/\/demoweb.info\/sexshop001\/tienda\/"},{"@type":"ListItem","position":3,"name":"WANACHI HAPPY HUMMER VIBRADOR MULTI VELOCIDAD ROSA"}]},{"@type":"WebSite","@id":"https:\/\/demoweb.info\/sexshop001\/#website","url":"https:\/\/demoweb.info\/sexshop001\/","name":"Tienda Er\u00f3tica","description":"DEMOWEB SL","potentialAction":[{"@type":"SearchAction","target":{"@type":"EntryPoint","urlTemplate":"https:\/\/demoweb.info\/sexshop001\/?s={search_term_string}"},"query-input":"required name=search_term_string"}],"inLanguage":"es"}]}},"_links":{"self":[{"href":"https:\/\/demoweb.info\/sexshop001\/wp-json\/wp\/v3\/product\/22875","targetHints":{"allow":["GET"]}}],"collection":[{"href":"https:\/\/demoweb.info\/sexshop001\/wp-json\/wp\/v3\/product"}],"about":[{"href":"https:\/\/demoweb.info\/sexshop001\/wp-json\/wp\/v2\/types\/product"}],"replies":[{"embeddable":true,"href":"https:\/\/demoweb.info\/sexshop001\/wp-json\/wp\/v2\/comments?post=22875"}],"wp:featuredmedia":[{"embeddable":true,"href":"https:\/\/demoweb.info\/sexshop001\/wp-json\/wp\/v2\/media\/22876"}],"wp:attachment":[{"href":"https:\/\/demoweb.info\/sexshop001\/wp-json\/wp\/v2\/media?parent=22875"}],"wp:term":[{"taxonomy":"product_cat","embeddable":true,"href":"https:\/\/demoweb.info\/sexshop001\/wp-json\/wp\/v2\/product_cat?post=22875"},{"taxonomy":"product_tag","embeddable":true,"href":"https:\/\/demoweb.info\/sexshop001\/wp-json\/wp\/v2\/product_tag?post=22875"}],"curies":[{"name":"wp","href":"https:\/\/api.w.org\/{rel}","templated":true}]}}