{"id":22863,"date":"2022-01-22T11:28:56","date_gmt":"2022-01-22T10:28:56","guid":{"rendered":"https:\/\/demoweb.info\/sexshop001\/producto\/pump-worx-bomba-de-ereccion-automatica-2\/"},"modified":"2022-01-22T11:29:25","modified_gmt":"2022-01-22T10:29:25","slug":"pump-worx-bomba-de-ereccion-automatica-2","status":"publish","type":"product","link":"https:\/\/demoweb.info\/sexshop001\/producto\/pump-worx-bomba-de-ereccion-automatica-2\/","title":{"rendered":"PUMP WORX BOMBA DE ERECCION AUTOMATICA"},"content":{"rendered":"<p><font size=&quot;1&quot;><b>PUMP WORX MEGA-VAC POWER PUMP<\/b>.<\/p>\n<p>Convierte el agrandamiento del pene de la era cibern\u00e9tica con nuestra bomba de erecci\u00f3n autom\u00e1tica m\u00e1s avanzada jam\u00e1s creado! Despu\u00e9s de s\u00f3lo unas pocas veces, descubrir\u00e1s erecciones gruesas y palpitantes que duran y duran. Desarrollado como una segura y asequible alternativa no quir\u00fargica a los costosos procedimientos m\u00e9dicos y pastillas, esta bomba de pene de mano es el camino m\u00e1s f\u00e1cil para agrandar tu pene al instante sin ning\u00fan tipo de efecto secundario.<\/p>\n<p>Simplemente introduce tu pene en el cilindro, gira el interruptor, y mira como tu pene obtiene el poder con mucho placer! La boquilla el\u00e1stica forma un sello perfectamente apretado contra tu piel y crea un vac\u00edo de gran alcance dentro de la c\u00e1mara, obligando a tu pene a expandirse r\u00e1pidamente tanto en longitud como en grosor.<\/p>\n<p>El cilindro transparente te permite ver como tu miembro se hace m\u00e1s grande y m\u00e1s gordo con el aumento autom\u00e1tico de la presi\u00f3n. Cuando hayas alcanzado el punto deseado, pulsa el bot\u00f3n para que esa presi\u00f3n desaparezca.<\/p>\n<p>Utiliza el anillo que va incluido para ayudar a mantener la erecci\u00f3n y prolongar la eyaculaci\u00f3n.<\/p>\n<p>Cuando hayas terminado, s\u00f3lo tienes que separar el cilindro de la manguera y limpiarlo con el gel limpiador de juguetes de <b>Pipedream<\/b> y agua tibia.<\/p>\n<p>Incluye muestras de lubricante, crema para la erecci\u00f3n y gel limpiador de juguetes. Funciona con 2 pilas <b>AA<\/b> que no van incluidas.<\/font><\/p>\n","protected":false},"excerpt":{"rendered":"<p>PUMP WORX MEGA-VAC POWER PUMP. Convierte el agrandamiento del pene de la era cibern\u00e9tica con nuestra bomba de erecci\u00f3n autom\u00e1tica<\/p>\n","protected":false},"featured_media":22864,"comment_status":"open","ping_status":"open","template":"","meta":[],"product_cat":[479],"product_tag":[259,865],"class_list":["post-22863","product","type-product","status-publish","has-post-thumbnail","hentry","product_cat-automaticos","product_tag-pipedream","product_tag-pump-worx"],"bundled_by":[],"bundle_stock_status":"instock","bundle_stock_quantity":4,"bundle_virtual":false,"bundle_layout":"","bundle_add_to_cart_form_location":"","bundle_editable_in_cart":false,"bundle_sold_individually_context":"","bundle_item_grouping":"","bundle_min_size":"","bundle_max_size":"","bundled_items":[],"yoast_head":"<!-- This site is optimized with the Yoast SEO plugin v20.6 - https:\/\/yoast.com\/wordpress\/plugins\/seo\/ -->\n<title>PUMP WORX BOMBA DE ERECCION AUTOMATICA - Tienda Er\u00f3tica<\/title>\n<meta name=\"robots\" content=\"noindex, follow, max-snippet:-1, max-image-preview:large, max-video-preview:-1\" \/>\n<meta property=\"og:locale\" content=\"es_ES\" \/>\n<meta property=\"og:type\" content=\"article\" \/>\n<meta property=\"og:title\" content=\"PUMP WORX BOMBA DE ERECCION AUTOMATICA - Tienda Er\u00f3tica\" \/>\n<meta property=\"og:description\" content=\"PUMP WORX MEGA-VAC POWER PUMP. Convierte el agrandamiento del pene de la era cibern\u00e9tica con nuestra bomba de erecci\u00f3n autom\u00e1tica\" \/>\n<meta property=\"og:url\" content=\"https:\/\/demoweb.info\/sexshop001\/producto\/pump-worx-bomba-de-ereccion-automatica-2\/\" \/>\n<meta property=\"og:site_name\" content=\"Tienda Er\u00f3tica\" \/>\n<meta property=\"article:modified_time\" content=\"2022-01-22T10:29:25+00:00\" \/>\n<meta property=\"og:image\" content=\"https:\/\/demoweb.info\/sexshop001\/wp-content\/uploads\/2022\/01\/PUMP-WORX-BOMBA-DE-ERECCION-AUTOMATICA-4.jpg\" \/>\n\t<meta property=\"og:image:width\" content=\"550\" \/>\n\t<meta property=\"og:image:height\" content=\"550\" \/>\n\t<meta property=\"og:image:type\" content=\"image\/jpeg\" \/>\n<meta name=\"twitter:card\" content=\"summary_large_image\" \/>\n<meta name=\"twitter:label1\" content=\"Tiempo de lectura\" \/>\n\t<meta name=\"twitter:data1\" content=\"1 minuto\" \/>\n<script type=\"application\/ld+json\" class=\"yoast-schema-graph\">{\"@context\":\"https:\/\/schema.org\",\"@graph\":[{\"@type\":\"WebPage\",\"@id\":\"https:\/\/demoweb.info\/sexshop001\/producto\/pump-worx-bomba-de-ereccion-automatica-2\/\",\"url\":\"https:\/\/demoweb.info\/sexshop001\/producto\/pump-worx-bomba-de-ereccion-automatica-2\/\",\"name\":\"PUMP WORX BOMBA DE ERECCION AUTOMATICA - Tienda Er\u00f3tica\",\"isPartOf\":{\"@id\":\"https:\/\/demoweb.info\/sexshop001\/#website\"},\"datePublished\":\"2022-01-22T10:28:56+00:00\",\"dateModified\":\"2022-01-22T10:29:25+00:00\",\"breadcrumb\":{\"@id\":\"https:\/\/demoweb.info\/sexshop001\/producto\/pump-worx-bomba-de-ereccion-automatica-2\/#breadcrumb\"},\"inLanguage\":\"es\",\"potentialAction\":[{\"@type\":\"ReadAction\",\"target\":[\"https:\/\/demoweb.info\/sexshop001\/producto\/pump-worx-bomba-de-ereccion-automatica-2\/\"]}]},{\"@type\":\"BreadcrumbList\",\"@id\":\"https:\/\/demoweb.info\/sexshop001\/producto\/pump-worx-bomba-de-ereccion-automatica-2\/#breadcrumb\",\"itemListElement\":[{\"@type\":\"ListItem\",\"position\":1,\"name\":\"Portada\",\"item\":\"https:\/\/demoweb.info\/sexshop001\/\"},{\"@type\":\"ListItem\",\"position\":2,\"name\":\"Tienda\",\"item\":\"https:\/\/demoweb.info\/sexshop001\/tienda\/\"},{\"@type\":\"ListItem\",\"position\":3,\"name\":\"PUMP WORX BOMBA DE ERECCION AUTOMATICA\"}]},{\"@type\":\"WebSite\",\"@id\":\"https:\/\/demoweb.info\/sexshop001\/#website\",\"url\":\"https:\/\/demoweb.info\/sexshop001\/\",\"name\":\"Tienda Er\u00f3tica\",\"description\":\"DEMOWEB SL\",\"potentialAction\":[{\"@type\":\"SearchAction\",\"target\":{\"@type\":\"EntryPoint\",\"urlTemplate\":\"https:\/\/demoweb.info\/sexshop001\/?s={search_term_string}\"},\"query-input\":\"required name=search_term_string\"}],\"inLanguage\":\"es\"}]}<\/script>\n<!-- \/ Yoast SEO plugin. -->","yoast_head_json":{"title":"PUMP WORX BOMBA DE ERECCION AUTOMATICA - Tienda Er\u00f3tica","robots":{"index":"noindex","follow":"follow","max-snippet":"max-snippet:-1","max-image-preview":"max-image-preview:large","max-video-preview":"max-video-preview:-1"},"og_locale":"es_ES","og_type":"article","og_title":"PUMP WORX BOMBA DE ERECCION AUTOMATICA - Tienda Er\u00f3tica","og_description":"PUMP WORX MEGA-VAC POWER PUMP. Convierte el agrandamiento del pene de la era cibern\u00e9tica con nuestra bomba de erecci\u00f3n autom\u00e1tica","og_url":"https:\/\/demoweb.info\/sexshop001\/producto\/pump-worx-bomba-de-ereccion-automatica-2\/","og_site_name":"Tienda Er\u00f3tica","article_modified_time":"2022-01-22T10:29:25+00:00","og_image":[{"width":550,"height":550,"url":"https:\/\/demoweb.info\/sexshop001\/wp-content\/uploads\/2022\/01\/PUMP-WORX-BOMBA-DE-ERECCION-AUTOMATICA-4.jpg","type":"image\/jpeg"}],"twitter_card":"summary_large_image","twitter_misc":{"Tiempo de lectura":"1 minuto"},"schema":{"@context":"https:\/\/schema.org","@graph":[{"@type":"WebPage","@id":"https:\/\/demoweb.info\/sexshop001\/producto\/pump-worx-bomba-de-ereccion-automatica-2\/","url":"https:\/\/demoweb.info\/sexshop001\/producto\/pump-worx-bomba-de-ereccion-automatica-2\/","name":"PUMP WORX BOMBA DE ERECCION AUTOMATICA - Tienda Er\u00f3tica","isPartOf":{"@id":"https:\/\/demoweb.info\/sexshop001\/#website"},"datePublished":"2022-01-22T10:28:56+00:00","dateModified":"2022-01-22T10:29:25+00:00","breadcrumb":{"@id":"https:\/\/demoweb.info\/sexshop001\/producto\/pump-worx-bomba-de-ereccion-automatica-2\/#breadcrumb"},"inLanguage":"es","potentialAction":[{"@type":"ReadAction","target":["https:\/\/demoweb.info\/sexshop001\/producto\/pump-worx-bomba-de-ereccion-automatica-2\/"]}]},{"@type":"BreadcrumbList","@id":"https:\/\/demoweb.info\/sexshop001\/producto\/pump-worx-bomba-de-ereccion-automatica-2\/#breadcrumb","itemListElement":[{"@type":"ListItem","position":1,"name":"Portada","item":"https:\/\/demoweb.info\/sexshop001\/"},{"@type":"ListItem","position":2,"name":"Tienda","item":"https:\/\/demoweb.info\/sexshop001\/tienda\/"},{"@type":"ListItem","position":3,"name":"PUMP WORX BOMBA DE ERECCION AUTOMATICA"}]},{"@type":"WebSite","@id":"https:\/\/demoweb.info\/sexshop001\/#website","url":"https:\/\/demoweb.info\/sexshop001\/","name":"Tienda Er\u00f3tica","description":"DEMOWEB SL","potentialAction":[{"@type":"SearchAction","target":{"@type":"EntryPoint","urlTemplate":"https:\/\/demoweb.info\/sexshop001\/?s={search_term_string}"},"query-input":"required name=search_term_string"}],"inLanguage":"es"}]}},"_links":{"self":[{"href":"https:\/\/demoweb.info\/sexshop001\/wp-json\/wp\/v3\/product\/22863","targetHints":{"allow":["GET"]}}],"collection":[{"href":"https:\/\/demoweb.info\/sexshop001\/wp-json\/wp\/v3\/product"}],"about":[{"href":"https:\/\/demoweb.info\/sexshop001\/wp-json\/wp\/v2\/types\/product"}],"replies":[{"embeddable":true,"href":"https:\/\/demoweb.info\/sexshop001\/wp-json\/wp\/v2\/comments?post=22863"}],"wp:featuredmedia":[{"embeddable":true,"href":"https:\/\/demoweb.info\/sexshop001\/wp-json\/wp\/v2\/media\/22864"}],"wp:attachment":[{"href":"https:\/\/demoweb.info\/sexshop001\/wp-json\/wp\/v2\/media?parent=22863"}],"wp:term":[{"taxonomy":"product_cat","embeddable":true,"href":"https:\/\/demoweb.info\/sexshop001\/wp-json\/wp\/v2\/product_cat?post=22863"},{"taxonomy":"product_tag","embeddable":true,"href":"https:\/\/demoweb.info\/sexshop001\/wp-json\/wp\/v2\/product_tag?post=22863"}],"curies":[{"name":"wp","href":"https:\/\/api.w.org\/{rel}","templated":true}]}}