{"id":22650,"date":"2022-01-22T11:27:02","date_gmt":"2022-01-22T10:27:02","guid":{"rendered":"https:\/\/demoweb.info\/sexshop001\/producto\/3x-premium-ringed-rimmers-kit-de-entrenamiento-anal-negro\/"},"modified":"2022-01-22T11:27:34","modified_gmt":"2022-01-22T10:27:34","slug":"3x-premium-ringed-rimmers-kit-de-entrenamiento-anal-negro","status":"publish","type":"product","link":"https:\/\/demoweb.info\/sexshop001\/producto\/3x-premium-ringed-rimmers-kit-de-entrenamiento-anal-negro\/","title":{"rendered":"3X PREMIUM RINGED RIMMERS KIT DE ENTRENAMIENTO ANAL &#8211; NEGRO"},"content":{"rendered":"<p><strong>3X PREMIUM RINGED RIMMERS ANAL TRAINING SET <\/strong><\/p>\n<p>\u00a1El kit de entrenamiento perfecto para que los principiantes jueguen con el trasero! Disfruta de 2 texturas diferentes en 2 tama\u00f1os diferentes para un entrenamiento anal adecuado para principiantes y una excelente opci\u00f3n de calentamiento para veteranos del bot\u00edn. \u00a1Incluido con este paquete de 4 hay una vibraci\u00f3n de bala que se ajusta perfectamente a cada Rimmer para agregar una capa de placer vibrante a su entrenamiento anal!<\/p>\n<p>\u00a1Este kit vers\u00e1til est\u00e1 dise\u00f1ado para un entrenamiento c\u00f3modo en todos los niveles! Se incluyen dos texturas diferentes: los tapones ondulados ofrecen una sensaci\u00f3n m\u00e1s texturizada y similar a una cuenta para una entrada y salida m\u00e1s estimulantes, as\u00ed como un apret\u00f3n m\u00e1s din\u00e1mico cuando est\u00e1n completamente insertados. Los tapones c\u00f3nicos suaves ofrecen una forma m\u00e1s c\u00f3moda y accesible de acostumbrarse a la sensaci\u00f3n del juego anal: suave y flexible con una punta s\u00f3lida que cualquiera puede apreciar.<\/p>\n<p>Cada tap\u00f3n contiene una cavidad hueca para la vibraci\u00f3n de bala incluida: elija entre 3 niveles de intensidad de vibraci\u00f3n para aumentar el placer anal durante su entrenamiento o calentamiento. Agregue la bala a su tama\u00f1o y forma preferidos y encienda el zumbido del placer.<\/p>\n<p>Cada enchufe est\u00e1 hecho con silicona resistente al agua, suave como la seda y sin ftalatos, segura para el cuerpo para una experiencia premium sin preocupaciones. La bala incluida es resistente al agua para que puedas jugar en la ducha y sea f\u00e1cil de limpiar.<\/p>\n<p><strong>Dimensiones:<\/strong><\/p>\n<p>Enchufe ondulado peque\u00f1o:<br \/>\nLongitud: 15 cm<br \/>\nDi\u00e1metro: 2,8 cm<br \/>\nLongitud insertable: 10,7 cm<\/p>\n<p>Enchufe ondulado grande:<br \/>\nLongitud: 17,3 cm<br \/>\nDi\u00e1metro: 3,1 cm<br \/>\nLongitud insertable: 12,7 cm<\/p>\n<p>Tap\u00f3n c\u00f3nico peque\u00f1o:<br \/>\nLongitud: 13,5 cm<br \/>\nDi\u00e1metro: 2,6 cm<br \/>\nLongitud insertable: 8,9 cm<\/p>\n<p>Tap\u00f3n c\u00f3nico grande:<br \/>\nLongitud: 16 cm<br \/>\nDi\u00e1metro: 3,3 cm<br \/>\nLongitud insertable: 11,5 cm<\/p>\n","protected":false},"excerpt":{"rendered":"<p>3X PREMIUM RINGED RIMMERS ANAL TRAINING SET \u00a1El kit de entrenamiento perfecto para que los principiantes jueguen con el trasero!<\/p>\n","protected":false},"featured_media":22651,"comment_status":"open","ping_status":"open","template":"","meta":[],"product_cat":[310],"product_tag":[463,274],"class_list":["post-22650","product","type-product","status-publish","has-post-thumbnail","hentry","product_cat-kits","product_tag-master-series","product_tag-xr-brands"],"bundled_by":[],"bundle_stock_status":"outofstock","bundle_stock_quantity":0,"bundle_virtual":false,"bundle_layout":"","bundle_add_to_cart_form_location":"","bundle_editable_in_cart":false,"bundle_sold_individually_context":"","bundle_item_grouping":"","bundle_min_size":"","bundle_max_size":"","bundled_items":[],"yoast_head":"<!-- This site is optimized with the Yoast SEO plugin v20.6 - https:\/\/yoast.com\/wordpress\/plugins\/seo\/ -->\n<title>3X PREMIUM RINGED RIMMERS KIT DE ENTRENAMIENTO ANAL - NEGRO - Tienda Er\u00f3tica<\/title>\n<meta name=\"robots\" content=\"noindex, follow, max-snippet:-1, max-image-preview:large, max-video-preview:-1\" \/>\n<meta property=\"og:locale\" content=\"es_ES\" \/>\n<meta property=\"og:type\" content=\"article\" \/>\n<meta property=\"og:title\" content=\"3X PREMIUM RINGED RIMMERS KIT DE ENTRENAMIENTO ANAL - NEGRO - Tienda Er\u00f3tica\" \/>\n<meta property=\"og:description\" content=\"3X PREMIUM RINGED RIMMERS ANAL TRAINING SET \u00a1El kit de entrenamiento perfecto para que los principiantes jueguen con el trasero!\" \/>\n<meta property=\"og:url\" content=\"https:\/\/demoweb.info\/sexshop001\/producto\/3x-premium-ringed-rimmers-kit-de-entrenamiento-anal-negro\/\" \/>\n<meta property=\"og:site_name\" content=\"Tienda Er\u00f3tica\" \/>\n<meta property=\"article:modified_time\" content=\"2022-01-22T10:27:34+00:00\" \/>\n<meta property=\"og:image\" content=\"https:\/\/demoweb.info\/sexshop001\/wp-content\/uploads\/2022\/01\/3X-PREMIUM-RINGED-RIMMERS-KIT-DE-ENTRENAMIENTO-ANAL-NEGRO.jpg\" \/>\n\t<meta property=\"og:image:width\" content=\"550\" \/>\n\t<meta property=\"og:image:height\" content=\"550\" \/>\n\t<meta property=\"og:image:type\" content=\"image\/jpeg\" \/>\n<meta name=\"twitter:card\" content=\"summary_large_image\" \/>\n<meta name=\"twitter:label1\" content=\"Tiempo de lectura\" \/>\n\t<meta name=\"twitter:data1\" content=\"2 minutos\" \/>\n<script type=\"application\/ld+json\" class=\"yoast-schema-graph\">{\"@context\":\"https:\/\/schema.org\",\"@graph\":[{\"@type\":\"WebPage\",\"@id\":\"https:\/\/demoweb.info\/sexshop001\/producto\/3x-premium-ringed-rimmers-kit-de-entrenamiento-anal-negro\/\",\"url\":\"https:\/\/demoweb.info\/sexshop001\/producto\/3x-premium-ringed-rimmers-kit-de-entrenamiento-anal-negro\/\",\"name\":\"3X PREMIUM RINGED RIMMERS KIT DE ENTRENAMIENTO ANAL - NEGRO - Tienda Er\u00f3tica\",\"isPartOf\":{\"@id\":\"https:\/\/demoweb.info\/sexshop001\/#website\"},\"datePublished\":\"2022-01-22T10:27:02+00:00\",\"dateModified\":\"2022-01-22T10:27:34+00:00\",\"breadcrumb\":{\"@id\":\"https:\/\/demoweb.info\/sexshop001\/producto\/3x-premium-ringed-rimmers-kit-de-entrenamiento-anal-negro\/#breadcrumb\"},\"inLanguage\":\"es\",\"potentialAction\":[{\"@type\":\"ReadAction\",\"target\":[\"https:\/\/demoweb.info\/sexshop001\/producto\/3x-premium-ringed-rimmers-kit-de-entrenamiento-anal-negro\/\"]}]},{\"@type\":\"BreadcrumbList\",\"@id\":\"https:\/\/demoweb.info\/sexshop001\/producto\/3x-premium-ringed-rimmers-kit-de-entrenamiento-anal-negro\/#breadcrumb\",\"itemListElement\":[{\"@type\":\"ListItem\",\"position\":1,\"name\":\"Portada\",\"item\":\"https:\/\/demoweb.info\/sexshop001\/\"},{\"@type\":\"ListItem\",\"position\":2,\"name\":\"Tienda\",\"item\":\"https:\/\/demoweb.info\/sexshop001\/tienda\/\"},{\"@type\":\"ListItem\",\"position\":3,\"name\":\"3X PREMIUM RINGED RIMMERS KIT DE ENTRENAMIENTO ANAL &#8211; NEGRO\"}]},{\"@type\":\"WebSite\",\"@id\":\"https:\/\/demoweb.info\/sexshop001\/#website\",\"url\":\"https:\/\/demoweb.info\/sexshop001\/\",\"name\":\"Tienda Er\u00f3tica\",\"description\":\"DEMOWEB SL\",\"potentialAction\":[{\"@type\":\"SearchAction\",\"target\":{\"@type\":\"EntryPoint\",\"urlTemplate\":\"https:\/\/demoweb.info\/sexshop001\/?s={search_term_string}\"},\"query-input\":\"required name=search_term_string\"}],\"inLanguage\":\"es\"}]}<\/script>\n<!-- \/ Yoast SEO plugin. -->","yoast_head_json":{"title":"3X PREMIUM RINGED RIMMERS KIT DE ENTRENAMIENTO ANAL - NEGRO - Tienda Er\u00f3tica","robots":{"index":"noindex","follow":"follow","max-snippet":"max-snippet:-1","max-image-preview":"max-image-preview:large","max-video-preview":"max-video-preview:-1"},"og_locale":"es_ES","og_type":"article","og_title":"3X PREMIUM RINGED RIMMERS KIT DE ENTRENAMIENTO ANAL - NEGRO - Tienda Er\u00f3tica","og_description":"3X PREMIUM RINGED RIMMERS ANAL TRAINING SET \u00a1El kit de entrenamiento perfecto para que los principiantes jueguen con el trasero!","og_url":"https:\/\/demoweb.info\/sexshop001\/producto\/3x-premium-ringed-rimmers-kit-de-entrenamiento-anal-negro\/","og_site_name":"Tienda Er\u00f3tica","article_modified_time":"2022-01-22T10:27:34+00:00","og_image":[{"width":550,"height":550,"url":"https:\/\/demoweb.info\/sexshop001\/wp-content\/uploads\/2022\/01\/3X-PREMIUM-RINGED-RIMMERS-KIT-DE-ENTRENAMIENTO-ANAL-NEGRO.jpg","type":"image\/jpeg"}],"twitter_card":"summary_large_image","twitter_misc":{"Tiempo de lectura":"2 minutos"},"schema":{"@context":"https:\/\/schema.org","@graph":[{"@type":"WebPage","@id":"https:\/\/demoweb.info\/sexshop001\/producto\/3x-premium-ringed-rimmers-kit-de-entrenamiento-anal-negro\/","url":"https:\/\/demoweb.info\/sexshop001\/producto\/3x-premium-ringed-rimmers-kit-de-entrenamiento-anal-negro\/","name":"3X PREMIUM RINGED RIMMERS KIT DE ENTRENAMIENTO ANAL - NEGRO - Tienda Er\u00f3tica","isPartOf":{"@id":"https:\/\/demoweb.info\/sexshop001\/#website"},"datePublished":"2022-01-22T10:27:02+00:00","dateModified":"2022-01-22T10:27:34+00:00","breadcrumb":{"@id":"https:\/\/demoweb.info\/sexshop001\/producto\/3x-premium-ringed-rimmers-kit-de-entrenamiento-anal-negro\/#breadcrumb"},"inLanguage":"es","potentialAction":[{"@type":"ReadAction","target":["https:\/\/demoweb.info\/sexshop001\/producto\/3x-premium-ringed-rimmers-kit-de-entrenamiento-anal-negro\/"]}]},{"@type":"BreadcrumbList","@id":"https:\/\/demoweb.info\/sexshop001\/producto\/3x-premium-ringed-rimmers-kit-de-entrenamiento-anal-negro\/#breadcrumb","itemListElement":[{"@type":"ListItem","position":1,"name":"Portada","item":"https:\/\/demoweb.info\/sexshop001\/"},{"@type":"ListItem","position":2,"name":"Tienda","item":"https:\/\/demoweb.info\/sexshop001\/tienda\/"},{"@type":"ListItem","position":3,"name":"3X PREMIUM RINGED RIMMERS KIT DE ENTRENAMIENTO ANAL &#8211; NEGRO"}]},{"@type":"WebSite","@id":"https:\/\/demoweb.info\/sexshop001\/#website","url":"https:\/\/demoweb.info\/sexshop001\/","name":"Tienda Er\u00f3tica","description":"DEMOWEB SL","potentialAction":[{"@type":"SearchAction","target":{"@type":"EntryPoint","urlTemplate":"https:\/\/demoweb.info\/sexshop001\/?s={search_term_string}"},"query-input":"required name=search_term_string"}],"inLanguage":"es"}]}},"_links":{"self":[{"href":"https:\/\/demoweb.info\/sexshop001\/wp-json\/wp\/v3\/product\/22650","targetHints":{"allow":["GET"]}}],"collection":[{"href":"https:\/\/demoweb.info\/sexshop001\/wp-json\/wp\/v3\/product"}],"about":[{"href":"https:\/\/demoweb.info\/sexshop001\/wp-json\/wp\/v2\/types\/product"}],"replies":[{"embeddable":true,"href":"https:\/\/demoweb.info\/sexshop001\/wp-json\/wp\/v2\/comments?post=22650"}],"wp:featuredmedia":[{"embeddable":true,"href":"https:\/\/demoweb.info\/sexshop001\/wp-json\/wp\/v2\/media\/22651"}],"wp:attachment":[{"href":"https:\/\/demoweb.info\/sexshop001\/wp-json\/wp\/v2\/media?parent=22650"}],"wp:term":[{"taxonomy":"product_cat","embeddable":true,"href":"https:\/\/demoweb.info\/sexshop001\/wp-json\/wp\/v2\/product_cat?post=22650"},{"taxonomy":"product_tag","embeddable":true,"href":"https:\/\/demoweb.info\/sexshop001\/wp-json\/wp\/v2\/product_tag?post=22650"}],"curies":[{"name":"wp","href":"https:\/\/api.w.org\/{rel}","templated":true}]}}