{"id":22645,"date":"2022-01-22T11:27:02","date_gmt":"2022-01-22T10:27:02","guid":{"rendered":"https:\/\/demoweb.info\/sexshop001\/producto\/the-key-holder-deluxe-caja-con-candado-transparente\/"},"modified":"2022-01-22T11:27:32","modified_gmt":"2022-01-22T10:27:32","slug":"the-key-holder-deluxe-caja-con-candado-transparente","status":"publish","type":"product","link":"https:\/\/demoweb.info\/sexshop001\/producto\/the-key-holder-deluxe-caja-con-candado-transparente\/","title":{"rendered":"THE KEY HOLDER DELUXE CAJA CON CANDADO &#8211; TRANSPARENTE"},"content":{"rendered":"<p><strong>THE KEY HOLDER DELUXE CLEAR CASE WITH LOCK<\/strong><\/p>\n<p>\u00a1Este estuche transparente muestra su din\u00e1mica de poder! Creado para aquellos que incursionan en escenas BDSM extendidas que involucran castidad y tenencia de llaves, el dise\u00f1o transparente y el bloqueo del temporizador de cuenta regresiva preparan el escenario para un intercambio a largo plazo de poder y confianza para parejas pervertidas y entusiastas del BDSM. Encierra a tu sumiso con un dispositivo de castidad o un par de ataduras y encierra las llaves hasta que ganen su libertad.<\/p>\n<p>Explore una forma de juego m\u00e1s decisiva y extrema con el bloqueo de cuenta regresiva incluido: el bot\u00f3n izquierdo establece la duraci\u00f3n de la hora mientras que el bot\u00f3n derecho establece la duraci\u00f3n de los minutos. Una vez que presione el bot\u00f3n central, \u00a1comienza una cuenta regresiva de 5 segundos! Durante esta cuenta regresiva, si presiona el bot\u00f3n central, puede establecer una nueva duraci\u00f3n de tiempo. Sin embargo, una vez que termina la cuenta regresiva, el bloqueo se bloquea hasta que la cuenta regresiva llegue a cero. La \u00fanica otra forma de desbloquear este cerrojo tortuoso es cort\u00e1ndolo, as\u00ed que aseg\u00farese de estar 100% seguro de bloquear una llave en este caso.<\/p>\n<p>\u00a1Encierra a tu amante en su jaula de castidad por un d\u00eda y mant\u00e9n la llave en exhibici\u00f3n para molestarlo y atormentarlo! Pero aseg\u00farese de discutir condiciones espec\u00edficas, rituales u otros eventos para ganarse su libertad. Con este estuche y candado, no solo pueden ver su llave a la libertad, \u00a1tienen que ser testigos de cu\u00e1nto tiempo queda en la escena! Este tipo de juego recuerda al sumiso el poder de los poseedores de claves, pero recuerde establecer l\u00edmites para que ambas partes puedan disfrutar de la escena al m\u00e1ximo.<\/p>\n<p>La cerradura se puede programar hasta 99 horas y 59 minutos y es recargable con el cable de recarga incluido. \u00a1La pantalla brillante tambi\u00e9n permite su uso en la oscuridad!<\/p>\n<p><strong>Dimensiones:<\/strong><\/p>\n<p>Caja:<br \/>\nLongitud: 4,9 cm<br \/>\nAncho: 4,9 cm<br \/>\nAltura: 5,9 cm<\/p>\n<p>Bloqueo:<br \/>\nAncho: 3,9 cm<br \/>\nAltura: 7,2 cm<\/p>\n","protected":false},"excerpt":{"rendered":"<p>THE KEY HOLDER DELUXE CLEAR CASE WITH LOCK \u00a1Este estuche transparente muestra su din\u00e1mica de poder! Creado para aquellos que<\/p>\n","protected":false},"featured_media":22646,"comment_status":"open","ping_status":"open","template":"","meta":[],"product_cat":[305],"product_tag":[463,274],"class_list":["post-22645","product","type-product","status-publish","has-post-thumbnail","hentry","product_cat-castidad","product_tag-master-series","product_tag-xr-brands"],"bundled_by":[],"bundle_stock_status":"instock","bundle_stock_quantity":1,"bundle_virtual":false,"bundle_layout":"","bundle_add_to_cart_form_location":"","bundle_editable_in_cart":false,"bundle_sold_individually_context":"","bundle_item_grouping":"","bundle_min_size":"","bundle_max_size":"","bundled_items":[],"yoast_head":"<!-- This site is optimized with the Yoast SEO plugin v20.6 - https:\/\/yoast.com\/wordpress\/plugins\/seo\/ -->\n<title>THE KEY HOLDER DELUXE CAJA CON CANDADO - TRANSPARENTE - Tienda Er\u00f3tica<\/title>\n<meta name=\"robots\" content=\"noindex, follow, max-snippet:-1, max-image-preview:large, max-video-preview:-1\" \/>\n<meta property=\"og:locale\" content=\"es_ES\" \/>\n<meta property=\"og:type\" content=\"article\" \/>\n<meta property=\"og:title\" content=\"THE KEY HOLDER DELUXE CAJA CON CANDADO - TRANSPARENTE - Tienda Er\u00f3tica\" \/>\n<meta property=\"og:description\" content=\"THE KEY HOLDER DELUXE CLEAR CASE WITH LOCK \u00a1Este estuche transparente muestra su din\u00e1mica de poder! Creado para aquellos que\" \/>\n<meta property=\"og:url\" content=\"https:\/\/demoweb.info\/sexshop001\/producto\/the-key-holder-deluxe-caja-con-candado-transparente\/\" \/>\n<meta property=\"og:site_name\" content=\"Tienda Er\u00f3tica\" \/>\n<meta property=\"article:modified_time\" content=\"2022-01-22T10:27:32+00:00\" \/>\n<meta property=\"og:image\" content=\"https:\/\/demoweb.info\/sexshop001\/wp-content\/uploads\/2022\/01\/THE-KEY-HOLDER-DELUXE-CAJA-CON-CANDADO-TRANSPARENTE.jpg\" \/>\n\t<meta property=\"og:image:width\" content=\"550\" \/>\n\t<meta property=\"og:image:height\" content=\"550\" \/>\n\t<meta property=\"og:image:type\" content=\"image\/jpeg\" \/>\n<meta name=\"twitter:card\" content=\"summary_large_image\" \/>\n<meta name=\"twitter:label1\" content=\"Tiempo de lectura\" \/>\n\t<meta name=\"twitter:data1\" content=\"2 minutos\" \/>\n<script type=\"application\/ld+json\" class=\"yoast-schema-graph\">{\"@context\":\"https:\/\/schema.org\",\"@graph\":[{\"@type\":\"WebPage\",\"@id\":\"https:\/\/demoweb.info\/sexshop001\/producto\/the-key-holder-deluxe-caja-con-candado-transparente\/\",\"url\":\"https:\/\/demoweb.info\/sexshop001\/producto\/the-key-holder-deluxe-caja-con-candado-transparente\/\",\"name\":\"THE KEY HOLDER DELUXE CAJA CON CANDADO - TRANSPARENTE - Tienda Er\u00f3tica\",\"isPartOf\":{\"@id\":\"https:\/\/demoweb.info\/sexshop001\/#website\"},\"datePublished\":\"2022-01-22T10:27:02+00:00\",\"dateModified\":\"2022-01-22T10:27:32+00:00\",\"breadcrumb\":{\"@id\":\"https:\/\/demoweb.info\/sexshop001\/producto\/the-key-holder-deluxe-caja-con-candado-transparente\/#breadcrumb\"},\"inLanguage\":\"es\",\"potentialAction\":[{\"@type\":\"ReadAction\",\"target\":[\"https:\/\/demoweb.info\/sexshop001\/producto\/the-key-holder-deluxe-caja-con-candado-transparente\/\"]}]},{\"@type\":\"BreadcrumbList\",\"@id\":\"https:\/\/demoweb.info\/sexshop001\/producto\/the-key-holder-deluxe-caja-con-candado-transparente\/#breadcrumb\",\"itemListElement\":[{\"@type\":\"ListItem\",\"position\":1,\"name\":\"Portada\",\"item\":\"https:\/\/demoweb.info\/sexshop001\/\"},{\"@type\":\"ListItem\",\"position\":2,\"name\":\"Tienda\",\"item\":\"https:\/\/demoweb.info\/sexshop001\/tienda\/\"},{\"@type\":\"ListItem\",\"position\":3,\"name\":\"THE KEY HOLDER DELUXE CAJA CON CANDADO &#8211; TRANSPARENTE\"}]},{\"@type\":\"WebSite\",\"@id\":\"https:\/\/demoweb.info\/sexshop001\/#website\",\"url\":\"https:\/\/demoweb.info\/sexshop001\/\",\"name\":\"Tienda Er\u00f3tica\",\"description\":\"DEMOWEB SL\",\"potentialAction\":[{\"@type\":\"SearchAction\",\"target\":{\"@type\":\"EntryPoint\",\"urlTemplate\":\"https:\/\/demoweb.info\/sexshop001\/?s={search_term_string}\"},\"query-input\":\"required name=search_term_string\"}],\"inLanguage\":\"es\"}]}<\/script>\n<!-- \/ Yoast SEO plugin. -->","yoast_head_json":{"title":"THE KEY HOLDER DELUXE CAJA CON CANDADO - TRANSPARENTE - Tienda Er\u00f3tica","robots":{"index":"noindex","follow":"follow","max-snippet":"max-snippet:-1","max-image-preview":"max-image-preview:large","max-video-preview":"max-video-preview:-1"},"og_locale":"es_ES","og_type":"article","og_title":"THE KEY HOLDER DELUXE CAJA CON CANDADO - TRANSPARENTE - Tienda Er\u00f3tica","og_description":"THE KEY HOLDER DELUXE CLEAR CASE WITH LOCK \u00a1Este estuche transparente muestra su din\u00e1mica de poder! Creado para aquellos que","og_url":"https:\/\/demoweb.info\/sexshop001\/producto\/the-key-holder-deluxe-caja-con-candado-transparente\/","og_site_name":"Tienda Er\u00f3tica","article_modified_time":"2022-01-22T10:27:32+00:00","og_image":[{"width":550,"height":550,"url":"https:\/\/demoweb.info\/sexshop001\/wp-content\/uploads\/2022\/01\/THE-KEY-HOLDER-DELUXE-CAJA-CON-CANDADO-TRANSPARENTE.jpg","type":"image\/jpeg"}],"twitter_card":"summary_large_image","twitter_misc":{"Tiempo de lectura":"2 minutos"},"schema":{"@context":"https:\/\/schema.org","@graph":[{"@type":"WebPage","@id":"https:\/\/demoweb.info\/sexshop001\/producto\/the-key-holder-deluxe-caja-con-candado-transparente\/","url":"https:\/\/demoweb.info\/sexshop001\/producto\/the-key-holder-deluxe-caja-con-candado-transparente\/","name":"THE KEY HOLDER DELUXE CAJA CON CANDADO - TRANSPARENTE - Tienda Er\u00f3tica","isPartOf":{"@id":"https:\/\/demoweb.info\/sexshop001\/#website"},"datePublished":"2022-01-22T10:27:02+00:00","dateModified":"2022-01-22T10:27:32+00:00","breadcrumb":{"@id":"https:\/\/demoweb.info\/sexshop001\/producto\/the-key-holder-deluxe-caja-con-candado-transparente\/#breadcrumb"},"inLanguage":"es","potentialAction":[{"@type":"ReadAction","target":["https:\/\/demoweb.info\/sexshop001\/producto\/the-key-holder-deluxe-caja-con-candado-transparente\/"]}]},{"@type":"BreadcrumbList","@id":"https:\/\/demoweb.info\/sexshop001\/producto\/the-key-holder-deluxe-caja-con-candado-transparente\/#breadcrumb","itemListElement":[{"@type":"ListItem","position":1,"name":"Portada","item":"https:\/\/demoweb.info\/sexshop001\/"},{"@type":"ListItem","position":2,"name":"Tienda","item":"https:\/\/demoweb.info\/sexshop001\/tienda\/"},{"@type":"ListItem","position":3,"name":"THE KEY HOLDER DELUXE CAJA CON CANDADO &#8211; TRANSPARENTE"}]},{"@type":"WebSite","@id":"https:\/\/demoweb.info\/sexshop001\/#website","url":"https:\/\/demoweb.info\/sexshop001\/","name":"Tienda Er\u00f3tica","description":"DEMOWEB SL","potentialAction":[{"@type":"SearchAction","target":{"@type":"EntryPoint","urlTemplate":"https:\/\/demoweb.info\/sexshop001\/?s={search_term_string}"},"query-input":"required name=search_term_string"}],"inLanguage":"es"}]}},"_links":{"self":[{"href":"https:\/\/demoweb.info\/sexshop001\/wp-json\/wp\/v3\/product\/22645","targetHints":{"allow":["GET"]}}],"collection":[{"href":"https:\/\/demoweb.info\/sexshop001\/wp-json\/wp\/v3\/product"}],"about":[{"href":"https:\/\/demoweb.info\/sexshop001\/wp-json\/wp\/v2\/types\/product"}],"replies":[{"embeddable":true,"href":"https:\/\/demoweb.info\/sexshop001\/wp-json\/wp\/v2\/comments?post=22645"}],"wp:featuredmedia":[{"embeddable":true,"href":"https:\/\/demoweb.info\/sexshop001\/wp-json\/wp\/v2\/media\/22646"}],"wp:attachment":[{"href":"https:\/\/demoweb.info\/sexshop001\/wp-json\/wp\/v2\/media?parent=22645"}],"wp:term":[{"taxonomy":"product_cat","embeddable":true,"href":"https:\/\/demoweb.info\/sexshop001\/wp-json\/wp\/v2\/product_cat?post=22645"},{"taxonomy":"product_tag","embeddable":true,"href":"https:\/\/demoweb.info\/sexshop001\/wp-json\/wp\/v2\/product_tag?post=22645"}],"curies":[{"name":"wp","href":"https:\/\/api.w.org\/{rel}","templated":true}]}}