{"id":22640,"date":"2022-01-22T11:27:02","date_gmt":"2022-01-22T10:27:02","guid":{"rendered":"https:\/\/demoweb.info\/sexshop001\/producto\/scepter-50x-varita-de-masaje-de-silicona-negro-oro\/"},"modified":"2022-01-22T11:27:29","modified_gmt":"2022-01-22T10:27:29","slug":"scepter-50x-varita-de-masaje-de-silicona-negro-oro","status":"publish","type":"product","link":"https:\/\/demoweb.info\/sexshop001\/producto\/scepter-50x-varita-de-masaje-de-silicona-negro-oro\/","title":{"rendered":"SCEPTER 50X VARITA DE MASAJE DE SILICONA &#8211; NEGRO\/ORO"},"content":{"rendered":"<p><strong>SCEPTER 50X SILICONE WAND MASSAGER<\/strong><\/p>\n<p>Vers\u00e1til, potente y elegantemente dise\u00f1ado. Esta poderosa varita presenta controles f\u00e1ciles de usar y una serie de caracter\u00edsticas de comodidad para que pueda masajear durante per\u00edodos prolongados sin fatiga. Los acentos de oro rosa y el color morado oscuro brindan una est\u00e9tica premium que acompa\u00f1a a su intenso poder de masaje.<\/p>\n<p>Los controles f\u00e1ciles de usar le permiten alternar entre 5 niveles de intensidad de vibraci\u00f3n y 10 patrones de vibraci\u00f3n para ayudarlo a encontrar la combinaci\u00f3n perfecta de potencia y ritmo para relajar los m\u00fasculos doloridos. El cuello flexible ayuda a aplicar presi\u00f3n sin molestias, y el mango que absorbe la vibraci\u00f3n mantiene la vibraci\u00f3n en la cabeza del masajeador y no en el mango para que pueda masajear durante sesiones prolongadas con facilidad.<\/p>\n<p>La cabeza de silicona aterciopelada est\u00e1 hecha con silicona sin ftalatos para que pueda masajear sin preocupaciones. Adem\u00e1s, la construcci\u00f3n a prueba de salpicaduras IPX5 hace que esta varita sea f\u00e1cil de limpiar despu\u00e9s de su uso y es recargable a trav\u00e9s del cable de carga USB incluido para que pueda jugar sin la molestia de un cable de alimentaci\u00f3n.<\/p>\n<p>Caracter\u00edsticas:<\/p>\n<ul>\n<li>Dimensiones del producto: 33,1 x 5,8 x 4 cm<\/li>\n<li>Peso del producto: 402 gr<\/li>\n<li>Recargable: S\u00ed<\/li>\n<li>Tiempo de recarga: 150 min<\/li>\n<li>Vida de la recarga de las bater\u00edas: 120 min<\/li>\n<li>Resistente al agua<\/li>\n<li>Materiales: Silicona, pl\u00e1stico ABS<\/li>\n<\/ul>\n","protected":false},"excerpt":{"rendered":"<p>SCEPTER 50X SILICONE WAND MASSAGER Vers\u00e1til, potente y elegantemente dise\u00f1ado. Esta poderosa varita presenta controles f\u00e1ciles de usar y una<\/p>\n","protected":false},"featured_media":22641,"comment_status":"open","ping_status":"open","template":"","meta":[],"product_cat":[370],"product_tag":[1041,274],"class_list":["post-22640","product","type-product","status-publish","has-post-thumbnail","hentry","product_cat-clitoris","product_tag-wand-essentials","product_tag-xr-brands"],"bundled_by":[],"bundle_stock_status":"instock","bundle_stock_quantity":1,"bundle_virtual":false,"bundle_layout":"","bundle_add_to_cart_form_location":"","bundle_editable_in_cart":false,"bundle_sold_individually_context":"","bundle_item_grouping":"","bundle_min_size":"","bundle_max_size":"","bundled_items":[],"yoast_head":"<!-- This site is optimized with the Yoast SEO plugin v20.6 - https:\/\/yoast.com\/wordpress\/plugins\/seo\/ -->\n<title>SCEPTER 50X VARITA DE MASAJE DE SILICONA - NEGRO\/ORO - Tienda Er\u00f3tica<\/title>\n<meta name=\"robots\" content=\"noindex, follow, max-snippet:-1, max-image-preview:large, max-video-preview:-1\" \/>\n<meta property=\"og:locale\" content=\"es_ES\" \/>\n<meta property=\"og:type\" content=\"article\" \/>\n<meta property=\"og:title\" content=\"SCEPTER 50X VARITA DE MASAJE DE SILICONA - NEGRO\/ORO - Tienda Er\u00f3tica\" \/>\n<meta property=\"og:description\" content=\"SCEPTER 50X SILICONE WAND MASSAGER Vers\u00e1til, potente y elegantemente dise\u00f1ado. Esta poderosa varita presenta controles f\u00e1ciles de usar y una\" \/>\n<meta property=\"og:url\" content=\"https:\/\/demoweb.info\/sexshop001\/producto\/scepter-50x-varita-de-masaje-de-silicona-negro-oro\/\" \/>\n<meta property=\"og:site_name\" content=\"Tienda Er\u00f3tica\" \/>\n<meta property=\"article:modified_time\" content=\"2022-01-22T10:27:29+00:00\" \/>\n<meta property=\"og:image\" content=\"https:\/\/demoweb.info\/sexshop001\/wp-content\/uploads\/2022\/01\/SCEPTER-50X-VARITA-DE-MASAJE-DE-SILICONA-NEGROORO.jpg\" \/>\n\t<meta property=\"og:image:width\" content=\"550\" \/>\n\t<meta property=\"og:image:height\" content=\"550\" \/>\n\t<meta property=\"og:image:type\" content=\"image\/jpeg\" \/>\n<meta name=\"twitter:card\" content=\"summary_large_image\" \/>\n<meta name=\"twitter:label1\" content=\"Tiempo de lectura\" \/>\n\t<meta name=\"twitter:data1\" content=\"1 minuto\" \/>\n<script type=\"application\/ld+json\" class=\"yoast-schema-graph\">{\"@context\":\"https:\/\/schema.org\",\"@graph\":[{\"@type\":\"WebPage\",\"@id\":\"https:\/\/demoweb.info\/sexshop001\/producto\/scepter-50x-varita-de-masaje-de-silicona-negro-oro\/\",\"url\":\"https:\/\/demoweb.info\/sexshop001\/producto\/scepter-50x-varita-de-masaje-de-silicona-negro-oro\/\",\"name\":\"SCEPTER 50X VARITA DE MASAJE DE SILICONA - NEGRO\/ORO - Tienda Er\u00f3tica\",\"isPartOf\":{\"@id\":\"https:\/\/demoweb.info\/sexshop001\/#website\"},\"datePublished\":\"2022-01-22T10:27:02+00:00\",\"dateModified\":\"2022-01-22T10:27:29+00:00\",\"breadcrumb\":{\"@id\":\"https:\/\/demoweb.info\/sexshop001\/producto\/scepter-50x-varita-de-masaje-de-silicona-negro-oro\/#breadcrumb\"},\"inLanguage\":\"es\",\"potentialAction\":[{\"@type\":\"ReadAction\",\"target\":[\"https:\/\/demoweb.info\/sexshop001\/producto\/scepter-50x-varita-de-masaje-de-silicona-negro-oro\/\"]}]},{\"@type\":\"BreadcrumbList\",\"@id\":\"https:\/\/demoweb.info\/sexshop001\/producto\/scepter-50x-varita-de-masaje-de-silicona-negro-oro\/#breadcrumb\",\"itemListElement\":[{\"@type\":\"ListItem\",\"position\":1,\"name\":\"Portada\",\"item\":\"https:\/\/demoweb.info\/sexshop001\/\"},{\"@type\":\"ListItem\",\"position\":2,\"name\":\"Tienda\",\"item\":\"https:\/\/demoweb.info\/sexshop001\/tienda\/\"},{\"@type\":\"ListItem\",\"position\":3,\"name\":\"SCEPTER 50X VARITA DE MASAJE DE SILICONA &#8211; NEGRO\/ORO\"}]},{\"@type\":\"WebSite\",\"@id\":\"https:\/\/demoweb.info\/sexshop001\/#website\",\"url\":\"https:\/\/demoweb.info\/sexshop001\/\",\"name\":\"Tienda Er\u00f3tica\",\"description\":\"DEMOWEB SL\",\"potentialAction\":[{\"@type\":\"SearchAction\",\"target\":{\"@type\":\"EntryPoint\",\"urlTemplate\":\"https:\/\/demoweb.info\/sexshop001\/?s={search_term_string}\"},\"query-input\":\"required name=search_term_string\"}],\"inLanguage\":\"es\"}]}<\/script>\n<!-- \/ Yoast SEO plugin. -->","yoast_head_json":{"title":"SCEPTER 50X VARITA DE MASAJE DE SILICONA - NEGRO\/ORO - Tienda Er\u00f3tica","robots":{"index":"noindex","follow":"follow","max-snippet":"max-snippet:-1","max-image-preview":"max-image-preview:large","max-video-preview":"max-video-preview:-1"},"og_locale":"es_ES","og_type":"article","og_title":"SCEPTER 50X VARITA DE MASAJE DE SILICONA - NEGRO\/ORO - Tienda Er\u00f3tica","og_description":"SCEPTER 50X SILICONE WAND MASSAGER Vers\u00e1til, potente y elegantemente dise\u00f1ado. Esta poderosa varita presenta controles f\u00e1ciles de usar y una","og_url":"https:\/\/demoweb.info\/sexshop001\/producto\/scepter-50x-varita-de-masaje-de-silicona-negro-oro\/","og_site_name":"Tienda Er\u00f3tica","article_modified_time":"2022-01-22T10:27:29+00:00","og_image":[{"width":550,"height":550,"url":"https:\/\/demoweb.info\/sexshop001\/wp-content\/uploads\/2022\/01\/SCEPTER-50X-VARITA-DE-MASAJE-DE-SILICONA-NEGROORO.jpg","type":"image\/jpeg"}],"twitter_card":"summary_large_image","twitter_misc":{"Tiempo de lectura":"1 minuto"},"schema":{"@context":"https:\/\/schema.org","@graph":[{"@type":"WebPage","@id":"https:\/\/demoweb.info\/sexshop001\/producto\/scepter-50x-varita-de-masaje-de-silicona-negro-oro\/","url":"https:\/\/demoweb.info\/sexshop001\/producto\/scepter-50x-varita-de-masaje-de-silicona-negro-oro\/","name":"SCEPTER 50X VARITA DE MASAJE DE SILICONA - NEGRO\/ORO - Tienda Er\u00f3tica","isPartOf":{"@id":"https:\/\/demoweb.info\/sexshop001\/#website"},"datePublished":"2022-01-22T10:27:02+00:00","dateModified":"2022-01-22T10:27:29+00:00","breadcrumb":{"@id":"https:\/\/demoweb.info\/sexshop001\/producto\/scepter-50x-varita-de-masaje-de-silicona-negro-oro\/#breadcrumb"},"inLanguage":"es","potentialAction":[{"@type":"ReadAction","target":["https:\/\/demoweb.info\/sexshop001\/producto\/scepter-50x-varita-de-masaje-de-silicona-negro-oro\/"]}]},{"@type":"BreadcrumbList","@id":"https:\/\/demoweb.info\/sexshop001\/producto\/scepter-50x-varita-de-masaje-de-silicona-negro-oro\/#breadcrumb","itemListElement":[{"@type":"ListItem","position":1,"name":"Portada","item":"https:\/\/demoweb.info\/sexshop001\/"},{"@type":"ListItem","position":2,"name":"Tienda","item":"https:\/\/demoweb.info\/sexshop001\/tienda\/"},{"@type":"ListItem","position":3,"name":"SCEPTER 50X VARITA DE MASAJE DE SILICONA &#8211; NEGRO\/ORO"}]},{"@type":"WebSite","@id":"https:\/\/demoweb.info\/sexshop001\/#website","url":"https:\/\/demoweb.info\/sexshop001\/","name":"Tienda Er\u00f3tica","description":"DEMOWEB SL","potentialAction":[{"@type":"SearchAction","target":{"@type":"EntryPoint","urlTemplate":"https:\/\/demoweb.info\/sexshop001\/?s={search_term_string}"},"query-input":"required name=search_term_string"}],"inLanguage":"es"}]}},"_links":{"self":[{"href":"https:\/\/demoweb.info\/sexshop001\/wp-json\/wp\/v3\/product\/22640","targetHints":{"allow":["GET"]}}],"collection":[{"href":"https:\/\/demoweb.info\/sexshop001\/wp-json\/wp\/v3\/product"}],"about":[{"href":"https:\/\/demoweb.info\/sexshop001\/wp-json\/wp\/v2\/types\/product"}],"replies":[{"embeddable":true,"href":"https:\/\/demoweb.info\/sexshop001\/wp-json\/wp\/v2\/comments?post=22640"}],"wp:featuredmedia":[{"embeddable":true,"href":"https:\/\/demoweb.info\/sexshop001\/wp-json\/wp\/v2\/media\/22641"}],"wp:attachment":[{"href":"https:\/\/demoweb.info\/sexshop001\/wp-json\/wp\/v2\/media?parent=22640"}],"wp:term":[{"taxonomy":"product_cat","embeddable":true,"href":"https:\/\/demoweb.info\/sexshop001\/wp-json\/wp\/v2\/product_cat?post=22640"},{"taxonomy":"product_tag","embeddable":true,"href":"https:\/\/demoweb.info\/sexshop001\/wp-json\/wp\/v2\/product_tag?post=22640"}],"curies":[{"name":"wp","href":"https:\/\/api.w.org\/{rel}","templated":true}]}}