{"id":22630,"date":"2022-01-22T11:27:02","date_gmt":"2022-01-22T10:27:02","guid":{"rendered":"https:\/\/demoweb.info\/sexshop001\/producto\/clear-plungers-estimuladores-pezones-silicona-tamano-pequeno-transparente\/"},"modified":"2022-01-22T11:27:24","modified_gmt":"2022-01-22T10:27:24","slug":"clear-plungers-estimuladores-pezones-silicona-tamano-pequeno-transparente","status":"publish","type":"product","link":"https:\/\/demoweb.info\/sexshop001\/producto\/clear-plungers-estimuladores-pezones-silicona-tamano-pequeno-transparente\/","title":{"rendered":"CLEAR PLUNGERS ESTIMULADORES PEZONES SILICONA TAMA\u00d1O PEQUE\u00d1O &#8211; TRANSPARENTE"},"content":{"rendered":"<p><strong>CLEAR PLUNGERS SILICONE NIPPLE SUCKERS<\/strong><\/p>\n<p>\u00a1Sum\u00e9rjase en la felicidad de los pezones con estas ventosas de pezones transparentes! Estos \u00e9mbolos aumentan la sensibilidad y el tama\u00f1o de los pezones para que pueda apreciar mejor sus hermosas protuberancias. El dise\u00f1o sencillo y los materiales de primera calidad lo convierten en un juguete para pezones confiable con el que puede contar cuando le apetezca. Este juego de \u00e9mbolo de gran tama\u00f1o es perfecto para aquellos con pezones en el lado grande con su di\u00e1metro de apertura de 3 cm y 2,5 cm.<\/p>\n<p>La succi\u00f3n ultrapotente crea un vac\u00edo alrededor del pez\u00f3n, lo que aumenta la sensibilidad y el tama\u00f1o al provocar m\u00e1s flujo de sangre en el \u00e1rea aplicada. Perfecto para excitar a tu pareja y se usa mejor durante los juegos previos, pero tambi\u00e9n se siente como en casa durante los eventos sexuales principales. La amplia apertura asegura que los pezones de todos los tama\u00f1os se ajusten, y el dise\u00f1o de empuje f\u00e1cil hace que sea f\u00e1cil de equipar y quitar a su antojo.<\/p>\n<p>La silicona de primera calidad que se utiliza en estos \u00e9mbolos no contiene ftalatos para una experiencia segura para el cuerpo. Compatible con lubricantes a base de agua si es necesario, pero evite el uso con lubricantes a base de silicona para prolongar la vida \u00fatil de su nuevo \u00e9mbolo de pez\u00f3n.<\/p>\n<p>Medidas: 3,4 x 4,7 cm<\/p><\/p>\n","protected":false},"excerpt":{"rendered":"<p>CLEAR PLUNGERS SILICONE NIPPLE SUCKERS \u00a1Sum\u00e9rjase en la felicidad de los pezones con estas ventosas de pezones transparentes! Estos \u00e9mbolos<\/p>\n","protected":false},"featured_media":22631,"comment_status":"open","ping_status":"open","template":"","meta":[],"product_cat":[488],"product_tag":[463,274],"class_list":["post-22630","product","type-product","status-publish","has-post-thumbnail","hentry","product_cat-pezones","product_tag-master-series","product_tag-xr-brands"],"bundled_by":[],"bundle_stock_status":"instock","bundle_stock_quantity":1,"bundle_virtual":false,"bundle_layout":"","bundle_add_to_cart_form_location":"","bundle_editable_in_cart":false,"bundle_sold_individually_context":"","bundle_item_grouping":"","bundle_min_size":"","bundle_max_size":"","bundled_items":[],"yoast_head":"<!-- This site is optimized with the Yoast SEO plugin v20.6 - https:\/\/yoast.com\/wordpress\/plugins\/seo\/ -->\n<title>CLEAR PLUNGERS ESTIMULADORES PEZONES SILICONA TAMA\u00d1O PEQUE\u00d1O - TRANSPARENTE - Tienda Er\u00f3tica<\/title>\n<meta name=\"robots\" content=\"noindex, follow, max-snippet:-1, max-image-preview:large, max-video-preview:-1\" \/>\n<meta property=\"og:locale\" content=\"es_ES\" \/>\n<meta property=\"og:type\" content=\"article\" \/>\n<meta property=\"og:title\" content=\"CLEAR PLUNGERS ESTIMULADORES PEZONES SILICONA TAMA\u00d1O PEQUE\u00d1O - TRANSPARENTE - Tienda Er\u00f3tica\" \/>\n<meta property=\"og:description\" content=\"CLEAR PLUNGERS SILICONE NIPPLE SUCKERS \u00a1Sum\u00e9rjase en la felicidad de los pezones con estas ventosas de pezones transparentes! Estos \u00e9mbolos\" \/>\n<meta property=\"og:url\" content=\"https:\/\/demoweb.info\/sexshop001\/producto\/clear-plungers-estimuladores-pezones-silicona-tamano-pequeno-transparente\/\" \/>\n<meta property=\"og:site_name\" content=\"Tienda Er\u00f3tica\" \/>\n<meta property=\"article:modified_time\" content=\"2022-01-22T10:27:24+00:00\" \/>\n<meta property=\"og:image\" content=\"https:\/\/demoweb.info\/sexshop001\/wp-content\/uploads\/2022\/01\/CLEAR-PLUNGERS-ESTIMULADORES-PEZONES-SILICONA-TAMANO-PEQUENO-TRANSPARENTE.jpg\" \/>\n\t<meta property=\"og:image:width\" content=\"550\" \/>\n\t<meta property=\"og:image:height\" content=\"550\" \/>\n\t<meta property=\"og:image:type\" content=\"image\/jpeg\" \/>\n<meta name=\"twitter:card\" content=\"summary_large_image\" \/>\n<meta name=\"twitter:label1\" content=\"Tiempo de lectura\" \/>\n\t<meta name=\"twitter:data1\" content=\"1 minuto\" \/>\n<script type=\"application\/ld+json\" class=\"yoast-schema-graph\">{\"@context\":\"https:\/\/schema.org\",\"@graph\":[{\"@type\":\"WebPage\",\"@id\":\"https:\/\/demoweb.info\/sexshop001\/producto\/clear-plungers-estimuladores-pezones-silicona-tamano-pequeno-transparente\/\",\"url\":\"https:\/\/demoweb.info\/sexshop001\/producto\/clear-plungers-estimuladores-pezones-silicona-tamano-pequeno-transparente\/\",\"name\":\"CLEAR PLUNGERS ESTIMULADORES PEZONES SILICONA TAMA\u00d1O PEQUE\u00d1O - TRANSPARENTE - Tienda Er\u00f3tica\",\"isPartOf\":{\"@id\":\"https:\/\/demoweb.info\/sexshop001\/#website\"},\"datePublished\":\"2022-01-22T10:27:02+00:00\",\"dateModified\":\"2022-01-22T10:27:24+00:00\",\"breadcrumb\":{\"@id\":\"https:\/\/demoweb.info\/sexshop001\/producto\/clear-plungers-estimuladores-pezones-silicona-tamano-pequeno-transparente\/#breadcrumb\"},\"inLanguage\":\"es\",\"potentialAction\":[{\"@type\":\"ReadAction\",\"target\":[\"https:\/\/demoweb.info\/sexshop001\/producto\/clear-plungers-estimuladores-pezones-silicona-tamano-pequeno-transparente\/\"]}]},{\"@type\":\"BreadcrumbList\",\"@id\":\"https:\/\/demoweb.info\/sexshop001\/producto\/clear-plungers-estimuladores-pezones-silicona-tamano-pequeno-transparente\/#breadcrumb\",\"itemListElement\":[{\"@type\":\"ListItem\",\"position\":1,\"name\":\"Portada\",\"item\":\"https:\/\/demoweb.info\/sexshop001\/\"},{\"@type\":\"ListItem\",\"position\":2,\"name\":\"Tienda\",\"item\":\"https:\/\/demoweb.info\/sexshop001\/tienda\/\"},{\"@type\":\"ListItem\",\"position\":3,\"name\":\"CLEAR PLUNGERS ESTIMULADORES PEZONES SILICONA TAMA\u00d1O PEQUE\u00d1O &#8211; TRANSPARENTE\"}]},{\"@type\":\"WebSite\",\"@id\":\"https:\/\/demoweb.info\/sexshop001\/#website\",\"url\":\"https:\/\/demoweb.info\/sexshop001\/\",\"name\":\"Tienda Er\u00f3tica\",\"description\":\"DEMOWEB SL\",\"potentialAction\":[{\"@type\":\"SearchAction\",\"target\":{\"@type\":\"EntryPoint\",\"urlTemplate\":\"https:\/\/demoweb.info\/sexshop001\/?s={search_term_string}\"},\"query-input\":\"required name=search_term_string\"}],\"inLanguage\":\"es\"}]}<\/script>\n<!-- \/ Yoast SEO plugin. -->","yoast_head_json":{"title":"CLEAR PLUNGERS ESTIMULADORES PEZONES SILICONA TAMA\u00d1O PEQUE\u00d1O - TRANSPARENTE - Tienda Er\u00f3tica","robots":{"index":"noindex","follow":"follow","max-snippet":"max-snippet:-1","max-image-preview":"max-image-preview:large","max-video-preview":"max-video-preview:-1"},"og_locale":"es_ES","og_type":"article","og_title":"CLEAR PLUNGERS ESTIMULADORES PEZONES SILICONA TAMA\u00d1O PEQUE\u00d1O - TRANSPARENTE - Tienda Er\u00f3tica","og_description":"CLEAR PLUNGERS SILICONE NIPPLE SUCKERS \u00a1Sum\u00e9rjase en la felicidad de los pezones con estas ventosas de pezones transparentes! Estos \u00e9mbolos","og_url":"https:\/\/demoweb.info\/sexshop001\/producto\/clear-plungers-estimuladores-pezones-silicona-tamano-pequeno-transparente\/","og_site_name":"Tienda Er\u00f3tica","article_modified_time":"2022-01-22T10:27:24+00:00","og_image":[{"width":550,"height":550,"url":"https:\/\/demoweb.info\/sexshop001\/wp-content\/uploads\/2022\/01\/CLEAR-PLUNGERS-ESTIMULADORES-PEZONES-SILICONA-TAMANO-PEQUENO-TRANSPARENTE.jpg","type":"image\/jpeg"}],"twitter_card":"summary_large_image","twitter_misc":{"Tiempo de lectura":"1 minuto"},"schema":{"@context":"https:\/\/schema.org","@graph":[{"@type":"WebPage","@id":"https:\/\/demoweb.info\/sexshop001\/producto\/clear-plungers-estimuladores-pezones-silicona-tamano-pequeno-transparente\/","url":"https:\/\/demoweb.info\/sexshop001\/producto\/clear-plungers-estimuladores-pezones-silicona-tamano-pequeno-transparente\/","name":"CLEAR PLUNGERS ESTIMULADORES PEZONES SILICONA TAMA\u00d1O PEQUE\u00d1O - TRANSPARENTE - Tienda Er\u00f3tica","isPartOf":{"@id":"https:\/\/demoweb.info\/sexshop001\/#website"},"datePublished":"2022-01-22T10:27:02+00:00","dateModified":"2022-01-22T10:27:24+00:00","breadcrumb":{"@id":"https:\/\/demoweb.info\/sexshop001\/producto\/clear-plungers-estimuladores-pezones-silicona-tamano-pequeno-transparente\/#breadcrumb"},"inLanguage":"es","potentialAction":[{"@type":"ReadAction","target":["https:\/\/demoweb.info\/sexshop001\/producto\/clear-plungers-estimuladores-pezones-silicona-tamano-pequeno-transparente\/"]}]},{"@type":"BreadcrumbList","@id":"https:\/\/demoweb.info\/sexshop001\/producto\/clear-plungers-estimuladores-pezones-silicona-tamano-pequeno-transparente\/#breadcrumb","itemListElement":[{"@type":"ListItem","position":1,"name":"Portada","item":"https:\/\/demoweb.info\/sexshop001\/"},{"@type":"ListItem","position":2,"name":"Tienda","item":"https:\/\/demoweb.info\/sexshop001\/tienda\/"},{"@type":"ListItem","position":3,"name":"CLEAR PLUNGERS ESTIMULADORES PEZONES SILICONA TAMA\u00d1O PEQUE\u00d1O &#8211; TRANSPARENTE"}]},{"@type":"WebSite","@id":"https:\/\/demoweb.info\/sexshop001\/#website","url":"https:\/\/demoweb.info\/sexshop001\/","name":"Tienda Er\u00f3tica","description":"DEMOWEB SL","potentialAction":[{"@type":"SearchAction","target":{"@type":"EntryPoint","urlTemplate":"https:\/\/demoweb.info\/sexshop001\/?s={search_term_string}"},"query-input":"required name=search_term_string"}],"inLanguage":"es"}]}},"_links":{"self":[{"href":"https:\/\/demoweb.info\/sexshop001\/wp-json\/wp\/v3\/product\/22630","targetHints":{"allow":["GET"]}}],"collection":[{"href":"https:\/\/demoweb.info\/sexshop001\/wp-json\/wp\/v3\/product"}],"about":[{"href":"https:\/\/demoweb.info\/sexshop001\/wp-json\/wp\/v2\/types\/product"}],"replies":[{"embeddable":true,"href":"https:\/\/demoweb.info\/sexshop001\/wp-json\/wp\/v2\/comments?post=22630"}],"wp:featuredmedia":[{"embeddable":true,"href":"https:\/\/demoweb.info\/sexshop001\/wp-json\/wp\/v2\/media\/22631"}],"wp:attachment":[{"href":"https:\/\/demoweb.info\/sexshop001\/wp-json\/wp\/v2\/media?parent=22630"}],"wp:term":[{"taxonomy":"product_cat","embeddable":true,"href":"https:\/\/demoweb.info\/sexshop001\/wp-json\/wp\/v2\/product_cat?post=22630"},{"taxonomy":"product_tag","embeddable":true,"href":"https:\/\/demoweb.info\/sexshop001\/wp-json\/wp\/v2\/product_tag?post=22630"}],"curies":[{"name":"wp","href":"https:\/\/api.w.org\/{rel}","templated":true}]}}