{"id":22605,"date":"2022-01-22T11:27:02","date_gmt":"2022-01-22T10:27:02","guid":{"rendered":"https:\/\/demoweb.info\/sexshop001\/producto\/squeezable-thick-dildo-de-silicona\/"},"modified":"2022-01-22T11:27:13","modified_gmt":"2022-01-22T10:27:13","slug":"squeezable-thick-dildo-de-silicona","status":"publish","type":"product","link":"https:\/\/demoweb.info\/sexshop001\/producto\/squeezable-thick-dildo-de-silicona\/","title":{"rendered":"SQUEEZABLE THICK DILDO DE SILICONA"},"content":{"rendered":"<p><strong>SQUEEZABLE THICK PHALLIC DILDO<\/strong><\/p>\n<p>849\/5000<\/p>\n<p>\u00a1Aterciopelado, firme e infinitamente moldeable! Este consolador cuenta con la nueva y emocionante silicona Silexpan: la exclusiva tecnolog\u00eda termoreactiva te permite doblar y dar forma a este sedoso dong a la forma que prefieras. Cali\u00e9ntelo en el microondas o en agua hirviendo para desbloquear sus propiedades de moldeado, luego enfr\u00edelo en el refrigerador para solidificar su nueva forma.<\/p>\n<p>Hecho con silicona suave y sedosa sin ftalatos para una experiencia segura para el cuerpo, \u00a1para que puedas jugar sin preocupaciones! La poderosa base de la ventosa hace que esta correa de consolador maleable sea compatible, y tambi\u00e9n ayuda en el uso en solitario siempre que tenga una superficie lisa y plana para colocar este dong exprimible.<\/p>\n<p>Perfectamente firme y flexible para un relleno delicioso que es un sue\u00f1o exprimir, \u00a1espeso y carnoso para aquellos que desean un buen estiramiento! \u00a1Nunca te cansar\u00e1s de la textura y densidad de este consolador f\u00e1lico exprimible!<\/p>\n<p>Caracter\u00edsticas:<\/p>\n<ul>\n<li>Dimensiones del producto: 17,5 x 5,1 x 4,8 cm<\/li>\n<li>Peso del producto:  285 gr<\/li>\n<li>Longitud insertable: 16,3 cm<\/li>\n<li>Materiales:   Silexpan Silicona<\/li>\n<\/ul>\n","protected":false},"excerpt":{"rendered":"<p>SQUEEZABLE THICK PHALLIC DILDO 849\/5000 \u00a1Aterciopelado, firme e infinitamente moldeable! Este consolador cuenta con la nueva y emocionante silicona Silexpan:<\/p>\n","protected":false},"featured_media":22606,"comment_status":"open","ping_status":"open","template":"","meta":[],"product_cat":[340],"product_tag":[787,274],"class_list":["post-22605","product","type-product","status-publish","has-post-thumbnail","hentry","product_cat-silicona-dildos","product_tag-squeeze-it","product_tag-xr-brands"],"bundled_by":[],"bundle_stock_status":"outofstock","bundle_stock_quantity":0,"bundle_virtual":false,"bundle_layout":"","bundle_add_to_cart_form_location":"","bundle_editable_in_cart":false,"bundle_sold_individually_context":"","bundle_item_grouping":"","bundle_min_size":"","bundle_max_size":"","bundled_items":[],"yoast_head":"<!-- This site is optimized with the Yoast SEO plugin v20.6 - https:\/\/yoast.com\/wordpress\/plugins\/seo\/ -->\n<title>SQUEEZABLE THICK DILDO DE SILICONA - Tienda Er\u00f3tica<\/title>\n<meta name=\"robots\" content=\"noindex, follow, max-snippet:-1, max-image-preview:large, max-video-preview:-1\" \/>\n<meta property=\"og:locale\" content=\"es_ES\" \/>\n<meta property=\"og:type\" content=\"article\" \/>\n<meta property=\"og:title\" content=\"SQUEEZABLE THICK DILDO DE SILICONA - Tienda Er\u00f3tica\" \/>\n<meta property=\"og:description\" content=\"SQUEEZABLE THICK PHALLIC DILDO 849\/5000 \u00a1Aterciopelado, firme e infinitamente moldeable! Este consolador cuenta con la nueva y emocionante silicona Silexpan:\" \/>\n<meta property=\"og:url\" content=\"https:\/\/demoweb.info\/sexshop001\/producto\/squeezable-thick-dildo-de-silicona\/\" \/>\n<meta property=\"og:site_name\" content=\"Tienda Er\u00f3tica\" \/>\n<meta property=\"article:modified_time\" content=\"2022-01-22T10:27:13+00:00\" \/>\n<meta property=\"og:image\" content=\"https:\/\/demoweb.info\/sexshop001\/wp-content\/uploads\/2022\/01\/SQUEEZABLE-THICK-DILDO-DE-SILICONA.jpg\" \/>\n\t<meta property=\"og:image:width\" content=\"550\" \/>\n\t<meta property=\"og:image:height\" content=\"550\" \/>\n\t<meta property=\"og:image:type\" content=\"image\/jpeg\" \/>\n<meta name=\"twitter:card\" content=\"summary_large_image\" \/>\n<meta name=\"twitter:label1\" content=\"Tiempo de lectura\" \/>\n\t<meta name=\"twitter:data1\" content=\"1 minuto\" \/>\n<script type=\"application\/ld+json\" class=\"yoast-schema-graph\">{\"@context\":\"https:\/\/schema.org\",\"@graph\":[{\"@type\":\"WebPage\",\"@id\":\"https:\/\/demoweb.info\/sexshop001\/producto\/squeezable-thick-dildo-de-silicona\/\",\"url\":\"https:\/\/demoweb.info\/sexshop001\/producto\/squeezable-thick-dildo-de-silicona\/\",\"name\":\"SQUEEZABLE THICK DILDO DE SILICONA - Tienda Er\u00f3tica\",\"isPartOf\":{\"@id\":\"https:\/\/demoweb.info\/sexshop001\/#website\"},\"datePublished\":\"2022-01-22T10:27:02+00:00\",\"dateModified\":\"2022-01-22T10:27:13+00:00\",\"breadcrumb\":{\"@id\":\"https:\/\/demoweb.info\/sexshop001\/producto\/squeezable-thick-dildo-de-silicona\/#breadcrumb\"},\"inLanguage\":\"es\",\"potentialAction\":[{\"@type\":\"ReadAction\",\"target\":[\"https:\/\/demoweb.info\/sexshop001\/producto\/squeezable-thick-dildo-de-silicona\/\"]}]},{\"@type\":\"BreadcrumbList\",\"@id\":\"https:\/\/demoweb.info\/sexshop001\/producto\/squeezable-thick-dildo-de-silicona\/#breadcrumb\",\"itemListElement\":[{\"@type\":\"ListItem\",\"position\":1,\"name\":\"Portada\",\"item\":\"https:\/\/demoweb.info\/sexshop001\/\"},{\"@type\":\"ListItem\",\"position\":2,\"name\":\"Tienda\",\"item\":\"https:\/\/demoweb.info\/sexshop001\/tienda\/\"},{\"@type\":\"ListItem\",\"position\":3,\"name\":\"SQUEEZABLE THICK DILDO DE SILICONA\"}]},{\"@type\":\"WebSite\",\"@id\":\"https:\/\/demoweb.info\/sexshop001\/#website\",\"url\":\"https:\/\/demoweb.info\/sexshop001\/\",\"name\":\"Tienda Er\u00f3tica\",\"description\":\"DEMOWEB SL\",\"potentialAction\":[{\"@type\":\"SearchAction\",\"target\":{\"@type\":\"EntryPoint\",\"urlTemplate\":\"https:\/\/demoweb.info\/sexshop001\/?s={search_term_string}\"},\"query-input\":\"required name=search_term_string\"}],\"inLanguage\":\"es\"}]}<\/script>\n<!-- \/ Yoast SEO plugin. -->","yoast_head_json":{"title":"SQUEEZABLE THICK DILDO DE SILICONA - Tienda Er\u00f3tica","robots":{"index":"noindex","follow":"follow","max-snippet":"max-snippet:-1","max-image-preview":"max-image-preview:large","max-video-preview":"max-video-preview:-1"},"og_locale":"es_ES","og_type":"article","og_title":"SQUEEZABLE THICK DILDO DE SILICONA - Tienda Er\u00f3tica","og_description":"SQUEEZABLE THICK PHALLIC DILDO 849\/5000 \u00a1Aterciopelado, firme e infinitamente moldeable! Este consolador cuenta con la nueva y emocionante silicona Silexpan:","og_url":"https:\/\/demoweb.info\/sexshop001\/producto\/squeezable-thick-dildo-de-silicona\/","og_site_name":"Tienda Er\u00f3tica","article_modified_time":"2022-01-22T10:27:13+00:00","og_image":[{"width":550,"height":550,"url":"https:\/\/demoweb.info\/sexshop001\/wp-content\/uploads\/2022\/01\/SQUEEZABLE-THICK-DILDO-DE-SILICONA.jpg","type":"image\/jpeg"}],"twitter_card":"summary_large_image","twitter_misc":{"Tiempo de lectura":"1 minuto"},"schema":{"@context":"https:\/\/schema.org","@graph":[{"@type":"WebPage","@id":"https:\/\/demoweb.info\/sexshop001\/producto\/squeezable-thick-dildo-de-silicona\/","url":"https:\/\/demoweb.info\/sexshop001\/producto\/squeezable-thick-dildo-de-silicona\/","name":"SQUEEZABLE THICK DILDO DE SILICONA - Tienda Er\u00f3tica","isPartOf":{"@id":"https:\/\/demoweb.info\/sexshop001\/#website"},"datePublished":"2022-01-22T10:27:02+00:00","dateModified":"2022-01-22T10:27:13+00:00","breadcrumb":{"@id":"https:\/\/demoweb.info\/sexshop001\/producto\/squeezable-thick-dildo-de-silicona\/#breadcrumb"},"inLanguage":"es","potentialAction":[{"@type":"ReadAction","target":["https:\/\/demoweb.info\/sexshop001\/producto\/squeezable-thick-dildo-de-silicona\/"]}]},{"@type":"BreadcrumbList","@id":"https:\/\/demoweb.info\/sexshop001\/producto\/squeezable-thick-dildo-de-silicona\/#breadcrumb","itemListElement":[{"@type":"ListItem","position":1,"name":"Portada","item":"https:\/\/demoweb.info\/sexshop001\/"},{"@type":"ListItem","position":2,"name":"Tienda","item":"https:\/\/demoweb.info\/sexshop001\/tienda\/"},{"@type":"ListItem","position":3,"name":"SQUEEZABLE THICK DILDO DE SILICONA"}]},{"@type":"WebSite","@id":"https:\/\/demoweb.info\/sexshop001\/#website","url":"https:\/\/demoweb.info\/sexshop001\/","name":"Tienda Er\u00f3tica","description":"DEMOWEB SL","potentialAction":[{"@type":"SearchAction","target":{"@type":"EntryPoint","urlTemplate":"https:\/\/demoweb.info\/sexshop001\/?s={search_term_string}"},"query-input":"required name=search_term_string"}],"inLanguage":"es"}]}},"_links":{"self":[{"href":"https:\/\/demoweb.info\/sexshop001\/wp-json\/wp\/v3\/product\/22605","targetHints":{"allow":["GET"]}}],"collection":[{"href":"https:\/\/demoweb.info\/sexshop001\/wp-json\/wp\/v3\/product"}],"about":[{"href":"https:\/\/demoweb.info\/sexshop001\/wp-json\/wp\/v2\/types\/product"}],"replies":[{"embeddable":true,"href":"https:\/\/demoweb.info\/sexshop001\/wp-json\/wp\/v2\/comments?post=22605"}],"wp:featuredmedia":[{"embeddable":true,"href":"https:\/\/demoweb.info\/sexshop001\/wp-json\/wp\/v2\/media\/22606"}],"wp:attachment":[{"href":"https:\/\/demoweb.info\/sexshop001\/wp-json\/wp\/v2\/media?parent=22605"}],"wp:term":[{"taxonomy":"product_cat","embeddable":true,"href":"https:\/\/demoweb.info\/sexshop001\/wp-json\/wp\/v2\/product_cat?post=22605"},{"taxonomy":"product_tag","embeddable":true,"href":"https:\/\/demoweb.info\/sexshop001\/wp-json\/wp\/v2\/product_tag?post=22605"}],"curies":[{"name":"wp","href":"https:\/\/api.w.org\/{rel}","templated":true}]}}