{"id":22585,"date":"2022-01-22T11:27:02","date_gmt":"2022-01-22T10:27:02","guid":{"rendered":"https:\/\/demoweb.info\/sexshop001\/producto\/seducer-7-arnes-con-pene-realistico-de-silicona\/"},"modified":"2022-01-22T11:27:03","modified_gmt":"2022-01-22T10:27:03","slug":"seducer-7-arnes-con-pene-realistico-de-silicona","status":"publish","type":"product","link":"https:\/\/demoweb.info\/sexshop001\/producto\/seducer-7-arnes-con-pene-realistico-de-silicona\/","title":{"rendered":"SEDUCER 7 &#8211; ARN\u00c9S CON PENE REAL\u00cdSTICO DE SILICONA"},"content":{"rendered":"<p><strong>SEDUCER 7 SILICONE DILDO WITH HARNESS <\/strong><\/p>\n<p>\u00a1Seduce con confianza! Este juego de arn\u00e9s con correa incluye un arn\u00e9s totalmente ajustable y un consolador de doble densidad premium para una sensaci\u00f3n c\u00f3moda y lujosa. El Seducer est\u00e1 listo para usar tan pronto como le apetezca: asegure el dong realista al arn\u00e9s mediante los anillos de silicona incluidos y p\u00f3ngase la correa con algunos ajustes r\u00e1pidos en el arn\u00e9s.<\/p>\n<p>Este arn\u00e9s de alta resistencia est\u00e1 construido para durar, listo para resistir los empujes y bombeos m\u00e1s din\u00e1micos que pueda realizar. Se ajusta a la mayor\u00eda de tama\u00f1os corporales para que todos puedan abrocharse y bajarse. Los dos anillos de silicona incluidos le permiten actualizar o reducir el tama\u00f1o del consolador para nuevas adiciones a su colecci\u00f3n en el futuro o para consoladores con ventosa que ya tenga.<\/p>\n<p>El consolador con ventosa de doble densidad incluido est\u00e1 hecho con silicona de alta calidad, libre de ftalatos y segura para el cuerpo para una sesi\u00f3n de flejado sin preocupaciones. Perfectamente grueso y largo para el m\u00e1ximo placer en la mayor\u00eda de los agujeros, este dong son los rizos de oro de los consoladores con ventosa dise\u00f1ados para usar con correa: denso, firme, pero flexible para mayor comodidad. La textura venosa realista y la cabeza definida proporcionan una sensaci\u00f3n y un placer genuinos que cualquiera puede disfrutar.<\/p>\n<p>Caracter\u00edsticas:<\/p>\n<ul>\n<li>Dimensiones del producto: 17,3 x 3,6 x 3,7 cm<\/li>\n<li>Peso del producto: 355 gr<\/li>\n<li>Longitud insertable: 15,3 cm<\/li>\n<li>Materiales: Silicona, Nylon, PU Leather<\/li>\n<\/ul>\n","protected":false},"excerpt":{"rendered":"<p>SEDUCER 7 SILICONE DILDO WITH HARNESS \u00a1Seduce con confianza! Este juego de arn\u00e9s con correa incluye un arn\u00e9s totalmente ajustable<\/p>\n","protected":false},"featured_media":22586,"comment_status":"open","ping_status":"open","template":"","meta":[],"product_cat":[629],"product_tag":[275,274],"class_list":["post-22585","product","type-product","status-publish","has-post-thumbnail","hentry","product_cat-silicona-con-pene","product_tag-strap-u","product_tag-xr-brands"],"bundled_by":[],"bundle_stock_status":"instock","bundle_stock_quantity":2,"bundle_virtual":false,"bundle_layout":"","bundle_add_to_cart_form_location":"","bundle_editable_in_cart":false,"bundle_sold_individually_context":"","bundle_item_grouping":"","bundle_min_size":"","bundle_max_size":"","bundled_items":[],"yoast_head":"<!-- This site is optimized with the Yoast SEO plugin v20.6 - https:\/\/yoast.com\/wordpress\/plugins\/seo\/ -->\n<title>SEDUCER 7 - ARN\u00c9S CON PENE REAL\u00cdSTICO DE SILICONA - Tienda Er\u00f3tica<\/title>\n<meta name=\"robots\" content=\"noindex, follow, max-snippet:-1, max-image-preview:large, max-video-preview:-1\" \/>\n<meta property=\"og:locale\" content=\"es_ES\" \/>\n<meta property=\"og:type\" content=\"article\" \/>\n<meta property=\"og:title\" content=\"SEDUCER 7 - ARN\u00c9S CON PENE REAL\u00cdSTICO DE SILICONA - Tienda Er\u00f3tica\" \/>\n<meta property=\"og:description\" content=\"SEDUCER 7 SILICONE DILDO WITH HARNESS \u00a1Seduce con confianza! Este juego de arn\u00e9s con correa incluye un arn\u00e9s totalmente ajustable\" \/>\n<meta property=\"og:url\" content=\"https:\/\/demoweb.info\/sexshop001\/producto\/seducer-7-arnes-con-pene-realistico-de-silicona\/\" \/>\n<meta property=\"og:site_name\" content=\"Tienda Er\u00f3tica\" \/>\n<meta property=\"article:modified_time\" content=\"2022-01-22T10:27:03+00:00\" \/>\n<meta property=\"og:image\" content=\"https:\/\/demoweb.info\/sexshop001\/wp-content\/uploads\/2022\/01\/SEDUCER-7-ARNES-CON-PENE-REALISTICO-DE-SILICONA.jpg\" \/>\n\t<meta property=\"og:image:width\" content=\"550\" \/>\n\t<meta property=\"og:image:height\" content=\"550\" \/>\n\t<meta property=\"og:image:type\" content=\"image\/jpeg\" \/>\n<meta name=\"twitter:card\" content=\"summary_large_image\" \/>\n<meta name=\"twitter:label1\" content=\"Tiempo de lectura\" \/>\n\t<meta name=\"twitter:data1\" content=\"1 minuto\" \/>\n<script type=\"application\/ld+json\" class=\"yoast-schema-graph\">{\"@context\":\"https:\/\/schema.org\",\"@graph\":[{\"@type\":\"WebPage\",\"@id\":\"https:\/\/demoweb.info\/sexshop001\/producto\/seducer-7-arnes-con-pene-realistico-de-silicona\/\",\"url\":\"https:\/\/demoweb.info\/sexshop001\/producto\/seducer-7-arnes-con-pene-realistico-de-silicona\/\",\"name\":\"SEDUCER 7 - ARN\u00c9S CON PENE REAL\u00cdSTICO DE SILICONA - Tienda Er\u00f3tica\",\"isPartOf\":{\"@id\":\"https:\/\/demoweb.info\/sexshop001\/#website\"},\"datePublished\":\"2022-01-22T10:27:02+00:00\",\"dateModified\":\"2022-01-22T10:27:03+00:00\",\"breadcrumb\":{\"@id\":\"https:\/\/demoweb.info\/sexshop001\/producto\/seducer-7-arnes-con-pene-realistico-de-silicona\/#breadcrumb\"},\"inLanguage\":\"es\",\"potentialAction\":[{\"@type\":\"ReadAction\",\"target\":[\"https:\/\/demoweb.info\/sexshop001\/producto\/seducer-7-arnes-con-pene-realistico-de-silicona\/\"]}]},{\"@type\":\"BreadcrumbList\",\"@id\":\"https:\/\/demoweb.info\/sexshop001\/producto\/seducer-7-arnes-con-pene-realistico-de-silicona\/#breadcrumb\",\"itemListElement\":[{\"@type\":\"ListItem\",\"position\":1,\"name\":\"Portada\",\"item\":\"https:\/\/demoweb.info\/sexshop001\/\"},{\"@type\":\"ListItem\",\"position\":2,\"name\":\"Tienda\",\"item\":\"https:\/\/demoweb.info\/sexshop001\/tienda\/\"},{\"@type\":\"ListItem\",\"position\":3,\"name\":\"SEDUCER 7 &#8211; ARN\u00c9S CON PENE REAL\u00cdSTICO DE SILICONA\"}]},{\"@type\":\"WebSite\",\"@id\":\"https:\/\/demoweb.info\/sexshop001\/#website\",\"url\":\"https:\/\/demoweb.info\/sexshop001\/\",\"name\":\"Tienda Er\u00f3tica\",\"description\":\"DEMOWEB SL\",\"potentialAction\":[{\"@type\":\"SearchAction\",\"target\":{\"@type\":\"EntryPoint\",\"urlTemplate\":\"https:\/\/demoweb.info\/sexshop001\/?s={search_term_string}\"},\"query-input\":\"required name=search_term_string\"}],\"inLanguage\":\"es\"}]}<\/script>\n<!-- \/ Yoast SEO plugin. -->","yoast_head_json":{"title":"SEDUCER 7 - ARN\u00c9S CON PENE REAL\u00cdSTICO DE SILICONA - Tienda Er\u00f3tica","robots":{"index":"noindex","follow":"follow","max-snippet":"max-snippet:-1","max-image-preview":"max-image-preview:large","max-video-preview":"max-video-preview:-1"},"og_locale":"es_ES","og_type":"article","og_title":"SEDUCER 7 - ARN\u00c9S CON PENE REAL\u00cdSTICO DE SILICONA - Tienda Er\u00f3tica","og_description":"SEDUCER 7 SILICONE DILDO WITH HARNESS \u00a1Seduce con confianza! Este juego de arn\u00e9s con correa incluye un arn\u00e9s totalmente ajustable","og_url":"https:\/\/demoweb.info\/sexshop001\/producto\/seducer-7-arnes-con-pene-realistico-de-silicona\/","og_site_name":"Tienda Er\u00f3tica","article_modified_time":"2022-01-22T10:27:03+00:00","og_image":[{"width":550,"height":550,"url":"https:\/\/demoweb.info\/sexshop001\/wp-content\/uploads\/2022\/01\/SEDUCER-7-ARNES-CON-PENE-REALISTICO-DE-SILICONA.jpg","type":"image\/jpeg"}],"twitter_card":"summary_large_image","twitter_misc":{"Tiempo de lectura":"1 minuto"},"schema":{"@context":"https:\/\/schema.org","@graph":[{"@type":"WebPage","@id":"https:\/\/demoweb.info\/sexshop001\/producto\/seducer-7-arnes-con-pene-realistico-de-silicona\/","url":"https:\/\/demoweb.info\/sexshop001\/producto\/seducer-7-arnes-con-pene-realistico-de-silicona\/","name":"SEDUCER 7 - ARN\u00c9S CON PENE REAL\u00cdSTICO DE SILICONA - Tienda Er\u00f3tica","isPartOf":{"@id":"https:\/\/demoweb.info\/sexshop001\/#website"},"datePublished":"2022-01-22T10:27:02+00:00","dateModified":"2022-01-22T10:27:03+00:00","breadcrumb":{"@id":"https:\/\/demoweb.info\/sexshop001\/producto\/seducer-7-arnes-con-pene-realistico-de-silicona\/#breadcrumb"},"inLanguage":"es","potentialAction":[{"@type":"ReadAction","target":["https:\/\/demoweb.info\/sexshop001\/producto\/seducer-7-arnes-con-pene-realistico-de-silicona\/"]}]},{"@type":"BreadcrumbList","@id":"https:\/\/demoweb.info\/sexshop001\/producto\/seducer-7-arnes-con-pene-realistico-de-silicona\/#breadcrumb","itemListElement":[{"@type":"ListItem","position":1,"name":"Portada","item":"https:\/\/demoweb.info\/sexshop001\/"},{"@type":"ListItem","position":2,"name":"Tienda","item":"https:\/\/demoweb.info\/sexshop001\/tienda\/"},{"@type":"ListItem","position":3,"name":"SEDUCER 7 &#8211; ARN\u00c9S CON PENE REAL\u00cdSTICO DE SILICONA"}]},{"@type":"WebSite","@id":"https:\/\/demoweb.info\/sexshop001\/#website","url":"https:\/\/demoweb.info\/sexshop001\/","name":"Tienda Er\u00f3tica","description":"DEMOWEB SL","potentialAction":[{"@type":"SearchAction","target":{"@type":"EntryPoint","urlTemplate":"https:\/\/demoweb.info\/sexshop001\/?s={search_term_string}"},"query-input":"required name=search_term_string"}],"inLanguage":"es"}]}},"_links":{"self":[{"href":"https:\/\/demoweb.info\/sexshop001\/wp-json\/wp\/v3\/product\/22585","targetHints":{"allow":["GET"]}}],"collection":[{"href":"https:\/\/demoweb.info\/sexshop001\/wp-json\/wp\/v3\/product"}],"about":[{"href":"https:\/\/demoweb.info\/sexshop001\/wp-json\/wp\/v2\/types\/product"}],"replies":[{"embeddable":true,"href":"https:\/\/demoweb.info\/sexshop001\/wp-json\/wp\/v2\/comments?post=22585"}],"wp:featuredmedia":[{"embeddable":true,"href":"https:\/\/demoweb.info\/sexshop001\/wp-json\/wp\/v2\/media\/22586"}],"wp:attachment":[{"href":"https:\/\/demoweb.info\/sexshop001\/wp-json\/wp\/v2\/media?parent=22585"}],"wp:term":[{"taxonomy":"product_cat","embeddable":true,"href":"https:\/\/demoweb.info\/sexshop001\/wp-json\/wp\/v2\/product_cat?post=22585"},{"taxonomy":"product_tag","embeddable":true,"href":"https:\/\/demoweb.info\/sexshop001\/wp-json\/wp\/v2\/product_tag?post=22585"}],"curies":[{"name":"wp","href":"https:\/\/api.w.org\/{rel}","templated":true}]}}