{"id":22575,"date":"2022-01-22T11:26:23","date_gmt":"2022-01-22T10:26:23","guid":{"rendered":"https:\/\/demoweb.info\/sexshop001\/producto\/puppy-play-set-bdsm-negro\/"},"modified":"2022-01-22T11:26:55","modified_gmt":"2022-01-22T10:26:55","slug":"puppy-play-set-bdsm-negro","status":"publish","type":"product","link":"https:\/\/demoweb.info\/sexshop001\/producto\/puppy-play-set-bdsm-negro\/","title":{"rendered":"PUPPY PLAY SET BDSM &#8211; NEGRO"},"content":{"rendered":"<p><strong>PUPPY PLAY SET <\/strong><\/p>\n<p>\u00a1Todo lo que necesitas para dejar salir a tu cachorro interior est\u00e1 incluido en este juego de cachorros! Este juego vers\u00e1til contiene una mordaza de silicona para huesos, un tap\u00f3n trasero flexible y un collar ajustable acolchado: use cada elemento a la vez para un juego salvaje o use cada elemento por s\u00ed solo para una forma m\u00e1s sutil de jugar cachorro.<\/p>\n<p>\u00a1Este juego est\u00e1 hecho con ingredientes de alta calidad para una experiencia duradera y segura para el cuerpo en cada sesi\u00f3n! La mordaza de silicona de primera calidad es firme y satisfactoria para morder, y ajustable para adaptarse a la mayor\u00eda de los tama\u00f1os de cabeza. La verdadera estrella de este kit es el tap\u00f3n trasero de silicona flexible con cola de perro, de tama\u00f1o perfecto para la mayor\u00eda de los niveles de habilidad anal y flexible para juegos a largo plazo. El collar acolchado es c\u00f3modo en el cuello y totalmente ajustable, y se combina con una correa de 42 pulgadas incluida para dar un paseo por la casa.<\/p>\n<p>La mordaza de cola y hueso est\u00e1 hecha con silicona sin ftalatos para una sesi\u00f3n segura y sin preocupaciones. Limpiar antes y despu\u00e9s de su uso con agua tibia y un jab\u00f3n antibacteriano suave. Compatible con lubricantes a base de agua, evite su uso con lubricantes de silicona.<\/p>\n<p>Medidas:<\/p>\n<p><strong>Mordaza<\/strong><br \/>\nLongitud total: 64,8 cm<br \/>\nLongitud del hueso: 13,8 cm<br \/>\nDi\u00e1metro del hueso: 2,6 cm<br \/>\nMordaza se ajusta de 47 cm a 59,7 cm de circunferencia.<\/p>\n<p><strong>Plug:<\/strong><br \/>\nLongitud total: 30,8 cm<br \/>\nlongitud del enchufe 9,2 cm<br \/>\nLongitud del tail: 21,6 cm<br \/>\nTap\u00f3n di\u00e1metro m\u00e1s ancho: 3,1 cm<\/p>\n<p><strong>Collar:<\/strong><br \/>\nLongitud total: 53,4 cm<br \/>\nAncho del cuello: 5,8 cm<br \/>\nEl cuello se ajusta de 39,4 cm a 49,6 cm<\/p>\n<p><strong>Medidas de la correa: <\/strong>108 cm<\/p>\n","protected":false},"excerpt":{"rendered":"<p>PUPPY PLAY SET \u00a1Todo lo que necesitas para dejar salir a tu cachorro interior est\u00e1 incluido en este juego de<\/p>\n","protected":false},"featured_media":22576,"comment_status":"open","ping_status":"open","template":"","meta":[],"product_cat":[333],"product_tag":[274],"class_list":["post-22575","product","type-product","status-publish","has-post-thumbnail","hentry","product_cat-kits-bdsm","product_tag-xr-brands"],"bundled_by":[],"bundle_stock_status":"instock","bundle_stock_quantity":1,"bundle_virtual":false,"bundle_layout":"","bundle_add_to_cart_form_location":"","bundle_editable_in_cart":false,"bundle_sold_individually_context":"","bundle_item_grouping":"","bundle_min_size":"","bundle_max_size":"","bundled_items":[],"yoast_head":"<!-- This site is optimized with the Yoast SEO plugin v20.6 - https:\/\/yoast.com\/wordpress\/plugins\/seo\/ -->\n<title>PUPPY PLAY SET BDSM - NEGRO - Tienda Er\u00f3tica<\/title>\n<meta name=\"robots\" content=\"noindex, follow, max-snippet:-1, max-image-preview:large, max-video-preview:-1\" \/>\n<meta property=\"og:locale\" content=\"es_ES\" \/>\n<meta property=\"og:type\" content=\"article\" \/>\n<meta property=\"og:title\" content=\"PUPPY PLAY SET BDSM - NEGRO - Tienda Er\u00f3tica\" \/>\n<meta property=\"og:description\" content=\"PUPPY PLAY SET \u00a1Todo lo que necesitas para dejar salir a tu cachorro interior est\u00e1 incluido en este juego de\" \/>\n<meta property=\"og:url\" content=\"https:\/\/demoweb.info\/sexshop001\/producto\/puppy-play-set-bdsm-negro\/\" \/>\n<meta property=\"og:site_name\" content=\"Tienda Er\u00f3tica\" \/>\n<meta property=\"article:modified_time\" content=\"2022-01-22T10:26:55+00:00\" \/>\n<meta property=\"og:image\" content=\"https:\/\/demoweb.info\/sexshop001\/wp-content\/uploads\/2022\/01\/PUPPY-PLAY-SET-BDSM-NEGRO.jpg\" \/>\n\t<meta property=\"og:image:width\" content=\"550\" \/>\n\t<meta property=\"og:image:height\" content=\"550\" \/>\n\t<meta property=\"og:image:type\" content=\"image\/jpeg\" \/>\n<meta name=\"twitter:card\" content=\"summary_large_image\" \/>\n<meta name=\"twitter:label1\" content=\"Tiempo de lectura\" \/>\n\t<meta name=\"twitter:data1\" content=\"1 minuto\" \/>\n<script type=\"application\/ld+json\" class=\"yoast-schema-graph\">{\"@context\":\"https:\/\/schema.org\",\"@graph\":[{\"@type\":\"WebPage\",\"@id\":\"https:\/\/demoweb.info\/sexshop001\/producto\/puppy-play-set-bdsm-negro\/\",\"url\":\"https:\/\/demoweb.info\/sexshop001\/producto\/puppy-play-set-bdsm-negro\/\",\"name\":\"PUPPY PLAY SET BDSM - NEGRO - Tienda Er\u00f3tica\",\"isPartOf\":{\"@id\":\"https:\/\/demoweb.info\/sexshop001\/#website\"},\"datePublished\":\"2022-01-22T10:26:23+00:00\",\"dateModified\":\"2022-01-22T10:26:55+00:00\",\"breadcrumb\":{\"@id\":\"https:\/\/demoweb.info\/sexshop001\/producto\/puppy-play-set-bdsm-negro\/#breadcrumb\"},\"inLanguage\":\"es\",\"potentialAction\":[{\"@type\":\"ReadAction\",\"target\":[\"https:\/\/demoweb.info\/sexshop001\/producto\/puppy-play-set-bdsm-negro\/\"]}]},{\"@type\":\"BreadcrumbList\",\"@id\":\"https:\/\/demoweb.info\/sexshop001\/producto\/puppy-play-set-bdsm-negro\/#breadcrumb\",\"itemListElement\":[{\"@type\":\"ListItem\",\"position\":1,\"name\":\"Portada\",\"item\":\"https:\/\/demoweb.info\/sexshop001\/\"},{\"@type\":\"ListItem\",\"position\":2,\"name\":\"Tienda\",\"item\":\"https:\/\/demoweb.info\/sexshop001\/tienda\/\"},{\"@type\":\"ListItem\",\"position\":3,\"name\":\"PUPPY PLAY SET BDSM &#8211; NEGRO\"}]},{\"@type\":\"WebSite\",\"@id\":\"https:\/\/demoweb.info\/sexshop001\/#website\",\"url\":\"https:\/\/demoweb.info\/sexshop001\/\",\"name\":\"Tienda Er\u00f3tica\",\"description\":\"DEMOWEB SL\",\"potentialAction\":[{\"@type\":\"SearchAction\",\"target\":{\"@type\":\"EntryPoint\",\"urlTemplate\":\"https:\/\/demoweb.info\/sexshop001\/?s={search_term_string}\"},\"query-input\":\"required name=search_term_string\"}],\"inLanguage\":\"es\"}]}<\/script>\n<!-- \/ Yoast SEO plugin. -->","yoast_head_json":{"title":"PUPPY PLAY SET BDSM - NEGRO - Tienda Er\u00f3tica","robots":{"index":"noindex","follow":"follow","max-snippet":"max-snippet:-1","max-image-preview":"max-image-preview:large","max-video-preview":"max-video-preview:-1"},"og_locale":"es_ES","og_type":"article","og_title":"PUPPY PLAY SET BDSM - NEGRO - Tienda Er\u00f3tica","og_description":"PUPPY PLAY SET \u00a1Todo lo que necesitas para dejar salir a tu cachorro interior est\u00e1 incluido en este juego de","og_url":"https:\/\/demoweb.info\/sexshop001\/producto\/puppy-play-set-bdsm-negro\/","og_site_name":"Tienda Er\u00f3tica","article_modified_time":"2022-01-22T10:26:55+00:00","og_image":[{"width":550,"height":550,"url":"https:\/\/demoweb.info\/sexshop001\/wp-content\/uploads\/2022\/01\/PUPPY-PLAY-SET-BDSM-NEGRO.jpg","type":"image\/jpeg"}],"twitter_card":"summary_large_image","twitter_misc":{"Tiempo de lectura":"1 minuto"},"schema":{"@context":"https:\/\/schema.org","@graph":[{"@type":"WebPage","@id":"https:\/\/demoweb.info\/sexshop001\/producto\/puppy-play-set-bdsm-negro\/","url":"https:\/\/demoweb.info\/sexshop001\/producto\/puppy-play-set-bdsm-negro\/","name":"PUPPY PLAY SET BDSM - NEGRO - Tienda Er\u00f3tica","isPartOf":{"@id":"https:\/\/demoweb.info\/sexshop001\/#website"},"datePublished":"2022-01-22T10:26:23+00:00","dateModified":"2022-01-22T10:26:55+00:00","breadcrumb":{"@id":"https:\/\/demoweb.info\/sexshop001\/producto\/puppy-play-set-bdsm-negro\/#breadcrumb"},"inLanguage":"es","potentialAction":[{"@type":"ReadAction","target":["https:\/\/demoweb.info\/sexshop001\/producto\/puppy-play-set-bdsm-negro\/"]}]},{"@type":"BreadcrumbList","@id":"https:\/\/demoweb.info\/sexshop001\/producto\/puppy-play-set-bdsm-negro\/#breadcrumb","itemListElement":[{"@type":"ListItem","position":1,"name":"Portada","item":"https:\/\/demoweb.info\/sexshop001\/"},{"@type":"ListItem","position":2,"name":"Tienda","item":"https:\/\/demoweb.info\/sexshop001\/tienda\/"},{"@type":"ListItem","position":3,"name":"PUPPY PLAY SET BDSM &#8211; NEGRO"}]},{"@type":"WebSite","@id":"https:\/\/demoweb.info\/sexshop001\/#website","url":"https:\/\/demoweb.info\/sexshop001\/","name":"Tienda Er\u00f3tica","description":"DEMOWEB SL","potentialAction":[{"@type":"SearchAction","target":{"@type":"EntryPoint","urlTemplate":"https:\/\/demoweb.info\/sexshop001\/?s={search_term_string}"},"query-input":"required name=search_term_string"}],"inLanguage":"es"}]}},"_links":{"self":[{"href":"https:\/\/demoweb.info\/sexshop001\/wp-json\/wp\/v3\/product\/22575","targetHints":{"allow":["GET"]}}],"collection":[{"href":"https:\/\/demoweb.info\/sexshop001\/wp-json\/wp\/v3\/product"}],"about":[{"href":"https:\/\/demoweb.info\/sexshop001\/wp-json\/wp\/v2\/types\/product"}],"replies":[{"embeddable":true,"href":"https:\/\/demoweb.info\/sexshop001\/wp-json\/wp\/v2\/comments?post=22575"}],"wp:featuredmedia":[{"embeddable":true,"href":"https:\/\/demoweb.info\/sexshop001\/wp-json\/wp\/v2\/media\/22576"}],"wp:attachment":[{"href":"https:\/\/demoweb.info\/sexshop001\/wp-json\/wp\/v2\/media?parent=22575"}],"wp:term":[{"taxonomy":"product_cat","embeddable":true,"href":"https:\/\/demoweb.info\/sexshop001\/wp-json\/wp\/v2\/product_cat?post=22575"},{"taxonomy":"product_tag","embeddable":true,"href":"https:\/\/demoweb.info\/sexshop001\/wp-json\/wp\/v2\/product_tag?post=22575"}],"curies":[{"name":"wp","href":"https:\/\/api.w.org\/{rel}","templated":true}]}}