{"id":22565,"date":"2022-01-22T11:26:23","date_gmt":"2022-01-22T10:26:23","guid":{"rendered":"https:\/\/demoweb.info\/sexshop001\/producto\/plug-anal-acanalado-con-mando-a-distancia-negro\/"},"modified":"2022-01-22T11:26:50","modified_gmt":"2022-01-22T10:26:50","slug":"plug-anal-acanalado-con-mando-a-distancia-negro","status":"publish","type":"product","link":"https:\/\/demoweb.info\/sexshop001\/producto\/plug-anal-acanalado-con-mando-a-distancia-negro\/","title":{"rendered":"PLUG ANAL ACANALADO CON MANDO A DISTANCIA &#8211; NEGRO"},"content":{"rendered":"<p><strong>RIBBED VIBRATING ANAL PLUG WITH REMOTE CONTROL<\/strong><\/p>\n<p>\u00a1Aprieta tus paredes contra el cuerpo acanalado de este butt plug Assterisk! Las crestas texturizadas corren a lo largo, alcanzando un pico en la punta suave y flexible para proporcionarte una masa satisfactoria de golpes para que tu trasero apriete. Fabricado con silicona s\u00faper afelpada, para que puedas apretar tan fuerte como quieras sin preocuparte por las molestias.<\/p>\n<p>Active las 3 velocidades y los 7 patrones de vibraci\u00f3n potente con el bot\u00f3n de encendido de la base o el control remoto incluido para un uso en solitario m\u00e1s f\u00e1cil o un emocionante juego en pareja. El dise\u00f1o resistente al agua significa que puede jugar en la ducha sin problemas: preparar, jugar y limpiar con facilidad.<\/p>\n<p>La punta flexible hace que la inserci\u00f3n sea f\u00e1cil y c\u00f3moda, incluso m\u00e1s placentera con una generosa aplicaci\u00f3n de su lubricante a base de agua favorito. Evite el uso con lubricantes de silicona para prolongar la vida \u00fatil de su Assterisk.<\/p>\n<p>Fabricado con silicona sin ftalatos, segura para el cuerpo para que pueda disfrutar de este tap\u00f3n ribby una y otra vez sin preocupaciones.<\/p>\n<p>Caracter\u00edsticas:<\/p>\n<ul>\n<li>Dimensiones del producto:  13,4 x 6,6 x 5,2 cm<\/li>\n<li>Peso del producto: 193 gr<\/li>\n<li>Longitud insertable: 11,1 cm<\/li>\n<li>Se requieren bater\u00edas:   1<\/li>\n<li>Tipo de bater\u00edas:   CR2032<\/li>\n<li>Bater\u00edas incluida:   S\u00ed<\/li>\n<li>Recargable: S\u00ed<\/li>\n<li>Tiempo de recarga: 120 min<\/li>\n<li>Vida de la recarga de las bater\u00edas:  45 min<\/li>\n<li>Resistente al agua<\/li>\n<li>Materiales:  Silicona, TPE, ABS pl\u00e1stico<\/li>\n<\/ul>\n","protected":false},"excerpt":{"rendered":"<p>RIBBED VIBRATING ANAL PLUG WITH REMOTE CONTROL \u00a1Aprieta tus paredes contra el cuerpo acanalado de este butt plug Assterisk! Las<\/p>\n","protected":false},"featured_media":22566,"comment_status":"open","ping_status":"open","template":"","meta":[],"product_cat":[295],"product_tag":[1040,274],"class_list":["post-22565","product","type-product","status-publish","has-post-thumbnail","hentry","product_cat-vibradores-plugs","product_tag-ass-thumpers","product_tag-xr-brands"],"bundled_by":[],"bundle_stock_status":"instock","bundle_stock_quantity":1,"bundle_virtual":false,"bundle_layout":"","bundle_add_to_cart_form_location":"","bundle_editable_in_cart":false,"bundle_sold_individually_context":"","bundle_item_grouping":"","bundle_min_size":"","bundle_max_size":"","bundled_items":[],"yoast_head":"<!-- This site is optimized with the Yoast SEO plugin v20.6 - https:\/\/yoast.com\/wordpress\/plugins\/seo\/ -->\n<title>PLUG ANAL ACANALADO CON MANDO A DISTANCIA - NEGRO - Tienda Er\u00f3tica<\/title>\n<meta name=\"robots\" content=\"noindex, follow, max-snippet:-1, max-image-preview:large, max-video-preview:-1\" \/>\n<meta property=\"og:locale\" content=\"es_ES\" \/>\n<meta property=\"og:type\" content=\"article\" \/>\n<meta property=\"og:title\" content=\"PLUG ANAL ACANALADO CON MANDO A DISTANCIA - NEGRO - Tienda Er\u00f3tica\" \/>\n<meta property=\"og:description\" content=\"RIBBED VIBRATING ANAL PLUG WITH REMOTE CONTROL \u00a1Aprieta tus paredes contra el cuerpo acanalado de este butt plug Assterisk! Las\" \/>\n<meta property=\"og:url\" content=\"https:\/\/demoweb.info\/sexshop001\/producto\/plug-anal-acanalado-con-mando-a-distancia-negro\/\" \/>\n<meta property=\"og:site_name\" content=\"Tienda Er\u00f3tica\" \/>\n<meta property=\"article:modified_time\" content=\"2022-01-22T10:26:50+00:00\" \/>\n<meta property=\"og:image\" content=\"https:\/\/demoweb.info\/sexshop001\/wp-content\/uploads\/2022\/01\/PLUG-ANAL-ACANALADO-CON-MANDO-A-DISTANCIA-NEGRO.jpg\" \/>\n\t<meta property=\"og:image:width\" content=\"550\" \/>\n\t<meta property=\"og:image:height\" content=\"550\" \/>\n\t<meta property=\"og:image:type\" content=\"image\/jpeg\" \/>\n<meta name=\"twitter:card\" content=\"summary_large_image\" \/>\n<meta name=\"twitter:label1\" content=\"Tiempo de lectura\" \/>\n\t<meta name=\"twitter:data1\" content=\"1 minuto\" \/>\n<script type=\"application\/ld+json\" class=\"yoast-schema-graph\">{\"@context\":\"https:\/\/schema.org\",\"@graph\":[{\"@type\":\"WebPage\",\"@id\":\"https:\/\/demoweb.info\/sexshop001\/producto\/plug-anal-acanalado-con-mando-a-distancia-negro\/\",\"url\":\"https:\/\/demoweb.info\/sexshop001\/producto\/plug-anal-acanalado-con-mando-a-distancia-negro\/\",\"name\":\"PLUG ANAL ACANALADO CON MANDO A DISTANCIA - NEGRO - Tienda Er\u00f3tica\",\"isPartOf\":{\"@id\":\"https:\/\/demoweb.info\/sexshop001\/#website\"},\"datePublished\":\"2022-01-22T10:26:23+00:00\",\"dateModified\":\"2022-01-22T10:26:50+00:00\",\"breadcrumb\":{\"@id\":\"https:\/\/demoweb.info\/sexshop001\/producto\/plug-anal-acanalado-con-mando-a-distancia-negro\/#breadcrumb\"},\"inLanguage\":\"es\",\"potentialAction\":[{\"@type\":\"ReadAction\",\"target\":[\"https:\/\/demoweb.info\/sexshop001\/producto\/plug-anal-acanalado-con-mando-a-distancia-negro\/\"]}]},{\"@type\":\"BreadcrumbList\",\"@id\":\"https:\/\/demoweb.info\/sexshop001\/producto\/plug-anal-acanalado-con-mando-a-distancia-negro\/#breadcrumb\",\"itemListElement\":[{\"@type\":\"ListItem\",\"position\":1,\"name\":\"Portada\",\"item\":\"https:\/\/demoweb.info\/sexshop001\/\"},{\"@type\":\"ListItem\",\"position\":2,\"name\":\"Tienda\",\"item\":\"https:\/\/demoweb.info\/sexshop001\/tienda\/\"},{\"@type\":\"ListItem\",\"position\":3,\"name\":\"PLUG ANAL ACANALADO CON MANDO A DISTANCIA &#8211; NEGRO\"}]},{\"@type\":\"WebSite\",\"@id\":\"https:\/\/demoweb.info\/sexshop001\/#website\",\"url\":\"https:\/\/demoweb.info\/sexshop001\/\",\"name\":\"Tienda Er\u00f3tica\",\"description\":\"DEMOWEB SL\",\"potentialAction\":[{\"@type\":\"SearchAction\",\"target\":{\"@type\":\"EntryPoint\",\"urlTemplate\":\"https:\/\/demoweb.info\/sexshop001\/?s={search_term_string}\"},\"query-input\":\"required name=search_term_string\"}],\"inLanguage\":\"es\"}]}<\/script>\n<!-- \/ Yoast SEO plugin. -->","yoast_head_json":{"title":"PLUG ANAL ACANALADO CON MANDO A DISTANCIA - NEGRO - Tienda Er\u00f3tica","robots":{"index":"noindex","follow":"follow","max-snippet":"max-snippet:-1","max-image-preview":"max-image-preview:large","max-video-preview":"max-video-preview:-1"},"og_locale":"es_ES","og_type":"article","og_title":"PLUG ANAL ACANALADO CON MANDO A DISTANCIA - NEGRO - Tienda Er\u00f3tica","og_description":"RIBBED VIBRATING ANAL PLUG WITH REMOTE CONTROL \u00a1Aprieta tus paredes contra el cuerpo acanalado de este butt plug Assterisk! Las","og_url":"https:\/\/demoweb.info\/sexshop001\/producto\/plug-anal-acanalado-con-mando-a-distancia-negro\/","og_site_name":"Tienda Er\u00f3tica","article_modified_time":"2022-01-22T10:26:50+00:00","og_image":[{"width":550,"height":550,"url":"https:\/\/demoweb.info\/sexshop001\/wp-content\/uploads\/2022\/01\/PLUG-ANAL-ACANALADO-CON-MANDO-A-DISTANCIA-NEGRO.jpg","type":"image\/jpeg"}],"twitter_card":"summary_large_image","twitter_misc":{"Tiempo de lectura":"1 minuto"},"schema":{"@context":"https:\/\/schema.org","@graph":[{"@type":"WebPage","@id":"https:\/\/demoweb.info\/sexshop001\/producto\/plug-anal-acanalado-con-mando-a-distancia-negro\/","url":"https:\/\/demoweb.info\/sexshop001\/producto\/plug-anal-acanalado-con-mando-a-distancia-negro\/","name":"PLUG ANAL ACANALADO CON MANDO A DISTANCIA - NEGRO - Tienda Er\u00f3tica","isPartOf":{"@id":"https:\/\/demoweb.info\/sexshop001\/#website"},"datePublished":"2022-01-22T10:26:23+00:00","dateModified":"2022-01-22T10:26:50+00:00","breadcrumb":{"@id":"https:\/\/demoweb.info\/sexshop001\/producto\/plug-anal-acanalado-con-mando-a-distancia-negro\/#breadcrumb"},"inLanguage":"es","potentialAction":[{"@type":"ReadAction","target":["https:\/\/demoweb.info\/sexshop001\/producto\/plug-anal-acanalado-con-mando-a-distancia-negro\/"]}]},{"@type":"BreadcrumbList","@id":"https:\/\/demoweb.info\/sexshop001\/producto\/plug-anal-acanalado-con-mando-a-distancia-negro\/#breadcrumb","itemListElement":[{"@type":"ListItem","position":1,"name":"Portada","item":"https:\/\/demoweb.info\/sexshop001\/"},{"@type":"ListItem","position":2,"name":"Tienda","item":"https:\/\/demoweb.info\/sexshop001\/tienda\/"},{"@type":"ListItem","position":3,"name":"PLUG ANAL ACANALADO CON MANDO A DISTANCIA &#8211; NEGRO"}]},{"@type":"WebSite","@id":"https:\/\/demoweb.info\/sexshop001\/#website","url":"https:\/\/demoweb.info\/sexshop001\/","name":"Tienda Er\u00f3tica","description":"DEMOWEB SL","potentialAction":[{"@type":"SearchAction","target":{"@type":"EntryPoint","urlTemplate":"https:\/\/demoweb.info\/sexshop001\/?s={search_term_string}"},"query-input":"required name=search_term_string"}],"inLanguage":"es"}]}},"_links":{"self":[{"href":"https:\/\/demoweb.info\/sexshop001\/wp-json\/wp\/v3\/product\/22565","targetHints":{"allow":["GET"]}}],"collection":[{"href":"https:\/\/demoweb.info\/sexshop001\/wp-json\/wp\/v3\/product"}],"about":[{"href":"https:\/\/demoweb.info\/sexshop001\/wp-json\/wp\/v2\/types\/product"}],"replies":[{"embeddable":true,"href":"https:\/\/demoweb.info\/sexshop001\/wp-json\/wp\/v2\/comments?post=22565"}],"wp:featuredmedia":[{"embeddable":true,"href":"https:\/\/demoweb.info\/sexshop001\/wp-json\/wp\/v2\/media\/22566"}],"wp:attachment":[{"href":"https:\/\/demoweb.info\/sexshop001\/wp-json\/wp\/v2\/media?parent=22565"}],"wp:term":[{"taxonomy":"product_cat","embeddable":true,"href":"https:\/\/demoweb.info\/sexshop001\/wp-json\/wp\/v2\/product_cat?post=22565"},{"taxonomy":"product_tag","embeddable":true,"href":"https:\/\/demoweb.info\/sexshop001\/wp-json\/wp\/v2\/product_tag?post=22565"}],"curies":[{"name":"wp","href":"https:\/\/api.w.org\/{rel}","templated":true}]}}