{"id":22560,"date":"2022-01-22T11:26:23","date_gmt":"2022-01-22T10:26:23","guid":{"rendered":"https:\/\/demoweb.info\/sexshop001\/producto\/plug-anal-smooth-con-vibracion-control-remoto-negro\/"},"modified":"2022-01-22T11:26:48","modified_gmt":"2022-01-22T10:26:48","slug":"plug-anal-smooth-con-vibracion-control-remoto-negro","status":"publish","type":"product","link":"https:\/\/demoweb.info\/sexshop001\/producto\/plug-anal-smooth-con-vibracion-control-remoto-negro\/","title":{"rendered":"PLUG ANAL SMOOTH CON VIBRACI\u00d3N CONTROL REMOTO &#8211; NEGRO"},"content":{"rendered":"<p><strong>SMOOTH VIBRATING ANAL PLUG WITH REMOTE CONTROL &#8211; BLACK<\/strong><\/p>\n<p>\u00a1C\u00f3nico, potente y suave como la seda!<\/p>\n<p>Este plug anal vibrante es lujoso y perdonador para una sesi\u00f3n anal c\u00f3moda pero satisfactoria, perfecto para principiantes y veteranos por igual.<\/p>\n<p>El material de silicona de primera calidad, los modos de vibraci\u00f3n vers\u00e1tiles y el control remoto opcional lo convierten en el mejor tap\u00f3n anal para agregar a su colecci\u00f3n.<\/p>\n<p>\u00a1Suave y c\u00f3nico para una entrada f\u00e1cil y un apret\u00f3n satisfactorio!<\/p>\n<p>Agregue muchos lubricantes a base de agua para que su experiencia anal sea a\u00fan m\u00e1s gratificante, pero evite el uso con lubricantes a base de silicona para prolongar la vida \u00fatil del material de silicona suave como la seda.<\/p>\n<p>Se incluye un control remoto opcional para ayudarlo a encontrar la configuraci\u00f3n de vibraci\u00f3n perfecta: elija entre 3 velocidades y 7 patrones de configuraciones de zumbido potentes y env\u00ede su trasero al cielo.<\/p>\n<p>La construcci\u00f3n impermeable del enchufe hace que jugar en la ducha sea f\u00e1cil y conveniente para que pueda preparar, jugar y limpiar con comodidad.<\/p>\n<p>Hecho con silicona sin sulfatos, segura para el cuerpo para que puedas disfrutar de este suave y vibrante masaje anal sin preocupaciones.<\/p>\n<ul>\n<li>Peso del producto: 182gram<\/li>\n<li>Longitud insertable: 10,8 cm<\/li>\n<li>Se requieren bater\u00edas: 1<\/li>\n<li>Tipo de bater\u00edas: CR2032<\/li>\n<li>Bater\u00edas incluidas: S\u00ed<\/li>\n<li>Recargable: S\u00ed<\/li>\n<li>Tiempo de recarga: 120 min<\/li>\n<li>Vida de la recarga de las bater\u00edas: 45 min<\/li>\n<li>A prueba de agua: S\u00ed<\/li>\n<li>A prueba de salpicaduras: S\u00ed<\/li>\n<li>Materiales: Silicona, plastico duro<\/li>\n<\/ul>\n","protected":false},"excerpt":{"rendered":"<p>SMOOTH VIBRATING ANAL PLUG WITH REMOTE CONTROL &#8211; BLACK \u00a1C\u00f3nico, potente y suave como la seda! Este plug anal vibrante<\/p>\n","protected":false},"featured_media":22561,"comment_status":"open","ping_status":"open","template":"","meta":[],"product_cat":[338],"product_tag":[1040,274],"class_list":["post-22560","product","type-product","status-publish","has-post-thumbnail","hentry","product_cat-silicona-plugs","product_tag-ass-thumpers","product_tag-xr-brands"],"bundled_by":[],"bundle_stock_status":"instock","bundle_stock_quantity":1,"bundle_virtual":false,"bundle_layout":"","bundle_add_to_cart_form_location":"","bundle_editable_in_cart":false,"bundle_sold_individually_context":"","bundle_item_grouping":"","bundle_min_size":"","bundle_max_size":"","bundled_items":[],"yoast_head":"<!-- This site is optimized with the Yoast SEO plugin v20.6 - https:\/\/yoast.com\/wordpress\/plugins\/seo\/ -->\n<title>PLUG ANAL SMOOTH CON VIBRACI\u00d3N CONTROL REMOTO - NEGRO - Tienda Er\u00f3tica<\/title>\n<meta name=\"robots\" content=\"noindex, follow, max-snippet:-1, max-image-preview:large, max-video-preview:-1\" \/>\n<meta property=\"og:locale\" content=\"es_ES\" \/>\n<meta property=\"og:type\" content=\"article\" \/>\n<meta property=\"og:title\" content=\"PLUG ANAL SMOOTH CON VIBRACI\u00d3N CONTROL REMOTO - NEGRO - Tienda Er\u00f3tica\" \/>\n<meta property=\"og:description\" content=\"SMOOTH VIBRATING ANAL PLUG WITH REMOTE CONTROL &#8211; BLACK \u00a1C\u00f3nico, potente y suave como la seda! Este plug anal vibrante\" \/>\n<meta property=\"og:url\" content=\"https:\/\/demoweb.info\/sexshop001\/producto\/plug-anal-smooth-con-vibracion-control-remoto-negro\/\" \/>\n<meta property=\"og:site_name\" content=\"Tienda Er\u00f3tica\" \/>\n<meta property=\"article:modified_time\" content=\"2022-01-22T10:26:48+00:00\" \/>\n<meta property=\"og:image\" content=\"https:\/\/demoweb.info\/sexshop001\/wp-content\/uploads\/2022\/01\/PLUG-ANAL-SMOOTH-CON-VIBRACION-CONTROL-REMOTO-NEGRO.jpg\" \/>\n\t<meta property=\"og:image:width\" content=\"550\" \/>\n\t<meta property=\"og:image:height\" content=\"550\" \/>\n\t<meta property=\"og:image:type\" content=\"image\/jpeg\" \/>\n<meta name=\"twitter:card\" content=\"summary_large_image\" \/>\n<meta name=\"twitter:label1\" content=\"Tiempo de lectura\" \/>\n\t<meta name=\"twitter:data1\" content=\"1 minuto\" \/>\n<script type=\"application\/ld+json\" class=\"yoast-schema-graph\">{\"@context\":\"https:\/\/schema.org\",\"@graph\":[{\"@type\":\"WebPage\",\"@id\":\"https:\/\/demoweb.info\/sexshop001\/producto\/plug-anal-smooth-con-vibracion-control-remoto-negro\/\",\"url\":\"https:\/\/demoweb.info\/sexshop001\/producto\/plug-anal-smooth-con-vibracion-control-remoto-negro\/\",\"name\":\"PLUG ANAL SMOOTH CON VIBRACI\u00d3N CONTROL REMOTO - NEGRO - Tienda Er\u00f3tica\",\"isPartOf\":{\"@id\":\"https:\/\/demoweb.info\/sexshop001\/#website\"},\"datePublished\":\"2022-01-22T10:26:23+00:00\",\"dateModified\":\"2022-01-22T10:26:48+00:00\",\"breadcrumb\":{\"@id\":\"https:\/\/demoweb.info\/sexshop001\/producto\/plug-anal-smooth-con-vibracion-control-remoto-negro\/#breadcrumb\"},\"inLanguage\":\"es\",\"potentialAction\":[{\"@type\":\"ReadAction\",\"target\":[\"https:\/\/demoweb.info\/sexshop001\/producto\/plug-anal-smooth-con-vibracion-control-remoto-negro\/\"]}]},{\"@type\":\"BreadcrumbList\",\"@id\":\"https:\/\/demoweb.info\/sexshop001\/producto\/plug-anal-smooth-con-vibracion-control-remoto-negro\/#breadcrumb\",\"itemListElement\":[{\"@type\":\"ListItem\",\"position\":1,\"name\":\"Portada\",\"item\":\"https:\/\/demoweb.info\/sexshop001\/\"},{\"@type\":\"ListItem\",\"position\":2,\"name\":\"Tienda\",\"item\":\"https:\/\/demoweb.info\/sexshop001\/tienda\/\"},{\"@type\":\"ListItem\",\"position\":3,\"name\":\"PLUG ANAL SMOOTH CON VIBRACI\u00d3N CONTROL REMOTO &#8211; NEGRO\"}]},{\"@type\":\"WebSite\",\"@id\":\"https:\/\/demoweb.info\/sexshop001\/#website\",\"url\":\"https:\/\/demoweb.info\/sexshop001\/\",\"name\":\"Tienda Er\u00f3tica\",\"description\":\"DEMOWEB SL\",\"potentialAction\":[{\"@type\":\"SearchAction\",\"target\":{\"@type\":\"EntryPoint\",\"urlTemplate\":\"https:\/\/demoweb.info\/sexshop001\/?s={search_term_string}\"},\"query-input\":\"required name=search_term_string\"}],\"inLanguage\":\"es\"}]}<\/script>\n<!-- \/ Yoast SEO plugin. -->","yoast_head_json":{"title":"PLUG ANAL SMOOTH CON VIBRACI\u00d3N CONTROL REMOTO - NEGRO - Tienda Er\u00f3tica","robots":{"index":"noindex","follow":"follow","max-snippet":"max-snippet:-1","max-image-preview":"max-image-preview:large","max-video-preview":"max-video-preview:-1"},"og_locale":"es_ES","og_type":"article","og_title":"PLUG ANAL SMOOTH CON VIBRACI\u00d3N CONTROL REMOTO - NEGRO - Tienda Er\u00f3tica","og_description":"SMOOTH VIBRATING ANAL PLUG WITH REMOTE CONTROL &#8211; BLACK \u00a1C\u00f3nico, potente y suave como la seda! Este plug anal vibrante","og_url":"https:\/\/demoweb.info\/sexshop001\/producto\/plug-anal-smooth-con-vibracion-control-remoto-negro\/","og_site_name":"Tienda Er\u00f3tica","article_modified_time":"2022-01-22T10:26:48+00:00","og_image":[{"width":550,"height":550,"url":"https:\/\/demoweb.info\/sexshop001\/wp-content\/uploads\/2022\/01\/PLUG-ANAL-SMOOTH-CON-VIBRACION-CONTROL-REMOTO-NEGRO.jpg","type":"image\/jpeg"}],"twitter_card":"summary_large_image","twitter_misc":{"Tiempo de lectura":"1 minuto"},"schema":{"@context":"https:\/\/schema.org","@graph":[{"@type":"WebPage","@id":"https:\/\/demoweb.info\/sexshop001\/producto\/plug-anal-smooth-con-vibracion-control-remoto-negro\/","url":"https:\/\/demoweb.info\/sexshop001\/producto\/plug-anal-smooth-con-vibracion-control-remoto-negro\/","name":"PLUG ANAL SMOOTH CON VIBRACI\u00d3N CONTROL REMOTO - NEGRO - Tienda Er\u00f3tica","isPartOf":{"@id":"https:\/\/demoweb.info\/sexshop001\/#website"},"datePublished":"2022-01-22T10:26:23+00:00","dateModified":"2022-01-22T10:26:48+00:00","breadcrumb":{"@id":"https:\/\/demoweb.info\/sexshop001\/producto\/plug-anal-smooth-con-vibracion-control-remoto-negro\/#breadcrumb"},"inLanguage":"es","potentialAction":[{"@type":"ReadAction","target":["https:\/\/demoweb.info\/sexshop001\/producto\/plug-anal-smooth-con-vibracion-control-remoto-negro\/"]}]},{"@type":"BreadcrumbList","@id":"https:\/\/demoweb.info\/sexshop001\/producto\/plug-anal-smooth-con-vibracion-control-remoto-negro\/#breadcrumb","itemListElement":[{"@type":"ListItem","position":1,"name":"Portada","item":"https:\/\/demoweb.info\/sexshop001\/"},{"@type":"ListItem","position":2,"name":"Tienda","item":"https:\/\/demoweb.info\/sexshop001\/tienda\/"},{"@type":"ListItem","position":3,"name":"PLUG ANAL SMOOTH CON VIBRACI\u00d3N CONTROL REMOTO &#8211; NEGRO"}]},{"@type":"WebSite","@id":"https:\/\/demoweb.info\/sexshop001\/#website","url":"https:\/\/demoweb.info\/sexshop001\/","name":"Tienda Er\u00f3tica","description":"DEMOWEB SL","potentialAction":[{"@type":"SearchAction","target":{"@type":"EntryPoint","urlTemplate":"https:\/\/demoweb.info\/sexshop001\/?s={search_term_string}"},"query-input":"required name=search_term_string"}],"inLanguage":"es"}]}},"_links":{"self":[{"href":"https:\/\/demoweb.info\/sexshop001\/wp-json\/wp\/v3\/product\/22560","targetHints":{"allow":["GET"]}}],"collection":[{"href":"https:\/\/demoweb.info\/sexshop001\/wp-json\/wp\/v3\/product"}],"about":[{"href":"https:\/\/demoweb.info\/sexshop001\/wp-json\/wp\/v2\/types\/product"}],"replies":[{"embeddable":true,"href":"https:\/\/demoweb.info\/sexshop001\/wp-json\/wp\/v2\/comments?post=22560"}],"wp:featuredmedia":[{"embeddable":true,"href":"https:\/\/demoweb.info\/sexshop001\/wp-json\/wp\/v2\/media\/22561"}],"wp:attachment":[{"href":"https:\/\/demoweb.info\/sexshop001\/wp-json\/wp\/v2\/media?parent=22560"}],"wp:term":[{"taxonomy":"product_cat","embeddable":true,"href":"https:\/\/demoweb.info\/sexshop001\/wp-json\/wp\/v2\/product_cat?post=22560"},{"taxonomy":"product_tag","embeddable":true,"href":"https:\/\/demoweb.info\/sexshop001\/wp-json\/wp\/v2\/product_tag?post=22560"}],"curies":[{"name":"wp","href":"https:\/\/api.w.org\/{rel}","templated":true}]}}