{"id":22550,"date":"2022-01-22T11:26:23","date_gmt":"2022-01-22T10:26:23","guid":{"rendered":"https:\/\/demoweb.info\/sexshop001\/producto\/plug-anal-gema-rainbow-pequeno-plata\/"},"modified":"2022-01-22T11:26:43","modified_gmt":"2022-01-22T10:26:43","slug":"plug-anal-gema-rainbow-pequeno-plata","status":"publish","type":"product","link":"https:\/\/demoweb.info\/sexshop001\/producto\/plug-anal-gema-rainbow-pequeno-plata\/","title":{"rendered":"PLUG ANAL GEMA &#8211; RAINBOW &#8211; PEQUE\u00d1O &#8211; PLATA"},"content":{"rendered":"<p><strong>RAINBOW PRISM GEM ANAL PLUG<\/strong><\/p>\n<p>La gema del arco\u00edris en forma de coraz\u00f3n agrega una energ\u00eda lujuriosa deslumbrante a tu trasero, mientras que el gran tama\u00f1o y el peso satisfactorio califican este brillante plug anal como el evento principal de la noche.<\/p>\n<p>Hecho con aleaci\u00f3n de aluminio sin n\u00edquel para una experiencia s\u00faper suave, no porosa y segura para el cuerpo.<\/p>\n<p>Compatible con lubricantes a base de agua y silicona para que puedas utilizar cualquier tipo de lubricante para una c\u00f3moda sesi\u00f3n anal.<\/p>\n<p>El peso y la densidad satisfactorios seguramente complacer\u00e1n a los jugadores anales de todos los amantes.<\/p>\n<p>Excelente para juegos de temperatura: cali\u00e9ntelo o enfr\u00edelo para una variedad de diferentes sensaciones.<\/p>\n<p>Limpie antes y despu\u00e9s de su uso con agua tibia y un jab\u00f3n antibacteriano suave o un limpiador de juguetes.<\/p>\n<p>Inserta y deslumbra a tu amante con esta seductora joya en forma de coraz\u00f3n y enciende sus motores.<\/p>\n<ul>\n<li>Dimensiones del producto :7,1 x 2,8 x 2,8 cm<\/li>\n<li>Peso del producto: 49gram<\/li>\n<li>Longitud insertable :6,2 cm<\/li>\n<li>Materiales: Aluminio<\/li>\n<\/ul>\n","protected":false},"excerpt":{"rendered":"<p>RAINBOW PRISM GEM ANAL PLUG La gema del arco\u00edris en forma de coraz\u00f3n agrega una energ\u00eda lujuriosa deslumbrante a tu<\/p>\n","protected":false},"featured_media":22551,"comment_status":"open","ping_status":"open","template":"","meta":[],"product_cat":[464],"product_tag":[465,274],"class_list":["post-22550","product","type-product","status-publish","has-post-thumbnail","hentry","product_cat-metal-plugs","product_tag-booty-sparks","product_tag-xr-brands"],"bundled_by":[],"bundle_stock_status":"outofstock","bundle_stock_quantity":0,"bundle_virtual":false,"bundle_layout":"","bundle_add_to_cart_form_location":"","bundle_editable_in_cart":false,"bundle_sold_individually_context":"","bundle_item_grouping":"","bundle_min_size":"","bundle_max_size":"","bundled_items":[],"yoast_head":"<!-- This site is optimized with the Yoast SEO plugin v20.6 - https:\/\/yoast.com\/wordpress\/plugins\/seo\/ -->\n<title>PLUG ANAL GEMA - RAINBOW - PEQUE\u00d1O - PLATA - Tienda Er\u00f3tica<\/title>\n<meta name=\"robots\" content=\"noindex, follow, max-snippet:-1, max-image-preview:large, max-video-preview:-1\" \/>\n<meta property=\"og:locale\" content=\"es_ES\" \/>\n<meta property=\"og:type\" content=\"article\" \/>\n<meta property=\"og:title\" content=\"PLUG ANAL GEMA - RAINBOW - PEQUE\u00d1O - PLATA - Tienda Er\u00f3tica\" \/>\n<meta property=\"og:description\" content=\"RAINBOW PRISM GEM ANAL PLUG La gema del arco\u00edris en forma de coraz\u00f3n agrega una energ\u00eda lujuriosa deslumbrante a tu\" \/>\n<meta property=\"og:url\" content=\"https:\/\/demoweb.info\/sexshop001\/producto\/plug-anal-gema-rainbow-pequeno-plata\/\" \/>\n<meta property=\"og:site_name\" content=\"Tienda Er\u00f3tica\" \/>\n<meta property=\"article:modified_time\" content=\"2022-01-22T10:26:43+00:00\" \/>\n<meta property=\"og:image\" content=\"https:\/\/demoweb.info\/sexshop001\/wp-content\/uploads\/2022\/01\/PLUG-ANAL-GEMA-RAINBOW-PEQUENO-PLATA.jpg\" \/>\n\t<meta property=\"og:image:width\" content=\"550\" \/>\n\t<meta property=\"og:image:height\" content=\"550\" \/>\n\t<meta property=\"og:image:type\" content=\"image\/jpeg\" \/>\n<meta name=\"twitter:card\" content=\"summary_large_image\" \/>\n<meta name=\"twitter:label1\" content=\"Tiempo de lectura\" \/>\n\t<meta name=\"twitter:data1\" content=\"1 minuto\" \/>\n<script type=\"application\/ld+json\" class=\"yoast-schema-graph\">{\"@context\":\"https:\/\/schema.org\",\"@graph\":[{\"@type\":\"WebPage\",\"@id\":\"https:\/\/demoweb.info\/sexshop001\/producto\/plug-anal-gema-rainbow-pequeno-plata\/\",\"url\":\"https:\/\/demoweb.info\/sexshop001\/producto\/plug-anal-gema-rainbow-pequeno-plata\/\",\"name\":\"PLUG ANAL GEMA - RAINBOW - PEQUE\u00d1O - PLATA - Tienda Er\u00f3tica\",\"isPartOf\":{\"@id\":\"https:\/\/demoweb.info\/sexshop001\/#website\"},\"datePublished\":\"2022-01-22T10:26:23+00:00\",\"dateModified\":\"2022-01-22T10:26:43+00:00\",\"breadcrumb\":{\"@id\":\"https:\/\/demoweb.info\/sexshop001\/producto\/plug-anal-gema-rainbow-pequeno-plata\/#breadcrumb\"},\"inLanguage\":\"es\",\"potentialAction\":[{\"@type\":\"ReadAction\",\"target\":[\"https:\/\/demoweb.info\/sexshop001\/producto\/plug-anal-gema-rainbow-pequeno-plata\/\"]}]},{\"@type\":\"BreadcrumbList\",\"@id\":\"https:\/\/demoweb.info\/sexshop001\/producto\/plug-anal-gema-rainbow-pequeno-plata\/#breadcrumb\",\"itemListElement\":[{\"@type\":\"ListItem\",\"position\":1,\"name\":\"Portada\",\"item\":\"https:\/\/demoweb.info\/sexshop001\/\"},{\"@type\":\"ListItem\",\"position\":2,\"name\":\"Tienda\",\"item\":\"https:\/\/demoweb.info\/sexshop001\/tienda\/\"},{\"@type\":\"ListItem\",\"position\":3,\"name\":\"PLUG ANAL GEMA &#8211; RAINBOW &#8211; PEQUE\u00d1O &#8211; PLATA\"}]},{\"@type\":\"WebSite\",\"@id\":\"https:\/\/demoweb.info\/sexshop001\/#website\",\"url\":\"https:\/\/demoweb.info\/sexshop001\/\",\"name\":\"Tienda Er\u00f3tica\",\"description\":\"DEMOWEB SL\",\"potentialAction\":[{\"@type\":\"SearchAction\",\"target\":{\"@type\":\"EntryPoint\",\"urlTemplate\":\"https:\/\/demoweb.info\/sexshop001\/?s={search_term_string}\"},\"query-input\":\"required name=search_term_string\"}],\"inLanguage\":\"es\"}]}<\/script>\n<!-- \/ Yoast SEO plugin. -->","yoast_head_json":{"title":"PLUG ANAL GEMA - RAINBOW - PEQUE\u00d1O - PLATA - Tienda Er\u00f3tica","robots":{"index":"noindex","follow":"follow","max-snippet":"max-snippet:-1","max-image-preview":"max-image-preview:large","max-video-preview":"max-video-preview:-1"},"og_locale":"es_ES","og_type":"article","og_title":"PLUG ANAL GEMA - RAINBOW - PEQUE\u00d1O - PLATA - Tienda Er\u00f3tica","og_description":"RAINBOW PRISM GEM ANAL PLUG La gema del arco\u00edris en forma de coraz\u00f3n agrega una energ\u00eda lujuriosa deslumbrante a tu","og_url":"https:\/\/demoweb.info\/sexshop001\/producto\/plug-anal-gema-rainbow-pequeno-plata\/","og_site_name":"Tienda Er\u00f3tica","article_modified_time":"2022-01-22T10:26:43+00:00","og_image":[{"width":550,"height":550,"url":"https:\/\/demoweb.info\/sexshop001\/wp-content\/uploads\/2022\/01\/PLUG-ANAL-GEMA-RAINBOW-PEQUENO-PLATA.jpg","type":"image\/jpeg"}],"twitter_card":"summary_large_image","twitter_misc":{"Tiempo de lectura":"1 minuto"},"schema":{"@context":"https:\/\/schema.org","@graph":[{"@type":"WebPage","@id":"https:\/\/demoweb.info\/sexshop001\/producto\/plug-anal-gema-rainbow-pequeno-plata\/","url":"https:\/\/demoweb.info\/sexshop001\/producto\/plug-anal-gema-rainbow-pequeno-plata\/","name":"PLUG ANAL GEMA - RAINBOW - PEQUE\u00d1O - PLATA - Tienda Er\u00f3tica","isPartOf":{"@id":"https:\/\/demoweb.info\/sexshop001\/#website"},"datePublished":"2022-01-22T10:26:23+00:00","dateModified":"2022-01-22T10:26:43+00:00","breadcrumb":{"@id":"https:\/\/demoweb.info\/sexshop001\/producto\/plug-anal-gema-rainbow-pequeno-plata\/#breadcrumb"},"inLanguage":"es","potentialAction":[{"@type":"ReadAction","target":["https:\/\/demoweb.info\/sexshop001\/producto\/plug-anal-gema-rainbow-pequeno-plata\/"]}]},{"@type":"BreadcrumbList","@id":"https:\/\/demoweb.info\/sexshop001\/producto\/plug-anal-gema-rainbow-pequeno-plata\/#breadcrumb","itemListElement":[{"@type":"ListItem","position":1,"name":"Portada","item":"https:\/\/demoweb.info\/sexshop001\/"},{"@type":"ListItem","position":2,"name":"Tienda","item":"https:\/\/demoweb.info\/sexshop001\/tienda\/"},{"@type":"ListItem","position":3,"name":"PLUG ANAL GEMA &#8211; RAINBOW &#8211; PEQUE\u00d1O &#8211; PLATA"}]},{"@type":"WebSite","@id":"https:\/\/demoweb.info\/sexshop001\/#website","url":"https:\/\/demoweb.info\/sexshop001\/","name":"Tienda Er\u00f3tica","description":"DEMOWEB SL","potentialAction":[{"@type":"SearchAction","target":{"@type":"EntryPoint","urlTemplate":"https:\/\/demoweb.info\/sexshop001\/?s={search_term_string}"},"query-input":"required name=search_term_string"}],"inLanguage":"es"}]}},"_links":{"self":[{"href":"https:\/\/demoweb.info\/sexshop001\/wp-json\/wp\/v3\/product\/22550","targetHints":{"allow":["GET"]}}],"collection":[{"href":"https:\/\/demoweb.info\/sexshop001\/wp-json\/wp\/v3\/product"}],"about":[{"href":"https:\/\/demoweb.info\/sexshop001\/wp-json\/wp\/v2\/types\/product"}],"replies":[{"embeddable":true,"href":"https:\/\/demoweb.info\/sexshop001\/wp-json\/wp\/v2\/comments?post=22550"}],"wp:featuredmedia":[{"embeddable":true,"href":"https:\/\/demoweb.info\/sexshop001\/wp-json\/wp\/v2\/media\/22551"}],"wp:attachment":[{"href":"https:\/\/demoweb.info\/sexshop001\/wp-json\/wp\/v2\/media?parent=22550"}],"wp:term":[{"taxonomy":"product_cat","embeddable":true,"href":"https:\/\/demoweb.info\/sexshop001\/wp-json\/wp\/v2\/product_cat?post=22550"},{"taxonomy":"product_tag","embeddable":true,"href":"https:\/\/demoweb.info\/sexshop001\/wp-json\/wp\/v2\/product_tag?post=22550"}],"curies":[{"name":"wp","href":"https:\/\/api.w.org\/{rel}","templated":true}]}}