{"id":22500,"date":"2022-01-22T11:25:45","date_gmt":"2022-01-22T10:25:45","guid":{"rendered":"https:\/\/demoweb.info\/sexshop001\/producto\/orgasm-pack-rosa\/"},"modified":"2022-01-22T11:26:16","modified_gmt":"2022-01-22T10:26:16","slug":"orgasm-pack-rosa","status":"publish","type":"product","link":"https:\/\/demoweb.info\/sexshop001\/producto\/orgasm-pack-rosa\/","title":{"rendered":"ORGASM PACK &#8211; ROSA"},"content":{"rendered":"<p><strong>ORGASM PACK <\/strong><\/p>\n<p>Hip-hop para llegar a las mejores delicias con el kit de orgasmo Happy Rabbit\u00ae. Combinando una vibraci\u00f3n de oreja de conejo de bolsillo con 30 ml de gel de orgasmo que mejora la excitaci\u00f3n, sus emociones sensuales y liberadoras est\u00e1n a solo un zumbido de distancia.<\/p>\n<p>El vibrador de bala de silicona ofrece 3 velocidades emocionantes y 9 patrones de vibraci\u00f3n tentadores, para que puedas encontrar el que m\u00e1s te convenga. Juega con las zumbantes orejas de conejo solo o con un compa\u00f1ero, mojado o seco, gracias a su dise\u00f1o impermeable.<\/p>\n<p>Para usar con el gel de orgasmo, simplemente masajee una gota en un \u00e1rea externa sensible que le gustar\u00eda despertar, como el cl\u00edtoris, los labios o los pezones, luego juegue con la bala para un placer poderoso.<\/p>\n<p>happy rabbit\u00ae ama los lubricantes a base de agua. Exprime una generosa cantidad a lo largo de la bala para obtener la mejor bondad deslizante.<\/p>\n<p>Ingredientes del gel de orgasmo: agua, propanodiol, hidroxietilcelulosa, aceite de ricino hidrogenado PEG-40, arginina, etilglicerina, fenoxietanol, \u00e1cido c\u00edtrico, mentol.<\/p>\n<ul>\n<li>Kit de 2 piezas con vibraci\u00f3n de oreja de conejo y gel de orgasmo para deleites emocionantes<\/li>\n<li>3 velocidades y 9 patrones para explorar, para sesiones de placer personalizadas<\/li>\n<li>El gel de orgasmo apto para veganos puede mejorar su excitaci\u00f3n<\/li>\n<li>Es impermeable para poder usar en la ba\u00f1era<\/li>\n<\/ul>\n","protected":false},"excerpt":{"rendered":"<p>ORGASM PACK Hip-hop para llegar a las mejores delicias con el kit de orgasmo Happy Rabbit\u00ae. Combinando una vibraci\u00f3n de<\/p>\n","protected":false},"featured_media":22501,"comment_status":"open","ping_status":"open","template":"","meta":[],"product_cat":[478],"product_tag":[1037],"class_list":["post-22500","product","type-product","status-publish","has-post-thumbnail","hentry","product_cat-kits-vibradores-juguetes-xxx","product_tag-happy-rabbit"],"bundled_by":[],"bundle_stock_status":"outofstock","bundle_stock_quantity":0,"bundle_virtual":false,"bundle_layout":"","bundle_add_to_cart_form_location":"","bundle_editable_in_cart":false,"bundle_sold_individually_context":"","bundle_item_grouping":"","bundle_min_size":"","bundle_max_size":"","bundled_items":[],"yoast_head":"<!-- This site is optimized with the Yoast SEO plugin v20.6 - https:\/\/yoast.com\/wordpress\/plugins\/seo\/ -->\n<title>ORGASM PACK - ROSA - Tienda Er\u00f3tica<\/title>\n<meta name=\"robots\" content=\"noindex, follow, max-snippet:-1, max-image-preview:large, max-video-preview:-1\" \/>\n<meta property=\"og:locale\" content=\"es_ES\" \/>\n<meta property=\"og:type\" content=\"article\" \/>\n<meta property=\"og:title\" content=\"ORGASM PACK - ROSA - Tienda Er\u00f3tica\" \/>\n<meta property=\"og:description\" content=\"ORGASM PACK Hip-hop para llegar a las mejores delicias con el kit de orgasmo Happy Rabbit\u00ae. Combinando una vibraci\u00f3n de\" \/>\n<meta property=\"og:url\" content=\"https:\/\/demoweb.info\/sexshop001\/producto\/orgasm-pack-rosa\/\" \/>\n<meta property=\"og:site_name\" content=\"Tienda Er\u00f3tica\" \/>\n<meta property=\"article:modified_time\" content=\"2022-01-22T10:26:16+00:00\" \/>\n<meta property=\"og:image\" content=\"https:\/\/demoweb.info\/sexshop001\/wp-content\/uploads\/2022\/01\/ORGASM-PACK-ROSA.jpg\" \/>\n\t<meta property=\"og:image:width\" content=\"550\" \/>\n\t<meta property=\"og:image:height\" content=\"550\" \/>\n\t<meta property=\"og:image:type\" content=\"image\/jpeg\" \/>\n<meta name=\"twitter:card\" content=\"summary_large_image\" \/>\n<meta name=\"twitter:label1\" content=\"Tiempo de lectura\" \/>\n\t<meta name=\"twitter:data1\" content=\"1 minuto\" \/>\n<script type=\"application\/ld+json\" class=\"yoast-schema-graph\">{\"@context\":\"https:\/\/schema.org\",\"@graph\":[{\"@type\":\"WebPage\",\"@id\":\"https:\/\/demoweb.info\/sexshop001\/producto\/orgasm-pack-rosa\/\",\"url\":\"https:\/\/demoweb.info\/sexshop001\/producto\/orgasm-pack-rosa\/\",\"name\":\"ORGASM PACK - ROSA - Tienda Er\u00f3tica\",\"isPartOf\":{\"@id\":\"https:\/\/demoweb.info\/sexshop001\/#website\"},\"datePublished\":\"2022-01-22T10:25:45+00:00\",\"dateModified\":\"2022-01-22T10:26:16+00:00\",\"breadcrumb\":{\"@id\":\"https:\/\/demoweb.info\/sexshop001\/producto\/orgasm-pack-rosa\/#breadcrumb\"},\"inLanguage\":\"es\",\"potentialAction\":[{\"@type\":\"ReadAction\",\"target\":[\"https:\/\/demoweb.info\/sexshop001\/producto\/orgasm-pack-rosa\/\"]}]},{\"@type\":\"BreadcrumbList\",\"@id\":\"https:\/\/demoweb.info\/sexshop001\/producto\/orgasm-pack-rosa\/#breadcrumb\",\"itemListElement\":[{\"@type\":\"ListItem\",\"position\":1,\"name\":\"Portada\",\"item\":\"https:\/\/demoweb.info\/sexshop001\/\"},{\"@type\":\"ListItem\",\"position\":2,\"name\":\"Tienda\",\"item\":\"https:\/\/demoweb.info\/sexshop001\/tienda\/\"},{\"@type\":\"ListItem\",\"position\":3,\"name\":\"ORGASM PACK &#8211; ROSA\"}]},{\"@type\":\"WebSite\",\"@id\":\"https:\/\/demoweb.info\/sexshop001\/#website\",\"url\":\"https:\/\/demoweb.info\/sexshop001\/\",\"name\":\"Tienda Er\u00f3tica\",\"description\":\"DEMOWEB SL\",\"potentialAction\":[{\"@type\":\"SearchAction\",\"target\":{\"@type\":\"EntryPoint\",\"urlTemplate\":\"https:\/\/demoweb.info\/sexshop001\/?s={search_term_string}\"},\"query-input\":\"required name=search_term_string\"}],\"inLanguage\":\"es\"}]}<\/script>\n<!-- \/ Yoast SEO plugin. -->","yoast_head_json":{"title":"ORGASM PACK - ROSA - Tienda Er\u00f3tica","robots":{"index":"noindex","follow":"follow","max-snippet":"max-snippet:-1","max-image-preview":"max-image-preview:large","max-video-preview":"max-video-preview:-1"},"og_locale":"es_ES","og_type":"article","og_title":"ORGASM PACK - ROSA - Tienda Er\u00f3tica","og_description":"ORGASM PACK Hip-hop para llegar a las mejores delicias con el kit de orgasmo Happy Rabbit\u00ae. Combinando una vibraci\u00f3n de","og_url":"https:\/\/demoweb.info\/sexshop001\/producto\/orgasm-pack-rosa\/","og_site_name":"Tienda Er\u00f3tica","article_modified_time":"2022-01-22T10:26:16+00:00","og_image":[{"width":550,"height":550,"url":"https:\/\/demoweb.info\/sexshop001\/wp-content\/uploads\/2022\/01\/ORGASM-PACK-ROSA.jpg","type":"image\/jpeg"}],"twitter_card":"summary_large_image","twitter_misc":{"Tiempo de lectura":"1 minuto"},"schema":{"@context":"https:\/\/schema.org","@graph":[{"@type":"WebPage","@id":"https:\/\/demoweb.info\/sexshop001\/producto\/orgasm-pack-rosa\/","url":"https:\/\/demoweb.info\/sexshop001\/producto\/orgasm-pack-rosa\/","name":"ORGASM PACK - ROSA - Tienda Er\u00f3tica","isPartOf":{"@id":"https:\/\/demoweb.info\/sexshop001\/#website"},"datePublished":"2022-01-22T10:25:45+00:00","dateModified":"2022-01-22T10:26:16+00:00","breadcrumb":{"@id":"https:\/\/demoweb.info\/sexshop001\/producto\/orgasm-pack-rosa\/#breadcrumb"},"inLanguage":"es","potentialAction":[{"@type":"ReadAction","target":["https:\/\/demoweb.info\/sexshop001\/producto\/orgasm-pack-rosa\/"]}]},{"@type":"BreadcrumbList","@id":"https:\/\/demoweb.info\/sexshop001\/producto\/orgasm-pack-rosa\/#breadcrumb","itemListElement":[{"@type":"ListItem","position":1,"name":"Portada","item":"https:\/\/demoweb.info\/sexshop001\/"},{"@type":"ListItem","position":2,"name":"Tienda","item":"https:\/\/demoweb.info\/sexshop001\/tienda\/"},{"@type":"ListItem","position":3,"name":"ORGASM PACK &#8211; ROSA"}]},{"@type":"WebSite","@id":"https:\/\/demoweb.info\/sexshop001\/#website","url":"https:\/\/demoweb.info\/sexshop001\/","name":"Tienda Er\u00f3tica","description":"DEMOWEB SL","potentialAction":[{"@type":"SearchAction","target":{"@type":"EntryPoint","urlTemplate":"https:\/\/demoweb.info\/sexshop001\/?s={search_term_string}"},"query-input":"required name=search_term_string"}],"inLanguage":"es"}]}},"_links":{"self":[{"href":"https:\/\/demoweb.info\/sexshop001\/wp-json\/wp\/v3\/product\/22500","targetHints":{"allow":["GET"]}}],"collection":[{"href":"https:\/\/demoweb.info\/sexshop001\/wp-json\/wp\/v3\/product"}],"about":[{"href":"https:\/\/demoweb.info\/sexshop001\/wp-json\/wp\/v2\/types\/product"}],"replies":[{"embeddable":true,"href":"https:\/\/demoweb.info\/sexshop001\/wp-json\/wp\/v2\/comments?post=22500"}],"wp:featuredmedia":[{"embeddable":true,"href":"https:\/\/demoweb.info\/sexshop001\/wp-json\/wp\/v2\/media\/22501"}],"wp:attachment":[{"href":"https:\/\/demoweb.info\/sexshop001\/wp-json\/wp\/v2\/media?parent=22500"}],"wp:term":[{"taxonomy":"product_cat","embeddable":true,"href":"https:\/\/demoweb.info\/sexshop001\/wp-json\/wp\/v2\/product_cat?post=22500"},{"taxonomy":"product_tag","embeddable":true,"href":"https:\/\/demoweb.info\/sexshop001\/wp-json\/wp\/v2\/product_tag?post=22500"}],"curies":[{"name":"wp","href":"https:\/\/api.w.org\/{rel}","templated":true}]}}