{"id":22490,"date":"2022-01-22T11:25:45","date_gmt":"2022-01-22T10:25:45","guid":{"rendered":"https:\/\/demoweb.info\/sexshop001\/producto\/kit-de-arnes-con-correa-happy-rabbit-purpura\/"},"modified":"2022-01-22T11:26:10","modified_gmt":"2022-01-22T10:26:10","slug":"kit-de-arnes-con-correa-happy-rabbit-purpura","status":"publish","type":"product","link":"https:\/\/demoweb.info\/sexshop001\/producto\/kit-de-arnes-con-correa-happy-rabbit-purpura\/","title":{"rendered":"KIT DE ARN\u00c9S CON CORREA HAPPY RABBIT &#8211; PURPURA"},"content":{"rendered":"<p><strong>STRAP ON HARNESS SET &#8211; PURPLE<\/strong><\/p>\n<p>Abr\u00f3chate el cintur\u00f3n para disfrutar de un sensacional placer compartido con nuestro kit de arn\u00e9s con correa happy rabbit\u00ae.<\/p>\n<p>Ofreciendo 15 funciones de vibraci\u00f3n para ambos y un arn\u00e9s totalmente ajustable, la felicidad excepcional en el dormitorio est\u00e1 a solo un salto, un salto y un salto de distancia.<\/p>\n<p>El delgado eje insertable de 12,7cm presenta una cabeza c\u00f3nica para una inserci\u00f3n suave y un masaje interno sensacional.<\/p>\n<p>Tiene 3 velocidades y 9 patrones, mientras que los o\u00eddos externos ofrecen 3 velocidades retumbantes para una estimulaci\u00f3n externa poderosa.<\/p>\n<p>El arn\u00e9s incluido viene con 3 tama\u00f1os de juntas t\u00f3ricas para uso intercambiable con otros consoladores favoritos y se puede ajustar.<\/p>\n<p>Para que las parejas a\u00fan m\u00e1s emocionantes jueguen fuera de casa o en el ba\u00f1o o la ducha, el cintur\u00f3n es impermeable, recargable por USB y cuenta con un candado de viaje.<\/p>\n<p>Happy rabbit\u00ae ama los lubricantes a base de agua.<\/p>\n<p>Exprima una cucharada generosa sobre el eje y las orejas para obtener la mejor bondad deslizante.<\/p>\n<p>\nKit de correa de silicona de lujo con un vibrador de orejas de conejo para una deliciosa estimulaci\u00f3n combinada<br \/>\n15 modos de vibraci\u00f3n (3 velocidades y 9 patrones en el eje, 3 velocidades en los o\u00eddos)<\/p>\n<p>El vibrador se puede usar con o sin el arn\u00e9s y tiene una ventosa para jugar con las manos libres<\/p>\n<p>El eje delgado con suave curva despierta zonas er\u00f3genas internas<\/p>\n<p>Las orejas de conejo gruesas y flexibles envuelven el cl\u00edtoris para una estimulaci\u00f3n combinada emocionante<\/p>\n<p>El arn\u00e9s totalmente ajustable se ajusta a una cintura.<\/p>\n<p>El bloqueo de viaje evita que su happy rabbit\u00ae entre en acci\u00f3n inesperadamente<br \/>\nResistente al agua para facilitar la limpieza y sesiones de placer acuoso<\/p>\n<\/p>\n<ul>\n<li>Peso del producto: 207,8gram<\/li>\n<li>Longitud insertable: 12,7 cm<\/li>\n<li>Recargable: S\u00ed<\/li>\n<li>Tiempo de recarga: 100 min<\/li>\n<li>Vida de la recarga de las bater\u00edas: 40 min<\/li>\n<li>A prueba de agua: S\u00ed<\/li>\n<li>A prueba de salpicaduras: S\u00ed<\/li>\n<li>Libre de ftalato: S\u00ed<\/li>\n<li>Materiales: Silicona<\/li>\n<\/ul>\n","protected":false},"excerpt":{"rendered":"<p>STRAP ON HARNESS SET &#8211; PURPLE Abr\u00f3chate el cintur\u00f3n para disfrutar de un sensacional placer compartido con nuestro kit de<\/p>\n","protected":false},"featured_media":22491,"comment_status":"open","ping_status":"open","template":"","meta":[],"product_cat":[483],"product_tag":[1037],"class_list":["post-22490","product","type-product","status-publish","has-post-thumbnail","hentry","product_cat-vibradores-con-pene","product_tag-happy-rabbit"],"bundled_by":[],"bundle_stock_status":"outofstock","bundle_stock_quantity":0,"bundle_virtual":false,"bundle_layout":"","bundle_add_to_cart_form_location":"","bundle_editable_in_cart":false,"bundle_sold_individually_context":"","bundle_item_grouping":"","bundle_min_size":"","bundle_max_size":"","bundled_items":[],"yoast_head":"<!-- This site is optimized with the Yoast SEO plugin v20.6 - https:\/\/yoast.com\/wordpress\/plugins\/seo\/ -->\n<title>KIT DE ARN\u00c9S CON CORREA HAPPY RABBIT - PURPURA - Tienda Er\u00f3tica<\/title>\n<meta name=\"robots\" content=\"noindex, follow, max-snippet:-1, max-image-preview:large, max-video-preview:-1\" \/>\n<meta property=\"og:locale\" content=\"es_ES\" \/>\n<meta property=\"og:type\" content=\"article\" \/>\n<meta property=\"og:title\" content=\"KIT DE ARN\u00c9S CON CORREA HAPPY RABBIT - PURPURA - Tienda Er\u00f3tica\" \/>\n<meta property=\"og:description\" content=\"STRAP ON HARNESS SET &#8211; PURPLE Abr\u00f3chate el cintur\u00f3n para disfrutar de un sensacional placer compartido con nuestro kit de\" \/>\n<meta property=\"og:url\" content=\"https:\/\/demoweb.info\/sexshop001\/producto\/kit-de-arnes-con-correa-happy-rabbit-purpura\/\" \/>\n<meta property=\"og:site_name\" content=\"Tienda Er\u00f3tica\" \/>\n<meta property=\"article:modified_time\" content=\"2022-01-22T10:26:10+00:00\" \/>\n<meta property=\"og:image\" content=\"https:\/\/demoweb.info\/sexshop001\/wp-content\/uploads\/2022\/01\/KIT-DE-ARNES-CON-CORREA-HAPPY-RABBIT-PURPURA.jpg\" \/>\n\t<meta property=\"og:image:width\" content=\"550\" \/>\n\t<meta property=\"og:image:height\" content=\"550\" \/>\n\t<meta property=\"og:image:type\" content=\"image\/jpeg\" \/>\n<meta name=\"twitter:card\" content=\"summary_large_image\" \/>\n<meta name=\"twitter:label1\" content=\"Tiempo de lectura\" \/>\n\t<meta name=\"twitter:data1\" content=\"2 minutos\" \/>\n<script type=\"application\/ld+json\" class=\"yoast-schema-graph\">{\"@context\":\"https:\/\/schema.org\",\"@graph\":[{\"@type\":\"WebPage\",\"@id\":\"https:\/\/demoweb.info\/sexshop001\/producto\/kit-de-arnes-con-correa-happy-rabbit-purpura\/\",\"url\":\"https:\/\/demoweb.info\/sexshop001\/producto\/kit-de-arnes-con-correa-happy-rabbit-purpura\/\",\"name\":\"KIT DE ARN\u00c9S CON CORREA HAPPY RABBIT - PURPURA - Tienda Er\u00f3tica\",\"isPartOf\":{\"@id\":\"https:\/\/demoweb.info\/sexshop001\/#website\"},\"datePublished\":\"2022-01-22T10:25:45+00:00\",\"dateModified\":\"2022-01-22T10:26:10+00:00\",\"breadcrumb\":{\"@id\":\"https:\/\/demoweb.info\/sexshop001\/producto\/kit-de-arnes-con-correa-happy-rabbit-purpura\/#breadcrumb\"},\"inLanguage\":\"es\",\"potentialAction\":[{\"@type\":\"ReadAction\",\"target\":[\"https:\/\/demoweb.info\/sexshop001\/producto\/kit-de-arnes-con-correa-happy-rabbit-purpura\/\"]}]},{\"@type\":\"BreadcrumbList\",\"@id\":\"https:\/\/demoweb.info\/sexshop001\/producto\/kit-de-arnes-con-correa-happy-rabbit-purpura\/#breadcrumb\",\"itemListElement\":[{\"@type\":\"ListItem\",\"position\":1,\"name\":\"Portada\",\"item\":\"https:\/\/demoweb.info\/sexshop001\/\"},{\"@type\":\"ListItem\",\"position\":2,\"name\":\"Tienda\",\"item\":\"https:\/\/demoweb.info\/sexshop001\/tienda\/\"},{\"@type\":\"ListItem\",\"position\":3,\"name\":\"KIT DE ARN\u00c9S CON CORREA HAPPY RABBIT &#8211; PURPURA\"}]},{\"@type\":\"WebSite\",\"@id\":\"https:\/\/demoweb.info\/sexshop001\/#website\",\"url\":\"https:\/\/demoweb.info\/sexshop001\/\",\"name\":\"Tienda Er\u00f3tica\",\"description\":\"DEMOWEB SL\",\"potentialAction\":[{\"@type\":\"SearchAction\",\"target\":{\"@type\":\"EntryPoint\",\"urlTemplate\":\"https:\/\/demoweb.info\/sexshop001\/?s={search_term_string}\"},\"query-input\":\"required name=search_term_string\"}],\"inLanguage\":\"es\"}]}<\/script>\n<!-- \/ Yoast SEO plugin. -->","yoast_head_json":{"title":"KIT DE ARN\u00c9S CON CORREA HAPPY RABBIT - PURPURA - Tienda Er\u00f3tica","robots":{"index":"noindex","follow":"follow","max-snippet":"max-snippet:-1","max-image-preview":"max-image-preview:large","max-video-preview":"max-video-preview:-1"},"og_locale":"es_ES","og_type":"article","og_title":"KIT DE ARN\u00c9S CON CORREA HAPPY RABBIT - PURPURA - Tienda Er\u00f3tica","og_description":"STRAP ON HARNESS SET &#8211; PURPLE Abr\u00f3chate el cintur\u00f3n para disfrutar de un sensacional placer compartido con nuestro kit de","og_url":"https:\/\/demoweb.info\/sexshop001\/producto\/kit-de-arnes-con-correa-happy-rabbit-purpura\/","og_site_name":"Tienda Er\u00f3tica","article_modified_time":"2022-01-22T10:26:10+00:00","og_image":[{"width":550,"height":550,"url":"https:\/\/demoweb.info\/sexshop001\/wp-content\/uploads\/2022\/01\/KIT-DE-ARNES-CON-CORREA-HAPPY-RABBIT-PURPURA.jpg","type":"image\/jpeg"}],"twitter_card":"summary_large_image","twitter_misc":{"Tiempo de lectura":"2 minutos"},"schema":{"@context":"https:\/\/schema.org","@graph":[{"@type":"WebPage","@id":"https:\/\/demoweb.info\/sexshop001\/producto\/kit-de-arnes-con-correa-happy-rabbit-purpura\/","url":"https:\/\/demoweb.info\/sexshop001\/producto\/kit-de-arnes-con-correa-happy-rabbit-purpura\/","name":"KIT DE ARN\u00c9S CON CORREA HAPPY RABBIT - PURPURA - Tienda Er\u00f3tica","isPartOf":{"@id":"https:\/\/demoweb.info\/sexshop001\/#website"},"datePublished":"2022-01-22T10:25:45+00:00","dateModified":"2022-01-22T10:26:10+00:00","breadcrumb":{"@id":"https:\/\/demoweb.info\/sexshop001\/producto\/kit-de-arnes-con-correa-happy-rabbit-purpura\/#breadcrumb"},"inLanguage":"es","potentialAction":[{"@type":"ReadAction","target":["https:\/\/demoweb.info\/sexshop001\/producto\/kit-de-arnes-con-correa-happy-rabbit-purpura\/"]}]},{"@type":"BreadcrumbList","@id":"https:\/\/demoweb.info\/sexshop001\/producto\/kit-de-arnes-con-correa-happy-rabbit-purpura\/#breadcrumb","itemListElement":[{"@type":"ListItem","position":1,"name":"Portada","item":"https:\/\/demoweb.info\/sexshop001\/"},{"@type":"ListItem","position":2,"name":"Tienda","item":"https:\/\/demoweb.info\/sexshop001\/tienda\/"},{"@type":"ListItem","position":3,"name":"KIT DE ARN\u00c9S CON CORREA HAPPY RABBIT &#8211; PURPURA"}]},{"@type":"WebSite","@id":"https:\/\/demoweb.info\/sexshop001\/#website","url":"https:\/\/demoweb.info\/sexshop001\/","name":"Tienda Er\u00f3tica","description":"DEMOWEB SL","potentialAction":[{"@type":"SearchAction","target":{"@type":"EntryPoint","urlTemplate":"https:\/\/demoweb.info\/sexshop001\/?s={search_term_string}"},"query-input":"required name=search_term_string"}],"inLanguage":"es"}]}},"_links":{"self":[{"href":"https:\/\/demoweb.info\/sexshop001\/wp-json\/wp\/v3\/product\/22490","targetHints":{"allow":["GET"]}}],"collection":[{"href":"https:\/\/demoweb.info\/sexshop001\/wp-json\/wp\/v3\/product"}],"about":[{"href":"https:\/\/demoweb.info\/sexshop001\/wp-json\/wp\/v2\/types\/product"}],"replies":[{"embeddable":true,"href":"https:\/\/demoweb.info\/sexshop001\/wp-json\/wp\/v2\/comments?post=22490"}],"wp:featuredmedia":[{"embeddable":true,"href":"https:\/\/demoweb.info\/sexshop001\/wp-json\/wp\/v2\/media\/22491"}],"wp:attachment":[{"href":"https:\/\/demoweb.info\/sexshop001\/wp-json\/wp\/v2\/media?parent=22490"}],"wp:term":[{"taxonomy":"product_cat","embeddable":true,"href":"https:\/\/demoweb.info\/sexshop001\/wp-json\/wp\/v2\/product_cat?post=22490"},{"taxonomy":"product_tag","embeddable":true,"href":"https:\/\/demoweb.info\/sexshop001\/wp-json\/wp\/v2\/product_tag?post=22490"}],"curies":[{"name":"wp","href":"https:\/\/api.w.org\/{rel}","templated":true}]}}