{"id":22481,"date":"2022-01-22T11:25:45","date_gmt":"2022-01-22T10:25:45","guid":{"rendered":"https:\/\/demoweb.info\/sexshop001\/producto\/dice-game-dados-sexuales-happy-rabbit-couples-multicolor\/"},"modified":"2022-01-22T11:26:06","modified_gmt":"2022-01-22T10:26:06","slug":"dice-game-dados-sexuales-happy-rabbit-couples-multicolor","status":"publish","type":"product","link":"https:\/\/demoweb.info\/sexshop001\/producto\/dice-game-dados-sexuales-happy-rabbit-couples-multicolor\/","title":{"rendered":"DICE GAME- DADOS SEXUALES HAPPY RABBIT COUPLES &#8211; MULTICOLOR"},"content":{"rendered":"<p><strong>DICE GAME &#8211; MULTICOLORED<\/strong><\/p>\n<p>Dados sexuales Happy Rabbit Couples.<\/p>\n<p>T\u00farnense rodando para descubrir qu\u00e9 aventura er\u00f3tica emprender\u00e1n juntos y descubran nuevas y m\u00e1s juguetonas travesuras.<\/p>\n<p>Con un simple giro de los dados, descubre d\u00f3nde establecer\u00e1s tu escenario er\u00f3tico, qu\u00e9 parte del cuerpo estar\u00e1s provocando y durante cu\u00e1nto tiempo. Una vez que caigas por esta madriguera de conejo, no querr\u00e1s volver a salir &#8230;<\/p>\n<p>Caracter\u00edsticas clave:<\/p>\n<p>Innumerables opciones para animar el juego de parejas<br \/>\nPerfecto como regalo er\u00f3tico<br \/>\nPeque\u00f1o y apto para viajes para fines de semana rom\u00e1nticos<br \/>\nIncluye 3 x dado para variadas opciones de diversi\u00f3n sexy<\/p>\n<p>&#8211; Idioma de los dados: Ingles<\/p>\n<ul>\n<li>Dimensiones del producto :2 x 2 x 2 cm<\/li>\n<li>Peso del producto: 27 gram<\/li>\n<li>A prueba de agua : S\u00ed<\/li>\n<li>A prueba de salpicaduras: S\u00ed<\/li>\n<li>Libre de ftalato: S\u00ed<\/li>\n<\/ul>\n","protected":false},"excerpt":{"rendered":"<p>DICE GAME &#8211; MULTICOLORED Dados sexuales Happy Rabbit Couples. T\u00farnense rodando para descubrir qu\u00e9 aventura er\u00f3tica emprender\u00e1n juntos y descubran<\/p>\n","protected":false},"featured_media":22482,"comment_status":"open","ping_status":"open","template":"","meta":[],"product_cat":[382],"product_tag":[1037],"class_list":["post-22481","product","type-product","status-publish","has-post-thumbnail","hentry","product_cat-dados","product_tag-happy-rabbit"],"bundled_by":[],"bundle_stock_status":"instock","bundle_stock_quantity":1,"bundle_virtual":false,"bundle_layout":"","bundle_add_to_cart_form_location":"","bundle_editable_in_cart":false,"bundle_sold_individually_context":"","bundle_item_grouping":"","bundle_min_size":"","bundle_max_size":"","bundled_items":[],"yoast_head":"<!-- This site is optimized with the Yoast SEO plugin v20.6 - https:\/\/yoast.com\/wordpress\/plugins\/seo\/ -->\n<title>DICE GAME- DADOS SEXUALES HAPPY RABBIT COUPLES - MULTICOLOR - Tienda Er\u00f3tica<\/title>\n<meta name=\"robots\" content=\"noindex, follow, max-snippet:-1, max-image-preview:large, max-video-preview:-1\" \/>\n<meta property=\"og:locale\" content=\"es_ES\" \/>\n<meta property=\"og:type\" content=\"article\" \/>\n<meta property=\"og:title\" content=\"DICE GAME- DADOS SEXUALES HAPPY RABBIT COUPLES - MULTICOLOR - Tienda Er\u00f3tica\" \/>\n<meta property=\"og:description\" content=\"DICE GAME &#8211; MULTICOLORED Dados sexuales Happy Rabbit Couples. T\u00farnense rodando para descubrir qu\u00e9 aventura er\u00f3tica emprender\u00e1n juntos y descubran\" \/>\n<meta property=\"og:url\" content=\"https:\/\/demoweb.info\/sexshop001\/producto\/dice-game-dados-sexuales-happy-rabbit-couples-multicolor\/\" \/>\n<meta property=\"og:site_name\" content=\"Tienda Er\u00f3tica\" \/>\n<meta property=\"article:modified_time\" content=\"2022-01-22T10:26:06+00:00\" \/>\n<meta property=\"og:image\" content=\"https:\/\/demoweb.info\/sexshop001\/wp-content\/uploads\/2022\/01\/DICE-GAME-DADOS-SEXUALES-HAPPY-RABBIT-COUPLES-MULTICOLOR.jpg\" \/>\n\t<meta property=\"og:image:width\" content=\"550\" \/>\n\t<meta property=\"og:image:height\" content=\"550\" \/>\n\t<meta property=\"og:image:type\" content=\"image\/jpeg\" \/>\n<meta name=\"twitter:card\" content=\"summary_large_image\" \/>\n<meta name=\"twitter:label1\" content=\"Tiempo de lectura\" \/>\n\t<meta name=\"twitter:data1\" content=\"1 minuto\" \/>\n<script type=\"application\/ld+json\" class=\"yoast-schema-graph\">{\"@context\":\"https:\/\/schema.org\",\"@graph\":[{\"@type\":\"WebPage\",\"@id\":\"https:\/\/demoweb.info\/sexshop001\/producto\/dice-game-dados-sexuales-happy-rabbit-couples-multicolor\/\",\"url\":\"https:\/\/demoweb.info\/sexshop001\/producto\/dice-game-dados-sexuales-happy-rabbit-couples-multicolor\/\",\"name\":\"DICE GAME- DADOS SEXUALES HAPPY RABBIT COUPLES - MULTICOLOR - Tienda Er\u00f3tica\",\"isPartOf\":{\"@id\":\"https:\/\/demoweb.info\/sexshop001\/#website\"},\"datePublished\":\"2022-01-22T10:25:45+00:00\",\"dateModified\":\"2022-01-22T10:26:06+00:00\",\"breadcrumb\":{\"@id\":\"https:\/\/demoweb.info\/sexshop001\/producto\/dice-game-dados-sexuales-happy-rabbit-couples-multicolor\/#breadcrumb\"},\"inLanguage\":\"es\",\"potentialAction\":[{\"@type\":\"ReadAction\",\"target\":[\"https:\/\/demoweb.info\/sexshop001\/producto\/dice-game-dados-sexuales-happy-rabbit-couples-multicolor\/\"]}]},{\"@type\":\"BreadcrumbList\",\"@id\":\"https:\/\/demoweb.info\/sexshop001\/producto\/dice-game-dados-sexuales-happy-rabbit-couples-multicolor\/#breadcrumb\",\"itemListElement\":[{\"@type\":\"ListItem\",\"position\":1,\"name\":\"Portada\",\"item\":\"https:\/\/demoweb.info\/sexshop001\/\"},{\"@type\":\"ListItem\",\"position\":2,\"name\":\"Tienda\",\"item\":\"https:\/\/demoweb.info\/sexshop001\/tienda\/\"},{\"@type\":\"ListItem\",\"position\":3,\"name\":\"DICE GAME- DADOS SEXUALES HAPPY RABBIT COUPLES &#8211; MULTICOLOR\"}]},{\"@type\":\"WebSite\",\"@id\":\"https:\/\/demoweb.info\/sexshop001\/#website\",\"url\":\"https:\/\/demoweb.info\/sexshop001\/\",\"name\":\"Tienda Er\u00f3tica\",\"description\":\"DEMOWEB SL\",\"potentialAction\":[{\"@type\":\"SearchAction\",\"target\":{\"@type\":\"EntryPoint\",\"urlTemplate\":\"https:\/\/demoweb.info\/sexshop001\/?s={search_term_string}\"},\"query-input\":\"required name=search_term_string\"}],\"inLanguage\":\"es\"}]}<\/script>\n<!-- \/ Yoast SEO plugin. -->","yoast_head_json":{"title":"DICE GAME- DADOS SEXUALES HAPPY RABBIT COUPLES - MULTICOLOR - Tienda Er\u00f3tica","robots":{"index":"noindex","follow":"follow","max-snippet":"max-snippet:-1","max-image-preview":"max-image-preview:large","max-video-preview":"max-video-preview:-1"},"og_locale":"es_ES","og_type":"article","og_title":"DICE GAME- DADOS SEXUALES HAPPY RABBIT COUPLES - MULTICOLOR - Tienda Er\u00f3tica","og_description":"DICE GAME &#8211; MULTICOLORED Dados sexuales Happy Rabbit Couples. T\u00farnense rodando para descubrir qu\u00e9 aventura er\u00f3tica emprender\u00e1n juntos y descubran","og_url":"https:\/\/demoweb.info\/sexshop001\/producto\/dice-game-dados-sexuales-happy-rabbit-couples-multicolor\/","og_site_name":"Tienda Er\u00f3tica","article_modified_time":"2022-01-22T10:26:06+00:00","og_image":[{"width":550,"height":550,"url":"https:\/\/demoweb.info\/sexshop001\/wp-content\/uploads\/2022\/01\/DICE-GAME-DADOS-SEXUALES-HAPPY-RABBIT-COUPLES-MULTICOLOR.jpg","type":"image\/jpeg"}],"twitter_card":"summary_large_image","twitter_misc":{"Tiempo de lectura":"1 minuto"},"schema":{"@context":"https:\/\/schema.org","@graph":[{"@type":"WebPage","@id":"https:\/\/demoweb.info\/sexshop001\/producto\/dice-game-dados-sexuales-happy-rabbit-couples-multicolor\/","url":"https:\/\/demoweb.info\/sexshop001\/producto\/dice-game-dados-sexuales-happy-rabbit-couples-multicolor\/","name":"DICE GAME- DADOS SEXUALES HAPPY RABBIT COUPLES - MULTICOLOR - Tienda Er\u00f3tica","isPartOf":{"@id":"https:\/\/demoweb.info\/sexshop001\/#website"},"datePublished":"2022-01-22T10:25:45+00:00","dateModified":"2022-01-22T10:26:06+00:00","breadcrumb":{"@id":"https:\/\/demoweb.info\/sexshop001\/producto\/dice-game-dados-sexuales-happy-rabbit-couples-multicolor\/#breadcrumb"},"inLanguage":"es","potentialAction":[{"@type":"ReadAction","target":["https:\/\/demoweb.info\/sexshop001\/producto\/dice-game-dados-sexuales-happy-rabbit-couples-multicolor\/"]}]},{"@type":"BreadcrumbList","@id":"https:\/\/demoweb.info\/sexshop001\/producto\/dice-game-dados-sexuales-happy-rabbit-couples-multicolor\/#breadcrumb","itemListElement":[{"@type":"ListItem","position":1,"name":"Portada","item":"https:\/\/demoweb.info\/sexshop001\/"},{"@type":"ListItem","position":2,"name":"Tienda","item":"https:\/\/demoweb.info\/sexshop001\/tienda\/"},{"@type":"ListItem","position":3,"name":"DICE GAME- DADOS SEXUALES HAPPY RABBIT COUPLES &#8211; MULTICOLOR"}]},{"@type":"WebSite","@id":"https:\/\/demoweb.info\/sexshop001\/#website","url":"https:\/\/demoweb.info\/sexshop001\/","name":"Tienda Er\u00f3tica","description":"DEMOWEB SL","potentialAction":[{"@type":"SearchAction","target":{"@type":"EntryPoint","urlTemplate":"https:\/\/demoweb.info\/sexshop001\/?s={search_term_string}"},"query-input":"required name=search_term_string"}],"inLanguage":"es"}]}},"_links":{"self":[{"href":"https:\/\/demoweb.info\/sexshop001\/wp-json\/wp\/v3\/product\/22481","targetHints":{"allow":["GET"]}}],"collection":[{"href":"https:\/\/demoweb.info\/sexshop001\/wp-json\/wp\/v3\/product"}],"about":[{"href":"https:\/\/demoweb.info\/sexshop001\/wp-json\/wp\/v2\/types\/product"}],"replies":[{"embeddable":true,"href":"https:\/\/demoweb.info\/sexshop001\/wp-json\/wp\/v2\/comments?post=22481"}],"wp:featuredmedia":[{"embeddable":true,"href":"https:\/\/demoweb.info\/sexshop001\/wp-json\/wp\/v2\/media\/22482"}],"wp:attachment":[{"href":"https:\/\/demoweb.info\/sexshop001\/wp-json\/wp\/v2\/media?parent=22481"}],"wp:term":[{"taxonomy":"product_cat","embeddable":true,"href":"https:\/\/demoweb.info\/sexshop001\/wp-json\/wp\/v2\/product_cat?post=22481"},{"taxonomy":"product_tag","embeddable":true,"href":"https:\/\/demoweb.info\/sexshop001\/wp-json\/wp\/v2\/product_tag?post=22481"}],"curies":[{"name":"wp","href":"https:\/\/api.w.org\/{rel}","templated":true}]}}