{"id":22471,"date":"2022-01-22T11:25:45","date_gmt":"2022-01-22T10:25:45","guid":{"rendered":"https:\/\/demoweb.info\/sexshop001\/producto\/love-bolsa-de-viaje-mediana-negro\/"},"modified":"2022-01-22T11:26:01","modified_gmt":"2022-01-22T10:26:01","slug":"love-bolsa-de-viaje-mediana-negro","status":"publish","type":"product","link":"https:\/\/demoweb.info\/sexshop001\/producto\/love-bolsa-de-viaje-mediana-negro\/","title":{"rendered":"LOVE BOLSA DE VIAJE MEDIANA &#8211; NEGRO"},"content":{"rendered":"<p><strong>LOVE MEDIUM STORAGE BAG<\/strong><\/p>\n<p>1283\/5000<\/p>\n<p>Muestre a su Conejo Feliz el cuidado que se merece con su propio nido de amor. Esta funda de silicona para juguetes sexuales es perfecta para mantener a tu amado conejito sano y salvo entre usos. Tambi\u00e9n se puede limpiar con un trapo y, si levanta un candado, se puede cerrar con llave para una privacidad confiable.<\/p>\n<p>Lo mejor de ambos mundos, esta bolsa de silicona se encuentra en alg\u00fan lugar entre una bolsa blanda y un estuche r\u00edgido. Mantiene su forma, lo que lo hace s\u00faper discreto en caso de que alguien eche un vistazo en su caj\u00f3n de juguetes, pero es apretujado para meterlo en su bolsa de viaje o maleta.<\/p>\n<p>Dimensiones de la caja: 26,5 x 14 x 3,8 cm<\/p>\n<p>Perfecto para los siguientes juguetes Happy Rabbit:<br \/>\n&#8211; Vibrador de conejo con curva de punto G Happy Rabbit<br \/>\n&#8211; Vibrador de conejo Happy Rabbit G-Spot<br \/>\n&#8211; Vibrador Conejo Realista Conejo Feliz<br \/>\n&#8211; Vibrador de conejo Happy Rabbit Beaded G-Spot<br \/>\n&#8211; Vibrador de conejo realista empujando Happy Rabbit<br \/>\n&#8211; Vibrador de conejo realista Slimline Happy Rabbit<br \/>\n&#8211; Vibrador Happy Rabbit Slimline Curve Conejo<br \/>\n&#8211; Vibrador de conejo Happy Rabbit Slimline G-Spot<\/p>\n<p>Bolsa de almacenamiento de silicona mediana con cierre de cremallera para mantener sus juguetes en \u00f3ptimas condiciones.<br \/>\nLimpiar la silicona para un almacenamiento higi\u00e9nico.<br \/>\nDise\u00f1o discreto: parece una bolsa de maquillaje o una bolsa de bikini.<br \/>\nCremalleras con cerradura para una privacidad total: solo tome un candado.<br \/>\nMucho espacio para un juguete y tu lubricante favorito.<\/p>\n","protected":false},"excerpt":{"rendered":"<p>LOVE MEDIUM STORAGE BAG 1283\/5000 Muestre a su Conejo Feliz el cuidado que se merece con su propio nido de<\/p>\n","protected":false},"featured_media":22472,"comment_status":"open","ping_status":"open","template":"","meta":[],"product_cat":[954],"product_tag":[1037],"class_list":["post-22471","product","type-product","status-publish","has-post-thumbnail","hentry","product_cat-accesorios-vibradores-juguetes-xxx","product_tag-happy-rabbit"],"bundled_by":[],"bundle_stock_status":"outofstock","bundle_stock_quantity":0,"bundle_virtual":false,"bundle_layout":"","bundle_add_to_cart_form_location":"","bundle_editable_in_cart":false,"bundle_sold_individually_context":"","bundle_item_grouping":"","bundle_min_size":"","bundle_max_size":"","bundled_items":[],"yoast_head":"<!-- This site is optimized with the Yoast SEO plugin v20.6 - https:\/\/yoast.com\/wordpress\/plugins\/seo\/ -->\n<title>LOVE BOLSA DE VIAJE MEDIANA - NEGRO - Tienda Er\u00f3tica<\/title>\n<meta name=\"robots\" content=\"noindex, follow, max-snippet:-1, max-image-preview:large, max-video-preview:-1\" \/>\n<meta property=\"og:locale\" content=\"es_ES\" \/>\n<meta property=\"og:type\" content=\"article\" \/>\n<meta property=\"og:title\" content=\"LOVE BOLSA DE VIAJE MEDIANA - NEGRO - Tienda Er\u00f3tica\" \/>\n<meta property=\"og:description\" content=\"LOVE MEDIUM STORAGE BAG 1283\/5000 Muestre a su Conejo Feliz el cuidado que se merece con su propio nido de\" \/>\n<meta property=\"og:url\" content=\"https:\/\/demoweb.info\/sexshop001\/producto\/love-bolsa-de-viaje-mediana-negro\/\" \/>\n<meta property=\"og:site_name\" content=\"Tienda Er\u00f3tica\" \/>\n<meta property=\"article:modified_time\" content=\"2022-01-22T10:26:01+00:00\" \/>\n<meta property=\"og:image\" content=\"https:\/\/demoweb.info\/sexshop001\/wp-content\/uploads\/2022\/01\/LOVE-BOLSA-DE-VIAJE-MEDIANA-NEGRO.jpg\" \/>\n\t<meta property=\"og:image:width\" content=\"550\" \/>\n\t<meta property=\"og:image:height\" content=\"550\" \/>\n\t<meta property=\"og:image:type\" content=\"image\/jpeg\" \/>\n<meta name=\"twitter:card\" content=\"summary_large_image\" \/>\n<meta name=\"twitter:label1\" content=\"Tiempo de lectura\" \/>\n\t<meta name=\"twitter:data1\" content=\"1 minuto\" \/>\n<script type=\"application\/ld+json\" class=\"yoast-schema-graph\">{\"@context\":\"https:\/\/schema.org\",\"@graph\":[{\"@type\":\"WebPage\",\"@id\":\"https:\/\/demoweb.info\/sexshop001\/producto\/love-bolsa-de-viaje-mediana-negro\/\",\"url\":\"https:\/\/demoweb.info\/sexshop001\/producto\/love-bolsa-de-viaje-mediana-negro\/\",\"name\":\"LOVE BOLSA DE VIAJE MEDIANA - NEGRO - Tienda Er\u00f3tica\",\"isPartOf\":{\"@id\":\"https:\/\/demoweb.info\/sexshop001\/#website\"},\"datePublished\":\"2022-01-22T10:25:45+00:00\",\"dateModified\":\"2022-01-22T10:26:01+00:00\",\"breadcrumb\":{\"@id\":\"https:\/\/demoweb.info\/sexshop001\/producto\/love-bolsa-de-viaje-mediana-negro\/#breadcrumb\"},\"inLanguage\":\"es\",\"potentialAction\":[{\"@type\":\"ReadAction\",\"target\":[\"https:\/\/demoweb.info\/sexshop001\/producto\/love-bolsa-de-viaje-mediana-negro\/\"]}]},{\"@type\":\"BreadcrumbList\",\"@id\":\"https:\/\/demoweb.info\/sexshop001\/producto\/love-bolsa-de-viaje-mediana-negro\/#breadcrumb\",\"itemListElement\":[{\"@type\":\"ListItem\",\"position\":1,\"name\":\"Portada\",\"item\":\"https:\/\/demoweb.info\/sexshop001\/\"},{\"@type\":\"ListItem\",\"position\":2,\"name\":\"Tienda\",\"item\":\"https:\/\/demoweb.info\/sexshop001\/tienda\/\"},{\"@type\":\"ListItem\",\"position\":3,\"name\":\"LOVE BOLSA DE VIAJE MEDIANA &#8211; NEGRO\"}]},{\"@type\":\"WebSite\",\"@id\":\"https:\/\/demoweb.info\/sexshop001\/#website\",\"url\":\"https:\/\/demoweb.info\/sexshop001\/\",\"name\":\"Tienda Er\u00f3tica\",\"description\":\"DEMOWEB SL\",\"potentialAction\":[{\"@type\":\"SearchAction\",\"target\":{\"@type\":\"EntryPoint\",\"urlTemplate\":\"https:\/\/demoweb.info\/sexshop001\/?s={search_term_string}\"},\"query-input\":\"required name=search_term_string\"}],\"inLanguage\":\"es\"}]}<\/script>\n<!-- \/ Yoast SEO plugin. -->","yoast_head_json":{"title":"LOVE BOLSA DE VIAJE MEDIANA - NEGRO - Tienda Er\u00f3tica","robots":{"index":"noindex","follow":"follow","max-snippet":"max-snippet:-1","max-image-preview":"max-image-preview:large","max-video-preview":"max-video-preview:-1"},"og_locale":"es_ES","og_type":"article","og_title":"LOVE BOLSA DE VIAJE MEDIANA - NEGRO - Tienda Er\u00f3tica","og_description":"LOVE MEDIUM STORAGE BAG 1283\/5000 Muestre a su Conejo Feliz el cuidado que se merece con su propio nido de","og_url":"https:\/\/demoweb.info\/sexshop001\/producto\/love-bolsa-de-viaje-mediana-negro\/","og_site_name":"Tienda Er\u00f3tica","article_modified_time":"2022-01-22T10:26:01+00:00","og_image":[{"width":550,"height":550,"url":"https:\/\/demoweb.info\/sexshop001\/wp-content\/uploads\/2022\/01\/LOVE-BOLSA-DE-VIAJE-MEDIANA-NEGRO.jpg","type":"image\/jpeg"}],"twitter_card":"summary_large_image","twitter_misc":{"Tiempo de lectura":"1 minuto"},"schema":{"@context":"https:\/\/schema.org","@graph":[{"@type":"WebPage","@id":"https:\/\/demoweb.info\/sexshop001\/producto\/love-bolsa-de-viaje-mediana-negro\/","url":"https:\/\/demoweb.info\/sexshop001\/producto\/love-bolsa-de-viaje-mediana-negro\/","name":"LOVE BOLSA DE VIAJE MEDIANA - NEGRO - Tienda Er\u00f3tica","isPartOf":{"@id":"https:\/\/demoweb.info\/sexshop001\/#website"},"datePublished":"2022-01-22T10:25:45+00:00","dateModified":"2022-01-22T10:26:01+00:00","breadcrumb":{"@id":"https:\/\/demoweb.info\/sexshop001\/producto\/love-bolsa-de-viaje-mediana-negro\/#breadcrumb"},"inLanguage":"es","potentialAction":[{"@type":"ReadAction","target":["https:\/\/demoweb.info\/sexshop001\/producto\/love-bolsa-de-viaje-mediana-negro\/"]}]},{"@type":"BreadcrumbList","@id":"https:\/\/demoweb.info\/sexshop001\/producto\/love-bolsa-de-viaje-mediana-negro\/#breadcrumb","itemListElement":[{"@type":"ListItem","position":1,"name":"Portada","item":"https:\/\/demoweb.info\/sexshop001\/"},{"@type":"ListItem","position":2,"name":"Tienda","item":"https:\/\/demoweb.info\/sexshop001\/tienda\/"},{"@type":"ListItem","position":3,"name":"LOVE BOLSA DE VIAJE MEDIANA &#8211; NEGRO"}]},{"@type":"WebSite","@id":"https:\/\/demoweb.info\/sexshop001\/#website","url":"https:\/\/demoweb.info\/sexshop001\/","name":"Tienda Er\u00f3tica","description":"DEMOWEB SL","potentialAction":[{"@type":"SearchAction","target":{"@type":"EntryPoint","urlTemplate":"https:\/\/demoweb.info\/sexshop001\/?s={search_term_string}"},"query-input":"required name=search_term_string"}],"inLanguage":"es"}]}},"_links":{"self":[{"href":"https:\/\/demoweb.info\/sexshop001\/wp-json\/wp\/v3\/product\/22471","targetHints":{"allow":["GET"]}}],"collection":[{"href":"https:\/\/demoweb.info\/sexshop001\/wp-json\/wp\/v3\/product"}],"about":[{"href":"https:\/\/demoweb.info\/sexshop001\/wp-json\/wp\/v2\/types\/product"}],"replies":[{"embeddable":true,"href":"https:\/\/demoweb.info\/sexshop001\/wp-json\/wp\/v2\/comments?post=22471"}],"wp:featuredmedia":[{"embeddable":true,"href":"https:\/\/demoweb.info\/sexshop001\/wp-json\/wp\/v2\/media\/22472"}],"wp:attachment":[{"href":"https:\/\/demoweb.info\/sexshop001\/wp-json\/wp\/v2\/media?parent=22471"}],"wp:term":[{"taxonomy":"product_cat","embeddable":true,"href":"https:\/\/demoweb.info\/sexshop001\/wp-json\/wp\/v2\/product_cat?post=22471"},{"taxonomy":"product_tag","embeddable":true,"href":"https:\/\/demoweb.info\/sexshop001\/wp-json\/wp\/v2\/product_tag?post=22471"}],"curies":[{"name":"wp","href":"https:\/\/api.w.org\/{rel}","templated":true}]}}