{"id":22466,"date":"2022-01-22T11:25:45","date_gmt":"2022-01-22T10:25:45","guid":{"rendered":"https:\/\/demoweb.info\/sexshop001\/producto\/wow-bolsa-de-viaje-rosa\/"},"modified":"2022-01-22T11:25:58","modified_gmt":"2022-01-22T10:25:58","slug":"wow-bolsa-de-viaje-rosa","status":"publish","type":"product","link":"https:\/\/demoweb.info\/sexshop001\/producto\/wow-bolsa-de-viaje-rosa\/","title":{"rendered":"WOW BOLSA DE VIAJE &#8211; ROSA"},"content":{"rendered":"<p><strong>WOW SMALL STORAGE BAG<\/strong><\/p>\n<p>Aprovecha la oportunidad de mantener a tu Happy Rabbit m\u00e1s feliz que nunca en su propio estuche de almacenamiento con cremallera. Hecho de silicona que se limpia con un pa\u00f1o, cabe f\u00e1cilmente un juguete peque\u00f1o junto con su lubricante favorito, y adem\u00e1s se puede cerrar con llave para una privacidad total. \u00a1Guau de verdad!<\/p>\n<p>Lo mejor de ambos mundos, esta bolsa de silicona se encuentra en alg\u00fan lugar entre una bolsa blanda y un estuche r\u00edgido. Mantiene su forma, lo que lo hace s\u00faper discreto en caso de que alguien eche un vistazo en su caj\u00f3n de juguetes, pero es apretujado para meterlo en su bolsa de viaje o maleta.<\/p>\n<p>Dimensiones de la caja: 17,4 x 12 x 3,5 cm<\/p>\n<p>Perfecto para los siguientes juguetes Happy Rabbit:<br \/>\n&#8211; Vibrador de cl\u00edtoris Happy Rabbit Mini Ears<br \/>\n&#8211; Anillo Vibrador Conejo Conejo Feliz<br \/>\n&#8211; Mini Vibrador Conejo Happy Rabbit<\/p>\n<p>Estuche peque\u00f1o de silicona con cierre de cremallera para mantener sus juguetes en \u00f3ptimas condiciones.<br \/>\nLimpie la silicona para un almacenamiento higi\u00e9nico.<br \/>\nDise\u00f1o discreto: parece una bolsa de maquillaje o una bolsa de bikini.<br \/>\nCremalleras con cerradura para una privacidad total: solo tome un candado.<br \/>\nMucho espacio para un juguete peque\u00f1o y tu lubricante favorito.<\/p>\n","protected":false},"excerpt":{"rendered":"<p>WOW SMALL STORAGE BAG Aprovecha la oportunidad de mantener a tu Happy Rabbit m\u00e1s feliz que nunca en su propio<\/p>\n","protected":false},"featured_media":22467,"comment_status":"open","ping_status":"open","template":"","meta":[],"product_cat":[954],"product_tag":[1037],"class_list":["post-22466","product","type-product","status-publish","has-post-thumbnail","hentry","product_cat-accesorios-vibradores-juguetes-xxx","product_tag-happy-rabbit"],"bundled_by":[],"bundle_stock_status":"instock","bundle_stock_quantity":2,"bundle_virtual":false,"bundle_layout":"","bundle_add_to_cart_form_location":"","bundle_editable_in_cart":false,"bundle_sold_individually_context":"","bundle_item_grouping":"","bundle_min_size":"","bundle_max_size":"","bundled_items":[],"yoast_head":"<!-- This site is optimized with the Yoast SEO plugin v20.6 - https:\/\/yoast.com\/wordpress\/plugins\/seo\/ -->\n<title>WOW BOLSA DE VIAJE - ROSA - Tienda Er\u00f3tica<\/title>\n<meta name=\"robots\" content=\"noindex, follow, max-snippet:-1, max-image-preview:large, max-video-preview:-1\" \/>\n<meta property=\"og:locale\" content=\"es_ES\" \/>\n<meta property=\"og:type\" content=\"article\" \/>\n<meta property=\"og:title\" content=\"WOW BOLSA DE VIAJE - ROSA - Tienda Er\u00f3tica\" \/>\n<meta property=\"og:description\" content=\"WOW SMALL STORAGE BAG Aprovecha la oportunidad de mantener a tu Happy Rabbit m\u00e1s feliz que nunca en su propio\" \/>\n<meta property=\"og:url\" content=\"https:\/\/demoweb.info\/sexshop001\/producto\/wow-bolsa-de-viaje-rosa\/\" \/>\n<meta property=\"og:site_name\" content=\"Tienda Er\u00f3tica\" \/>\n<meta property=\"article:modified_time\" content=\"2022-01-22T10:25:58+00:00\" \/>\n<meta property=\"og:image\" content=\"https:\/\/demoweb.info\/sexshop001\/wp-content\/uploads\/2022\/01\/WOW-BOLSA-DE-VIAJE-ROSA.jpg\" \/>\n\t<meta property=\"og:image:width\" content=\"550\" \/>\n\t<meta property=\"og:image:height\" content=\"550\" \/>\n\t<meta property=\"og:image:type\" content=\"image\/jpeg\" \/>\n<meta name=\"twitter:card\" content=\"summary_large_image\" \/>\n<meta name=\"twitter:label1\" content=\"Tiempo de lectura\" \/>\n\t<meta name=\"twitter:data1\" content=\"1 minuto\" \/>\n<script type=\"application\/ld+json\" class=\"yoast-schema-graph\">{\"@context\":\"https:\/\/schema.org\",\"@graph\":[{\"@type\":\"WebPage\",\"@id\":\"https:\/\/demoweb.info\/sexshop001\/producto\/wow-bolsa-de-viaje-rosa\/\",\"url\":\"https:\/\/demoweb.info\/sexshop001\/producto\/wow-bolsa-de-viaje-rosa\/\",\"name\":\"WOW BOLSA DE VIAJE - ROSA - Tienda Er\u00f3tica\",\"isPartOf\":{\"@id\":\"https:\/\/demoweb.info\/sexshop001\/#website\"},\"datePublished\":\"2022-01-22T10:25:45+00:00\",\"dateModified\":\"2022-01-22T10:25:58+00:00\",\"breadcrumb\":{\"@id\":\"https:\/\/demoweb.info\/sexshop001\/producto\/wow-bolsa-de-viaje-rosa\/#breadcrumb\"},\"inLanguage\":\"es\",\"potentialAction\":[{\"@type\":\"ReadAction\",\"target\":[\"https:\/\/demoweb.info\/sexshop001\/producto\/wow-bolsa-de-viaje-rosa\/\"]}]},{\"@type\":\"BreadcrumbList\",\"@id\":\"https:\/\/demoweb.info\/sexshop001\/producto\/wow-bolsa-de-viaje-rosa\/#breadcrumb\",\"itemListElement\":[{\"@type\":\"ListItem\",\"position\":1,\"name\":\"Portada\",\"item\":\"https:\/\/demoweb.info\/sexshop001\/\"},{\"@type\":\"ListItem\",\"position\":2,\"name\":\"Tienda\",\"item\":\"https:\/\/demoweb.info\/sexshop001\/tienda\/\"},{\"@type\":\"ListItem\",\"position\":3,\"name\":\"WOW BOLSA DE VIAJE &#8211; ROSA\"}]},{\"@type\":\"WebSite\",\"@id\":\"https:\/\/demoweb.info\/sexshop001\/#website\",\"url\":\"https:\/\/demoweb.info\/sexshop001\/\",\"name\":\"Tienda Er\u00f3tica\",\"description\":\"DEMOWEB SL\",\"potentialAction\":[{\"@type\":\"SearchAction\",\"target\":{\"@type\":\"EntryPoint\",\"urlTemplate\":\"https:\/\/demoweb.info\/sexshop001\/?s={search_term_string}\"},\"query-input\":\"required name=search_term_string\"}],\"inLanguage\":\"es\"}]}<\/script>\n<!-- \/ Yoast SEO plugin. -->","yoast_head_json":{"title":"WOW BOLSA DE VIAJE - ROSA - Tienda Er\u00f3tica","robots":{"index":"noindex","follow":"follow","max-snippet":"max-snippet:-1","max-image-preview":"max-image-preview:large","max-video-preview":"max-video-preview:-1"},"og_locale":"es_ES","og_type":"article","og_title":"WOW BOLSA DE VIAJE - ROSA - Tienda Er\u00f3tica","og_description":"WOW SMALL STORAGE BAG Aprovecha la oportunidad de mantener a tu Happy Rabbit m\u00e1s feliz que nunca en su propio","og_url":"https:\/\/demoweb.info\/sexshop001\/producto\/wow-bolsa-de-viaje-rosa\/","og_site_name":"Tienda Er\u00f3tica","article_modified_time":"2022-01-22T10:25:58+00:00","og_image":[{"width":550,"height":550,"url":"https:\/\/demoweb.info\/sexshop001\/wp-content\/uploads\/2022\/01\/WOW-BOLSA-DE-VIAJE-ROSA.jpg","type":"image\/jpeg"}],"twitter_card":"summary_large_image","twitter_misc":{"Tiempo de lectura":"1 minuto"},"schema":{"@context":"https:\/\/schema.org","@graph":[{"@type":"WebPage","@id":"https:\/\/demoweb.info\/sexshop001\/producto\/wow-bolsa-de-viaje-rosa\/","url":"https:\/\/demoweb.info\/sexshop001\/producto\/wow-bolsa-de-viaje-rosa\/","name":"WOW BOLSA DE VIAJE - ROSA - Tienda Er\u00f3tica","isPartOf":{"@id":"https:\/\/demoweb.info\/sexshop001\/#website"},"datePublished":"2022-01-22T10:25:45+00:00","dateModified":"2022-01-22T10:25:58+00:00","breadcrumb":{"@id":"https:\/\/demoweb.info\/sexshop001\/producto\/wow-bolsa-de-viaje-rosa\/#breadcrumb"},"inLanguage":"es","potentialAction":[{"@type":"ReadAction","target":["https:\/\/demoweb.info\/sexshop001\/producto\/wow-bolsa-de-viaje-rosa\/"]}]},{"@type":"BreadcrumbList","@id":"https:\/\/demoweb.info\/sexshop001\/producto\/wow-bolsa-de-viaje-rosa\/#breadcrumb","itemListElement":[{"@type":"ListItem","position":1,"name":"Portada","item":"https:\/\/demoweb.info\/sexshop001\/"},{"@type":"ListItem","position":2,"name":"Tienda","item":"https:\/\/demoweb.info\/sexshop001\/tienda\/"},{"@type":"ListItem","position":3,"name":"WOW BOLSA DE VIAJE &#8211; ROSA"}]},{"@type":"WebSite","@id":"https:\/\/demoweb.info\/sexshop001\/#website","url":"https:\/\/demoweb.info\/sexshop001\/","name":"Tienda Er\u00f3tica","description":"DEMOWEB SL","potentialAction":[{"@type":"SearchAction","target":{"@type":"EntryPoint","urlTemplate":"https:\/\/demoweb.info\/sexshop001\/?s={search_term_string}"},"query-input":"required name=search_term_string"}],"inLanguage":"es"}]}},"_links":{"self":[{"href":"https:\/\/demoweb.info\/sexshop001\/wp-json\/wp\/v3\/product\/22466","targetHints":{"allow":["GET"]}}],"collection":[{"href":"https:\/\/demoweb.info\/sexshop001\/wp-json\/wp\/v3\/product"}],"about":[{"href":"https:\/\/demoweb.info\/sexshop001\/wp-json\/wp\/v2\/types\/product"}],"replies":[{"embeddable":true,"href":"https:\/\/demoweb.info\/sexshop001\/wp-json\/wp\/v2\/comments?post=22466"}],"wp:featuredmedia":[{"embeddable":true,"href":"https:\/\/demoweb.info\/sexshop001\/wp-json\/wp\/v2\/media\/22467"}],"wp:attachment":[{"href":"https:\/\/demoweb.info\/sexshop001\/wp-json\/wp\/v2\/media?parent=22466"}],"wp:term":[{"taxonomy":"product_cat","embeddable":true,"href":"https:\/\/demoweb.info\/sexshop001\/wp-json\/wp\/v2\/product_cat?post=22466"},{"taxonomy":"product_tag","embeddable":true,"href":"https:\/\/demoweb.info\/sexshop001\/wp-json\/wp\/v2\/product_tag?post=22466"}],"curies":[{"name":"wp","href":"https:\/\/api.w.org\/{rel}","templated":true}]}}