{"id":22436,"date":"2022-01-22T11:25:45","date_gmt":"2022-01-22T10:25:45","guid":{"rendered":"https:\/\/demoweb.info\/sexshop001\/producto\/happy-rabbit-slimline-g-spot-vibrador-rampante-negro\/"},"modified":"2022-01-22T11:25:45","modified_gmt":"2022-01-22T10:25:45","slug":"happy-rabbit-slimline-g-spot-vibrador-rampante-negro","status":"publish","type":"product","link":"https:\/\/demoweb.info\/sexshop001\/producto\/happy-rabbit-slimline-g-spot-vibrador-rampante-negro\/","title":{"rendered":"HAPPY RABBIT SLIMLINE G-SPOT &#8211; VIBRADOR RAMPANTE NEGRO"},"content":{"rendered":"<p><strong>HAPPY RABBIT SLIMLINE G-SPOT <\/strong><\/p>\n<p>Con la misma forma, potencia y ajustes que el vibrador del punto G original de H<strong>appy rabbit\u00ae,<\/strong> el <strong>Slimline <\/strong>ofrece placer combinado en un paquete nuevo y m\u00e1s peque\u00f1o. Perfecto para aquellos a quienes les gusta la penetraci\u00f3n delgada y la estimulaci\u00f3n del cl\u00edtoris potente.<\/p>\n<p>Externamente, el estimulador del cl\u00edtoris es del mismo tama\u00f1o que el original y presenta orejas gruesas y extendidas que rodean su cl\u00edtoris con vibraciones que te hacen temblar.<\/p>\n<p>Controla cada motor de forma independiente utilizando la sencilla interfaz de 2 botones y disfruta de una sesi\u00f3n de placer totalmente personalizada con 15 modos de vibraci\u00f3n.<\/p>\n<p><strong>Happy rabbit\u00ae<\/strong> ama los lubricantes a base de agua. Unta el tuyo generosamente para obtener lo mejor en sensaciones resbaladizas y satisfactorias.<\/p>\n<p>Caracter\u00edsticas:<\/p>\n<ul>\n<li>Orejas: 3 x velocidades; eje: 3 x velocidades y 9 x patrones<\/li>\n<li>Vibrador de conejo de silicona delgado de lujo para una estimulaci\u00f3n dual amigable para principiantes<\/li>\n<li>15 modos de vibraci\u00f3n (3 velocidades y 9 patrones en el eje, 3 velocidades en los o\u00eddos)<\/li>\n<li>El eje delgado con punta curva bulbosa apunta al punto G para un masaje excitante<\/li>\n<li>Cl\u00edtoris envolvente de orejas de conejo gruesas y flexibles para una estimulaci\u00f3n combinada emocionante<\/li>\n<li>El bloqueo de viaje evita que su happy rabbit\u00ae entre en acci\u00f3n inesperadamente<\/li>\n<li>Resistente al agua para facilitar la limpieza y sesiones de placer acuoso<\/li>\n<li>USB recargable: carga durante 150 minutos para 120 minutos de reproducci\u00f3n<\/li>\n<li>Medidas: 21,3 x 3,1 x 7,2 cm<\/li>\n<li>Longitud insertable: 11,5 cm<\/li>\n<\/ul>\n","protected":false},"excerpt":{"rendered":"<p>HAPPY RABBIT SLIMLINE G-SPOT Con la misma forma, potencia y ajustes que el vibrador del punto G original de Happy<\/p>\n","protected":false},"featured_media":22437,"comment_status":"open","ping_status":"open","template":"","meta":[],"product_cat":[434],"product_tag":[1037],"class_list":["post-22436","product","type-product","status-publish","has-post-thumbnail","hentry","product_cat-doble-estimulacion-vibradores-juguetes-xxx","product_tag-happy-rabbit"],"bundled_by":[],"bundle_stock_status":"instock","bundle_stock_quantity":4,"bundle_virtual":false,"bundle_layout":"","bundle_add_to_cart_form_location":"","bundle_editable_in_cart":false,"bundle_sold_individually_context":"","bundle_item_grouping":"","bundle_min_size":"","bundle_max_size":"","bundled_items":[],"yoast_head":"<!-- This site is optimized with the Yoast SEO plugin v20.6 - https:\/\/yoast.com\/wordpress\/plugins\/seo\/ -->\n<title>HAPPY RABBIT SLIMLINE G-SPOT - VIBRADOR RAMPANTE NEGRO - Tienda Er\u00f3tica<\/title>\n<meta name=\"robots\" content=\"noindex, follow, max-snippet:-1, max-image-preview:large, max-video-preview:-1\" \/>\n<meta property=\"og:locale\" content=\"es_ES\" \/>\n<meta property=\"og:type\" content=\"article\" \/>\n<meta property=\"og:title\" content=\"HAPPY RABBIT SLIMLINE G-SPOT - VIBRADOR RAMPANTE NEGRO - Tienda Er\u00f3tica\" \/>\n<meta property=\"og:description\" content=\"HAPPY RABBIT SLIMLINE G-SPOT Con la misma forma, potencia y ajustes que el vibrador del punto G original de Happy\" \/>\n<meta property=\"og:url\" content=\"https:\/\/demoweb.info\/sexshop001\/producto\/happy-rabbit-slimline-g-spot-vibrador-rampante-negro\/\" \/>\n<meta property=\"og:site_name\" content=\"Tienda Er\u00f3tica\" \/>\n<meta property=\"og:image\" content=\"https:\/\/demoweb.info\/sexshop001\/wp-content\/uploads\/2022\/01\/HAPPY-RABBIT-SLIMLINE-G-SPOT-VIBRADOR-RAMPANTE-NEGRO.jpg\" \/>\n\t<meta property=\"og:image:width\" content=\"550\" \/>\n\t<meta property=\"og:image:height\" content=\"550\" \/>\n\t<meta property=\"og:image:type\" content=\"image\/jpeg\" \/>\n<meta name=\"twitter:card\" content=\"summary_large_image\" \/>\n<meta name=\"twitter:label1\" content=\"Tiempo de lectura\" \/>\n\t<meta name=\"twitter:data1\" content=\"1 minuto\" \/>\n<script type=\"application\/ld+json\" class=\"yoast-schema-graph\">{\"@context\":\"https:\/\/schema.org\",\"@graph\":[{\"@type\":\"WebPage\",\"@id\":\"https:\/\/demoweb.info\/sexshop001\/producto\/happy-rabbit-slimline-g-spot-vibrador-rampante-negro\/\",\"url\":\"https:\/\/demoweb.info\/sexshop001\/producto\/happy-rabbit-slimline-g-spot-vibrador-rampante-negro\/\",\"name\":\"HAPPY RABBIT SLIMLINE G-SPOT - VIBRADOR RAMPANTE NEGRO - Tienda Er\u00f3tica\",\"isPartOf\":{\"@id\":\"https:\/\/demoweb.info\/sexshop001\/#website\"},\"datePublished\":\"2022-01-22T10:25:45+00:00\",\"dateModified\":\"2022-01-22T10:25:45+00:00\",\"breadcrumb\":{\"@id\":\"https:\/\/demoweb.info\/sexshop001\/producto\/happy-rabbit-slimline-g-spot-vibrador-rampante-negro\/#breadcrumb\"},\"inLanguage\":\"es\",\"potentialAction\":[{\"@type\":\"ReadAction\",\"target\":[\"https:\/\/demoweb.info\/sexshop001\/producto\/happy-rabbit-slimline-g-spot-vibrador-rampante-negro\/\"]}]},{\"@type\":\"BreadcrumbList\",\"@id\":\"https:\/\/demoweb.info\/sexshop001\/producto\/happy-rabbit-slimline-g-spot-vibrador-rampante-negro\/#breadcrumb\",\"itemListElement\":[{\"@type\":\"ListItem\",\"position\":1,\"name\":\"Portada\",\"item\":\"https:\/\/demoweb.info\/sexshop001\/\"},{\"@type\":\"ListItem\",\"position\":2,\"name\":\"Tienda\",\"item\":\"https:\/\/demoweb.info\/sexshop001\/tienda\/\"},{\"@type\":\"ListItem\",\"position\":3,\"name\":\"HAPPY RABBIT SLIMLINE G-SPOT &#8211; VIBRADOR RAMPANTE NEGRO\"}]},{\"@type\":\"WebSite\",\"@id\":\"https:\/\/demoweb.info\/sexshop001\/#website\",\"url\":\"https:\/\/demoweb.info\/sexshop001\/\",\"name\":\"Tienda Er\u00f3tica\",\"description\":\"DEMOWEB SL\",\"potentialAction\":[{\"@type\":\"SearchAction\",\"target\":{\"@type\":\"EntryPoint\",\"urlTemplate\":\"https:\/\/demoweb.info\/sexshop001\/?s={search_term_string}\"},\"query-input\":\"required name=search_term_string\"}],\"inLanguage\":\"es\"}]}<\/script>\n<!-- \/ Yoast SEO plugin. -->","yoast_head_json":{"title":"HAPPY RABBIT SLIMLINE G-SPOT - VIBRADOR RAMPANTE NEGRO - Tienda Er\u00f3tica","robots":{"index":"noindex","follow":"follow","max-snippet":"max-snippet:-1","max-image-preview":"max-image-preview:large","max-video-preview":"max-video-preview:-1"},"og_locale":"es_ES","og_type":"article","og_title":"HAPPY RABBIT SLIMLINE G-SPOT - VIBRADOR RAMPANTE NEGRO - Tienda Er\u00f3tica","og_description":"HAPPY RABBIT SLIMLINE G-SPOT Con la misma forma, potencia y ajustes que el vibrador del punto G original de Happy","og_url":"https:\/\/demoweb.info\/sexshop001\/producto\/happy-rabbit-slimline-g-spot-vibrador-rampante-negro\/","og_site_name":"Tienda Er\u00f3tica","og_image":[{"width":550,"height":550,"url":"https:\/\/demoweb.info\/sexshop001\/wp-content\/uploads\/2022\/01\/HAPPY-RABBIT-SLIMLINE-G-SPOT-VIBRADOR-RAMPANTE-NEGRO.jpg","type":"image\/jpeg"}],"twitter_card":"summary_large_image","twitter_misc":{"Tiempo de lectura":"1 minuto"},"schema":{"@context":"https:\/\/schema.org","@graph":[{"@type":"WebPage","@id":"https:\/\/demoweb.info\/sexshop001\/producto\/happy-rabbit-slimline-g-spot-vibrador-rampante-negro\/","url":"https:\/\/demoweb.info\/sexshop001\/producto\/happy-rabbit-slimline-g-spot-vibrador-rampante-negro\/","name":"HAPPY RABBIT SLIMLINE G-SPOT - VIBRADOR RAMPANTE NEGRO - Tienda Er\u00f3tica","isPartOf":{"@id":"https:\/\/demoweb.info\/sexshop001\/#website"},"datePublished":"2022-01-22T10:25:45+00:00","dateModified":"2022-01-22T10:25:45+00:00","breadcrumb":{"@id":"https:\/\/demoweb.info\/sexshop001\/producto\/happy-rabbit-slimline-g-spot-vibrador-rampante-negro\/#breadcrumb"},"inLanguage":"es","potentialAction":[{"@type":"ReadAction","target":["https:\/\/demoweb.info\/sexshop001\/producto\/happy-rabbit-slimline-g-spot-vibrador-rampante-negro\/"]}]},{"@type":"BreadcrumbList","@id":"https:\/\/demoweb.info\/sexshop001\/producto\/happy-rabbit-slimline-g-spot-vibrador-rampante-negro\/#breadcrumb","itemListElement":[{"@type":"ListItem","position":1,"name":"Portada","item":"https:\/\/demoweb.info\/sexshop001\/"},{"@type":"ListItem","position":2,"name":"Tienda","item":"https:\/\/demoweb.info\/sexshop001\/tienda\/"},{"@type":"ListItem","position":3,"name":"HAPPY RABBIT SLIMLINE G-SPOT &#8211; VIBRADOR RAMPANTE NEGRO"}]},{"@type":"WebSite","@id":"https:\/\/demoweb.info\/sexshop001\/#website","url":"https:\/\/demoweb.info\/sexshop001\/","name":"Tienda Er\u00f3tica","description":"DEMOWEB SL","potentialAction":[{"@type":"SearchAction","target":{"@type":"EntryPoint","urlTemplate":"https:\/\/demoweb.info\/sexshop001\/?s={search_term_string}"},"query-input":"required name=search_term_string"}],"inLanguage":"es"}]}},"_links":{"self":[{"href":"https:\/\/demoweb.info\/sexshop001\/wp-json\/wp\/v3\/product\/22436","targetHints":{"allow":["GET"]}}],"collection":[{"href":"https:\/\/demoweb.info\/sexshop001\/wp-json\/wp\/v3\/product"}],"about":[{"href":"https:\/\/demoweb.info\/sexshop001\/wp-json\/wp\/v2\/types\/product"}],"replies":[{"embeddable":true,"href":"https:\/\/demoweb.info\/sexshop001\/wp-json\/wp\/v2\/comments?post=22436"}],"wp:featuredmedia":[{"embeddable":true,"href":"https:\/\/demoweb.info\/sexshop001\/wp-json\/wp\/v2\/media\/22437"}],"wp:attachment":[{"href":"https:\/\/demoweb.info\/sexshop001\/wp-json\/wp\/v2\/media?parent=22436"}],"wp:term":[{"taxonomy":"product_cat","embeddable":true,"href":"https:\/\/demoweb.info\/sexshop001\/wp-json\/wp\/v2\/product_cat?post=22436"},{"taxonomy":"product_tag","embeddable":true,"href":"https:\/\/demoweb.info\/sexshop001\/wp-json\/wp\/v2\/product_tag?post=22436"}],"curies":[{"name":"wp","href":"https:\/\/api.w.org\/{rel}","templated":true}]}}