{"id":22431,"date":"2022-01-22T11:25:07","date_gmt":"2022-01-22T10:25:07","guid":{"rendered":"https:\/\/demoweb.info\/sexshop001\/producto\/happy-rabbit-thrusting-realistic-vibrador-rampante-rosa\/"},"modified":"2022-01-22T11:25:41","modified_gmt":"2022-01-22T10:25:41","slug":"happy-rabbit-thrusting-realistic-vibrador-rampante-rosa","status":"publish","type":"product","link":"https:\/\/demoweb.info\/sexshop001\/producto\/happy-rabbit-thrusting-realistic-vibrador-rampante-rosa\/","title":{"rendered":"HAPPY RABBIT THRUSTING REALISTIC &#8211; VIBRADOR RAMPANTE ROSA"},"content":{"rendered":"<p><strong>HAPPY RABBIT THRUSTING REALISTIC <\/strong><\/p>\n<p><em>El conejito favorito de todos ha vuelto, y es m\u00e1s grande, mejor y m\u00e1s feliz que nunca.<\/em><\/p>\n<p>Bas\u00e1ndonos en los comentarios honestos que provienen directamente de los expertos, es decir, los propios clientes, hemos mejorado los 2 motores incre\u00edblemente poderosos, agregamos una funci\u00f3n de bloqueo de viaje sin preocupaciones e hicimos nuestro vibrador happy rabbit\u00ae m\u00e1s vendido a prueba de agua y recargable mediante USB, brinda un placer incre\u00edble a un precio asequible.<\/p>\n<p>Desde el cuerpo de silicona suave y aterciopelada y los potentes motores m\u00faltiples, hasta las formas ingeniosamente contorneadas y los 15 modos de vibraci\u00f3n con saltos en w, cada cent\u00edmetro de un happy rabbit\u00ae est\u00e1 dise\u00f1ado para brindar una estimulaci\u00f3n fenomenal que seguramente pondr\u00e1 un resorte en el paso de todos.<\/p>\n<p>M\u00e1s de medio mill\u00f3n de vibraciones de <strong>happy rabbit\u00ae <\/strong>ya han llegado a las mesitas de noche de todo el mundo, as\u00ed que \u00bfpor qu\u00e9 no saltar y unirse a la revoluci\u00f3n de los conejos?<\/p>\n<p><strong>Vibrador Thrusting<\/strong><\/p>\n<p>Lleva el placer realista al siguiente nivel con la tecnolog\u00eda de empuje incorporada que hace todo el trabajo por t\u00ed..<\/p>\n<p><strong>Caracter\u00edsticas principales:<\/strong><\/p>\n<ul>\n<li>Un potente motor env\u00eda 9 velocidades y patrones intensos a trav\u00e9s de las orejas largas para un placer profundo.<\/li>\n<li>El segundo motor potente transmite 3 velocidades de empuje a lo largo del eje para una estimulaci\u00f3n incre\u00edble.<\/li>\n<li>La tecnolog\u00eda de empuje incorporada ofrece una estimulaci\u00f3n de sensaci\u00f3n real para un placer incre\u00edblemente realista.<\/li>\n<li>USB recargable para usar en cualquier parte del mundo. Olv\u00eddese de las bater\u00edas, \u00a1simplemente c\u00e1rguelas y juegue con el cable incluido!<\/li>\n<li>100% resistente al agua para una limpieza f\u00e1cil e higi\u00e9nica para brindarle total tranquilidad.<\/li>\n<li>Bloqueo de viaje para evitar que tu Happy Rabbit entre en acci\u00f3n inesperadamente.<\/li>\n<li>Medidas: 22,7 x 3,9 x 7,8 cm<\/li>\n<li>Longitud insertable: 12,7 cm<\/li>\n<\/ul>\n","protected":false},"excerpt":{"rendered":"<p>HAPPY RABBIT THRUSTING REALISTIC El conejito favorito de todos ha vuelto, y es m\u00e1s grande, mejor y m\u00e1s feliz que<\/p>\n","protected":false},"featured_media":22432,"comment_status":"open","ping_status":"open","template":"","meta":[],"product_cat":[434],"product_tag":[1037],"class_list":["post-22431","product","type-product","status-publish","has-post-thumbnail","hentry","product_cat-doble-estimulacion-vibradores-juguetes-xxx","product_tag-happy-rabbit"],"bundled_by":[],"bundle_stock_status":"instock","bundle_stock_quantity":1,"bundle_virtual":false,"bundle_layout":"","bundle_add_to_cart_form_location":"","bundle_editable_in_cart":false,"bundle_sold_individually_context":"","bundle_item_grouping":"","bundle_min_size":"","bundle_max_size":"","bundled_items":[],"yoast_head":"<!-- This site is optimized with the Yoast SEO plugin v20.6 - https:\/\/yoast.com\/wordpress\/plugins\/seo\/ -->\n<title>HAPPY RABBIT THRUSTING REALISTIC - VIBRADOR RAMPANTE ROSA - Tienda Er\u00f3tica<\/title>\n<meta name=\"robots\" content=\"noindex, follow, max-snippet:-1, max-image-preview:large, max-video-preview:-1\" \/>\n<meta property=\"og:locale\" content=\"es_ES\" \/>\n<meta property=\"og:type\" content=\"article\" \/>\n<meta property=\"og:title\" content=\"HAPPY RABBIT THRUSTING REALISTIC - VIBRADOR RAMPANTE ROSA - Tienda Er\u00f3tica\" \/>\n<meta property=\"og:description\" content=\"HAPPY RABBIT THRUSTING REALISTIC El conejito favorito de todos ha vuelto, y es m\u00e1s grande, mejor y m\u00e1s feliz que\" \/>\n<meta property=\"og:url\" content=\"https:\/\/demoweb.info\/sexshop001\/producto\/happy-rabbit-thrusting-realistic-vibrador-rampante-rosa\/\" \/>\n<meta property=\"og:site_name\" content=\"Tienda Er\u00f3tica\" \/>\n<meta property=\"article:modified_time\" content=\"2022-01-22T10:25:41+00:00\" \/>\n<meta property=\"og:image\" content=\"https:\/\/demoweb.info\/sexshop001\/wp-content\/uploads\/2022\/01\/HAPPY-RABBIT-THRUSTING-REALISTIC-VIBRADOR-RAMPANTE-ROSA.jpg\" \/>\n\t<meta property=\"og:image:width\" content=\"550\" \/>\n\t<meta property=\"og:image:height\" content=\"550\" \/>\n\t<meta property=\"og:image:type\" content=\"image\/jpeg\" \/>\n<meta name=\"twitter:card\" content=\"summary_large_image\" \/>\n<meta name=\"twitter:label1\" content=\"Tiempo de lectura\" \/>\n\t<meta name=\"twitter:data1\" content=\"2 minutos\" \/>\n<script type=\"application\/ld+json\" class=\"yoast-schema-graph\">{\"@context\":\"https:\/\/schema.org\",\"@graph\":[{\"@type\":\"WebPage\",\"@id\":\"https:\/\/demoweb.info\/sexshop001\/producto\/happy-rabbit-thrusting-realistic-vibrador-rampante-rosa\/\",\"url\":\"https:\/\/demoweb.info\/sexshop001\/producto\/happy-rabbit-thrusting-realistic-vibrador-rampante-rosa\/\",\"name\":\"HAPPY RABBIT THRUSTING REALISTIC - VIBRADOR RAMPANTE ROSA - Tienda Er\u00f3tica\",\"isPartOf\":{\"@id\":\"https:\/\/demoweb.info\/sexshop001\/#website\"},\"datePublished\":\"2022-01-22T10:25:07+00:00\",\"dateModified\":\"2022-01-22T10:25:41+00:00\",\"breadcrumb\":{\"@id\":\"https:\/\/demoweb.info\/sexshop001\/producto\/happy-rabbit-thrusting-realistic-vibrador-rampante-rosa\/#breadcrumb\"},\"inLanguage\":\"es\",\"potentialAction\":[{\"@type\":\"ReadAction\",\"target\":[\"https:\/\/demoweb.info\/sexshop001\/producto\/happy-rabbit-thrusting-realistic-vibrador-rampante-rosa\/\"]}]},{\"@type\":\"BreadcrumbList\",\"@id\":\"https:\/\/demoweb.info\/sexshop001\/producto\/happy-rabbit-thrusting-realistic-vibrador-rampante-rosa\/#breadcrumb\",\"itemListElement\":[{\"@type\":\"ListItem\",\"position\":1,\"name\":\"Portada\",\"item\":\"https:\/\/demoweb.info\/sexshop001\/\"},{\"@type\":\"ListItem\",\"position\":2,\"name\":\"Tienda\",\"item\":\"https:\/\/demoweb.info\/sexshop001\/tienda\/\"},{\"@type\":\"ListItem\",\"position\":3,\"name\":\"HAPPY RABBIT THRUSTING REALISTIC &#8211; VIBRADOR RAMPANTE ROSA\"}]},{\"@type\":\"WebSite\",\"@id\":\"https:\/\/demoweb.info\/sexshop001\/#website\",\"url\":\"https:\/\/demoweb.info\/sexshop001\/\",\"name\":\"Tienda Er\u00f3tica\",\"description\":\"DEMOWEB SL\",\"potentialAction\":[{\"@type\":\"SearchAction\",\"target\":{\"@type\":\"EntryPoint\",\"urlTemplate\":\"https:\/\/demoweb.info\/sexshop001\/?s={search_term_string}\"},\"query-input\":\"required name=search_term_string\"}],\"inLanguage\":\"es\"}]}<\/script>\n<!-- \/ Yoast SEO plugin. -->","yoast_head_json":{"title":"HAPPY RABBIT THRUSTING REALISTIC - VIBRADOR RAMPANTE ROSA - Tienda Er\u00f3tica","robots":{"index":"noindex","follow":"follow","max-snippet":"max-snippet:-1","max-image-preview":"max-image-preview:large","max-video-preview":"max-video-preview:-1"},"og_locale":"es_ES","og_type":"article","og_title":"HAPPY RABBIT THRUSTING REALISTIC - VIBRADOR RAMPANTE ROSA - Tienda Er\u00f3tica","og_description":"HAPPY RABBIT THRUSTING REALISTIC El conejito favorito de todos ha vuelto, y es m\u00e1s grande, mejor y m\u00e1s feliz que","og_url":"https:\/\/demoweb.info\/sexshop001\/producto\/happy-rabbit-thrusting-realistic-vibrador-rampante-rosa\/","og_site_name":"Tienda Er\u00f3tica","article_modified_time":"2022-01-22T10:25:41+00:00","og_image":[{"width":550,"height":550,"url":"https:\/\/demoweb.info\/sexshop001\/wp-content\/uploads\/2022\/01\/HAPPY-RABBIT-THRUSTING-REALISTIC-VIBRADOR-RAMPANTE-ROSA.jpg","type":"image\/jpeg"}],"twitter_card":"summary_large_image","twitter_misc":{"Tiempo de lectura":"2 minutos"},"schema":{"@context":"https:\/\/schema.org","@graph":[{"@type":"WebPage","@id":"https:\/\/demoweb.info\/sexshop001\/producto\/happy-rabbit-thrusting-realistic-vibrador-rampante-rosa\/","url":"https:\/\/demoweb.info\/sexshop001\/producto\/happy-rabbit-thrusting-realistic-vibrador-rampante-rosa\/","name":"HAPPY RABBIT THRUSTING REALISTIC - VIBRADOR RAMPANTE ROSA - Tienda Er\u00f3tica","isPartOf":{"@id":"https:\/\/demoweb.info\/sexshop001\/#website"},"datePublished":"2022-01-22T10:25:07+00:00","dateModified":"2022-01-22T10:25:41+00:00","breadcrumb":{"@id":"https:\/\/demoweb.info\/sexshop001\/producto\/happy-rabbit-thrusting-realistic-vibrador-rampante-rosa\/#breadcrumb"},"inLanguage":"es","potentialAction":[{"@type":"ReadAction","target":["https:\/\/demoweb.info\/sexshop001\/producto\/happy-rabbit-thrusting-realistic-vibrador-rampante-rosa\/"]}]},{"@type":"BreadcrumbList","@id":"https:\/\/demoweb.info\/sexshop001\/producto\/happy-rabbit-thrusting-realistic-vibrador-rampante-rosa\/#breadcrumb","itemListElement":[{"@type":"ListItem","position":1,"name":"Portada","item":"https:\/\/demoweb.info\/sexshop001\/"},{"@type":"ListItem","position":2,"name":"Tienda","item":"https:\/\/demoweb.info\/sexshop001\/tienda\/"},{"@type":"ListItem","position":3,"name":"HAPPY RABBIT THRUSTING REALISTIC &#8211; VIBRADOR RAMPANTE ROSA"}]},{"@type":"WebSite","@id":"https:\/\/demoweb.info\/sexshop001\/#website","url":"https:\/\/demoweb.info\/sexshop001\/","name":"Tienda Er\u00f3tica","description":"DEMOWEB SL","potentialAction":[{"@type":"SearchAction","target":{"@type":"EntryPoint","urlTemplate":"https:\/\/demoweb.info\/sexshop001\/?s={search_term_string}"},"query-input":"required name=search_term_string"}],"inLanguage":"es"}]}},"_links":{"self":[{"href":"https:\/\/demoweb.info\/sexshop001\/wp-json\/wp\/v3\/product\/22431","targetHints":{"allow":["GET"]}}],"collection":[{"href":"https:\/\/demoweb.info\/sexshop001\/wp-json\/wp\/v3\/product"}],"about":[{"href":"https:\/\/demoweb.info\/sexshop001\/wp-json\/wp\/v2\/types\/product"}],"replies":[{"embeddable":true,"href":"https:\/\/demoweb.info\/sexshop001\/wp-json\/wp\/v2\/comments?post=22431"}],"wp:featuredmedia":[{"embeddable":true,"href":"https:\/\/demoweb.info\/sexshop001\/wp-json\/wp\/v2\/media\/22432"}],"wp:attachment":[{"href":"https:\/\/demoweb.info\/sexshop001\/wp-json\/wp\/v2\/media?parent=22431"}],"wp:term":[{"taxonomy":"product_cat","embeddable":true,"href":"https:\/\/demoweb.info\/sexshop001\/wp-json\/wp\/v2\/product_cat?post=22431"},{"taxonomy":"product_tag","embeddable":true,"href":"https:\/\/demoweb.info\/sexshop001\/wp-json\/wp\/v2\/product_tag?post=22431"}],"curies":[{"name":"wp","href":"https:\/\/api.w.org\/{rel}","templated":true}]}}