{"id":22407,"date":"2022-01-22T11:25:07","date_gmt":"2022-01-22T10:25:07","guid":{"rendered":"https:\/\/demoweb.info\/sexshop001\/producto\/fetish-fantasy-edicion-limitada-tanga-vibrador-remoto\/"},"modified":"2022-01-22T11:25:29","modified_gmt":"2022-01-22T10:25:29","slug":"fetish-fantasy-edicion-limitada-tanga-vibrador-remoto","status":"publish","type":"product","link":"https:\/\/demoweb.info\/sexshop001\/producto\/fetish-fantasy-edicion-limitada-tanga-vibrador-remoto\/","title":{"rendered":"FETISH FANTASY EDICION LIMITADA TANGA VIBRADOR REMOTO"},"content":{"rendered":"<p><strong>FETISH FANTASY LIMITED EDITION REMOTE CONTROL VIBRATING PANTIES.<\/strong><\/p>\n<p>\u00bfPuedes guardar un secreto? Guardado discretamente dentro de este sexy tanga de encaje de cintura baja se esconde una mini bala vibradora dise\u00f1ada para hacer temblar tus piernas. La suave y el\u00e1stica cinturilla es tan c\u00f3moda que olvidar\u00e1s que llevas ropa interior, hasta que acciones el micro estimulador&#8230; Con solo pulsar el bot\u00f3n del control remoto, el motor ultra silencioso se acciona proveendote una estimulaci\u00f3n directa all\u00e1 donde tu quieras. Lo mejor de todo, es que nadie sabr\u00e1 porqu\u00e9 sonr\u00edes tanto&#8230;<\/p>\n<p>La bala funciona con 3 pilas <strong>LR44<\/strong> incluidas y el mando con 2 pilas <strong>AAA<\/strong>.<\/p>\n<p><strong>Edici\u00f3n Especial Limitada 50 Sombras<\/strong>, colecci\u00f3n de juguetes del famoso libro del que todo el mundo habla.<\/p>\n","protected":false},"excerpt":{"rendered":"<p>FETISH FANTASY LIMITED EDITION REMOTE CONTROL VIBRATING PANTIES. \u00bfPuedes guardar un secreto? Guardado discretamente dentro de este sexy tanga de<\/p>\n","protected":false},"featured_media":22408,"comment_status":"open","ping_status":"open","template":"","meta":[],"product_cat":[375],"product_tag":[841,259],"class_list":["post-22407","product","type-product","status-publish","has-post-thumbnail","hentry","product_cat-con-vibrador-para-ella","product_tag-fetish-fantasy-limited-edition","product_tag-pipedream"],"bundled_by":[],"bundle_stock_status":"instock","bundle_stock_quantity":9,"bundle_virtual":false,"bundle_layout":"","bundle_add_to_cart_form_location":"","bundle_editable_in_cart":false,"bundle_sold_individually_context":"","bundle_item_grouping":"","bundle_min_size":"","bundle_max_size":"","bundled_items":[],"yoast_head":"<!-- This site is optimized with the Yoast SEO plugin v20.6 - https:\/\/yoast.com\/wordpress\/plugins\/seo\/ -->\n<title>FETISH FANTASY EDICION LIMITADA TANGA VIBRADOR REMOTO - Tienda Er\u00f3tica<\/title>\n<meta name=\"robots\" content=\"noindex, follow, max-snippet:-1, max-image-preview:large, max-video-preview:-1\" \/>\n<meta property=\"og:locale\" content=\"es_ES\" \/>\n<meta property=\"og:type\" content=\"article\" \/>\n<meta property=\"og:title\" content=\"FETISH FANTASY EDICION LIMITADA TANGA VIBRADOR REMOTO - Tienda Er\u00f3tica\" \/>\n<meta property=\"og:description\" content=\"FETISH FANTASY LIMITED EDITION REMOTE CONTROL VIBRATING PANTIES. \u00bfPuedes guardar un secreto? Guardado discretamente dentro de este sexy tanga de\" \/>\n<meta property=\"og:url\" content=\"https:\/\/demoweb.info\/sexshop001\/producto\/fetish-fantasy-edicion-limitada-tanga-vibrador-remoto\/\" \/>\n<meta property=\"og:site_name\" content=\"Tienda Er\u00f3tica\" \/>\n<meta property=\"article:modified_time\" content=\"2022-01-22T10:25:29+00:00\" \/>\n<meta property=\"og:image\" content=\"https:\/\/demoweb.info\/sexshop001\/wp-content\/uploads\/2022\/01\/FETISH-FANTASY-EDICION-LIMITADA-TANGA-VIBRADOR-REMOTO.jpg\" \/>\n\t<meta property=\"og:image:width\" content=\"550\" \/>\n\t<meta property=\"og:image:height\" content=\"550\" \/>\n\t<meta property=\"og:image:type\" content=\"image\/jpeg\" \/>\n<meta name=\"twitter:card\" content=\"summary_large_image\" \/>\n<meta name=\"twitter:label1\" content=\"Tiempo de lectura\" \/>\n\t<meta name=\"twitter:data1\" content=\"1 minuto\" \/>\n<script type=\"application\/ld+json\" class=\"yoast-schema-graph\">{\"@context\":\"https:\/\/schema.org\",\"@graph\":[{\"@type\":\"WebPage\",\"@id\":\"https:\/\/demoweb.info\/sexshop001\/producto\/fetish-fantasy-edicion-limitada-tanga-vibrador-remoto\/\",\"url\":\"https:\/\/demoweb.info\/sexshop001\/producto\/fetish-fantasy-edicion-limitada-tanga-vibrador-remoto\/\",\"name\":\"FETISH FANTASY EDICION LIMITADA TANGA VIBRADOR REMOTO - Tienda Er\u00f3tica\",\"isPartOf\":{\"@id\":\"https:\/\/demoweb.info\/sexshop001\/#website\"},\"datePublished\":\"2022-01-22T10:25:07+00:00\",\"dateModified\":\"2022-01-22T10:25:29+00:00\",\"breadcrumb\":{\"@id\":\"https:\/\/demoweb.info\/sexshop001\/producto\/fetish-fantasy-edicion-limitada-tanga-vibrador-remoto\/#breadcrumb\"},\"inLanguage\":\"es\",\"potentialAction\":[{\"@type\":\"ReadAction\",\"target\":[\"https:\/\/demoweb.info\/sexshop001\/producto\/fetish-fantasy-edicion-limitada-tanga-vibrador-remoto\/\"]}]},{\"@type\":\"BreadcrumbList\",\"@id\":\"https:\/\/demoweb.info\/sexshop001\/producto\/fetish-fantasy-edicion-limitada-tanga-vibrador-remoto\/#breadcrumb\",\"itemListElement\":[{\"@type\":\"ListItem\",\"position\":1,\"name\":\"Portada\",\"item\":\"https:\/\/demoweb.info\/sexshop001\/\"},{\"@type\":\"ListItem\",\"position\":2,\"name\":\"Tienda\",\"item\":\"https:\/\/demoweb.info\/sexshop001\/tienda\/\"},{\"@type\":\"ListItem\",\"position\":3,\"name\":\"FETISH FANTASY EDICION LIMITADA TANGA VIBRADOR REMOTO\"}]},{\"@type\":\"WebSite\",\"@id\":\"https:\/\/demoweb.info\/sexshop001\/#website\",\"url\":\"https:\/\/demoweb.info\/sexshop001\/\",\"name\":\"Tienda Er\u00f3tica\",\"description\":\"DEMOWEB SL\",\"potentialAction\":[{\"@type\":\"SearchAction\",\"target\":{\"@type\":\"EntryPoint\",\"urlTemplate\":\"https:\/\/demoweb.info\/sexshop001\/?s={search_term_string}\"},\"query-input\":\"required name=search_term_string\"}],\"inLanguage\":\"es\"}]}<\/script>\n<!-- \/ Yoast SEO plugin. -->","yoast_head_json":{"title":"FETISH FANTASY EDICION LIMITADA TANGA VIBRADOR REMOTO - Tienda Er\u00f3tica","robots":{"index":"noindex","follow":"follow","max-snippet":"max-snippet:-1","max-image-preview":"max-image-preview:large","max-video-preview":"max-video-preview:-1"},"og_locale":"es_ES","og_type":"article","og_title":"FETISH FANTASY EDICION LIMITADA TANGA VIBRADOR REMOTO - Tienda Er\u00f3tica","og_description":"FETISH FANTASY LIMITED EDITION REMOTE CONTROL VIBRATING PANTIES. \u00bfPuedes guardar un secreto? Guardado discretamente dentro de este sexy tanga de","og_url":"https:\/\/demoweb.info\/sexshop001\/producto\/fetish-fantasy-edicion-limitada-tanga-vibrador-remoto\/","og_site_name":"Tienda Er\u00f3tica","article_modified_time":"2022-01-22T10:25:29+00:00","og_image":[{"width":550,"height":550,"url":"https:\/\/demoweb.info\/sexshop001\/wp-content\/uploads\/2022\/01\/FETISH-FANTASY-EDICION-LIMITADA-TANGA-VIBRADOR-REMOTO.jpg","type":"image\/jpeg"}],"twitter_card":"summary_large_image","twitter_misc":{"Tiempo de lectura":"1 minuto"},"schema":{"@context":"https:\/\/schema.org","@graph":[{"@type":"WebPage","@id":"https:\/\/demoweb.info\/sexshop001\/producto\/fetish-fantasy-edicion-limitada-tanga-vibrador-remoto\/","url":"https:\/\/demoweb.info\/sexshop001\/producto\/fetish-fantasy-edicion-limitada-tanga-vibrador-remoto\/","name":"FETISH FANTASY EDICION LIMITADA TANGA VIBRADOR REMOTO - Tienda Er\u00f3tica","isPartOf":{"@id":"https:\/\/demoweb.info\/sexshop001\/#website"},"datePublished":"2022-01-22T10:25:07+00:00","dateModified":"2022-01-22T10:25:29+00:00","breadcrumb":{"@id":"https:\/\/demoweb.info\/sexshop001\/producto\/fetish-fantasy-edicion-limitada-tanga-vibrador-remoto\/#breadcrumb"},"inLanguage":"es","potentialAction":[{"@type":"ReadAction","target":["https:\/\/demoweb.info\/sexshop001\/producto\/fetish-fantasy-edicion-limitada-tanga-vibrador-remoto\/"]}]},{"@type":"BreadcrumbList","@id":"https:\/\/demoweb.info\/sexshop001\/producto\/fetish-fantasy-edicion-limitada-tanga-vibrador-remoto\/#breadcrumb","itemListElement":[{"@type":"ListItem","position":1,"name":"Portada","item":"https:\/\/demoweb.info\/sexshop001\/"},{"@type":"ListItem","position":2,"name":"Tienda","item":"https:\/\/demoweb.info\/sexshop001\/tienda\/"},{"@type":"ListItem","position":3,"name":"FETISH FANTASY EDICION LIMITADA TANGA VIBRADOR REMOTO"}]},{"@type":"WebSite","@id":"https:\/\/demoweb.info\/sexshop001\/#website","url":"https:\/\/demoweb.info\/sexshop001\/","name":"Tienda Er\u00f3tica","description":"DEMOWEB SL","potentialAction":[{"@type":"SearchAction","target":{"@type":"EntryPoint","urlTemplate":"https:\/\/demoweb.info\/sexshop001\/?s={search_term_string}"},"query-input":"required name=search_term_string"}],"inLanguage":"es"}]}},"_links":{"self":[{"href":"https:\/\/demoweb.info\/sexshop001\/wp-json\/wp\/v3\/product\/22407","targetHints":{"allow":["GET"]}}],"collection":[{"href":"https:\/\/demoweb.info\/sexshop001\/wp-json\/wp\/v3\/product"}],"about":[{"href":"https:\/\/demoweb.info\/sexshop001\/wp-json\/wp\/v2\/types\/product"}],"replies":[{"embeddable":true,"href":"https:\/\/demoweb.info\/sexshop001\/wp-json\/wp\/v2\/comments?post=22407"}],"wp:featuredmedia":[{"embeddable":true,"href":"https:\/\/demoweb.info\/sexshop001\/wp-json\/wp\/v2\/media\/22408"}],"wp:attachment":[{"href":"https:\/\/demoweb.info\/sexshop001\/wp-json\/wp\/v2\/media?parent=22407"}],"wp:term":[{"taxonomy":"product_cat","embeddable":true,"href":"https:\/\/demoweb.info\/sexshop001\/wp-json\/wp\/v2\/product_cat?post=22407"},{"taxonomy":"product_tag","embeddable":true,"href":"https:\/\/demoweb.info\/sexshop001\/wp-json\/wp\/v2\/product_tag?post=22407"}],"curies":[{"name":"wp","href":"https:\/\/api.w.org\/{rel}","templated":true}]}}