{"id":22397,"date":"2022-01-22T11:25:07","date_gmt":"2022-01-22T10:25:07","guid":{"rendered":"https:\/\/demoweb.info\/sexshop001\/producto\/pleasure-overload-wicked-kit-fin-de-semana\/"},"modified":"2022-01-22T11:25:24","modified_gmt":"2022-01-22T10:25:24","slug":"pleasure-overload-wicked-kit-fin-de-semana","status":"publish","type":"product","link":"https:\/\/demoweb.info\/sexshop001\/producto\/pleasure-overload-wicked-kit-fin-de-semana\/","title":{"rendered":"PLEASURE OVERLOAD WICKED KIT FIN DE SEMANA"},"content":{"rendered":"<p><strong>PLEASURE OVERLOAD WICKED WEEKEND KIT <\/strong><\/p>\n<p>Redescubre las apasionantes aventuras de Anastasia y Christian Grey con la colecci\u00f3n oficial de placer de Fifty Shades of Grey. Basado en el fen\u00f3meno literario er\u00f3tico que introdujo a parejas de todo el mundo a la sensualidad del BDSM, vendi\u00f3 m\u00e1s de 150 millones de copias en todo el mundo y gener\u00f3 tres pel\u00edculas de gran \u00e9xito, estos juguetes cuidadosamente seleccionados y accesorios de bondage han sido un \u00e9xito mundial desde que salieron a los estantes. en 2012.<\/p>\n<p>Y ahora, los productos m\u00e1s populares de la gama han inspirado cuatro nuevas colecciones. La colecci\u00f3n Pleasure Overload es una colecci\u00f3n de kits de lujo que brindan a las parejas todo lo que desean para crear su propia sala de juegos.<br \/>\nLos juguetes m\u00e1s vendidos para inspirar fines de semana malvados con una pareja; incluye algo para \u00e9l, para ella y para ambos.<br \/>\nIncluye un vibrador de punto G recargable, especialmente dise\u00f1ado para dirigir las vibraciones al punto G<br \/>\nUn stroker de mano reversible para \u00e9l, con costillas estimulantes en un lado y cosquillas tentadoras en el otro.<br \/>\nUn anillo de amor de pareja ajustable que ofrece una constricci\u00f3n suave para \u00e9l y sensaciones de hormigueo para ella durante el acto sexual.<\/p>\n<p>Caracter\u00edsticas:<\/p>\n<ul>\n<li>El vibrador de punto G ofrece 3 velocidades y 7 patrones, el anillo de amor es un vibrador de una sola velocidad<\/li>\n<li>Hecho de silicona negra y pl\u00e1stico ABS plateado.<\/li>\n<li>El vibrador del punto G es recargable, el anillo de amor requiere 3 pilas LR44 (6 incluidas)<\/li>\n<li>Dise\u00f1ado para parejas<\/li>\n<li>Todos los productos son 100% impermeables.<\/li>\n<li>Viene con una bolsa de almacenamiento de sat\u00e9n<\/li>\n<li>Logotipo impreso en el vibrador del punto G y el anillo de amor<\/li>\n<\/ul>\n","protected":false},"excerpt":{"rendered":"<p>PLEASURE OVERLOAD WICKED WEEKEND KIT Redescubre las apasionantes aventuras de Anastasia y Christian Grey con la colecci\u00f3n oficial de placer<\/p>\n","protected":false},"featured_media":22398,"comment_status":"open","ping_status":"open","template":"","meta":[],"product_cat":[519],"product_tag":[858],"class_list":["post-22397","product","type-product","status-publish","has-post-thumbnail","hentry","product_cat-parejas","product_tag-fifty-shades"],"bundled_by":[],"bundle_stock_status":"instock","bundle_stock_quantity":1,"bundle_virtual":false,"bundle_layout":"","bundle_add_to_cart_form_location":"","bundle_editable_in_cart":false,"bundle_sold_individually_context":"","bundle_item_grouping":"","bundle_min_size":"","bundle_max_size":"","bundled_items":[],"yoast_head":"<!-- This site is optimized with the Yoast SEO plugin v20.6 - https:\/\/yoast.com\/wordpress\/plugins\/seo\/ -->\n<title>PLEASURE OVERLOAD WICKED KIT FIN DE SEMANA - Tienda Er\u00f3tica<\/title>\n<meta name=\"robots\" content=\"noindex, follow, max-snippet:-1, max-image-preview:large, max-video-preview:-1\" \/>\n<meta property=\"og:locale\" content=\"es_ES\" \/>\n<meta property=\"og:type\" content=\"article\" \/>\n<meta property=\"og:title\" content=\"PLEASURE OVERLOAD WICKED KIT FIN DE SEMANA - Tienda Er\u00f3tica\" \/>\n<meta property=\"og:description\" content=\"PLEASURE OVERLOAD WICKED WEEKEND KIT Redescubre las apasionantes aventuras de Anastasia y Christian Grey con la colecci\u00f3n oficial de placer\" \/>\n<meta property=\"og:url\" content=\"https:\/\/demoweb.info\/sexshop001\/producto\/pleasure-overload-wicked-kit-fin-de-semana\/\" \/>\n<meta property=\"og:site_name\" content=\"Tienda Er\u00f3tica\" \/>\n<meta property=\"article:modified_time\" content=\"2022-01-22T10:25:24+00:00\" \/>\n<meta property=\"og:image\" content=\"https:\/\/demoweb.info\/sexshop001\/wp-content\/uploads\/2022\/01\/PLEASURE-OVERLOAD-WICKED-KIT-FIN-DE-SEMANA.jpg\" \/>\n\t<meta property=\"og:image:width\" content=\"550\" \/>\n\t<meta property=\"og:image:height\" content=\"550\" \/>\n\t<meta property=\"og:image:type\" content=\"image\/jpeg\" \/>\n<meta name=\"twitter:card\" content=\"summary_large_image\" \/>\n<meta name=\"twitter:label1\" content=\"Tiempo de lectura\" \/>\n\t<meta name=\"twitter:data1\" content=\"1 minuto\" \/>\n<script type=\"application\/ld+json\" class=\"yoast-schema-graph\">{\"@context\":\"https:\/\/schema.org\",\"@graph\":[{\"@type\":\"WebPage\",\"@id\":\"https:\/\/demoweb.info\/sexshop001\/producto\/pleasure-overload-wicked-kit-fin-de-semana\/\",\"url\":\"https:\/\/demoweb.info\/sexshop001\/producto\/pleasure-overload-wicked-kit-fin-de-semana\/\",\"name\":\"PLEASURE OVERLOAD WICKED KIT FIN DE SEMANA - Tienda Er\u00f3tica\",\"isPartOf\":{\"@id\":\"https:\/\/demoweb.info\/sexshop001\/#website\"},\"datePublished\":\"2022-01-22T10:25:07+00:00\",\"dateModified\":\"2022-01-22T10:25:24+00:00\",\"breadcrumb\":{\"@id\":\"https:\/\/demoweb.info\/sexshop001\/producto\/pleasure-overload-wicked-kit-fin-de-semana\/#breadcrumb\"},\"inLanguage\":\"es\",\"potentialAction\":[{\"@type\":\"ReadAction\",\"target\":[\"https:\/\/demoweb.info\/sexshop001\/producto\/pleasure-overload-wicked-kit-fin-de-semana\/\"]}]},{\"@type\":\"BreadcrumbList\",\"@id\":\"https:\/\/demoweb.info\/sexshop001\/producto\/pleasure-overload-wicked-kit-fin-de-semana\/#breadcrumb\",\"itemListElement\":[{\"@type\":\"ListItem\",\"position\":1,\"name\":\"Portada\",\"item\":\"https:\/\/demoweb.info\/sexshop001\/\"},{\"@type\":\"ListItem\",\"position\":2,\"name\":\"Tienda\",\"item\":\"https:\/\/demoweb.info\/sexshop001\/tienda\/\"},{\"@type\":\"ListItem\",\"position\":3,\"name\":\"PLEASURE OVERLOAD WICKED KIT FIN DE SEMANA\"}]},{\"@type\":\"WebSite\",\"@id\":\"https:\/\/demoweb.info\/sexshop001\/#website\",\"url\":\"https:\/\/demoweb.info\/sexshop001\/\",\"name\":\"Tienda Er\u00f3tica\",\"description\":\"DEMOWEB SL\",\"potentialAction\":[{\"@type\":\"SearchAction\",\"target\":{\"@type\":\"EntryPoint\",\"urlTemplate\":\"https:\/\/demoweb.info\/sexshop001\/?s={search_term_string}\"},\"query-input\":\"required name=search_term_string\"}],\"inLanguage\":\"es\"}]}<\/script>\n<!-- \/ Yoast SEO plugin. -->","yoast_head_json":{"title":"PLEASURE OVERLOAD WICKED KIT FIN DE SEMANA - Tienda Er\u00f3tica","robots":{"index":"noindex","follow":"follow","max-snippet":"max-snippet:-1","max-image-preview":"max-image-preview:large","max-video-preview":"max-video-preview:-1"},"og_locale":"es_ES","og_type":"article","og_title":"PLEASURE OVERLOAD WICKED KIT FIN DE SEMANA - Tienda Er\u00f3tica","og_description":"PLEASURE OVERLOAD WICKED WEEKEND KIT Redescubre las apasionantes aventuras de Anastasia y Christian Grey con la colecci\u00f3n oficial de placer","og_url":"https:\/\/demoweb.info\/sexshop001\/producto\/pleasure-overload-wicked-kit-fin-de-semana\/","og_site_name":"Tienda Er\u00f3tica","article_modified_time":"2022-01-22T10:25:24+00:00","og_image":[{"width":550,"height":550,"url":"https:\/\/demoweb.info\/sexshop001\/wp-content\/uploads\/2022\/01\/PLEASURE-OVERLOAD-WICKED-KIT-FIN-DE-SEMANA.jpg","type":"image\/jpeg"}],"twitter_card":"summary_large_image","twitter_misc":{"Tiempo de lectura":"1 minuto"},"schema":{"@context":"https:\/\/schema.org","@graph":[{"@type":"WebPage","@id":"https:\/\/demoweb.info\/sexshop001\/producto\/pleasure-overload-wicked-kit-fin-de-semana\/","url":"https:\/\/demoweb.info\/sexshop001\/producto\/pleasure-overload-wicked-kit-fin-de-semana\/","name":"PLEASURE OVERLOAD WICKED KIT FIN DE SEMANA - Tienda Er\u00f3tica","isPartOf":{"@id":"https:\/\/demoweb.info\/sexshop001\/#website"},"datePublished":"2022-01-22T10:25:07+00:00","dateModified":"2022-01-22T10:25:24+00:00","breadcrumb":{"@id":"https:\/\/demoweb.info\/sexshop001\/producto\/pleasure-overload-wicked-kit-fin-de-semana\/#breadcrumb"},"inLanguage":"es","potentialAction":[{"@type":"ReadAction","target":["https:\/\/demoweb.info\/sexshop001\/producto\/pleasure-overload-wicked-kit-fin-de-semana\/"]}]},{"@type":"BreadcrumbList","@id":"https:\/\/demoweb.info\/sexshop001\/producto\/pleasure-overload-wicked-kit-fin-de-semana\/#breadcrumb","itemListElement":[{"@type":"ListItem","position":1,"name":"Portada","item":"https:\/\/demoweb.info\/sexshop001\/"},{"@type":"ListItem","position":2,"name":"Tienda","item":"https:\/\/demoweb.info\/sexshop001\/tienda\/"},{"@type":"ListItem","position":3,"name":"PLEASURE OVERLOAD WICKED KIT FIN DE SEMANA"}]},{"@type":"WebSite","@id":"https:\/\/demoweb.info\/sexshop001\/#website","url":"https:\/\/demoweb.info\/sexshop001\/","name":"Tienda Er\u00f3tica","description":"DEMOWEB SL","potentialAction":[{"@type":"SearchAction","target":{"@type":"EntryPoint","urlTemplate":"https:\/\/demoweb.info\/sexshop001\/?s={search_term_string}"},"query-input":"required name=search_term_string"}],"inLanguage":"es"}]}},"_links":{"self":[{"href":"https:\/\/demoweb.info\/sexshop001\/wp-json\/wp\/v3\/product\/22397","targetHints":{"allow":["GET"]}}],"collection":[{"href":"https:\/\/demoweb.info\/sexshop001\/wp-json\/wp\/v3\/product"}],"about":[{"href":"https:\/\/demoweb.info\/sexshop001\/wp-json\/wp\/v2\/types\/product"}],"replies":[{"embeddable":true,"href":"https:\/\/demoweb.info\/sexshop001\/wp-json\/wp\/v2\/comments?post=22397"}],"wp:featuredmedia":[{"embeddable":true,"href":"https:\/\/demoweb.info\/sexshop001\/wp-json\/wp\/v2\/media\/22398"}],"wp:attachment":[{"href":"https:\/\/demoweb.info\/sexshop001\/wp-json\/wp\/v2\/media?parent=22397"}],"wp:term":[{"taxonomy":"product_cat","embeddable":true,"href":"https:\/\/demoweb.info\/sexshop001\/wp-json\/wp\/v2\/product_cat?post=22397"},{"taxonomy":"product_tag","embeddable":true,"href":"https:\/\/demoweb.info\/sexshop001\/wp-json\/wp\/v2\/product_tag?post=22397"}],"curies":[{"name":"wp","href":"https:\/\/api.w.org\/{rel}","templated":true}]}}