{"id":22387,"date":"2022-01-22T11:25:07","date_gmt":"2022-01-22T10:25:07","guid":{"rendered":"https:\/\/demoweb.info\/sexshop001\/producto\/pleasure-overload-kit-de-lujo-sensaciones-negro-blanco\/"},"modified":"2022-01-22T11:25:19","modified_gmt":"2022-01-22T10:25:19","slug":"pleasure-overload-kit-de-lujo-sensaciones-negro-blanco","status":"publish","type":"product","link":"https:\/\/demoweb.info\/sexshop001\/producto\/pleasure-overload-kit-de-lujo-sensaciones-negro-blanco\/","title":{"rendered":"PLEASURE OVERLOAD KIT DE LUJO SENSACIONES &#8211; NEGRO\/BLANCO"},"content":{"rendered":"<p><strong>PLEASURE OVERLOAD SWEET SENSATIONS KIT &#8211; BLACK\/WHITE<\/strong><\/p>\n<p>Redescubre las apasionantes aventuras de Anastasia y Christian Grey con la colecci\u00f3n oficial de placer de Fifty Shades of Grey.<\/p>\n<p>Basado en el fen\u00f3meno literario er\u00f3tico que introdujo a parejas de todo el mundo a la sensualidad del BDSM, vendi\u00f3 m\u00e1s de 150 millones de copias en todo el mundo y gener\u00f3 tres pel\u00edculas de gran \u00e9xito, estos juguetes cuidadosamente seleccionados y accesorios de bondage han sido un \u00e9xito mundial desde que salieron a los estantes. en 2012.<\/p>\n<p>Y ahora, los productos m\u00e1s populares de la gama han inspirado cuatro nuevas colecciones.<\/p>\n<p>La colecci\u00f3n Pleasure Overload es una colecci\u00f3n de kits de lujo que brindan a las parejas todo lo que desean para crear su propia sala de juegos.<\/p>\n<p>\nProductos de placer m\u00e1s vendidos para parejas que incitan al romance e inspiran nuevas formas de jugar.<\/p>\n<p>\nIncluye aceite de masaje Fifty Shades of Grey, vela perfumada, venda en los ojos, masajeador, cosquillas, correas de sat\u00e9n y dados de juegos previos.<\/p>\n<p>CONTIENE:<\/p>\n<p>\nSujeciones de sat\u00e9n y con los ojos vendados son suaves y sensuales, perfectas para principiantes en el juego de bondage.<br \/>\nEl tickler, el masajeador y el aceite de masaje despiertan las terminaciones nerviosas para aumentar la sensibilidad y desarrollar la excitaci\u00f3n.<br \/>\nDados de juegos previos para inspirar y deleitar a las parejas en el dormitorio<br \/>\nAdhesivo con logo en aceite de masaje y etiqueta de hojalata, e impreso en mango, masajeador y dados. Los ojos vendados y las sujeciones tienen una etiqueta con el logotipo impreso.<\/p>\n<ul>\n<li>Peso embalaje: 496 gram<\/li>\n<li>Peso del producto: 322,60 gram<\/li>\n<li>Libre de ftalato: S\u00ed<\/li>\n<\/ul>\n","protected":false},"excerpt":{"rendered":"<p>PLEASURE OVERLOAD SWEET SENSATIONS KIT &#8211; BLACK\/WHITE Redescubre las apasionantes aventuras de Anastasia y Christian Grey con la colecci\u00f3n oficial<\/p>\n","protected":false},"featured_media":22388,"comment_status":"open","ping_status":"open","template":"","meta":[],"product_cat":[519],"product_tag":[858],"class_list":["post-22387","product","type-product","status-publish","has-post-thumbnail","hentry","product_cat-parejas","product_tag-fifty-shades"],"bundled_by":[],"bundle_stock_status":"outofstock","bundle_stock_quantity":0,"bundle_virtual":false,"bundle_layout":"","bundle_add_to_cart_form_location":"","bundle_editable_in_cart":false,"bundle_sold_individually_context":"","bundle_item_grouping":"","bundle_min_size":"","bundle_max_size":"","bundled_items":[],"yoast_head":"<!-- This site is optimized with the Yoast SEO plugin v20.6 - https:\/\/yoast.com\/wordpress\/plugins\/seo\/ -->\n<title>PLEASURE OVERLOAD KIT DE LUJO SENSACIONES - NEGRO\/BLANCO - Tienda Er\u00f3tica<\/title>\n<meta name=\"robots\" content=\"noindex, follow, max-snippet:-1, max-image-preview:large, max-video-preview:-1\" \/>\n<meta property=\"og:locale\" content=\"es_ES\" \/>\n<meta property=\"og:type\" content=\"article\" \/>\n<meta property=\"og:title\" content=\"PLEASURE OVERLOAD KIT DE LUJO SENSACIONES - NEGRO\/BLANCO - Tienda Er\u00f3tica\" \/>\n<meta property=\"og:description\" content=\"PLEASURE OVERLOAD SWEET SENSATIONS KIT &#8211; BLACK\/WHITE Redescubre las apasionantes aventuras de Anastasia y Christian Grey con la colecci\u00f3n oficial\" \/>\n<meta property=\"og:url\" content=\"https:\/\/demoweb.info\/sexshop001\/producto\/pleasure-overload-kit-de-lujo-sensaciones-negro-blanco\/\" \/>\n<meta property=\"og:site_name\" content=\"Tienda Er\u00f3tica\" \/>\n<meta property=\"article:modified_time\" content=\"2022-01-22T10:25:19+00:00\" \/>\n<meta property=\"og:image\" content=\"https:\/\/demoweb.info\/sexshop001\/wp-content\/uploads\/2022\/01\/PLEASURE-OVERLOAD-KIT-DE-LUJO-SENSACIONES-NEGROBLANCO.jpg\" \/>\n\t<meta property=\"og:image:width\" content=\"550\" \/>\n\t<meta property=\"og:image:height\" content=\"550\" \/>\n\t<meta property=\"og:image:type\" content=\"image\/jpeg\" \/>\n<meta name=\"twitter:card\" content=\"summary_large_image\" \/>\n<meta name=\"twitter:label1\" content=\"Tiempo de lectura\" \/>\n\t<meta name=\"twitter:data1\" content=\"1 minuto\" \/>\n<script type=\"application\/ld+json\" class=\"yoast-schema-graph\">{\"@context\":\"https:\/\/schema.org\",\"@graph\":[{\"@type\":\"WebPage\",\"@id\":\"https:\/\/demoweb.info\/sexshop001\/producto\/pleasure-overload-kit-de-lujo-sensaciones-negro-blanco\/\",\"url\":\"https:\/\/demoweb.info\/sexshop001\/producto\/pleasure-overload-kit-de-lujo-sensaciones-negro-blanco\/\",\"name\":\"PLEASURE OVERLOAD KIT DE LUJO SENSACIONES - NEGRO\/BLANCO - Tienda Er\u00f3tica\",\"isPartOf\":{\"@id\":\"https:\/\/demoweb.info\/sexshop001\/#website\"},\"datePublished\":\"2022-01-22T10:25:07+00:00\",\"dateModified\":\"2022-01-22T10:25:19+00:00\",\"breadcrumb\":{\"@id\":\"https:\/\/demoweb.info\/sexshop001\/producto\/pleasure-overload-kit-de-lujo-sensaciones-negro-blanco\/#breadcrumb\"},\"inLanguage\":\"es\",\"potentialAction\":[{\"@type\":\"ReadAction\",\"target\":[\"https:\/\/demoweb.info\/sexshop001\/producto\/pleasure-overload-kit-de-lujo-sensaciones-negro-blanco\/\"]}]},{\"@type\":\"BreadcrumbList\",\"@id\":\"https:\/\/demoweb.info\/sexshop001\/producto\/pleasure-overload-kit-de-lujo-sensaciones-negro-blanco\/#breadcrumb\",\"itemListElement\":[{\"@type\":\"ListItem\",\"position\":1,\"name\":\"Portada\",\"item\":\"https:\/\/demoweb.info\/sexshop001\/\"},{\"@type\":\"ListItem\",\"position\":2,\"name\":\"Tienda\",\"item\":\"https:\/\/demoweb.info\/sexshop001\/tienda\/\"},{\"@type\":\"ListItem\",\"position\":3,\"name\":\"PLEASURE OVERLOAD KIT DE LUJO SENSACIONES &#8211; NEGRO\/BLANCO\"}]},{\"@type\":\"WebSite\",\"@id\":\"https:\/\/demoweb.info\/sexshop001\/#website\",\"url\":\"https:\/\/demoweb.info\/sexshop001\/\",\"name\":\"Tienda Er\u00f3tica\",\"description\":\"DEMOWEB SL\",\"potentialAction\":[{\"@type\":\"SearchAction\",\"target\":{\"@type\":\"EntryPoint\",\"urlTemplate\":\"https:\/\/demoweb.info\/sexshop001\/?s={search_term_string}\"},\"query-input\":\"required name=search_term_string\"}],\"inLanguage\":\"es\"}]}<\/script>\n<!-- \/ Yoast SEO plugin. -->","yoast_head_json":{"title":"PLEASURE OVERLOAD KIT DE LUJO SENSACIONES - NEGRO\/BLANCO - Tienda Er\u00f3tica","robots":{"index":"noindex","follow":"follow","max-snippet":"max-snippet:-1","max-image-preview":"max-image-preview:large","max-video-preview":"max-video-preview:-1"},"og_locale":"es_ES","og_type":"article","og_title":"PLEASURE OVERLOAD KIT DE LUJO SENSACIONES - NEGRO\/BLANCO - Tienda Er\u00f3tica","og_description":"PLEASURE OVERLOAD SWEET SENSATIONS KIT &#8211; BLACK\/WHITE Redescubre las apasionantes aventuras de Anastasia y Christian Grey con la colecci\u00f3n oficial","og_url":"https:\/\/demoweb.info\/sexshop001\/producto\/pleasure-overload-kit-de-lujo-sensaciones-negro-blanco\/","og_site_name":"Tienda Er\u00f3tica","article_modified_time":"2022-01-22T10:25:19+00:00","og_image":[{"width":550,"height":550,"url":"https:\/\/demoweb.info\/sexshop001\/wp-content\/uploads\/2022\/01\/PLEASURE-OVERLOAD-KIT-DE-LUJO-SENSACIONES-NEGROBLANCO.jpg","type":"image\/jpeg"}],"twitter_card":"summary_large_image","twitter_misc":{"Tiempo de lectura":"1 minuto"},"schema":{"@context":"https:\/\/schema.org","@graph":[{"@type":"WebPage","@id":"https:\/\/demoweb.info\/sexshop001\/producto\/pleasure-overload-kit-de-lujo-sensaciones-negro-blanco\/","url":"https:\/\/demoweb.info\/sexshop001\/producto\/pleasure-overload-kit-de-lujo-sensaciones-negro-blanco\/","name":"PLEASURE OVERLOAD KIT DE LUJO SENSACIONES - NEGRO\/BLANCO - Tienda Er\u00f3tica","isPartOf":{"@id":"https:\/\/demoweb.info\/sexshop001\/#website"},"datePublished":"2022-01-22T10:25:07+00:00","dateModified":"2022-01-22T10:25:19+00:00","breadcrumb":{"@id":"https:\/\/demoweb.info\/sexshop001\/producto\/pleasure-overload-kit-de-lujo-sensaciones-negro-blanco\/#breadcrumb"},"inLanguage":"es","potentialAction":[{"@type":"ReadAction","target":["https:\/\/demoweb.info\/sexshop001\/producto\/pleasure-overload-kit-de-lujo-sensaciones-negro-blanco\/"]}]},{"@type":"BreadcrumbList","@id":"https:\/\/demoweb.info\/sexshop001\/producto\/pleasure-overload-kit-de-lujo-sensaciones-negro-blanco\/#breadcrumb","itemListElement":[{"@type":"ListItem","position":1,"name":"Portada","item":"https:\/\/demoweb.info\/sexshop001\/"},{"@type":"ListItem","position":2,"name":"Tienda","item":"https:\/\/demoweb.info\/sexshop001\/tienda\/"},{"@type":"ListItem","position":3,"name":"PLEASURE OVERLOAD KIT DE LUJO SENSACIONES &#8211; NEGRO\/BLANCO"}]},{"@type":"WebSite","@id":"https:\/\/demoweb.info\/sexshop001\/#website","url":"https:\/\/demoweb.info\/sexshop001\/","name":"Tienda Er\u00f3tica","description":"DEMOWEB SL","potentialAction":[{"@type":"SearchAction","target":{"@type":"EntryPoint","urlTemplate":"https:\/\/demoweb.info\/sexshop001\/?s={search_term_string}"},"query-input":"required name=search_term_string"}],"inLanguage":"es"}]}},"_links":{"self":[{"href":"https:\/\/demoweb.info\/sexshop001\/wp-json\/wp\/v3\/product\/22387","targetHints":{"allow":["GET"]}}],"collection":[{"href":"https:\/\/demoweb.info\/sexshop001\/wp-json\/wp\/v3\/product"}],"about":[{"href":"https:\/\/demoweb.info\/sexshop001\/wp-json\/wp\/v2\/types\/product"}],"replies":[{"embeddable":true,"href":"https:\/\/demoweb.info\/sexshop001\/wp-json\/wp\/v2\/comments?post=22387"}],"wp:featuredmedia":[{"embeddable":true,"href":"https:\/\/demoweb.info\/sexshop001\/wp-json\/wp\/v2\/media\/22388"}],"wp:attachment":[{"href":"https:\/\/demoweb.info\/sexshop001\/wp-json\/wp\/v2\/media?parent=22387"}],"wp:term":[{"taxonomy":"product_cat","embeddable":true,"href":"https:\/\/demoweb.info\/sexshop001\/wp-json\/wp\/v2\/product_cat?post=22387"},{"taxonomy":"product_tag","embeddable":true,"href":"https:\/\/demoweb.info\/sexshop001\/wp-json\/wp\/v2\/product_tag?post=22387"}],"curies":[{"name":"wp","href":"https:\/\/api.w.org\/{rel}","templated":true}]}}