{"id":22377,"date":"2022-01-22T11:25:07","date_gmt":"2022-01-22T10:25:07","guid":{"rendered":"https:\/\/demoweb.info\/sexshop001\/producto\/bolas-kegal-control-remoto-y-vibracion-negro-plata\/"},"modified":"2022-01-22T11:25:15","modified_gmt":"2022-01-22T10:25:15","slug":"bolas-kegal-control-remoto-y-vibracion-negro-plata","status":"publish","type":"product","link":"https:\/\/demoweb.info\/sexshop001\/producto\/bolas-kegal-control-remoto-y-vibracion-negro-plata\/","title":{"rendered":"BOLAS KEGAL CONTROL REMOTO Y VIBRACION &#8211; NEGRO\/PLATA"},"content":{"rendered":"<p><strong>RELENTLESS VIBRATIONS REMOTE CONTROL KEGAL BALLS &#8211; BLACK\/SILVER<\/strong><\/p>\n<p>Redescubre las apasionantes aventuras de Anastasia y Christian Grey con la colecci\u00f3n oficial de placer de Fifty Shades of Grey.<\/p>\n<p>Basado en el fen\u00f3meno literario er\u00f3tico que introdujo a parejas de todo el mundo a la sensualidad del BDSM, vendi\u00f3 m\u00e1s de 150 millones de copias en todo el mundo y gener\u00f3 tres pel\u00edculas de gran \u00e9xito, estos juguetes y accesorios de bondage cuidadosamente seleccionados han sido un \u00e9xito mundial desde que salieron a la venta por primera vez. en 2012.<\/p>\n<p>Y ahora, los productos m\u00e1s populares de la gama han inspirado cuatro nuevas colecciones.<\/p>\n<p>La colecci\u00f3n Relentless Vibrations lleva el juego de las parejas a un nuevo nivel con controles remotos f\u00e1ciles de usar.<\/p>\n<p>\nUn cambio de la forma de huevo cl\u00e1sica, el dise\u00f1o de la bola de Kegel ofrece una sensaci\u00f3n m\u00e1s completa.<br \/>\nControl remoto operado para encuentros er\u00f3ticos con una pareja.<br \/>\nPotente motor que ofrece 6 velocidades y 10 patrones.<\/p>\n<p>\nBolas de Kegel de silicona negra suaves y elegantes y controlador recubierto de PU negro con botones y detalles plateados en contraste.<\/p>\n<p>\nEl juguete es recargable por USB con cable incluido, el control remoto toma 1 pila CR2032 (incluida)<br \/>\nDise\u00f1ado para parejas<\/p>\n<p>Juguete 100% resistente al agua (mando a distancia no resistente al agua)<\/p>\n<p>Funci\u00f3n de bloqueo de viaje<\/p>\n<p>Viene con una bolsa de almacenamiento de sat\u00e9n<\/p>\n<p>Logotipo impreso en el mando a distancia.<\/p>\n<ul>\n<li>Peso del producto: 39 gram<\/li>\n<li>Longitud insertable: 7,7 cm<\/li>\n<li>Recargable: S\u00ed<\/li>\n<li>Tiempo de recarga: 90 min<\/li>\n<li>Vida de la recarga de las bater\u00edas: 45 min<\/li>\n<li>A prueba de agua: S\u00ed<\/li>\n<li>A prueba de salpicaduras: S\u00ed<\/li>\n<li>Libre de ftalato: S\u00ed<\/li>\n<li>Materiales: Silicona<\/li>\n<\/ul>\n","protected":false},"excerpt":{"rendered":"<p>RELENTLESS VIBRATIONS REMOTE CONTROL KEGAL BALLS &#8211; BLACK\/SILVER Redescubre las apasionantes aventuras de Anastasia y Christian Grey con la colecci\u00f3n<\/p>\n","protected":false},"featured_media":22378,"comment_status":"open","ping_status":"open","template":"","meta":[],"product_cat":[320],"product_tag":[858],"class_list":["post-22377","product","type-product","status-publish","has-post-thumbnail","hentry","product_cat-silicona-bolas-y-huevos","product_tag-fifty-shades"],"bundled_by":[],"bundle_stock_status":"instock","bundle_stock_quantity":3,"bundle_virtual":false,"bundle_layout":"","bundle_add_to_cart_form_location":"","bundle_editable_in_cart":false,"bundle_sold_individually_context":"","bundle_item_grouping":"","bundle_min_size":"","bundle_max_size":"","bundled_items":[],"yoast_head":"<!-- This site is optimized with the Yoast SEO plugin v20.6 - https:\/\/yoast.com\/wordpress\/plugins\/seo\/ -->\n<title>BOLAS KEGAL CONTROL REMOTO Y VIBRACION - NEGRO\/PLATA - Tienda Er\u00f3tica<\/title>\n<meta name=\"robots\" content=\"noindex, follow, max-snippet:-1, max-image-preview:large, max-video-preview:-1\" \/>\n<meta property=\"og:locale\" content=\"es_ES\" \/>\n<meta property=\"og:type\" content=\"article\" \/>\n<meta property=\"og:title\" content=\"BOLAS KEGAL CONTROL REMOTO Y VIBRACION - NEGRO\/PLATA - Tienda Er\u00f3tica\" \/>\n<meta property=\"og:description\" content=\"RELENTLESS VIBRATIONS REMOTE CONTROL KEGAL BALLS &#8211; BLACK\/SILVER Redescubre las apasionantes aventuras de Anastasia y Christian Grey con la colecci\u00f3n\" \/>\n<meta property=\"og:url\" content=\"https:\/\/demoweb.info\/sexshop001\/producto\/bolas-kegal-control-remoto-y-vibracion-negro-plata\/\" \/>\n<meta property=\"og:site_name\" content=\"Tienda Er\u00f3tica\" \/>\n<meta property=\"article:modified_time\" content=\"2022-01-22T10:25:15+00:00\" \/>\n<meta property=\"og:image\" content=\"https:\/\/demoweb.info\/sexshop001\/wp-content\/uploads\/2022\/01\/BOLAS-KEGAL-CONTROL-REMOTO-Y-VIBRACION-NEGROPLATA.jpg\" \/>\n\t<meta property=\"og:image:width\" content=\"550\" \/>\n\t<meta property=\"og:image:height\" content=\"550\" \/>\n\t<meta property=\"og:image:type\" content=\"image\/jpeg\" \/>\n<meta name=\"twitter:card\" content=\"summary_large_image\" \/>\n<meta name=\"twitter:label1\" content=\"Tiempo de lectura\" \/>\n\t<meta name=\"twitter:data1\" content=\"1 minuto\" \/>\n<script type=\"application\/ld+json\" class=\"yoast-schema-graph\">{\"@context\":\"https:\/\/schema.org\",\"@graph\":[{\"@type\":\"WebPage\",\"@id\":\"https:\/\/demoweb.info\/sexshop001\/producto\/bolas-kegal-control-remoto-y-vibracion-negro-plata\/\",\"url\":\"https:\/\/demoweb.info\/sexshop001\/producto\/bolas-kegal-control-remoto-y-vibracion-negro-plata\/\",\"name\":\"BOLAS KEGAL CONTROL REMOTO Y VIBRACION - NEGRO\/PLATA - Tienda Er\u00f3tica\",\"isPartOf\":{\"@id\":\"https:\/\/demoweb.info\/sexshop001\/#website\"},\"datePublished\":\"2022-01-22T10:25:07+00:00\",\"dateModified\":\"2022-01-22T10:25:15+00:00\",\"breadcrumb\":{\"@id\":\"https:\/\/demoweb.info\/sexshop001\/producto\/bolas-kegal-control-remoto-y-vibracion-negro-plata\/#breadcrumb\"},\"inLanguage\":\"es\",\"potentialAction\":[{\"@type\":\"ReadAction\",\"target\":[\"https:\/\/demoweb.info\/sexshop001\/producto\/bolas-kegal-control-remoto-y-vibracion-negro-plata\/\"]}]},{\"@type\":\"BreadcrumbList\",\"@id\":\"https:\/\/demoweb.info\/sexshop001\/producto\/bolas-kegal-control-remoto-y-vibracion-negro-plata\/#breadcrumb\",\"itemListElement\":[{\"@type\":\"ListItem\",\"position\":1,\"name\":\"Portada\",\"item\":\"https:\/\/demoweb.info\/sexshop001\/\"},{\"@type\":\"ListItem\",\"position\":2,\"name\":\"Tienda\",\"item\":\"https:\/\/demoweb.info\/sexshop001\/tienda\/\"},{\"@type\":\"ListItem\",\"position\":3,\"name\":\"BOLAS KEGAL CONTROL REMOTO Y VIBRACION &#8211; NEGRO\/PLATA\"}]},{\"@type\":\"WebSite\",\"@id\":\"https:\/\/demoweb.info\/sexshop001\/#website\",\"url\":\"https:\/\/demoweb.info\/sexshop001\/\",\"name\":\"Tienda Er\u00f3tica\",\"description\":\"DEMOWEB SL\",\"potentialAction\":[{\"@type\":\"SearchAction\",\"target\":{\"@type\":\"EntryPoint\",\"urlTemplate\":\"https:\/\/demoweb.info\/sexshop001\/?s={search_term_string}\"},\"query-input\":\"required name=search_term_string\"}],\"inLanguage\":\"es\"}]}<\/script>\n<!-- \/ Yoast SEO plugin. -->","yoast_head_json":{"title":"BOLAS KEGAL CONTROL REMOTO Y VIBRACION - NEGRO\/PLATA - Tienda Er\u00f3tica","robots":{"index":"noindex","follow":"follow","max-snippet":"max-snippet:-1","max-image-preview":"max-image-preview:large","max-video-preview":"max-video-preview:-1"},"og_locale":"es_ES","og_type":"article","og_title":"BOLAS KEGAL CONTROL REMOTO Y VIBRACION - NEGRO\/PLATA - Tienda Er\u00f3tica","og_description":"RELENTLESS VIBRATIONS REMOTE CONTROL KEGAL BALLS &#8211; BLACK\/SILVER Redescubre las apasionantes aventuras de Anastasia y Christian Grey con la colecci\u00f3n","og_url":"https:\/\/demoweb.info\/sexshop001\/producto\/bolas-kegal-control-remoto-y-vibracion-negro-plata\/","og_site_name":"Tienda Er\u00f3tica","article_modified_time":"2022-01-22T10:25:15+00:00","og_image":[{"width":550,"height":550,"url":"https:\/\/demoweb.info\/sexshop001\/wp-content\/uploads\/2022\/01\/BOLAS-KEGAL-CONTROL-REMOTO-Y-VIBRACION-NEGROPLATA.jpg","type":"image\/jpeg"}],"twitter_card":"summary_large_image","twitter_misc":{"Tiempo de lectura":"1 minuto"},"schema":{"@context":"https:\/\/schema.org","@graph":[{"@type":"WebPage","@id":"https:\/\/demoweb.info\/sexshop001\/producto\/bolas-kegal-control-remoto-y-vibracion-negro-plata\/","url":"https:\/\/demoweb.info\/sexshop001\/producto\/bolas-kegal-control-remoto-y-vibracion-negro-plata\/","name":"BOLAS KEGAL CONTROL REMOTO Y VIBRACION - NEGRO\/PLATA - Tienda Er\u00f3tica","isPartOf":{"@id":"https:\/\/demoweb.info\/sexshop001\/#website"},"datePublished":"2022-01-22T10:25:07+00:00","dateModified":"2022-01-22T10:25:15+00:00","breadcrumb":{"@id":"https:\/\/demoweb.info\/sexshop001\/producto\/bolas-kegal-control-remoto-y-vibracion-negro-plata\/#breadcrumb"},"inLanguage":"es","potentialAction":[{"@type":"ReadAction","target":["https:\/\/demoweb.info\/sexshop001\/producto\/bolas-kegal-control-remoto-y-vibracion-negro-plata\/"]}]},{"@type":"BreadcrumbList","@id":"https:\/\/demoweb.info\/sexshop001\/producto\/bolas-kegal-control-remoto-y-vibracion-negro-plata\/#breadcrumb","itemListElement":[{"@type":"ListItem","position":1,"name":"Portada","item":"https:\/\/demoweb.info\/sexshop001\/"},{"@type":"ListItem","position":2,"name":"Tienda","item":"https:\/\/demoweb.info\/sexshop001\/tienda\/"},{"@type":"ListItem","position":3,"name":"BOLAS KEGAL CONTROL REMOTO Y VIBRACION &#8211; NEGRO\/PLATA"}]},{"@type":"WebSite","@id":"https:\/\/demoweb.info\/sexshop001\/#website","url":"https:\/\/demoweb.info\/sexshop001\/","name":"Tienda Er\u00f3tica","description":"DEMOWEB SL","potentialAction":[{"@type":"SearchAction","target":{"@type":"EntryPoint","urlTemplate":"https:\/\/demoweb.info\/sexshop001\/?s={search_term_string}"},"query-input":"required name=search_term_string"}],"inLanguage":"es"}]}},"_links":{"self":[{"href":"https:\/\/demoweb.info\/sexshop001\/wp-json\/wp\/v3\/product\/22377","targetHints":{"allow":["GET"]}}],"collection":[{"href":"https:\/\/demoweb.info\/sexshop001\/wp-json\/wp\/v3\/product"}],"about":[{"href":"https:\/\/demoweb.info\/sexshop001\/wp-json\/wp\/v2\/types\/product"}],"replies":[{"embeddable":true,"href":"https:\/\/demoweb.info\/sexshop001\/wp-json\/wp\/v2\/comments?post=22377"}],"wp:featuredmedia":[{"embeddable":true,"href":"https:\/\/demoweb.info\/sexshop001\/wp-json\/wp\/v2\/media\/22378"}],"wp:attachment":[{"href":"https:\/\/demoweb.info\/sexshop001\/wp-json\/wp\/v2\/media?parent=22377"}],"wp:term":[{"taxonomy":"product_cat","embeddable":true,"href":"https:\/\/demoweb.info\/sexshop001\/wp-json\/wp\/v2\/product_cat?post=22377"},{"taxonomy":"product_tag","embeddable":true,"href":"https:\/\/demoweb.info\/sexshop001\/wp-json\/wp\/v2\/product_tag?post=22377"}],"curies":[{"name":"wp","href":"https:\/\/api.w.org\/{rel}","templated":true}]}}