{"id":22337,"date":"2022-01-22T11:24:27","date_gmt":"2022-01-22T10:24:27","guid":{"rendered":"https:\/\/demoweb.info\/sexshop001\/producto\/greedy-girl-bala-vibradora-con-conejito-negro\/"},"modified":"2022-01-22T11:24:50","modified_gmt":"2022-01-22T10:24:50","slug":"greedy-girl-bala-vibradora-con-conejito-negro","status":"publish","type":"product","link":"https:\/\/demoweb.info\/sexshop001\/producto\/greedy-girl-bala-vibradora-con-conejito-negro\/","title":{"rendered":"GREEDY GIRL BALA VIBRADORA CON CONEJITO &#8211; NEGRO"},"content":{"rendered":"<p><strong>GREEDY GIRL BULLET RABBIT VIBRATOR<\/strong><\/p>\n<p>Redescubre las apasionantes aventuras de Anastasia y Christian Grey con la colecci\u00f3n oficial de placer de Fifty Shades of Grey. Basado en el fen\u00f3meno literario er\u00f3tico que introdujo a parejas de todo el mundo a la sensualidad del BDSM, vendi\u00f3 m\u00e1s de 150 millones de copias en todo el mundo y gener\u00f3 tres pel\u00edculas de gran \u00e9xito, estos juguetes cuidadosamente seleccionados y accesorios de bondage han sido un \u00e9xito mundial desde que salieron a los estantes. en 2012.<\/p>\n<p>Y ahora, los productos m\u00e1s populares de la gama han inspirado cuatro nuevas colecciones. La colecci\u00f3n Greedy Girl ofrece una satisfacci\u00f3n del cl\u00edtoris sublime, basada en el dise\u00f1o del vibrador Greedy Girl G-Spot Rabbit m\u00e1s vendido.<\/p>\n<p>Caracter\u00edsticas:<\/p>\n<ul>\n<li>Peque\u00f1o y discreto vibrador de bala con la ic\u00f3nica manga de orejas de conejo Greedy Girl<\/li>\n<li>Ofrece una estimulante estimulaci\u00f3n del cl\u00edtoris que es perfecta para principiantes en juguetes sexuales.<\/li>\n<li>Potente motor que ofrece 3 velocidades y 7 patrones<\/li>\n<li>Silicona negra suave y elegante<\/li>\n<li>USB recargable con cable incluido<\/li>\n<li>Funci\u00f3n de bloqueo de viaje<\/li>\n<li>100% impermeable<\/li>\n<li>Viene con una bolsa de almacenamiento de sat\u00e9n<\/li>\n<li>Logotipo grabado en la silicona<\/li>\n<li>Medidas: 12,1 x 2,1 cm<\/li>\n<\/ul>\n","protected":false},"excerpt":{"rendered":"<p>GREEDY GIRL BULLET RABBIT VIBRATOR Redescubre las apasionantes aventuras de Anastasia y Christian Grey con la colecci\u00f3n oficial de placer<\/p>\n","protected":false},"featured_media":22338,"comment_status":"open","ping_status":"open","template":"","meta":[],"product_cat":[476],"product_tag":[858],"class_list":["post-22337","product","type-product","status-publish","has-post-thumbnail","hentry","product_cat-silicona-balas-y-huevos","product_tag-fifty-shades"],"bundled_by":[],"bundle_stock_status":"instock","bundle_stock_quantity":2,"bundle_virtual":false,"bundle_layout":"","bundle_add_to_cart_form_location":"","bundle_editable_in_cart":false,"bundle_sold_individually_context":"","bundle_item_grouping":"","bundle_min_size":"","bundle_max_size":"","bundled_items":[],"yoast_head":"<!-- This site is optimized with the Yoast SEO plugin v20.6 - https:\/\/yoast.com\/wordpress\/plugins\/seo\/ -->\n<title>GREEDY GIRL BALA VIBRADORA CON CONEJITO - NEGRO - Tienda Er\u00f3tica<\/title>\n<meta name=\"robots\" content=\"noindex, follow, max-snippet:-1, max-image-preview:large, max-video-preview:-1\" \/>\n<meta property=\"og:locale\" content=\"es_ES\" \/>\n<meta property=\"og:type\" content=\"article\" \/>\n<meta property=\"og:title\" content=\"GREEDY GIRL BALA VIBRADORA CON CONEJITO - NEGRO - Tienda Er\u00f3tica\" \/>\n<meta property=\"og:description\" content=\"GREEDY GIRL BULLET RABBIT VIBRATOR Redescubre las apasionantes aventuras de Anastasia y Christian Grey con la colecci\u00f3n oficial de placer\" \/>\n<meta property=\"og:url\" content=\"https:\/\/demoweb.info\/sexshop001\/producto\/greedy-girl-bala-vibradora-con-conejito-negro\/\" \/>\n<meta property=\"og:site_name\" content=\"Tienda Er\u00f3tica\" \/>\n<meta property=\"article:modified_time\" content=\"2022-01-22T10:24:50+00:00\" \/>\n<meta property=\"og:image\" content=\"https:\/\/demoweb.info\/sexshop001\/wp-content\/uploads\/2022\/01\/GREEDY-GIRL-BALA-VIBRADORA-CON-CONEJITO-NEGRO.jpg\" \/>\n\t<meta property=\"og:image:width\" content=\"550\" \/>\n\t<meta property=\"og:image:height\" content=\"550\" \/>\n\t<meta property=\"og:image:type\" content=\"image\/jpeg\" \/>\n<meta name=\"twitter:card\" content=\"summary_large_image\" \/>\n<meta name=\"twitter:label1\" content=\"Tiempo de lectura\" \/>\n\t<meta name=\"twitter:data1\" content=\"1 minuto\" \/>\n<script type=\"application\/ld+json\" class=\"yoast-schema-graph\">{\"@context\":\"https:\/\/schema.org\",\"@graph\":[{\"@type\":\"WebPage\",\"@id\":\"https:\/\/demoweb.info\/sexshop001\/producto\/greedy-girl-bala-vibradora-con-conejito-negro\/\",\"url\":\"https:\/\/demoweb.info\/sexshop001\/producto\/greedy-girl-bala-vibradora-con-conejito-negro\/\",\"name\":\"GREEDY GIRL BALA VIBRADORA CON CONEJITO - NEGRO - Tienda Er\u00f3tica\",\"isPartOf\":{\"@id\":\"https:\/\/demoweb.info\/sexshop001\/#website\"},\"datePublished\":\"2022-01-22T10:24:27+00:00\",\"dateModified\":\"2022-01-22T10:24:50+00:00\",\"breadcrumb\":{\"@id\":\"https:\/\/demoweb.info\/sexshop001\/producto\/greedy-girl-bala-vibradora-con-conejito-negro\/#breadcrumb\"},\"inLanguage\":\"es\",\"potentialAction\":[{\"@type\":\"ReadAction\",\"target\":[\"https:\/\/demoweb.info\/sexshop001\/producto\/greedy-girl-bala-vibradora-con-conejito-negro\/\"]}]},{\"@type\":\"BreadcrumbList\",\"@id\":\"https:\/\/demoweb.info\/sexshop001\/producto\/greedy-girl-bala-vibradora-con-conejito-negro\/#breadcrumb\",\"itemListElement\":[{\"@type\":\"ListItem\",\"position\":1,\"name\":\"Portada\",\"item\":\"https:\/\/demoweb.info\/sexshop001\/\"},{\"@type\":\"ListItem\",\"position\":2,\"name\":\"Tienda\",\"item\":\"https:\/\/demoweb.info\/sexshop001\/tienda\/\"},{\"@type\":\"ListItem\",\"position\":3,\"name\":\"GREEDY GIRL BALA VIBRADORA CON CONEJITO &#8211; NEGRO\"}]},{\"@type\":\"WebSite\",\"@id\":\"https:\/\/demoweb.info\/sexshop001\/#website\",\"url\":\"https:\/\/demoweb.info\/sexshop001\/\",\"name\":\"Tienda Er\u00f3tica\",\"description\":\"DEMOWEB SL\",\"potentialAction\":[{\"@type\":\"SearchAction\",\"target\":{\"@type\":\"EntryPoint\",\"urlTemplate\":\"https:\/\/demoweb.info\/sexshop001\/?s={search_term_string}\"},\"query-input\":\"required name=search_term_string\"}],\"inLanguage\":\"es\"}]}<\/script>\n<!-- \/ Yoast SEO plugin. -->","yoast_head_json":{"title":"GREEDY GIRL BALA VIBRADORA CON CONEJITO - NEGRO - Tienda Er\u00f3tica","robots":{"index":"noindex","follow":"follow","max-snippet":"max-snippet:-1","max-image-preview":"max-image-preview:large","max-video-preview":"max-video-preview:-1"},"og_locale":"es_ES","og_type":"article","og_title":"GREEDY GIRL BALA VIBRADORA CON CONEJITO - NEGRO - Tienda Er\u00f3tica","og_description":"GREEDY GIRL BULLET RABBIT VIBRATOR Redescubre las apasionantes aventuras de Anastasia y Christian Grey con la colecci\u00f3n oficial de placer","og_url":"https:\/\/demoweb.info\/sexshop001\/producto\/greedy-girl-bala-vibradora-con-conejito-negro\/","og_site_name":"Tienda Er\u00f3tica","article_modified_time":"2022-01-22T10:24:50+00:00","og_image":[{"width":550,"height":550,"url":"https:\/\/demoweb.info\/sexshop001\/wp-content\/uploads\/2022\/01\/GREEDY-GIRL-BALA-VIBRADORA-CON-CONEJITO-NEGRO.jpg","type":"image\/jpeg"}],"twitter_card":"summary_large_image","twitter_misc":{"Tiempo de lectura":"1 minuto"},"schema":{"@context":"https:\/\/schema.org","@graph":[{"@type":"WebPage","@id":"https:\/\/demoweb.info\/sexshop001\/producto\/greedy-girl-bala-vibradora-con-conejito-negro\/","url":"https:\/\/demoweb.info\/sexshop001\/producto\/greedy-girl-bala-vibradora-con-conejito-negro\/","name":"GREEDY GIRL BALA VIBRADORA CON CONEJITO - NEGRO - Tienda Er\u00f3tica","isPartOf":{"@id":"https:\/\/demoweb.info\/sexshop001\/#website"},"datePublished":"2022-01-22T10:24:27+00:00","dateModified":"2022-01-22T10:24:50+00:00","breadcrumb":{"@id":"https:\/\/demoweb.info\/sexshop001\/producto\/greedy-girl-bala-vibradora-con-conejito-negro\/#breadcrumb"},"inLanguage":"es","potentialAction":[{"@type":"ReadAction","target":["https:\/\/demoweb.info\/sexshop001\/producto\/greedy-girl-bala-vibradora-con-conejito-negro\/"]}]},{"@type":"BreadcrumbList","@id":"https:\/\/demoweb.info\/sexshop001\/producto\/greedy-girl-bala-vibradora-con-conejito-negro\/#breadcrumb","itemListElement":[{"@type":"ListItem","position":1,"name":"Portada","item":"https:\/\/demoweb.info\/sexshop001\/"},{"@type":"ListItem","position":2,"name":"Tienda","item":"https:\/\/demoweb.info\/sexshop001\/tienda\/"},{"@type":"ListItem","position":3,"name":"GREEDY GIRL BALA VIBRADORA CON CONEJITO &#8211; NEGRO"}]},{"@type":"WebSite","@id":"https:\/\/demoweb.info\/sexshop001\/#website","url":"https:\/\/demoweb.info\/sexshop001\/","name":"Tienda Er\u00f3tica","description":"DEMOWEB SL","potentialAction":[{"@type":"SearchAction","target":{"@type":"EntryPoint","urlTemplate":"https:\/\/demoweb.info\/sexshop001\/?s={search_term_string}"},"query-input":"required name=search_term_string"}],"inLanguage":"es"}]}},"_links":{"self":[{"href":"https:\/\/demoweb.info\/sexshop001\/wp-json\/wp\/v3\/product\/22337","targetHints":{"allow":["GET"]}}],"collection":[{"href":"https:\/\/demoweb.info\/sexshop001\/wp-json\/wp\/v3\/product"}],"about":[{"href":"https:\/\/demoweb.info\/sexshop001\/wp-json\/wp\/v2\/types\/product"}],"replies":[{"embeddable":true,"href":"https:\/\/demoweb.info\/sexshop001\/wp-json\/wp\/v2\/comments?post=22337"}],"wp:featuredmedia":[{"embeddable":true,"href":"https:\/\/demoweb.info\/sexshop001\/wp-json\/wp\/v2\/media\/22338"}],"wp:attachment":[{"href":"https:\/\/demoweb.info\/sexshop001\/wp-json\/wp\/v2\/media?parent=22337"}],"wp:term":[{"taxonomy":"product_cat","embeddable":true,"href":"https:\/\/demoweb.info\/sexshop001\/wp-json\/wp\/v2\/product_cat?post=22337"},{"taxonomy":"product_tag","embeddable":true,"href":"https:\/\/demoweb.info\/sexshop001\/wp-json\/wp\/v2\/product_tag?post=22337"}],"curies":[{"name":"wp","href":"https:\/\/api.w.org\/{rel}","templated":true}]}}