{"id":22317,"date":"2022-01-22T11:24:27","date_gmt":"2022-01-22T10:24:27","guid":{"rendered":"https:\/\/demoweb.info\/sexshop001\/producto\/inner-goddess-mini-bolas-de-metal-85g-plata\/"},"modified":"2022-01-22T11:24:41","modified_gmt":"2022-01-22T10:24:41","slug":"inner-goddess-mini-bolas-de-metal-85g-plata","status":"publish","type":"product","link":"https:\/\/demoweb.info\/sexshop001\/producto\/inner-goddess-mini-bolas-de-metal-85g-plata\/","title":{"rendered":"INNER GODDESS MINI BOLAS DE METAL 85G &#8211; PLATA"},"content":{"rendered":"<p><strong>INNER GODDESS MINI BALLS 85G <\/strong><\/p>\n<p>Redescubre las apasionantes aventuras de Anastasia y Christian Grey con la colecci\u00f3n oficial de placer de Cincuenta sombras de Grey. Basado en el fen\u00f3meno literario er\u00f3tico que introdujo a parejas de todo el mundo a la sensualidad del BDSM, vendi\u00f3 m\u00e1s de 150 millones de copias en todo el mundo y gener\u00f3 tres pel\u00edculas de gran \u00e9xito, estos juguetes y accesorios de bondage cuidadosamente seleccionados han sido un \u00e9xito mundial desde que salieron a la venta por primera vez. en 2012.<\/p>\n<p>Y ahora, los productos m\u00e1s populares de la gama han inspirado cuatro nuevas colecciones. La colecci\u00f3n Inner Goddess ofrece una discreta estimulaci\u00f3n interna a trav\u00e9s de una variedad de elegantes juguetes Kegel.<\/p>\n<p><strong>Caracter\u00edsticas:<\/strong><\/p>\n<ul>\n<li>Bolas de placer plateadas para el entrenamiento de Kegel para principiantes: alrededor de un 30% m\u00e1s peque\u00f1as en tama\u00f1o y peso que las bolas de placer Inner Goddess m\u00e1s vendidas<\/li>\n<li>Peso combinado de 85 g<\/li>\n<li>Tonifica y fortalece los m\u00fasculos del suelo p\u00e9lvico<\/li>\n<li>Silicona negra lisa y elegante con bolas de acero plateadas y etiqueta<\/li>\n<li>100% impermeable<\/li>\n<li>Viene con una bolsa de almacenamiento de sat\u00e9n<\/li>\n<li>Logotipo grabado en la etiqueta<\/li>\n<li>Medidas: 23 x 2,2 cm<\/li>\n<li>Longitud insertable: 8,9 cm<\/li>\n<\/ul>\n","protected":false},"excerpt":{"rendered":"<p>INNER GODDESS MINI BALLS 85G Redescubre las apasionantes aventuras de Anastasia y Christian Grey con la colecci\u00f3n oficial de placer<\/p>\n","protected":false},"featured_media":22318,"comment_status":"open","ping_status":"open","template":"","meta":[],"product_cat":[553],"product_tag":[858],"class_list":["post-22317","product","type-product","status-publish","has-post-thumbnail","hentry","product_cat-metal-bolas-y-huevos","product_tag-fifty-shades"],"bundled_by":[],"bundle_stock_status":"instock","bundle_stock_quantity":3,"bundle_virtual":false,"bundle_layout":"","bundle_add_to_cart_form_location":"","bundle_editable_in_cart":false,"bundle_sold_individually_context":"","bundle_item_grouping":"","bundle_min_size":"","bundle_max_size":"","bundled_items":[],"yoast_head":"<!-- This site is optimized with the Yoast SEO plugin v20.6 - https:\/\/yoast.com\/wordpress\/plugins\/seo\/ -->\n<title>INNER GODDESS MINI BOLAS DE METAL 85G - PLATA - Tienda Er\u00f3tica<\/title>\n<meta name=\"robots\" content=\"noindex, follow, max-snippet:-1, max-image-preview:large, max-video-preview:-1\" \/>\n<meta property=\"og:locale\" content=\"es_ES\" \/>\n<meta property=\"og:type\" content=\"article\" \/>\n<meta property=\"og:title\" content=\"INNER GODDESS MINI BOLAS DE METAL 85G - PLATA - Tienda Er\u00f3tica\" \/>\n<meta property=\"og:description\" content=\"INNER GODDESS MINI BALLS 85G Redescubre las apasionantes aventuras de Anastasia y Christian Grey con la colecci\u00f3n oficial de placer\" \/>\n<meta property=\"og:url\" content=\"https:\/\/demoweb.info\/sexshop001\/producto\/inner-goddess-mini-bolas-de-metal-85g-plata\/\" \/>\n<meta property=\"og:site_name\" content=\"Tienda Er\u00f3tica\" \/>\n<meta property=\"article:modified_time\" content=\"2022-01-22T10:24:41+00:00\" \/>\n<meta property=\"og:image\" content=\"https:\/\/demoweb.info\/sexshop001\/wp-content\/uploads\/2022\/01\/INNER-GODDESS-MINI-BOLAS-DE-METAL-85G-PLATA.jpg\" \/>\n\t<meta property=\"og:image:width\" content=\"550\" \/>\n\t<meta property=\"og:image:height\" content=\"550\" \/>\n\t<meta property=\"og:image:type\" content=\"image\/jpeg\" \/>\n<meta name=\"twitter:card\" content=\"summary_large_image\" \/>\n<meta name=\"twitter:label1\" content=\"Tiempo de lectura\" \/>\n\t<meta name=\"twitter:data1\" content=\"1 minuto\" \/>\n<script type=\"application\/ld+json\" class=\"yoast-schema-graph\">{\"@context\":\"https:\/\/schema.org\",\"@graph\":[{\"@type\":\"WebPage\",\"@id\":\"https:\/\/demoweb.info\/sexshop001\/producto\/inner-goddess-mini-bolas-de-metal-85g-plata\/\",\"url\":\"https:\/\/demoweb.info\/sexshop001\/producto\/inner-goddess-mini-bolas-de-metal-85g-plata\/\",\"name\":\"INNER GODDESS MINI BOLAS DE METAL 85G - PLATA - Tienda Er\u00f3tica\",\"isPartOf\":{\"@id\":\"https:\/\/demoweb.info\/sexshop001\/#website\"},\"datePublished\":\"2022-01-22T10:24:27+00:00\",\"dateModified\":\"2022-01-22T10:24:41+00:00\",\"breadcrumb\":{\"@id\":\"https:\/\/demoweb.info\/sexshop001\/producto\/inner-goddess-mini-bolas-de-metal-85g-plata\/#breadcrumb\"},\"inLanguage\":\"es\",\"potentialAction\":[{\"@type\":\"ReadAction\",\"target\":[\"https:\/\/demoweb.info\/sexshop001\/producto\/inner-goddess-mini-bolas-de-metal-85g-plata\/\"]}]},{\"@type\":\"BreadcrumbList\",\"@id\":\"https:\/\/demoweb.info\/sexshop001\/producto\/inner-goddess-mini-bolas-de-metal-85g-plata\/#breadcrumb\",\"itemListElement\":[{\"@type\":\"ListItem\",\"position\":1,\"name\":\"Portada\",\"item\":\"https:\/\/demoweb.info\/sexshop001\/\"},{\"@type\":\"ListItem\",\"position\":2,\"name\":\"Tienda\",\"item\":\"https:\/\/demoweb.info\/sexshop001\/tienda\/\"},{\"@type\":\"ListItem\",\"position\":3,\"name\":\"INNER GODDESS MINI BOLAS DE METAL 85G &#8211; PLATA\"}]},{\"@type\":\"WebSite\",\"@id\":\"https:\/\/demoweb.info\/sexshop001\/#website\",\"url\":\"https:\/\/demoweb.info\/sexshop001\/\",\"name\":\"Tienda Er\u00f3tica\",\"description\":\"DEMOWEB SL\",\"potentialAction\":[{\"@type\":\"SearchAction\",\"target\":{\"@type\":\"EntryPoint\",\"urlTemplate\":\"https:\/\/demoweb.info\/sexshop001\/?s={search_term_string}\"},\"query-input\":\"required name=search_term_string\"}],\"inLanguage\":\"es\"}]}<\/script>\n<!-- \/ Yoast SEO plugin. -->","yoast_head_json":{"title":"INNER GODDESS MINI BOLAS DE METAL 85G - PLATA - Tienda Er\u00f3tica","robots":{"index":"noindex","follow":"follow","max-snippet":"max-snippet:-1","max-image-preview":"max-image-preview:large","max-video-preview":"max-video-preview:-1"},"og_locale":"es_ES","og_type":"article","og_title":"INNER GODDESS MINI BOLAS DE METAL 85G - PLATA - Tienda Er\u00f3tica","og_description":"INNER GODDESS MINI BALLS 85G Redescubre las apasionantes aventuras de Anastasia y Christian Grey con la colecci\u00f3n oficial de placer","og_url":"https:\/\/demoweb.info\/sexshop001\/producto\/inner-goddess-mini-bolas-de-metal-85g-plata\/","og_site_name":"Tienda Er\u00f3tica","article_modified_time":"2022-01-22T10:24:41+00:00","og_image":[{"width":550,"height":550,"url":"https:\/\/demoweb.info\/sexshop001\/wp-content\/uploads\/2022\/01\/INNER-GODDESS-MINI-BOLAS-DE-METAL-85G-PLATA.jpg","type":"image\/jpeg"}],"twitter_card":"summary_large_image","twitter_misc":{"Tiempo de lectura":"1 minuto"},"schema":{"@context":"https:\/\/schema.org","@graph":[{"@type":"WebPage","@id":"https:\/\/demoweb.info\/sexshop001\/producto\/inner-goddess-mini-bolas-de-metal-85g-plata\/","url":"https:\/\/demoweb.info\/sexshop001\/producto\/inner-goddess-mini-bolas-de-metal-85g-plata\/","name":"INNER GODDESS MINI BOLAS DE METAL 85G - PLATA - Tienda Er\u00f3tica","isPartOf":{"@id":"https:\/\/demoweb.info\/sexshop001\/#website"},"datePublished":"2022-01-22T10:24:27+00:00","dateModified":"2022-01-22T10:24:41+00:00","breadcrumb":{"@id":"https:\/\/demoweb.info\/sexshop001\/producto\/inner-goddess-mini-bolas-de-metal-85g-plata\/#breadcrumb"},"inLanguage":"es","potentialAction":[{"@type":"ReadAction","target":["https:\/\/demoweb.info\/sexshop001\/producto\/inner-goddess-mini-bolas-de-metal-85g-plata\/"]}]},{"@type":"BreadcrumbList","@id":"https:\/\/demoweb.info\/sexshop001\/producto\/inner-goddess-mini-bolas-de-metal-85g-plata\/#breadcrumb","itemListElement":[{"@type":"ListItem","position":1,"name":"Portada","item":"https:\/\/demoweb.info\/sexshop001\/"},{"@type":"ListItem","position":2,"name":"Tienda","item":"https:\/\/demoweb.info\/sexshop001\/tienda\/"},{"@type":"ListItem","position":3,"name":"INNER GODDESS MINI BOLAS DE METAL 85G &#8211; PLATA"}]},{"@type":"WebSite","@id":"https:\/\/demoweb.info\/sexshop001\/#website","url":"https:\/\/demoweb.info\/sexshop001\/","name":"Tienda Er\u00f3tica","description":"DEMOWEB SL","potentialAction":[{"@type":"SearchAction","target":{"@type":"EntryPoint","urlTemplate":"https:\/\/demoweb.info\/sexshop001\/?s={search_term_string}"},"query-input":"required name=search_term_string"}],"inLanguage":"es"}]}},"_links":{"self":[{"href":"https:\/\/demoweb.info\/sexshop001\/wp-json\/wp\/v3\/product\/22317","targetHints":{"allow":["GET"]}}],"collection":[{"href":"https:\/\/demoweb.info\/sexshop001\/wp-json\/wp\/v3\/product"}],"about":[{"href":"https:\/\/demoweb.info\/sexshop001\/wp-json\/wp\/v2\/types\/product"}],"replies":[{"embeddable":true,"href":"https:\/\/demoweb.info\/sexshop001\/wp-json\/wp\/v2\/comments?post=22317"}],"wp:featuredmedia":[{"embeddable":true,"href":"https:\/\/demoweb.info\/sexshop001\/wp-json\/wp\/v2\/media\/22318"}],"wp:attachment":[{"href":"https:\/\/demoweb.info\/sexshop001\/wp-json\/wp\/v2\/media?parent=22317"}],"wp:term":[{"taxonomy":"product_cat","embeddable":true,"href":"https:\/\/demoweb.info\/sexshop001\/wp-json\/wp\/v2\/product_cat?post=22317"},{"taxonomy":"product_tag","embeddable":true,"href":"https:\/\/demoweb.info\/sexshop001\/wp-json\/wp\/v2\/product_tag?post=22317"}],"curies":[{"name":"wp","href":"https:\/\/api.w.org\/{rel}","templated":true}]}}